{"id":30968,"date":"2024-01-28T18:04:50","date_gmt":"2024-01-28T17:04:50","guid":{"rendered":"https:\/\/www.onesails.com\/onesd\/"},"modified":"2024-12-12T11:29:57","modified_gmt":"2024-12-12T10:29:57","slug":"onesd","status":"publish","type":"page","link":"https:\/\/www.onesails.com\/no\/onesd\/","title":{"rendered":"OneSD"},"content":{"rendered":"\t\t<div data-elementor-type=\"wp-page\" data-elementor-id=\"30968\" class=\"elementor elementor-30968 elementor-12643\" data-elementor-post-type=\"page\">\n\t\t\t\t<div class=\"elementor-element elementor-element-420c5a7 e-con-full e-flex e-con e-parent\" data-id=\"420c5a7\" data-element_type=\"container\" data-e-type=\"container\">\n\t\t\t\t<div class=\"elementor-element elementor-element-c77b557 elementor-widget elementor-widget-shortcode\" data-id=\"c77b557\" data-element_type=\"widget\" data-e-type=\"widget\" data-widget_type=\"shortcode.default\">\n\t\t\t\t<div class=\"elementor-widget-container\">\n\t\t\t\t\t\t\t<div class=\"elementor-shortcode\">\t\t<div data-elementor-type=\"container\" data-elementor-id=\"30966\" class=\"elementor elementor-30966 elementor-12610 elementor-12610\" data-elementor-post-type=\"elementor_library\">\n\t\t\t\t<div class=\"elementor-element elementor-element-5c8e894 elementor-hidden-mobile e-flex e-con-boxed e-con e-parent\" data-id=\"5c8e894\" data-element_type=\"container\" data-e-type=\"container\" data-settings=\"{&quot;background_background&quot;:&quot;classic&quot;}\">\n\t\t\t\t\t<div class=\"e-con-inner\">\n\t\t\t\t\t<\/div>\n\t\t\t\t<\/div>\n\t\t<div class=\"elementor-element elementor-element-1281413 elementor-hidden-desktop elementor-hidden-tablet e-flex e-con-boxed e-con e-parent\" data-id=\"1281413\" data-element_type=\"container\" data-e-type=\"container\" data-settings=\"{&quot;background_background&quot;:&quot;classic&quot;}\">\n\t\t\t\t\t<div class=\"e-con-inner\">\n\t\t\t\t\t<\/div>\n\t\t\t\t<\/div>\n\t\t<div class=\"elementor-element elementor-element-106238f e-flex e-con-boxed e-con e-parent\" data-id=\"106238f\" data-element_type=\"container\" data-e-type=\"container\">\n\t\t\t\t\t<div class=\"e-con-inner\">\n\t\t<div class=\"elementor-element elementor-element-9dd806c e-con-full e-flex e-con e-child\" data-id=\"9dd806c\" data-element_type=\"container\" data-e-type=\"container\">\n\t\t\t\t<div class=\"elementor-element elementor-element-9856dc2 elementor-widget__width-inherit elementor-widget elementor-widget-heading\" data-id=\"9856dc2\" data-element_type=\"widget\" data-e-type=\"widget\" data-widget_type=\"heading.default\">\n\t\t\t\t<div class=\"elementor-widget-container\">\n\t\t\t\t\t<h2 class=\"elementor-heading-title elementor-size-default\">OneSD\u2122-teknologi for overf\u00f8ring av seildata<\/h2>\t\t\t\t<\/div>\n\t\t\t\t<\/div>\n\t\t\t\t<div class=\"elementor-element elementor-element-afe88b8 elementor-widget-divider--view-line elementor-widget elementor-widget-global elementor-global-1396 elementor-widget-divider\" data-id=\"afe88b8\" data-element_type=\"widget\" data-e-type=\"widget\" data-widget_type=\"divider.default\">\n\t\t\t\t<div class=\"elementor-widget-container\">\n\t\t\t\t\t\t\t<div class=\"elementor-divider\">\n\t\t\t<span class=\"elementor-divider-separator\">\n\t\t\t\t\t\t<\/span>\n\t\t<\/div>\n\t\t\t\t\t\t<\/div>\n\t\t\t\t<\/div>\n\t\t\t\t<div class=\"elementor-element elementor-element-7dca5ef elementor-widget elementor-widget-text-editor\" data-id=\"7dca5ef\" data-element_type=\"widget\" data-e-type=\"widget\" data-widget_type=\"text-editor.default\">\n\t\t\t\t<div class=\"elementor-widget-container\">\n\t\t\t\t\t\t\t\t\t<p>Samtidig med lanseringen av 4T FORTE\u2122-seilene er OneSails den f\u00f8rste seilprodusenten i verden som leverer seil med en elektronisk chip innkapslet i membranet som standard.<br>OneSD\u2122-mikrobrikken inneholder data som hjelper sluttbrukeren og OneSails-nettverket med \u00e5 identifisere og overv\u00e5ke seilet i l\u00f8pet av seilets levetid. Det er bare \u00e5 plassere en egnet enhet ved siden av brikken for \u00e5 lese av den registrerte ID&#8217;en og designdataene.<br> <\/p>\n<p>Forel\u00f8pig er det et verkt\u00f8y som brukes internt blant OneSails Lofts, men en PRO-versjon av OneSD\u2122-brikken vil snart bli introdusert, med viktige funksjoner for seileren.&nbsp;<br><br>Mulighetene vil v\u00e6re mange: sanntidsregistrering av seilaktivitet n\u00e5r de er koblet til systemer om bord, m\u00e5ling av antall timer med UV-eksponering eller antall vendinger og jibber som er gjort.&nbsp;Alt vil bli registrert for \u00e5 holde oversikt over bruken og forbedre seilets ytelse og brukeropplevelsen.<br><\/p>\t\t\t\t\t\t\t\t<\/div>\n\t\t\t\t<\/div>\n\t\t\t\t<div class=\"elementor-element elementor-element-6fbbfca elementor-hidden-desktop elementor-hidden-tablet elementor-hidden-mobile elementor-widget elementor-widget-text-editor\" data-id=\"6fbbfca\" data-element_type=\"widget\" data-e-type=\"widget\" data-widget_type=\"text-editor.default\">\n\t\t\t\t<div class=\"elementor-widget-container\">\n\t\t\t\t\t\t\t\t\t<p>Samtidig med lanseringen av 4T FORTE\u2122-seilene er OneSails den f\u00f8rste seilprodusenten i verden som leverer seil med en elektronisk chip innkapslet i membranet som standard.<br>OneSD\u2122-mikrobrikken inneholder data som hjelper sluttbrukeren og OneSails-nettverket med \u00e5 identifisere og overv\u00e5ke seilet i l\u00f8pet av seilets levetid. Det er bare \u00e5 plassere en egnet enhet ved siden av brikken for \u00e5 lese av den registrerte ID&#8217;en og designdataene. <\/p>\n<p><span style=\"color: var( --e-global-color-text ); font-family: var( --e-global-typography-text-font-family ), Sans-serif; font-size: var( --e-global-typography-text-font-size ); font-weight: var( --e-global-typography-text-font-weight ); letter-spacing: var( --e-global-typography-text-letter-spacing ); text-align: var(--text-align);\">Om kort tid lanseres en PRO-versjon av OneSD\u2122-brikken, som gj\u00f8r det mulig \u00e5 registrere seilets aktivitet i sanntid n\u00e5r den er koblet til systemer om bord. Mulighetene er mange, fra antall timer eksponert for UV-str\u00e5ling til antall slag og jibber &#8211; alt registreres med det form\u00e5l \u00e5 forbedre seilets ytelse og brukeropplevelsen. <\/span><br><\/p>\t\t\t\t\t\t\t\t<\/div>\n\t\t\t\t<\/div>\n\t\t\t\t<div class=\"elementor-element elementor-element-6aefdb5 elementor-widget__width-inherit elementor-hidden-desktop elementor-hidden-tablet elementor-hidden-mobile elementor-widget elementor-widget-heading\" data-id=\"6aefdb5\" data-element_type=\"widget\" data-e-type=\"widget\" data-widget_type=\"heading.default\">\n\t\t\t\t<div class=\"elementor-widget-container\">\n\t\t\t\t\t<h2 class=\"elementor-heading-title elementor-size-default\"><a href=\"http:\/\/onesails.com\/media\/\/wysiwyg\/onesails\/technology\/onesd-guide.pdf\" rel=\"noopener\">Slik fungerer det \u00bb<\/a><\/h2>\t\t\t\t<\/div>\n\t\t\t\t<\/div>\n\t\t\t\t<div class=\"elementor-element elementor-element-92a84e0 elementor-widget__width-inherit elementor-hidden-desktop elementor-hidden-tablet elementor-hidden-mobile elementor-widget elementor-widget-heading\" data-id=\"92a84e0\" data-element_type=\"widget\" data-e-type=\"widget\" data-widget_type=\"heading.default\">\n\t\t\t\t<div class=\"elementor-widget-container\">\n\t\t\t\t\t<h2 class=\"elementor-heading-title elementor-size-default\"><a href=\"http:\/\/onesd.onesails.com\/onesail\/\" rel=\"noopener\">G\u00e5 til innloggingssiden \u00bb<\/a><\/h2>\t\t\t\t<\/div>\n\t\t\t\t<\/div>\n\t\t\t\t<div class=\"elementor-element elementor-element-df00a95 elementor-widget__width-inherit elementor-hidden-desktop elementor-hidden-tablet elementor-hidden-mobile elementor-widget elementor-widget-heading\" data-id=\"df00a95\" data-element_type=\"widget\" data-e-type=\"widget\" data-widget_type=\"heading.default\">\n\t\t\t\t<div class=\"elementor-widget-container\">\n\t\t\t\t\t<h2 class=\"elementor-heading-title elementor-size-default\"><a href=\"http:\/\/onesd.onesails.com\/onesail\/\" rel=\"noopener\">Last Ned App \u00bb<\/a><\/h2>\t\t\t\t<\/div>\n\t\t\t\t<\/div>\n\t\t\t\t<\/div>\n\t\t\t\t<div class=\"elementor-element elementor-element-008cc91 elementor-hidden-desktop elementor-hidden-tablet elementor-hidden-mobile elementor-widget elementor-widget-image\" data-id=\"008cc91\" data-element_type=\"widget\" data-e-type=\"widget\" data-widget_type=\"image.default\">\n\t\t\t\t<div class=\"elementor-widget-container\">\n\t\t\t\t\t\t\t\t\t\t\t\t\t\t\t<img decoding=\"async\" src=\"https:\/\/www.onesails.com\/wp-content\/uploads\/Google_Play_Store_badge_EN.svg\" class=\"attachment-full size-full wp-image-12636\" alt=\"\" \/>\t\t\t\t\t\t\t\t\t\t\t\t\t\t\t<\/div>\n\t\t\t\t<\/div>\n\t\t\t\t\t<\/div>\n\t\t\t\t<\/div>\n\t\t\t\t<\/div>\n\t\t<\/div>\n\t\t\t\t\t\t<\/div>\n\t\t\t\t<\/div>\n\t\t\t\t<\/div>\n\t\t<div class=\"elementor-element elementor-element-ab9f428 e-flex e-con-boxed e-con e-parent\" data-id=\"ab9f428\" data-element_type=\"container\" data-e-type=\"container\" data-settings=\"{&quot;background_background&quot;:&quot;classic&quot;}\">\n\t\t\t\t\t<div class=\"e-con-inner\">\n\t\t\t\t<div class=\"elementor-element elementor-element-ad92187 elementor-widget elementor-widget-shortcode\" data-id=\"ad92187\" data-element_type=\"widget\" data-e-type=\"widget\" data-widget_type=\"shortcode.default\">\n\t\t\t\t<div class=\"elementor-widget-container\">\n\t\t\t\t\t\t\t<div class=\"elementor-shortcode\">\t\t<div data-elementor-type=\"container\" data-elementor-id=\"30897\" class=\"elementor elementor-30897 elementor-3108 elementor-3108\" data-elementor-post-type=\"elementor_library\">\n\t\t\t\t<div class=\"elementor-element elementor-element-903d9f2 e-con-full e-flex e-con e-parent\" data-id=\"903d9f2\" data-element_type=\"container\" data-e-type=\"container\" data-settings=\"{&quot;background_background&quot;:&quot;classic&quot;}\">\n\t\t\t\t<div class=\"elementor-element elementor-element-f6ab10b elementor-widget__width-inherit elementor-widget elementor-widget-heading\" data-id=\"f6ab10b\" data-element_type=\"widget\" data-e-type=\"widget\" data-widget_type=\"heading.default\">\n\t\t\t\t<div class=\"elementor-widget-container\">\n\t\t\t\t\t<h2 class=\"elementor-heading-title elementor-size-default\">Hvorfor Velge OneSails<\/h2>\t\t\t\t<\/div>\n\t\t\t\t<\/div>\n\t\t\t\t<div class=\"elementor-element elementor-element-e244c58 elementor-widget-divider--view-line elementor-widget elementor-widget-global elementor-global-1396 elementor-widget-divider\" data-id=\"e244c58\" data-element_type=\"widget\" data-e-type=\"widget\" data-widget_type=\"divider.default\">\n\t\t\t\t<div class=\"elementor-widget-container\">\n\t\t\t\t\t\t\t<div class=\"elementor-divider\">\n\t\t\t<span class=\"elementor-divider-separator\">\n\t\t\t\t\t\t<\/span>\n\t\t<\/div>\n\t\t\t\t\t\t<\/div>\n\t\t\t\t<\/div>\n\t\t<div class=\"elementor-element elementor-element-ade289d e-con-full e-flex e-con e-child\" data-id=\"ade289d\" data-element_type=\"container\" data-e-type=\"container\">\n\t\t\t\t<div class=\"elementor-element elementor-element-474290e elementor-widget__width-inherit elementor-widget elementor-widget-heading\" data-id=\"474290e\" data-element_type=\"widget\" data-e-type=\"widget\" data-widget_type=\"heading.default\">\n\t\t\t\t<div class=\"elementor-widget-container\">\n\t\t\t\t\t<h2 class=\"elementor-heading-title elementor-size-default\">1. Eksklusiv Teknologi<\/h2>\t\t\t\t<\/div>\n\t\t\t\t<\/div>\n\t\t\t\t<div class=\"elementor-element elementor-element-90488bf elementor-widget elementor-widget-text-editor\" data-id=\"90488bf\" data-element_type=\"widget\" data-e-type=\"widget\" data-widget_type=\"text-editor.default\">\n\t\t\t\t<div class=\"elementor-widget-container\">\n\t\t\t\t\t\t\t\t\t<p>I over 15 \u00e5r har OneSails-designteamet utviklet eksklusive teknologier for \u00e5 lage seil i ett stykke med kontinuerlig tr\u00e5der for tur- og regattab\u00e5ter.<\/p>\n\t\t\t\t\t\t\t\t<\/div>\n\t\t\t\t<\/div>\n\t\t\t\t<\/div>\n\t\t<div class=\"elementor-element elementor-element-566c58d e-con-full e-flex e-con e-child\" data-id=\"566c58d\" data-element_type=\"container\" data-e-type=\"container\">\n\t\t\t\t<div class=\"elementor-element elementor-element-388d292 elementor-widget__width-inherit elementor-widget elementor-widget-heading\" data-id=\"388d292\" data-element_type=\"widget\" data-e-type=\"widget\" data-widget_type=\"heading.default\">\n\t\t\t\t<div class=\"elementor-widget-container\">\n\t\t\t\t\t<h2 class=\"elementor-heading-title elementor-size-default\">2. Ytelse<\/h2>\t\t\t\t<\/div>\n\t\t\t\t<\/div>\n\t\t\t\t<div class=\"elementor-element elementor-element-96ca7cd elementor-widget elementor-widget-text-editor\" data-id=\"96ca7cd\" data-element_type=\"widget\" data-e-type=\"widget\" data-widget_type=\"text-editor.default\">\n\t\t\t\t<div class=\"elementor-widget-container\">\n\t\t\t\t\t\t\t\t\t<p>Egenskaper som vekt, lett \u00e5 trimme og h\u00f8y bruddstyrke gir bedre ytelse sammenlignet med tradisjonelle panelseil.<\/p>\n\t\t\t\t\t\t\t\t<\/div>\n\t\t\t\t<\/div>\n\t\t\t\t<\/div>\n\t\t<div class=\"elementor-element elementor-element-a105e0b e-con-full e-flex e-con e-child\" data-id=\"a105e0b\" data-element_type=\"container\" data-e-type=\"container\">\n\t\t\t\t<div class=\"elementor-element elementor-element-5b46d1c elementor-widget__width-inherit elementor-widget elementor-widget-heading\" data-id=\"5b46d1c\" data-element_type=\"widget\" data-e-type=\"widget\" data-widget_type=\"heading.default\">\n\t\t\t\t<div class=\"elementor-widget-container\">\n\t\t\t\t\t<h2 class=\"elementor-heading-title elementor-size-default\">3. Kvalitet<\/h2>\t\t\t\t<\/div>\n\t\t\t\t<\/div>\n\t\t\t\t<div class=\"elementor-element elementor-element-2338a5d elementor-widget elementor-widget-text-editor\" data-id=\"2338a5d\" data-element_type=\"widget\" data-e-type=\"widget\" data-widget_type=\"text-editor.default\">\n\t\t\t\t<div class=\"elementor-widget-container\">\n\t\t\t\t\t\t\t\t\t<p>Seilene er designet og produsert i henhold til de strengese krav og best\u00e5r av n\u00f8ye utvalgte komponenter for \u00e5 sikre h\u00f8yeste kvalitet og holdbarhet. 4T FORTE\u2122-membranene er kun laget i Italia. Hele produksjonsprosessen foreg\u00e5r i en spesialfabrikk som sikrer at alle n\u00f8dvendige standarder oppfylles.  <\/p>\n\t\t\t\t\t\t\t\t<\/div>\n\t\t\t\t<\/div>\n\t\t\t\t<\/div>\n\t\t<div class=\"elementor-element elementor-element-9b831cd e-con-full e-flex e-con e-child\" data-id=\"9b831cd\" data-element_type=\"container\" data-e-type=\"container\">\n\t\t\t\t<div class=\"elementor-element elementor-element-23335c2 elementor-widget__width-inherit elementor-widget elementor-widget-heading\" data-id=\"23335c2\" data-element_type=\"widget\" data-e-type=\"widget\" data-widget_type=\"heading.default\">\n\t\t\t\t<div class=\"elementor-widget-container\">\n\t\t\t\t\t<h2 class=\"elementor-heading-title elementor-size-default\">4. Design<\/h2>\t\t\t\t<\/div>\n\t\t\t\t<\/div>\n\t\t\t\t<div class=\"elementor-element elementor-element-433dc11 elementor-widget elementor-widget-text-editor\" data-id=\"433dc11\" data-element_type=\"widget\" data-e-type=\"widget\" data-widget_type=\"text-editor.default\">\n\t\t\t\t<div class=\"elementor-widget-container\">\n\t\t\t\t\t\t\t\t\t<p>De beste seildesignene er et resultat av kontinuerlig analyse og erfaring. OneSails ligger i forkant i seilmakerbransjen og investerer kontinuerlig i forskning og utvikling for \u00e5 sikre at vi har de aller beste designene. At denne metoden er vellykket, bevises av det store antallet titler som OneSails sine kunder har vunnet i nasjonale, internasjonale og verdensmesterskap.  <\/p>\n\t\t\t\t\t\t\t\t<\/div>\n\t\t\t\t<\/div>\n\t\t\t\t<\/div>\n\t\t<div class=\"elementor-element elementor-element-000b687 e-con-full e-flex e-con e-child\" data-id=\"000b687\" data-element_type=\"container\" data-e-type=\"container\">\n\t\t\t\t<div class=\"elementor-element elementor-element-7aa3bbf elementor-widget__width-inherit elementor-widget elementor-widget-heading\" data-id=\"7aa3bbf\" data-element_type=\"widget\" data-e-type=\"widget\" data-widget_type=\"heading.default\">\n\t\t\t\t<div class=\"elementor-widget-container\">\n\t\t\t\t\t<h2 class=\"elementor-heading-title elementor-size-default\">5. Service<\/h2>\t\t\t\t<\/div>\n\t\t\t\t<\/div>\n\t\t\t\t<div class=\"elementor-element elementor-element-f6f21fd elementor-widget elementor-widget-text-editor\" data-id=\"f6f21fd\" data-element_type=\"widget\" data-e-type=\"widget\" data-widget_type=\"text-editor.default\">\n\t\t\t\t<div class=\"elementor-widget-container\">\n\t\t\t\t\t\t\t\t\t<p>En kjerneaktivitet for alle OneSails Loft er \u00e5 tilby f\u00f8rsteklasses service, st\u00f8tte og assistanse. Som en del av v\u00e5r serviceforpliktelse har hvert OneSails Loft et team av eksperter som s\u00f8rger for at vi kan innfri servicel\u00f8ftet v\u00e5rt. I tillegg til et \u00f8kende antall hovedloft har OneSails Group et omfattende nettverk av servicesentre som er strategisk plassert langs hele verdens kystlinje.  <\/p>\n\t\t\t\t\t\t\t\t<\/div>\n\t\t\t\t<\/div>\n\t\t\t\t<\/div>\n\t\t<div class=\"elementor-element elementor-element-9a59580 e-con-full e-flex e-con e-child\" data-id=\"9a59580\" data-element_type=\"container\" data-e-type=\"container\">\n\t\t\t\t<div class=\"elementor-element elementor-element-38869a4e elementor-widget elementor-widget-image\" data-id=\"38869a4e\" data-element_type=\"widget\" data-e-type=\"widget\" data-widget_type=\"image.default\">\n\t\t\t\t<div class=\"elementor-widget-container\">\n\t\t\t\t\t\t\t\t\t\t\t\t\t\t\t<img fetchpriority=\"high\" decoding=\"async\" width=\"480\" height=\"313\" src=\"https:\/\/www.onesails.com\/wp-content\/uploads\/why-choose-01.jpg\" class=\"attachment-full size-full wp-image-30755\" alt=\"\" \/>\t\t\t\t\t\t\t\t\t\t\t\t\t\t\t<\/div>\n\t\t\t\t<\/div>\n\t\t\t\t<\/div>\n\t\t\t\t<\/div>\n\t\t\t\t<\/div>\n\t\t<\/div>\n\t\t\t\t\t\t<\/div>\n\t\t\t\t<\/div>\n\t\t\t\t\t<\/div>\n\t\t\t\t<\/div>\n\t\t\t\t<\/div>\n\t\t","protected":false},"excerpt":{"rendered":"","protected":false},"author":5,"featured_media":13119,"parent":0,"menu_order":0,"comment_status":"closed","ping_status":"closed","template":"","meta":{"_acf_changed":false,"footnotes":""},"class_list":["post-30968","page","type-page","status-publish","has-post-thumbnail","hentry"],"acf":[],"_links":{"self":[{"href":"https:\/\/www.onesails.com\/no\/wp-json\/wp\/v2\/pages\/30968","targetHints":{"allow":["GET"]}}],"collection":[{"href":"https:\/\/www.onesails.com\/no\/wp-json\/wp\/v2\/pages"}],"about":[{"href":"https:\/\/www.onesails.com\/no\/wp-json\/wp\/v2\/types\/page"}],"author":[{"embeddable":true,"href":"https:\/\/www.onesails.com\/no\/wp-json\/wp\/v2\/users\/5"}],"replies":[{"embeddable":true,"href":"https:\/\/www.onesails.com\/no\/wp-json\/wp\/v2\/comments?post=30968"}],"version-history":[{"count":1,"href":"https:\/\/www.onesails.com\/no\/wp-json\/wp\/v2\/pages\/30968\/revisions"}],"predecessor-version":[{"id":30969,"href":"https:\/\/www.onesails.com\/no\/wp-json\/wp\/v2\/pages\/30968\/revisions\/30969"}],"wp:featuredmedia":[{"embeddable":true,"href":"https:\/\/www.onesails.com\/no\/wp-json\/wp\/v2\/media\/13119"}],"wp:attachment":[{"href":"https:\/\/www.onesails.com\/no\/wp-json\/wp\/v2\/media?parent=30968"}],"curies":[{"name":"wp","href":"https:\/\/api.w.org\/{rel}","templated":true}]}}