{"id":30789,"date":"2024-02-02T19:09:27","date_gmt":"2024-02-02T18:09:27","guid":{"rendered":"https:\/\/www.onesails.com\/fa-et-tilbud\/"},"modified":"2026-02-06T13:41:47","modified_gmt":"2026-02-06T12:41:47","slug":"fa-et-tilbud-0","status":"publish","type":"page","link":"https:\/\/www.onesails.com\/no\/fa-et-tilbud-0\/","title":{"rendered":"F\u00e5 et tilbud"},"content":{"rendered":"\t\t<div data-elementor-type=\"wp-page\" data-elementor-id=\"30789\" class=\"elementor elementor-30789\" data-elementor-post-type=\"page\">\n\t\t\t\t<div class=\"elementor-element elementor-element-7ca2a2a e-con-full e-flex e-con e-parent\" data-id=\"7ca2a2a\" data-element_type=\"container\" data-e-type=\"container\">\n\t\t\t\t<div class=\"elementor-element elementor-element-efdd533 elementor-widget elementor-widget-shortcode\" data-id=\"efdd533\" data-element_type=\"widget\" data-e-type=\"widget\" data-widget_type=\"shortcode.default\">\n\t\t\t\t<div class=\"elementor-widget-container\">\n\t\t\t\t\t\t\t<div class=\"elementor-shortcode\">\t\t<div data-elementor-type=\"container\" data-elementor-id=\"25872\" class=\"elementor elementor-25872\" data-elementor-post-type=\"elementor_library\">\n\t\t\t\t<div class=\"elementor-element elementor-element-14ce183f e-con-full e-flex e-con e-parent\" data-id=\"14ce183f\" data-element_type=\"container\" data-e-type=\"container\" data-settings=\"{&quot;background_background&quot;:&quot;classic&quot;}\">\n\t\t\t\t<\/div>\n\t\t\t\t<\/div>\n\t\t<\/div>\n\t\t\t\t\t\t<\/div>\n\t\t\t\t<\/div>\n\t\t\t\t<\/div>\n\t\t<div class=\"elementor-element elementor-element-46ccb78 e-flex e-con-boxed e-con e-parent\" data-id=\"46ccb78\" data-element_type=\"container\" data-e-type=\"container\">\n\t\t\t\t\t<div class=\"e-con-inner\">\n\t\t\t\t<div class=\"elementor-element elementor-element-8696248 elementor-widget-divider--view-line elementor-widget elementor-widget-global elementor-global-1396 elementor-widget-divider\" data-id=\"8696248\" data-element_type=\"widget\" data-e-type=\"widget\" data-widget_type=\"divider.default\">\n\t\t\t\t<div class=\"elementor-widget-container\">\n\t\t\t\t\t\t\t<div class=\"elementor-divider\">\n\t\t\t<span class=\"elementor-divider-separator\">\n\t\t\t\t\t\t<\/span>\n\t\t<\/div>\n\t\t\t\t\t\t<\/div>\n\t\t\t\t<\/div>\n\t\t\t\t<div class=\"elementor-element elementor-element-8313ede elementor-widget elementor-widget-text-editor\" data-id=\"8313ede\" data-element_type=\"widget\" data-e-type=\"widget\" data-widget_type=\"text-editor.default\">\n\t\t\t\t<div class=\"elementor-widget-container\">\n\t\t\t\t\t\t\t\t\t<p>I OneSails lever vi av v\u00e5rt gode rykte for \u00e5 gi god veiledning, slik at du f\u00e5r produktene som dekker nettopp dine behov. Ta kontakt med oss, s\u00e5 finner vi en l\u00f8sning for deg. Vi leverer seil til de fleste prosjekter \u2013 til konkurransedyktige priser.  <\/p><p>Du kan kontakte OneSails ved \u00e5 fylle ut skjemaet nedenfor, eller via e-post eller telefon. Felt merket med stjerne (*) er obligatoriske. <\/p>\t\t\t\t\t\t\t\t<\/div>\n\t\t\t\t<\/div>\n\t\t\t\t<div class=\"elementor-element elementor-element-dd0d2e1 elementor-widget elementor-widget-shortcode\" data-id=\"dd0d2e1\" data-element_type=\"widget\" data-e-type=\"widget\" data-widget_type=\"shortcode.default\">\n\t\t\t\t<div class=\"elementor-widget-container\">\n\t\t\t\t\t\t\t<div class=\"elementor-shortcode\">[contact-form-7 id=\"ed1fb6f\" title=\"F\u00e5 et tilbud\"]<\/div>\n\t\t\t\t\t\t<\/div>\n\t\t\t\t<\/div>\n\t\t\t\t\t<\/div>\n\t\t\t\t<\/div>\n\t\t\t\t<\/div>\n\t\t","protected":false},"excerpt":{"rendered":"<p>I OneSails lever vi av v\u00e5rt gode rykte for \u00e5 gi god veiledning, slik at du f\u00e5r produktene som dekker nettopp dine behov. Ta kontakt med oss, s\u00e5 finner vi en l\u00f8sning for deg. Vi leverer seil til de fleste prosjekter \u2013 til konkurransedyktige priser. Du kan kontakte OneSails ved \u00e5 fylle ut skjemaet nedenfor, [&hellip;]<\/p>\n","protected":false},"author":4,"featured_media":0,"parent":0,"menu_order":0,"comment_status":"closed","ping_status":"closed","template":"","meta":{"_acf_changed":false,"footnotes":""},"class_list":["post-30789","page","type-page","status-publish","hentry"],"acf":[],"_links":{"self":[{"href":"https:\/\/www.onesails.com\/no\/wp-json\/wp\/v2\/pages\/30789","targetHints":{"allow":["GET"]}}],"collection":[{"href":"https:\/\/www.onesails.com\/no\/wp-json\/wp\/v2\/pages"}],"about":[{"href":"https:\/\/www.onesails.com\/no\/wp-json\/wp\/v2\/types\/page"}],"author":[{"embeddable":true,"href":"https:\/\/www.onesails.com\/no\/wp-json\/wp\/v2\/users\/4"}],"replies":[{"embeddable":true,"href":"https:\/\/www.onesails.com\/no\/wp-json\/wp\/v2\/comments?post=30789"}],"version-history":[{"count":9,"href":"https:\/\/www.onesails.com\/no\/wp-json\/wp\/v2\/pages\/30789\/revisions"}],"predecessor-version":[{"id":35007,"href":"https:\/\/www.onesails.com\/no\/wp-json\/wp\/v2\/pages\/30789\/revisions\/35007"}],"wp:attachment":[{"href":"https:\/\/www.onesails.com\/no\/wp-json\/wp\/v2\/media?parent=30789"}],"curies":[{"name":"wp","href":"https:\/\/api.w.org\/{rel}","templated":true}]}}