{"id":30731,"date":"2024-02-02T13:26:14","date_gmt":"2024-02-02T12:26:14","guid":{"rendered":"https:\/\/www.onesails.com\/om-oss\/"},"modified":"2025-04-04T10:41:09","modified_gmt":"2025-04-04T08:41:09","slug":"om-oss","status":"publish","type":"page","link":"https:\/\/www.onesails.com\/no\/om-oss\/","title":{"rendered":"Om oss"},"content":{"rendered":"\t\t<div data-elementor-type=\"wp-page\" data-elementor-id=\"30731\" class=\"elementor elementor-30731 elementor-14092\" data-elementor-post-type=\"page\">\n\t\t\t\t<div class=\"elementor-element elementor-element-04210a3 e-flex e-con-boxed e-con e-parent\" data-id=\"04210a3\" data-element_type=\"container\" data-e-type=\"container\" data-settings=\"{&quot;background_background&quot;:&quot;classic&quot;}\">\n\t\t\t\t\t<div class=\"e-con-inner\">\n\t\t\t\t\t<\/div>\n\t\t\t\t<\/div>\n\t\t<div class=\"elementor-element elementor-element-b64aa6a e-flex e-con-boxed e-con e-parent\" data-id=\"b64aa6a\" data-element_type=\"container\" data-e-type=\"container\">\n\t\t\t\t\t<div class=\"e-con-inner\">\n\t\t\t\t<div class=\"elementor-element elementor-element-d18684b elementor-widget__width-inherit elementor-widget elementor-widget-heading\" data-id=\"d18684b\" data-element_type=\"widget\" data-e-type=\"widget\" data-widget_type=\"heading.default\">\n\t\t\t\t<div class=\"elementor-widget-container\">\n\t\t\t\t\t<h2 class=\"elementor-heading-title elementor-size-default\">OneSails Gruppen<\/br>Erfaring som skaper fremtiden<\/h2>\t\t\t\t<\/div>\n\t\t\t\t<\/div>\n\t\t\t\t<div class=\"elementor-element elementor-element-1396 elementor-widget-divider--view-line elementor-widget elementor-widget-global elementor-global-1396 elementor-widget-divider\" data-id=\"1396\" data-element_type=\"widget\" data-e-type=\"widget\" data-widget_type=\"divider.default\">\n\t\t\t\t<div class=\"elementor-widget-container\">\n\t\t\t\t\t\t\t<div class=\"elementor-divider\">\n\t\t\t<span class=\"elementor-divider-separator\">\n\t\t\t\t\t\t<\/span>\n\t\t<\/div>\n\t\t\t\t\t\t<\/div>\n\t\t\t\t<\/div>\n\t\t\t\t<div class=\"elementor-element elementor-element-6a5f91e elementor-widget elementor-widget-text-editor\" data-id=\"6a5f91e\" data-element_type=\"widget\" data-e-type=\"widget\" data-widget_type=\"text-editor.default\">\n\t\t\t\t<div class=\"elementor-widget-container\">\n\t\t\t\t\t\t\t\t\t<p><strong><a href=\"https:\/\/maps.app.goo.gl\/Cszv5sRv5wPBLczr9\" rel=\"noopener\">OneSails<\/a> er et globalt nettverk av uavhengige seilloft over hele<\/strong> verden, som eksporterer verdens mest vellykkede Made in Italy gjennom en innovativ forretningsmodell: et servicenettverk hvis DNA er representert av profesjonelle seilmakere p\u00e5 toppniv\u00e5, eksklusive teknologier og et originalt image. OneSails er toppen av mer enn 40 \u00e5rs erfaring innen design og teknologi for konstruksjon av seil med h\u00f8y ytelse. OneSails seil er laget med eksklusiv 4T FORTE \u2122 kontinuerlig garnkomposittdesign og teknologi for \u00e5 sikre kvalitet, holdbarhet og ytelse. OneSails produserer og utvikler ogs\u00e5 spesialprodukter og vintageseil.   <\/p><p>I oktober 2013 lanserte OneSails 4T FORTE\u2122 p\u00e5 markedet, den revolusjonerende komposittteknologien med kontinuerlig garn, som ble referansen for konstruksjon av seil med h\u00f8y ytelse. Ett \u00e5r etter sertifiserte CSQA, det ledende italienske selskapet innen sertifiserings- og inspeksjonstjenester for selskaper, at LCA-Life Cycle Assessment-studien for seil 4T FORTE\u2122 markedsf\u00f8rt av OneSails er i samsvar med ISO 14040- og ISO 14044-standardene. <\/p><p>En ytterligere oppgradering av OneSails&#8217; flaggskipsprodukt, 4T FORTE\u2122 Naked, ble introdusert p\u00e5 verdensmarkedet i november 2015. 4T FORTE\u2122 Naked gj\u00f8r den enda sikrere og kraftigere, uten at det g\u00e5r p\u00e5 bekostning av formstabiliteten. <\/p><p>Respekt for milj\u00f8et er en av OneSails&#8217; hovedprioriteringer, og selskapet opprettholder derfor et konkret fokus p\u00e5 voksende milj\u00f8problemer. OneSails&#8217; ytterligere milj\u00f8engasjement er rettet mot gjenvinning av utrangerte seil og en gradvis utvidelse av gjenvinningssyklusen og resirkulering av selektive materialer. 4T FORTE \u2122 -prosessen for gjenvinning av seil ble offisielt lansert i 2015.  <\/p><div> <\/div><div> <\/div>\t\t\t\t\t\t\t\t<\/div>\n\t\t\t\t<\/div>\n\t\t\t\t<div class=\"elementor-element elementor-element-e8c724f elementor-widget__width-inherit elementor-widget elementor-widget-heading\" data-id=\"e8c724f\" data-element_type=\"widget\" data-e-type=\"widget\" data-widget_type=\"heading.default\">\n\t\t\t\t<div class=\"elementor-widget-container\">\n\t\t\t\t\t<h2 class=\"elementor-heading-title elementor-size-default\">OneSails Gruppen<\/br>Erfaring som skaper fremtiden<\/h2>\t\t\t\t<\/div>\n\t\t\t\t<\/div>\n\t\t\t\t\t<\/div>\n\t\t\t\t<\/div>\n\t\t\t\t<\/div>\n\t\t","protected":false},"excerpt":{"rendered":"<p>OneSails GruppenErfaring som skaper fremtiden OneSails er et globalt nettverk av uavhengige seilloft over hele verden, som eksporterer verdens mest vellykkede Made in Italy gjennom en innovativ forretningsmodell: et servicenettverk hvis DNA er representert av profesjonelle seilmakere p\u00e5 toppniv\u00e5, eksklusive teknologier og et originalt image. OneSails er toppen av mer enn 40 \u00e5rs erfaring innen [&hellip;]<\/p>\n","protected":false},"author":5,"featured_media":14120,"parent":0,"menu_order":0,"comment_status":"closed","ping_status":"closed","template":"elementor_header_footer","meta":{"_acf_changed":false,"footnotes":""},"class_list":["post-30731","page","type-page","status-publish","has-post-thumbnail","hentry"],"acf":[],"_links":{"self":[{"href":"https:\/\/www.onesails.com\/no\/wp-json\/wp\/v2\/pages\/30731","targetHints":{"allow":["GET"]}}],"collection":[{"href":"https:\/\/www.onesails.com\/no\/wp-json\/wp\/v2\/pages"}],"about":[{"href":"https:\/\/www.onesails.com\/no\/wp-json\/wp\/v2\/types\/page"}],"author":[{"embeddable":true,"href":"https:\/\/www.onesails.com\/no\/wp-json\/wp\/v2\/users\/5"}],"replies":[{"embeddable":true,"href":"https:\/\/www.onesails.com\/no\/wp-json\/wp\/v2\/comments?post=30731"}],"version-history":[{"count":2,"href":"https:\/\/www.onesails.com\/no\/wp-json\/wp\/v2\/pages\/30731\/revisions"}],"predecessor-version":[{"id":31921,"href":"https:\/\/www.onesails.com\/no\/wp-json\/wp\/v2\/pages\/30731\/revisions\/31921"}],"wp:featuredmedia":[{"embeddable":true,"href":"https:\/\/www.onesails.com\/no\/wp-json\/wp\/v2\/media\/14120"}],"wp:attachment":[{"href":"https:\/\/www.onesails.com\/no\/wp-json\/wp\/v2\/media?parent=30731"}],"curies":[{"name":"wp","href":"https:\/\/api.w.org\/{rel}","templated":true}]}}