{"id":30729,"date":"2024-02-02T13:38:45","date_gmt":"2024-02-02T12:38:45","guid":{"rendered":"https:\/\/www.onesails.com\/jobber\/"},"modified":"2024-12-02T18:40:49","modified_gmt":"2024-12-02T17:40:49","slug":"jobber","status":"publish","type":"page","link":"https:\/\/www.onesails.com\/no\/jobber\/","title":{"rendered":"Jobber"},"content":{"rendered":"\t\t<div data-elementor-type=\"wp-page\" data-elementor-id=\"30729\" class=\"elementor elementor-30729 elementor-14128\" data-elementor-post-type=\"page\">\n\t\t\t\t<div class=\"elementor-element elementor-element-04210a3 e-flex e-con-boxed e-con e-parent\" data-id=\"04210a3\" data-element_type=\"container\" data-e-type=\"container\" data-settings=\"{&quot;background_background&quot;:&quot;classic&quot;}\">\n\t\t\t\t\t<div class=\"e-con-inner\">\n\t\t\t\t\t<\/div>\n\t\t\t\t<\/div>\n\t\t<div class=\"elementor-element elementor-element-b64aa6a e-flex e-con-boxed e-con e-parent\" data-id=\"b64aa6a\" data-element_type=\"container\" data-e-type=\"container\">\n\t\t\t\t\t<div class=\"e-con-inner\">\n\t\t\t\t<div class=\"elementor-element elementor-element-d18684b elementor-widget__width-inherit elementor-widget elementor-widget-heading\" data-id=\"d18684b\" data-element_type=\"widget\" data-e-type=\"widget\" data-widget_type=\"heading.default\">\n\t\t\t\t<div class=\"elementor-widget-container\">\n\t\t\t\t\t<h2 class=\"elementor-heading-title elementor-size-default\">Jobb Muligheter<\/h2>\t\t\t\t<\/div>\n\t\t\t\t<\/div>\n\t\t\t\t<div class=\"elementor-element elementor-element-1396 elementor-widget-divider--view-line elementor-widget elementor-widget-global elementor-global-1396 elementor-widget-divider\" data-id=\"1396\" data-element_type=\"widget\" data-e-type=\"widget\" data-widget_type=\"divider.default\">\n\t\t\t\t<div class=\"elementor-widget-container\">\n\t\t\t\t\t\t\t<div class=\"elementor-divider\">\n\t\t\t<span class=\"elementor-divider-separator\">\n\t\t\t\t\t\t<\/span>\n\t\t<\/div>\n\t\t\t\t\t\t<\/div>\n\t\t\t\t<\/div>\n\t\t\t\t<div class=\"elementor-element elementor-element-6a5f91e elementor-widget elementor-widget-text-editor\" data-id=\"6a5f91e\" data-element_type=\"widget\" data-e-type=\"widget\" data-widget_type=\"text-editor.default\">\n\t\t\t\t<div class=\"elementor-widget-container\">\n\t\t\t\t\t\t\t\t\t<p><strong>OneSails gruppen ekspanderer og vi vil ha deg med oss.<\/strong><br \/>OneSails er en ledende leverand\u00f8r av innovative og teknologisk avanserte seil. Vi er hele tiden interessert i \u00e5 finne medarbeidere som kan bidra til \u00e5 holde oss i forkant av utviklingen med hjelp av kreativitet og innovasjon. Hvis dette trigger deg, send oss gjerne din CV:  <\/p>\n\t\t\t\t\t\t\t\t<\/div>\n\t\t\t\t<\/div>\n\t\t\t\t<div class=\"elementor-element elementor-element-24915eb elementor-widget__width-inherit elementor-widget elementor-widget-heading\" data-id=\"24915eb\" data-element_type=\"widget\" data-e-type=\"widget\" data-widget_type=\"heading.default\">\n\t\t\t\t<div class=\"elementor-widget-container\">\n\t\t\t\t\t<h2 class=\"elementor-heading-title elementor-size-default\"><a href=\"mailto:%20jobs@onesails.com\">jobs@onesails.com<\/a><\/h2>\t\t\t\t<\/div>\n\t\t\t\t<\/div>\n\t\t\t\t\t<\/div>\n\t\t\t\t<\/div>\n\t\t\t\t<\/div>\n\t\t","protected":false},"excerpt":{"rendered":"<p>Jobb Muligheter OneSails gruppen ekspanderer og vi vil ha deg med oss.OneSails er en ledende leverand\u00f8r av innovative og teknologisk avanserte seil. Vi er hele tiden interessert i \u00e5 finne medarbeidere som kan bidra til \u00e5 holde oss i forkant av utviklingen med hjelp av kreativitet og innovasjon. Hvis dette trigger deg, send oss gjerne [&hellip;]<\/p>\n","protected":false},"author":5,"featured_media":14160,"parent":0,"menu_order":0,"comment_status":"closed","ping_status":"closed","template":"elementor_header_footer","meta":{"_acf_changed":false,"footnotes":""},"class_list":["post-30729","page","type-page","status-publish","has-post-thumbnail","hentry"],"acf":[],"_links":{"self":[{"href":"https:\/\/www.onesails.com\/no\/wp-json\/wp\/v2\/pages\/30729","targetHints":{"allow":["GET"]}}],"collection":[{"href":"https:\/\/www.onesails.com\/no\/wp-json\/wp\/v2\/pages"}],"about":[{"href":"https:\/\/www.onesails.com\/no\/wp-json\/wp\/v2\/types\/page"}],"author":[{"embeddable":true,"href":"https:\/\/www.onesails.com\/no\/wp-json\/wp\/v2\/users\/5"}],"replies":[{"embeddable":true,"href":"https:\/\/www.onesails.com\/no\/wp-json\/wp\/v2\/comments?post=30729"}],"version-history":[{"count":1,"href":"https:\/\/www.onesails.com\/no\/wp-json\/wp\/v2\/pages\/30729\/revisions"}],"predecessor-version":[{"id":30730,"href":"https:\/\/www.onesails.com\/no\/wp-json\/wp\/v2\/pages\/30729\/revisions\/30730"}],"wp:featuredmedia":[{"embeddable":true,"href":"https:\/\/www.onesails.com\/no\/wp-json\/wp\/v2\/media\/14160"}],"wp:attachment":[{"href":"https:\/\/www.onesails.com\/no\/wp-json\/wp\/v2\/media?parent=30729"}],"curies":[{"name":"wp","href":"https:\/\/api.w.org\/{rel}","templated":true}]}}