{"id":30727,"date":"2024-02-02T14:06:30","date_gmt":"2024-02-02T13:06:30","guid":{"rendered":"https:\/\/www.onesails.com\/ofte-stilte-sporsmal\/"},"modified":"2026-02-16T14:43:30","modified_gmt":"2026-02-16T13:43:30","slug":"ofte-stilte-sporsmal","status":"publish","type":"page","link":"https:\/\/www.onesails.com\/no\/ofte-stilte-sporsmal\/","title":{"rendered":"Ofte Stilte Sp\u00f8rsm\u00e5l"},"content":{"rendered":"\t\t<div data-elementor-type=\"wp-page\" data-elementor-id=\"30727\" class=\"elementor elementor-30727 elementor-14184\" data-elementor-post-type=\"page\">\n\t\t\t\t<div class=\"elementor-element elementor-element-04210a3 e-flex e-con-boxed e-con e-parent\" data-id=\"04210a3\" data-element_type=\"container\" data-e-type=\"container\" data-settings=\"{&quot;background_background&quot;:&quot;classic&quot;}\">\n\t\t\t\t\t<div class=\"e-con-inner\">\n\t\t\t\t\t<\/div>\n\t\t\t\t<\/div>\n\t\t<div class=\"elementor-element elementor-element-b64aa6a e-flex e-con-boxed e-con e-parent\" data-id=\"b64aa6a\" data-element_type=\"container\" data-e-type=\"container\">\n\t\t\t\t\t<div class=\"e-con-inner\">\n\t\t\t\t<div class=\"elementor-element elementor-element-1396 elementor-widget-divider--view-line elementor-widget elementor-widget-global elementor-global-1396 elementor-widget-divider\" data-id=\"1396\" data-element_type=\"widget\" data-e-type=\"widget\" data-widget_type=\"divider.default\">\n\t\t\t\t<div class=\"elementor-widget-container\">\n\t\t\t\t\t\t\t<div class=\"elementor-divider\">\n\t\t\t<span class=\"elementor-divider-separator\">\n\t\t\t\t\t\t<\/span>\n\t\t<\/div>\n\t\t\t\t\t\t<\/div>\n\t\t\t\t<\/div>\n\t\t\t\t<div class=\"elementor-element elementor-element-5b9caa7 elementor-icon-list--layout-traditional elementor-list-item-link-full_width elementor-widget elementor-widget-icon-list\" data-id=\"5b9caa7\" data-element_type=\"widget\" data-e-type=\"widget\" data-widget_type=\"icon-list.default\">\n\t\t\t\t<div class=\"elementor-widget-container\">\n\t\t\t\t\t\t\t<ul class=\"elementor-icon-list-items\">\n\t\t\t\t\t\t\t<li class=\"elementor-icon-list-item\">\n\t\t\t\t\t\t\t\t\t\t\t<a href=\"#anchor-1\">\n\n\t\t\t\t\t\t\t\t\t\t\t<span class=\"elementor-icon-list-text\">1. Kontakter og forhandlere etter Land<\/span>\n\t\t\t\t\t\t\t\t\t\t\t<\/a>\n\t\t\t\t\t\t\t\t\t<\/li>\n\t\t\t\t\t\t\t\t<li class=\"elementor-icon-list-item\">\n\t\t\t\t\t\t\t\t\t\t\t<a href=\"#anchor-2\">\n\n\t\t\t\t\t\t\t\t\t\t\t<span class=\"elementor-icon-list-text\">2. Produkt support<\/span>\n\t\t\t\t\t\t\t\t\t\t\t<\/a>\n\t\t\t\t\t\t\t\t\t<\/li>\n\t\t\t\t\t\t\t\t<li class=\"elementor-icon-list-item\">\n\t\t\t\t\t\t\t\t\t\t\t<a href=\"#anchor-3\">\n\n\t\t\t\t\t\t\t\t\t\t\t<span class=\"elementor-icon-list-text\">3. Sponsorships<\/span>\n\t\t\t\t\t\t\t\t\t\t\t<\/a>\n\t\t\t\t\t\t\t\t\t<\/li>\n\t\t\t\t\t\t\t\t<li class=\"elementor-icon-list-item\">\n\t\t\t\t\t\t\t\t\t\t\t<a href=\"#anchor-4\">\n\n\t\t\t\t\t\t\t\t\t\t\t<span class=\"elementor-icon-list-text\">4. Karriere<\/span>\n\t\t\t\t\t\t\t\t\t\t\t<\/a>\n\t\t\t\t\t\t\t\t\t<\/li>\n\t\t\t\t\t\t\t\t<li class=\"elementor-icon-list-item\">\n\t\t\t\t\t\t\t\t\t\t\t<a href=\"#anchor-5\">\n\n\t\t\t\t\t\t\t\t\t\t\t<span class=\"elementor-icon-list-text\">5. Marked og reklame<\/span>\n\t\t\t\t\t\t\t\t\t\t\t<\/a>\n\t\t\t\t\t\t\t\t\t<\/li>\n\t\t\t\t\t\t\t\t<li class=\"elementor-icon-list-item\">\n\t\t\t\t\t\t\t\t\t\t\t<a href=\"#anchor-6\">\n\n\t\t\t\t\t\t\t\t\t\t\t<span class=\"elementor-icon-list-text\">6. Leverand\u00f8rer<\/span>\n\t\t\t\t\t\t\t\t\t\t\t<\/a>\n\t\t\t\t\t\t\t\t\t<\/li>\n\t\t\t\t\t\t<\/ul>\n\t\t\t\t\t\t<\/div>\n\t\t\t\t<\/div>\n\t\t\t\t<div class=\"elementor-element elementor-element-ae86e3c elementor-widget-divider--view-line elementor-widget elementor-widget-global elementor-global-1396 elementor-widget-divider\" data-id=\"ae86e3c\" data-element_type=\"widget\" data-e-type=\"widget\" data-widget_type=\"divider.default\">\n\t\t\t\t<div class=\"elementor-widget-container\">\n\t\t\t\t\t\t\t<div class=\"elementor-divider\">\n\t\t\t<span class=\"elementor-divider-separator\">\n\t\t\t\t\t\t<\/span>\n\t\t<\/div>\n\t\t\t\t\t\t<\/div>\n\t\t\t\t<\/div>\n\t\t\t\t<div class=\"elementor-element elementor-element-6a5f91e elementor-widget elementor-widget-text-editor\" data-id=\"6a5f91e\" data-element_type=\"widget\" data-e-type=\"widget\" data-widget_type=\"text-editor.default\">\n\t\t\t\t<div class=\"elementor-widget-container\">\n\t\t\t\t\t\t\t\t\t<p><strong>Kontakt Informasjon<\/strong><br>Velkommen til OneSails. Hvis du har sp\u00f8rsm\u00e5l eller kommentarer til et OneSails produkt, sjekk siden for ofte stilte sp\u00f8rsm\u00e5l.  Her kan du kanskje finne svar p\u00e5 ditt sp\u00f8rsm\u00e5l. Alternativt kan du sende oss en e-post p\u00e5: <a href=\"mailto:info@onesails.com\">info@onesails.com<\/a> <\/p><p>Takk for at du tok kontakt med oss.<\/p>\t\t\t\t\t\t\t\t<\/div>\n\t\t\t\t<\/div>\n\t\t\t\t<div class=\"elementor-element elementor-element-0295665 elementor-widget-divider--view-line elementor-widget elementor-widget-global elementor-global-1396 elementor-widget-divider\" data-id=\"0295665\" data-element_type=\"widget\" data-e-type=\"widget\" data-widget_type=\"divider.default\">\n\t\t\t\t<div class=\"elementor-widget-container\">\n\t\t\t\t\t\t\t<div class=\"elementor-divider\">\n\t\t\t<span class=\"elementor-divider-separator\">\n\t\t\t\t\t\t<\/span>\n\t\t<\/div>\n\t\t\t\t\t\t<\/div>\n\t\t\t\t<\/div>\n\t\t\t\t<div class=\"elementor-element elementor-element-246b7a6 elementor-widget elementor-widget-heading\" data-id=\"246b7a6\" data-element_type=\"widget\" data-e-type=\"widget\" id=\"anchor-1\" data-widget_type=\"heading.default\">\n\t\t\t\t<div class=\"elementor-widget-container\">\n\t\t\t\t\t<h2 class=\"elementor-heading-title elementor-size-default\">1. Kontakter og forhandlere etter Land<\/h2>\t\t\t\t<\/div>\n\t\t\t\t<\/div>\n\t\t\t\t<div class=\"elementor-element elementor-element-3fe812d elementor-widget elementor-widget-text-editor\" data-id=\"3fe812d\" data-element_type=\"widget\" data-e-type=\"widget\" data-widget_type=\"text-editor.default\">\n\t\t\t\t<div class=\"elementor-widget-container\">\n\t\t\t\t\t\t\t\t\t<p><strong>Q. Hvordan kan jeg komme i kontakt med OneSails?<\/strong><\/p><p>G\u00e5 til siden for <a href=\"https:\/\/www.onesails.com\/no\/seilloft\/\">KONTAKTER<\/a> for \u00e5 finne ditt n\u00e6rmeste OneSails seilloft. Hvis du ikke finner en forhandler i landet du s\u00f8ker, ta kontakt p\u00e5: <a href=\"mailto:info@onesails.com\">info@onesails.com<\/a> <\/p>\t\t\t\t\t\t\t\t<\/div>\n\t\t\t\t<\/div>\n\t\t\t\t<div class=\"elementor-element elementor-element-362e812 elementor-position-inline-start elementor-widget__width-inherit elementor-view-default elementor-mobile-position-block-start elementor-widget elementor-widget-global elementor-global-14342 elementor-widget-icon-box\" data-id=\"362e812\" data-element_type=\"widget\" data-e-type=\"widget\" data-widget_type=\"icon-box.default\">\n\t\t\t\t<div class=\"elementor-widget-container\">\n\t\t\t\t\t\t\t<div class=\"elementor-icon-box-wrapper\">\n\n\t\t\t\t\t\t<div class=\"elementor-icon-box-icon\">\n\t\t\t\t<a href=\"#anchor-top\" class=\"elementor-icon\" tabindex=\"-1\" aria-label=\"Return to Top\">\n\t\t\t\t<i aria-hidden=\"true\" class=\"fas fa-angle-up\"><\/i>\t\t\t\t<\/a>\n\t\t\t<\/div>\n\t\t\t\n\t\t\t\t\t\t<div class=\"elementor-icon-box-content\">\n\n\t\t\t\t\t\t\t\t\t<h3 class=\"elementor-icon-box-title\">\n\t\t\t\t\t\t<a href=\"#anchor-top\" >\n\t\t\t\t\t\t\tReturn to Top\t\t\t\t\t\t<\/a>\n\t\t\t\t\t<\/h3>\n\t\t\t\t\n\t\t\t\t\n\t\t\t<\/div>\n\t\t\t\n\t\t<\/div>\n\t\t\t\t\t\t<\/div>\n\t\t\t\t<\/div>\n\t\t\t\t<div class=\"elementor-element elementor-element-8fcf15e elementor-widget-divider--view-line elementor-widget elementor-widget-global elementor-global-1396 elementor-widget-divider\" data-id=\"8fcf15e\" data-element_type=\"widget\" data-e-type=\"widget\" data-widget_type=\"divider.default\">\n\t\t\t\t<div class=\"elementor-widget-container\">\n\t\t\t\t\t\t\t<div class=\"elementor-divider\">\n\t\t\t<span class=\"elementor-divider-separator\">\n\t\t\t\t\t\t<\/span>\n\t\t<\/div>\n\t\t\t\t\t\t<\/div>\n\t\t\t\t<\/div>\n\t\t\t\t<div class=\"elementor-element elementor-element-f2b5378 elementor-widget elementor-widget-heading\" data-id=\"f2b5378\" data-element_type=\"widget\" data-e-type=\"widget\" id=\"anchor-2\" data-widget_type=\"heading.default\">\n\t\t\t\t<div class=\"elementor-widget-container\">\n\t\t\t\t\t<h2 class=\"elementor-heading-title elementor-size-default\">2. Produkt support<\/h2>\t\t\t\t<\/div>\n\t\t\t\t<\/div>\n\t\t\t\t<div class=\"elementor-element elementor-element-08fd9fd elementor-widget elementor-widget-text-editor\" data-id=\"08fd9fd\" data-element_type=\"widget\" data-e-type=\"widget\" data-widget_type=\"text-editor.default\">\n\t\t\t\t<div class=\"elementor-widget-container\">\n\t\t\t\t\t\t\t\t\t<p><strong>Q. Hva slags garanti gjelder i OneSails?<\/strong><\/p><p>Alle nye seil fra OneSails har garanti fra dagen de er klar til levering. Garantiperioden kan variere etter hvilket land og produkt det gjelder. Ved en skade p\u00e5 produktet i garanti-tiden, skal OneSails utbedre n\u00f8dvendig reparasjon vederlagsfritt. Garantien dekker ikke skader som f\u00f8lge av brukerfeil, ytre p\u00e5virkninger, uforsiktig bruk, normal slittasje eller misfarging og\/eller slitasje over tid. Skader som ikke dekkes av garantien kan repareres etter avtale. For garantivurdering, m\u00e5 produktet bli levert tilbake til leverand\u00f8ren som har solgt og levert produktet.     <\/p><p><strong>Q. Gjelder garantien for produkter som er videresolgt fra opprinnelige kj\u00f8per?<\/strong><\/p><p>Denne garantien dekker ikke produkter solgt videre fra opprinnelig kj\u00f8per.<\/p><p><strong>Q. Dekkes normal slitasje av garantien?<\/strong><\/p><p>Alle v\u00e5re produkter produseres etter h\u00f8yeste standard. Men, selv ved forsiktig bruk vil produktene gradvis miste sin h\u00f8yeste kvalitet. OneSails sin garanti dekker skader som f\u00f8lge av feil i produksjon eller i materialene, men dekker ikke normal slitasje.  <\/p>\t\t\t\t\t\t\t\t<\/div>\n\t\t\t\t<\/div>\n\t\t\t\t<div class=\"elementor-element elementor-element-ad1093d elementor-position-inline-start elementor-widget__width-inherit elementor-view-default elementor-mobile-position-block-start elementor-widget elementor-widget-global elementor-global-14342 elementor-widget-icon-box\" data-id=\"ad1093d\" data-element_type=\"widget\" data-e-type=\"widget\" data-widget_type=\"icon-box.default\">\n\t\t\t\t<div class=\"elementor-widget-container\">\n\t\t\t\t\t\t\t<div class=\"elementor-icon-box-wrapper\">\n\n\t\t\t\t\t\t<div class=\"elementor-icon-box-icon\">\n\t\t\t\t<a href=\"#anchor-top\" class=\"elementor-icon\" tabindex=\"-1\" aria-label=\"Return to Top\">\n\t\t\t\t<i aria-hidden=\"true\" class=\"fas fa-angle-up\"><\/i>\t\t\t\t<\/a>\n\t\t\t<\/div>\n\t\t\t\n\t\t\t\t\t\t<div class=\"elementor-icon-box-content\">\n\n\t\t\t\t\t\t\t\t\t<h3 class=\"elementor-icon-box-title\">\n\t\t\t\t\t\t<a href=\"#anchor-top\" >\n\t\t\t\t\t\t\tReturn to Top\t\t\t\t\t\t<\/a>\n\t\t\t\t\t<\/h3>\n\t\t\t\t\n\t\t\t\t\n\t\t\t<\/div>\n\t\t\t\n\t\t<\/div>\n\t\t\t\t\t\t<\/div>\n\t\t\t\t<\/div>\n\t\t\t\t<div class=\"elementor-element elementor-element-d44babf elementor-widget-divider--view-line elementor-widget elementor-widget-global elementor-global-1396 elementor-widget-divider\" data-id=\"d44babf\" data-element_type=\"widget\" data-e-type=\"widget\" data-widget_type=\"divider.default\">\n\t\t\t\t<div class=\"elementor-widget-container\">\n\t\t\t\t\t\t\t<div class=\"elementor-divider\">\n\t\t\t<span class=\"elementor-divider-separator\">\n\t\t\t\t\t\t<\/span>\n\t\t<\/div>\n\t\t\t\t\t\t<\/div>\n\t\t\t\t<\/div>\n\t\t\t\t<div class=\"elementor-element elementor-element-d7bb372 elementor-widget elementor-widget-heading\" data-id=\"d7bb372\" data-element_type=\"widget\" data-e-type=\"widget\" id=\"anchor-3\" data-widget_type=\"heading.default\">\n\t\t\t\t<div class=\"elementor-widget-container\">\n\t\t\t\t\t<h2 class=\"elementor-heading-title elementor-size-default\">3. Sponsorat<\/h2>\t\t\t\t<\/div>\n\t\t\t\t<\/div>\n\t\t\t\t<div class=\"elementor-element elementor-element-900c1ab elementor-widget elementor-widget-text-editor\" data-id=\"900c1ab\" data-element_type=\"widget\" data-e-type=\"widget\" data-widget_type=\"text-editor.default\">\n\t\t\t\t<div class=\"elementor-widget-container\">\n\t\t\t\t\t\t\t\t\t<p><strong>Q. Kan OneSails st\u00f8tte v\u00e5rt regatta prosjekt? Hva skal til for at v\u00e5r satsing er interessant for OneSails \u00e5 st\u00f8tte? <\/strong><\/p><p>OneSails er hele tiden p\u00e5 utkikk etter nye spennende prosjekter innen seiling. Hvis deres prosjekt passer v\u00e5re kriterier, vil vi unders\u00f8ke om vi kan tilby et samarbeid. <\/p><p>Konkurrerer b\u00e5ten (eller laget)i: IRC, ORC VM,EM eller NM?<\/p><p>Har Laget\/Teamet en plassering i topp 3 det siste \u00e5ret i minst \u00e9n av disse regattaene: VM, Nordisk eller NM eller andre store anerkjente regattaer?<\/p><p>Er du ansvarlig i en av de overnevnte regattaene ?<\/p><p>Passer prosjektet deres kriteriene, send gjerne en henvendelse p\u00e5: <a href=\"mailto:norway@onesails.com\">norway@onesails.com<\/a><\/p>\t\t\t\t\t\t\t\t<\/div>\n\t\t\t\t<\/div>\n\t\t\t\t<div class=\"elementor-element elementor-element-24213bc elementor-position-inline-start elementor-widget__width-inherit elementor-view-default elementor-mobile-position-block-start elementor-widget elementor-widget-global elementor-global-14342 elementor-widget-icon-box\" data-id=\"24213bc\" data-element_type=\"widget\" data-e-type=\"widget\" data-widget_type=\"icon-box.default\">\n\t\t\t\t<div class=\"elementor-widget-container\">\n\t\t\t\t\t\t\t<div class=\"elementor-icon-box-wrapper\">\n\n\t\t\t\t\t\t<div class=\"elementor-icon-box-icon\">\n\t\t\t\t<a href=\"#anchor-top\" class=\"elementor-icon\" tabindex=\"-1\" aria-label=\"Return to Top\">\n\t\t\t\t<i aria-hidden=\"true\" class=\"fas fa-angle-up\"><\/i>\t\t\t\t<\/a>\n\t\t\t<\/div>\n\t\t\t\n\t\t\t\t\t\t<div class=\"elementor-icon-box-content\">\n\n\t\t\t\t\t\t\t\t\t<h3 class=\"elementor-icon-box-title\">\n\t\t\t\t\t\t<a href=\"#anchor-top\" >\n\t\t\t\t\t\t\tReturn to Top\t\t\t\t\t\t<\/a>\n\t\t\t\t\t<\/h3>\n\t\t\t\t\n\t\t\t\t\n\t\t\t<\/div>\n\t\t\t\n\t\t<\/div>\n\t\t\t\t\t\t<\/div>\n\t\t\t\t<\/div>\n\t\t\t\t<div class=\"elementor-element elementor-element-58e6160 elementor-widget-divider--view-line elementor-widget elementor-widget-global elementor-global-1396 elementor-widget-divider\" data-id=\"58e6160\" data-element_type=\"widget\" data-e-type=\"widget\" data-widget_type=\"divider.default\">\n\t\t\t\t<div class=\"elementor-widget-container\">\n\t\t\t\t\t\t\t<div class=\"elementor-divider\">\n\t\t\t<span class=\"elementor-divider-separator\">\n\t\t\t\t\t\t<\/span>\n\t\t<\/div>\n\t\t\t\t\t\t<\/div>\n\t\t\t\t<\/div>\n\t\t\t\t<div class=\"elementor-element elementor-element-26524ba elementor-widget elementor-widget-heading\" data-id=\"26524ba\" data-element_type=\"widget\" data-e-type=\"widget\" id=\"anchor-4\" data-widget_type=\"heading.default\">\n\t\t\t\t<div class=\"elementor-widget-container\">\n\t\t\t\t\t<h2 class=\"elementor-heading-title elementor-size-default\">4. Karriere<\/h2>\t\t\t\t<\/div>\n\t\t\t\t<\/div>\n\t\t\t\t<div class=\"elementor-element elementor-element-af5b9d9 elementor-widget__width-inherit elementor-widget elementor-widget-text-editor\" data-id=\"af5b9d9\" data-element_type=\"widget\" data-e-type=\"widget\" data-widget_type=\"text-editor.default\">\n\t\t\t\t<div class=\"elementor-widget-container\">\n\t\t\t\t\t\t\t\t\t<p><strong>Q. Hvor kan jeg s\u00f8ke om jobbmuligheter i OneSails?<\/strong><\/p><p>Vennligst sjekk ut <a href=\"https:\/\/www.onesails.com\/no\/jobber\/\">Ledige jobber<\/a> p\u00e5 nettsiden.<\/p>\t\t\t\t\t\t\t\t<\/div>\n\t\t\t\t<\/div>\n\t\t\t\t<div class=\"elementor-element elementor-element-467ba77 elementor-position-inline-start elementor-widget__width-inherit elementor-view-default elementor-mobile-position-block-start elementor-widget elementor-widget-global elementor-global-14342 elementor-widget-icon-box\" data-id=\"467ba77\" data-element_type=\"widget\" data-e-type=\"widget\" data-widget_type=\"icon-box.default\">\n\t\t\t\t<div class=\"elementor-widget-container\">\n\t\t\t\t\t\t\t<div class=\"elementor-icon-box-wrapper\">\n\n\t\t\t\t\t\t<div class=\"elementor-icon-box-icon\">\n\t\t\t\t<a href=\"#anchor-top\" class=\"elementor-icon\" tabindex=\"-1\" aria-label=\"Return to Top\">\n\t\t\t\t<i aria-hidden=\"true\" class=\"fas fa-angle-up\"><\/i>\t\t\t\t<\/a>\n\t\t\t<\/div>\n\t\t\t\n\t\t\t\t\t\t<div class=\"elementor-icon-box-content\">\n\n\t\t\t\t\t\t\t\t\t<h3 class=\"elementor-icon-box-title\">\n\t\t\t\t\t\t<a href=\"#anchor-top\" >\n\t\t\t\t\t\t\tReturn to Top\t\t\t\t\t\t<\/a>\n\t\t\t\t\t<\/h3>\n\t\t\t\t\n\t\t\t\t\n\t\t\t<\/div>\n\t\t\t\n\t\t<\/div>\n\t\t\t\t\t\t<\/div>\n\t\t\t\t<\/div>\n\t\t\t\t<div class=\"elementor-element elementor-element-fd0b544 elementor-widget-divider--view-line elementor-widget elementor-widget-global elementor-global-1396 elementor-widget-divider\" data-id=\"fd0b544\" data-element_type=\"widget\" data-e-type=\"widget\" data-widget_type=\"divider.default\">\n\t\t\t\t<div class=\"elementor-widget-container\">\n\t\t\t\t\t\t\t<div class=\"elementor-divider\">\n\t\t\t<span class=\"elementor-divider-separator\">\n\t\t\t\t\t\t<\/span>\n\t\t<\/div>\n\t\t\t\t\t\t<\/div>\n\t\t\t\t<\/div>\n\t\t\t\t<div class=\"elementor-element elementor-element-5b333c1 elementor-widget elementor-widget-heading\" data-id=\"5b333c1\" data-element_type=\"widget\" data-e-type=\"widget\" id=\"anchor-5\" data-widget_type=\"heading.default\">\n\t\t\t\t<div class=\"elementor-widget-container\">\n\t\t\t\t\t<h2 class=\"elementor-heading-title elementor-size-default\">5. Marked og reklame<\/h2>\t\t\t\t<\/div>\n\t\t\t\t<\/div>\n\t\t\t\t<div class=\"elementor-element elementor-element-3572ae4 elementor-widget elementor-widget-text-editor\" data-id=\"3572ae4\" data-element_type=\"widget\" data-e-type=\"widget\" data-widget_type=\"text-editor.default\">\n\t\t\t\t<div class=\"elementor-widget-container\">\n\t\t\t\t\t\t\t\t\t<p><strong>Q. Er OneSails interessert i \u00e5 v\u00e6re synlig p\u00e5 andre markedsplasser?<\/strong><\/p><p>OneSails ser alltid etter muligheter for \u00e5 spre merkevaren p\u00e5 andre arenaer, ogs\u00e5 messer.  Send gjerne deres henvendelse p\u00e5 e-post til: <a href=\"mailto: norway@onesails.com\">norway@onesails.com<\/a><\/p>\t\t\t\t\t\t\t\t<\/div>\n\t\t\t\t<\/div>\n\t\t\t\t<div class=\"elementor-element elementor-element-858f000 elementor-position-inline-start elementor-widget__width-inherit elementor-view-default elementor-mobile-position-block-start elementor-widget elementor-widget-global elementor-global-14342 elementor-widget-icon-box\" data-id=\"858f000\" data-element_type=\"widget\" data-e-type=\"widget\" data-widget_type=\"icon-box.default\">\n\t\t\t\t<div class=\"elementor-widget-container\">\n\t\t\t\t\t\t\t<div class=\"elementor-icon-box-wrapper\">\n\n\t\t\t\t\t\t<div class=\"elementor-icon-box-icon\">\n\t\t\t\t<a href=\"#anchor-top\" class=\"elementor-icon\" tabindex=\"-1\" aria-label=\"Return to Top\">\n\t\t\t\t<i aria-hidden=\"true\" class=\"fas fa-angle-up\"><\/i>\t\t\t\t<\/a>\n\t\t\t<\/div>\n\t\t\t\n\t\t\t\t\t\t<div class=\"elementor-icon-box-content\">\n\n\t\t\t\t\t\t\t\t\t<h3 class=\"elementor-icon-box-title\">\n\t\t\t\t\t\t<a href=\"#anchor-top\" >\n\t\t\t\t\t\t\tReturn to Top\t\t\t\t\t\t<\/a>\n\t\t\t\t\t<\/h3>\n\t\t\t\t\n\t\t\t\t\n\t\t\t<\/div>\n\t\t\t\n\t\t<\/div>\n\t\t\t\t\t\t<\/div>\n\t\t\t\t<\/div>\n\t\t\t\t<div class=\"elementor-element elementor-element-f5ff713 elementor-widget-divider--view-line elementor-widget elementor-widget-global elementor-global-1396 elementor-widget-divider\" data-id=\"f5ff713\" data-element_type=\"widget\" data-e-type=\"widget\" data-widget_type=\"divider.default\">\n\t\t\t\t<div class=\"elementor-widget-container\">\n\t\t\t\t\t\t\t<div class=\"elementor-divider\">\n\t\t\t<span class=\"elementor-divider-separator\">\n\t\t\t\t\t\t<\/span>\n\t\t<\/div>\n\t\t\t\t\t\t<\/div>\n\t\t\t\t<\/div>\n\t\t\t\t<div class=\"elementor-element elementor-element-4637b0e elementor-widget elementor-widget-heading\" data-id=\"4637b0e\" data-element_type=\"widget\" data-e-type=\"widget\" id=\"anchor-6\" data-widget_type=\"heading.default\">\n\t\t\t\t<div class=\"elementor-widget-container\">\n\t\t\t\t\t<h2 class=\"elementor-heading-title elementor-size-default\">6. Leverand\u00f8rer<\/h2>\t\t\t\t<\/div>\n\t\t\t\t<\/div>\n\t\t\t\t<div class=\"elementor-element elementor-element-577cbd2 elementor-widget elementor-widget-text-editor\" data-id=\"577cbd2\" data-element_type=\"widget\" data-e-type=\"widget\" data-widget_type=\"text-editor.default\">\n\t\t\t\t<div class=\"elementor-widget-container\">\n\t\t\t\t\t\t\t\t\t<p><strong>Q. Hvordan kan jeg presentere mitt firma for OneSails?<\/strong><\/p><p>OneSails ser alltid etter leverand\u00f8rer som kan tilby f\u00f8rsteklasses produkter for den maritime industrien. Send gjerne deres henvendelse p\u00e5 e-post til: <a href=\"mailto:norway@onesails.com\">norway@onesails.com<\/a> <\/p>\t\t\t\t\t\t\t\t<\/div>\n\t\t\t\t<\/div>\n\t\t\t\t\t<\/div>\n\t\t\t\t<\/div>\n\t\t\t\t<\/div>\n\t\t","protected":false},"excerpt":{"rendered":"<p>1. Kontakter og forhandlere etter Land 2. Produkt support 3. Sponsorships 4. Karriere 5. Marked og reklame 6. Leverand\u00f8rer Kontakt InformasjonVelkommen til OneSails. Hvis du har sp\u00f8rsm\u00e5l eller kommentarer til et OneSails produkt, sjekk siden for ofte stilte sp\u00f8rsm\u00e5l. Her kan du kanskje finne svar p\u00e5 ditt sp\u00f8rsm\u00e5l. Alternativt kan du sende oss en e-post [&hellip;]<\/p>\n","protected":false},"author":5,"featured_media":14277,"parent":0,"menu_order":0,"comment_status":"closed","ping_status":"closed","template":"elementor_header_footer","meta":{"_acf_changed":false,"footnotes":""},"class_list":["post-30727","page","type-page","status-publish","has-post-thumbnail","hentry"],"acf":[],"_links":{"self":[{"href":"https:\/\/www.onesails.com\/no\/wp-json\/wp\/v2\/pages\/30727","targetHints":{"allow":["GET"]}}],"collection":[{"href":"https:\/\/www.onesails.com\/no\/wp-json\/wp\/v2\/pages"}],"about":[{"href":"https:\/\/www.onesails.com\/no\/wp-json\/wp\/v2\/types\/page"}],"author":[{"embeddable":true,"href":"https:\/\/www.onesails.com\/no\/wp-json\/wp\/v2\/users\/5"}],"replies":[{"embeddable":true,"href":"https:\/\/www.onesails.com\/no\/wp-json\/wp\/v2\/comments?post=30727"}],"version-history":[{"count":9,"href":"https:\/\/www.onesails.com\/no\/wp-json\/wp\/v2\/pages\/30727\/revisions"}],"predecessor-version":[{"id":35840,"href":"https:\/\/www.onesails.com\/no\/wp-json\/wp\/v2\/pages\/30727\/revisions\/35840"}],"wp:featuredmedia":[{"embeddable":true,"href":"https:\/\/www.onesails.com\/no\/wp-json\/wp\/v2\/media\/14277"}],"wp:attachment":[{"href":"https:\/\/www.onesails.com\/no\/wp-json\/wp\/v2\/media?parent=30727"}],"curies":[{"name":"wp","href":"https:\/\/api.w.org\/{rel}","templated":true}]}}