{"id":24284,"date":"2023-12-27T21:27:43","date_gmt":"2023-12-27T20:27:43","guid":{"rendered":"https:\/\/newone.onesails.com\/la-partenza-in-regata\/"},"modified":"2024-05-20T13:50:42","modified_gmt":"2024-05-20T11:50:42","slug":"la-partenza-in-regata","status":"publish","type":"page","link":"https:\/\/www.onesails.com\/it\/la-partenza-in-regata\/","title":{"rendered":"La Partenza in Regata"},"content":{"rendered":"\t\t<div data-elementor-type=\"wp-page\" data-elementor-id=\"24284\" class=\"elementor elementor-24284 elementor-9788\" data-elementor-post-type=\"page\">\n\t\t\t\t<div class=\"elementor-element elementor-element-aa1e389 e-con-full e-flex e-con e-parent\" data-id=\"aa1e389\" data-element_type=\"container\" data-e-type=\"container\">\n\t\t\t\t<div class=\"elementor-element elementor-element-9e16000 elementor-widget elementor-widget-shortcode\" data-id=\"9e16000\" data-element_type=\"widget\" data-e-type=\"widget\" data-widget_type=\"shortcode.default\">\n\t\t\t\t<div class=\"elementor-widget-container\">\n\t\t\t\t\t\t\t<div class=\"elementor-shortcode\">\t\t<div data-elementor-type=\"container\" data-elementor-id=\"25872\" class=\"elementor elementor-25872\" data-elementor-post-type=\"elementor_library\">\n\t\t\t\t<div class=\"elementor-element elementor-element-14ce183f e-con-full e-flex e-con e-parent\" data-id=\"14ce183f\" data-element_type=\"container\" data-e-type=\"container\" data-settings=\"{&quot;background_background&quot;:&quot;classic&quot;}\">\n\t\t\t\t<\/div>\n\t\t\t\t<\/div>\n\t\t<\/div>\n\t\t\t\t\t\t<\/div>\n\t\t\t\t<\/div>\n\t\t\t\t<\/div>\n\t\t<div class=\"elementor-element elementor-element-f12baf9 e-flex e-con-boxed e-con e-parent\" data-id=\"f12baf9\" data-element_type=\"container\" data-e-type=\"container\">\n\t\t\t\t\t<div class=\"e-con-inner\">\n\t\t\t\t<div class=\"elementor-element elementor-element-d702dcb elementor-widget-divider--view-line elementor-widget elementor-widget-divider\" data-id=\"d702dcb\" data-element_type=\"widget\" data-e-type=\"widget\" data-widget_type=\"divider.default\">\n\t\t\t\t<div class=\"elementor-widget-container\">\n\t\t\t\t\t\t\t<div class=\"elementor-divider\">\n\t\t\t<span class=\"elementor-divider-separator\">\n\t\t\t\t\t\t<\/span>\n\t\t<\/div>\n\t\t\t\t\t\t<\/div>\n\t\t\t\t<\/div>\n\t\t\t\t<div class=\"elementor-element elementor-element-a3f7149 elementor-widget elementor-widget-heading\" data-id=\"a3f7149\" data-element_type=\"widget\" data-e-type=\"widget\" data-widget_type=\"heading.default\">\n\t\t\t\t<div class=\"elementor-widget-container\">\n\t\t\t\t\t<h2 class=\"elementor-heading-title elementor-size-default\">di Paul Eldrid, OneSails Australia<\/h2>\t\t\t\t<\/div>\n\t\t\t\t<\/div>\n\t\t\t\t<div class=\"elementor-element elementor-element-8eda6e6 elementor-widget__width-inherit elementor-widget elementor-widget-heading\" data-id=\"8eda6e6\" data-element_type=\"widget\" data-e-type=\"widget\" data-widget_type=\"heading.default\">\n\t\t\t\t<div class=\"elementor-widget-container\">\n\t\t\t\t\t<h2 class=\"elementor-heading-title elementor-size-default\"><br> Premessa<\/h2>\t\t\t\t<\/div>\n\t\t\t\t<\/div>\n\t\t\t\t<div class=\"elementor-element elementor-element-2a26705 elementor-widget-divider--view-line elementor-widget elementor-widget-divider\" data-id=\"2a26705\" data-element_type=\"widget\" data-e-type=\"widget\" data-widget_type=\"divider.default\">\n\t\t\t\t<div class=\"elementor-widget-container\">\n\t\t\t\t\t\t\t<div class=\"elementor-divider\">\n\t\t\t<span class=\"elementor-divider-separator\">\n\t\t\t\t\t\t<\/span>\n\t\t<\/div>\n\t\t\t\t\t\t<\/div>\n\t\t\t\t<\/div>\n\t\t\t\t<div class=\"elementor-element elementor-element-1040a1f elementor-widget__width-initial elementor-widget elementor-widget-text-editor\" data-id=\"1040a1f\" data-element_type=\"widget\" data-e-type=\"widget\" data-widget_type=\"text-editor.default\">\n\t\t\t\t<div class=\"elementor-widget-container\">\n\t\t\t\t\t\t\t\t\t<p><span style=\"color: var( --e-global-color-text ); font-family: var( --e-global-typography-text-font-family ), Sans-serif; font-size: var( --e-global-typography-text-font-size ); font-weight: var( --e-global-typography-text-font-weight ); letter-spacing: var( --e-global-typography-text-letter-spacing ); text-align: var(--text-align);\">Il metodo \u00e8 fondamentale per mettere in atto una strategia di partenza specifica per ogni singola regata. Senza una buona conoscenza della routine da parte di tutti i membri del team e senza il tempo necessario per raccogliere informazioni prima della partenza di ogni regata, le possibilit\u00e0 di prendere decisioni ben calcolate si riducono notevolmente.<\/span><br><\/p>\n<p>Molti velisti e squadre diverse hanno le proprie teorie e i propri schemi per la partenza della regata. La guida qui descritta \u00e8 un sistema che per me ha sempre funzionato bene e che potreste modificare in modo pi\u00f9 efficace. L&#8217;unico modo per stabilirlo \u00e8 iniziare a esercitarsi e rispettare un piano fin dall&#8217;inizio.<\/p>\n<p>L&#8217;apprendimento pu\u00f2 iniziare solo quando si comincia!<\/p>\t\t\t\t\t\t\t\t<\/div>\n\t\t\t\t<\/div>\n\t\t\t\t<div class=\"elementor-element elementor-element-ffd1c14 elementor-widget__width-initial elementor-widget elementor-widget-image\" data-id=\"ffd1c14\" data-element_type=\"widget\" data-e-type=\"widget\" data-widget_type=\"image.default\">\n\t\t\t\t<div class=\"elementor-widget-container\">\n\t\t\t\t\t\t\t\t\t\t\t\t\t\t\t<img fetchpriority=\"high\" decoding=\"async\" width=\"466\" height=\"310\" src=\"https:\/\/www.onesails.com\/wp-content\/uploads\/start01.jpg\" class=\"attachment-large size-large wp-image-9804\" alt=\"\" \/>\t\t\t\t\t\t\t\t\t\t\t\t\t\t\t<\/div>\n\t\t\t\t<\/div>\n\t\t\t\t<div class=\"elementor-element elementor-element-72782d0 elementor-widget__width-inherit elementor-widget elementor-widget-heading\" data-id=\"72782d0\" data-element_type=\"widget\" data-e-type=\"widget\" data-widget_type=\"heading.default\">\n\t\t\t\t<div class=\"elementor-widget-container\">\n\t\t\t\t\t<h2 class=\"elementor-heading-title elementor-size-default\"><br> Pre-preparazione = informazioni<\/h2>\t\t\t\t<\/div>\n\t\t\t\t<\/div>\n\t\t\t\t<div class=\"elementor-element elementor-element-fca757c elementor-widget-divider--view-line elementor-widget elementor-widget-divider\" data-id=\"fca757c\" data-element_type=\"widget\" data-e-type=\"widget\" data-widget_type=\"divider.default\">\n\t\t\t\t<div class=\"elementor-widget-container\">\n\t\t\t\t\t\t\t<div class=\"elementor-divider\">\n\t\t\t<span class=\"elementor-divider-separator\">\n\t\t\t\t\t\t<\/span>\n\t\t<\/div>\n\t\t\t\t\t\t<\/div>\n\t\t\t\t<\/div>\n\t\t\t\t<div class=\"elementor-element elementor-element-db654c3 elementor-widget__width-initial elementor-widget elementor-widget-text-editor\" data-id=\"db654c3\" data-element_type=\"widget\" data-e-type=\"widget\" data-widget_type=\"text-editor.default\">\n\t\t\t\t<div class=\"elementor-widget-container\">\n\t\t\t\t\t\t\t\t\t<div class=\"grid12-12\">\n<p>1. IL METEO<\/p>\n<ul>\n<li>Quali sono le previsioni per il giorno della regata?<\/li>\n<li>Salti persistenti \/ oscillazioni \/ brezza costante? Pressione crescente \/ decrescente \/ stabile?<\/li>\n<li>Flusso della corrente \/ marea?<\/li>\n<\/ul>\n<p>2. L&#8217;IMBARCAZIONE<\/p>\n<ul>\n<li>Assetto probabile della barca in base alle condizioni e selezione delle vele<\/li>\n<li>Assicurarsi che l&#8217;imbarcazione sia configurata per avere la potenza necessaria a partire dalla linea di partenza.<\/li>\n<li>Conoscere la propria imbarcazione! Tempi di aumento\/diminuzione della velocit\u00e0 e tempi di virata\/strambata<\/li>\n<\/ul>\n<p>3. IL TEAM<\/p>\n<ul>\n<li>Ruoli chiaramente definiti: tattico, chi fornisce informazioni sulla linea, trimmers che conoscono la velocit\u00e0 al %.<\/li>\n<\/ul>\n<p>4. I RIVALI<\/p>\n<ul>\n<li>Chi sono? Qual \u00e8 la loro condizione per la regata, i loro punti di forza<\/li>\n<li>Debolezza, stile di partenza?<\/li>\n<\/ul>\n<\/div>\n\t\t\t\t\t\t\t\t<\/div>\n\t\t\t\t<\/div>\n\t\t\t\t<div class=\"elementor-element elementor-element-d55907b elementor-widget__width-initial elementor-widget elementor-widget-text-editor\" data-id=\"d55907b\" data-element_type=\"widget\" data-e-type=\"widget\" data-widget_type=\"text-editor.default\">\n\t\t\t\t<div class=\"elementor-widget-container\">\n\t\t\t\t\t\t\t\t\t<div class=\"grid12-6\">\n<p>5. LA GEOGRAFIA<\/p>\n<ul>\n<li>Effetti locali della terra sul vento e della profondit\u00e0 sulla marea<\/li>\n<\/ul>\n<div> <\/div>\n<p>6. LE LAY LINES<\/p>\n<ul>\n<li>Le lay lines determinano il campo in cui si garegger\u00e0.<\/li>\n<\/ul>\n<div> <\/div>\n<p>7. LA STRATEGIA<\/p>\n<ul>\n<li>Qual \u00e8 il percorso pi\u00f9 veloce per il primo lato? E per gli altri lati?<\/li>\n<\/ul>\n<div> <\/div>\n<p>8. UN PIANO<\/p>\n<ul>\n<li>Sviluppate un piano su dove andreste se doveste correre solo contro il tempo.<\/li>\n<\/ul>\n<\/div>\n\t\t\t\t\t\t\t\t<\/div>\n\t\t\t\t<\/div>\n\t\t\t\t<div class=\"elementor-element elementor-element-849ccc9 elementor-widget-divider--view-line elementor-widget elementor-widget-divider\" data-id=\"849ccc9\" data-element_type=\"widget\" data-e-type=\"widget\" data-widget_type=\"divider.default\">\n\t\t\t\t<div class=\"elementor-widget-container\">\n\t\t\t\t\t\t\t<div class=\"elementor-divider\">\n\t\t\t<span class=\"elementor-divider-separator\">\n\t\t\t\t\t\t<\/span>\n\t\t<\/div>\n\t\t\t\t\t\t<\/div>\n\t\t\t\t<\/div>\n\t\t\t\t<div class=\"elementor-element elementor-element-558fb24 elementor-widget elementor-widget-text-editor\" data-id=\"558fb24\" data-element_type=\"widget\" data-e-type=\"widget\" data-widget_type=\"text-editor.default\">\n\t\t\t\t<div class=\"elementor-widget-container\">\n\t\t\t\t\t\t\t\t\t<p>La dritta di Eldrid &#8211; Avere un piano di dove si vuole essere sul tracciato di gara determiner\u00e0 la posizione di partenza. Informazioni utili e affidabili sulle previsioni del tempo del giorno si possono trovare online in siti dedicati.<\/p>\n\t\t\t\t\t\t\t\t<\/div>\n\t\t\t\t<\/div>\n\t\t\t\t<div class=\"elementor-element elementor-element-6fb4e3e elementor-widget-divider--view-line elementor-widget elementor-widget-divider\" data-id=\"6fb4e3e\" data-element_type=\"widget\" data-e-type=\"widget\" data-widget_type=\"divider.default\">\n\t\t\t\t<div class=\"elementor-widget-container\">\n\t\t\t\t\t\t\t<div class=\"elementor-divider\">\n\t\t\t<span class=\"elementor-divider-separator\">\n\t\t\t\t\t\t<\/span>\n\t\t<\/div>\n\t\t\t\t\t\t<\/div>\n\t\t\t\t<\/div>\n\t\t\t\t<div class=\"elementor-element elementor-element-8101e27 elementor-widget__width-inherit elementor-widget elementor-widget-heading\" data-id=\"8101e27\" data-element_type=\"widget\" data-e-type=\"widget\" data-widget_type=\"heading.default\">\n\t\t\t\t<div class=\"elementor-widget-container\">\n\t\t\t\t\t<h2 class=\"elementor-heading-title elementor-size-default\"><br> Analisi della linea di partenza = informazioni\n\n<\/h2>\t\t\t\t<\/div>\n\t\t\t\t<\/div>\n\t\t\t\t<div class=\"elementor-element elementor-element-50db0b3 elementor-widget-divider--view-line elementor-widget elementor-widget-divider\" data-id=\"50db0b3\" data-element_type=\"widget\" data-e-type=\"widget\" data-widget_type=\"divider.default\">\n\t\t\t\t<div class=\"elementor-widget-container\">\n\t\t\t\t\t\t\t<div class=\"elementor-divider\">\n\t\t\t<span class=\"elementor-divider-separator\">\n\t\t\t\t\t\t<\/span>\n\t\t<\/div>\n\t\t\t\t\t\t<\/div>\n\t\t\t\t<\/div>\n\t\t\t\t<div class=\"elementor-element elementor-element-0da1ea9 elementor-widget__width-initial elementor-widget elementor-widget-text-editor\" data-id=\"0da1ea9\" data-element_type=\"widget\" data-e-type=\"widget\" data-widget_type=\"text-editor.default\">\n\t\t\t\t<div class=\"elementor-widget-container\">\n\t\t\t\t\t\t\t\t\t<div class=\"grid12-12\">\n<p><span style=\"color: var( --e-global-color-text ); font-family: var( --e-global-typography-text-font-family ), Sans-serif; font-size: var( --e-global-typography-text-font-size ); font-weight: var( --e-global-typography-text-font-weight ); letter-spacing: var( --e-global-typography-text-letter-spacing ); text-align: var(--text-align);\">1. TWD<\/span><\/p>\n<\/div>\n<div class=\"grid12-6\">\n<ul>\n<li>Ottenere la vera direzione del vento (True Wind Direction) &#8211; andare in direzione del vento &#8211; qual \u00e8?<\/li>\n<\/ul>\n<div> <\/div>\n<p>2. L&#8217;ORIENTAZIONE DELLA LINEA<\/p>\n<ul>\n<li>L&#8217;angolo della linea di partenza &#8211; navigare lungo di essa &#8211; che direzione ha?<\/li>\n<\/ul>\n<div> <\/div>\n<p>3. LUNGHEZZA DELLA LINEA<\/p>\n<ul>\n<li>Quanto tempo ci vuole per navigare da un capo all&#8217;altro?<\/li>\n<\/ul>\n<div> <\/div>\n<p>4. DISALLINEAMENTO<\/p>\n<ul>\n<li>Calcolare il disallineamento della linea sulla base di TWD e la lunghezza della linea. Controllate la posizione della boa mettendovi a filo del vento e mirando la perpendicolare della vostra barca: questo vi dar\u00e0 un&#8217;idea della quantit\u00e0 di inclinazione in base alla posizione della barca comitato.<\/li>\n<\/ul>\n<div> <\/div>\n<p>5. LAYLINES<\/p>\n<ul>\n<li>Stabilire le lay lines sia verso l&#8217;estremit\u00e0 della barca comitato che verso l&#8217;estremit\u00e0 della boa di partenza.<\/li>\n<\/ul>\n<div> <\/div>\n<p>6. PERICOLO<\/p>\n<ul>\n<li>Le zone di pericolo sono stabilite al di fuori delle lay lines. Considerate anche come zona di pericolo qualsiasi punto che si trovi a pi\u00f9 di un minuto dalla linea.<\/li>\n<\/ul>\n<\/div>\n\t\t\t\t\t\t\t\t<\/div>\n\t\t\t\t<\/div>\n\t\t\t\t<div class=\"elementor-element elementor-element-846e576 elementor-widget__width-initial elementor-position-top elementor-widget elementor-widget-image-box\" data-id=\"846e576\" data-element_type=\"widget\" data-e-type=\"widget\" data-widget_type=\"image-box.default\">\n\t\t\t\t<div class=\"elementor-widget-container\">\n\t\t\t\t\t<div class=\"elementor-image-box-wrapper\"><figure class=\"elementor-image-box-img\"><img decoding=\"async\" width=\"418\" height=\"280\" src=\"https:\/\/www.onesails.com\/wp-content\/uploads\/start04.jpg\" class=\"attachment-full size-full wp-image-9840\" alt=\"\" \/><\/figure><div class=\"elementor-image-box-content\"><p class=\"elementor-image-box-description\">Il punto di vista della linea poco dopo la partenza: si pu\u00f2 vedere chiaramente il vantaggio di un'estremit\u00e0 sbilanciata sulla prima fila.<\/p><\/div><\/div>\t\t\t\t<\/div>\n\t\t\t\t<\/div>\n\t\t\t\t<div class=\"elementor-element elementor-element-fdba09b elementor-widget__width-initial elementor-position-top elementor-widget elementor-widget-image-box\" data-id=\"fdba09b\" data-element_type=\"widget\" data-e-type=\"widget\" data-widget_type=\"image-box.default\">\n\t\t\t\t<div class=\"elementor-widget-container\">\n\t\t\t\t\t<div class=\"elementor-image-box-wrapper\"><figure class=\"elementor-image-box-img\"><img decoding=\"async\" width=\"473\" height=\"208\" src=\"https:\/\/www.onesails.com\/wp-content\/uploads\/start02.jpg\" class=\"attachment-full size-full wp-image-9816\" alt=\"\" \/><\/figure><div class=\"elementor-image-box-content\"><p class=\"elementor-image-box-description\">Utilizzando le informazioni raccolte, stabilire i limiti di partenza e ridurre il rischio di una cattiva partenza.<\/p><\/div><\/div>\t\t\t\t<\/div>\n\t\t\t\t<\/div>\n\t\t\t\t<div class=\"elementor-element elementor-element-ba797d4 elementor-widget__width-initial elementor-position-top elementor-widget elementor-widget-image-box\" data-id=\"ba797d4\" data-element_type=\"widget\" data-e-type=\"widget\" data-widget_type=\"image-box.default\">\n\t\t\t\t<div class=\"elementor-widget-container\">\n\t\t\t\t\t<div class=\"elementor-image-box-wrapper\"><figure class=\"elementor-image-box-img\"><img loading=\"lazy\" decoding=\"async\" width=\"473\" height=\"176\" src=\"https:\/\/www.onesails.com\/wp-content\/uploads\/start03.jpg\" class=\"attachment-full size-full wp-image-9828\" alt=\"\" \/><\/figure><div class=\"elementor-image-box-content\"><p class=\"elementor-image-box-description\">Identificare le zone ad alto rischio quando la linea \u00e8 sbilanciata: queste aree possono spesso causare caos e incidenti. Potrebbe valere la pena di iniziare vicino all'estremit\u00e0 favorita, ma lontano dal caos!<\/p><\/div><\/div>\t\t\t\t<\/div>\n\t\t\t\t<\/div>\n\t\t\t\t<div class=\"elementor-element elementor-element-fe1b720 elementor-widget__width-inherit elementor-widget elementor-widget-heading\" data-id=\"fe1b720\" data-element_type=\"widget\" data-e-type=\"widget\" data-widget_type=\"heading.default\">\n\t\t\t\t<div class=\"elementor-widget-container\">\n\t\t\t\t\t<h2 class=\"elementor-heading-title elementor-size-default\"><br> Tecniche: il tempo per utilizzare le informazioni ed eseguire il piano.\n\n<\/h2>\t\t\t\t<\/div>\n\t\t\t\t<\/div>\n\t\t\t\t<div class=\"elementor-element elementor-element-4cdda8a elementor-widget-divider--view-line elementor-widget elementor-widget-divider\" data-id=\"4cdda8a\" data-element_type=\"widget\" data-e-type=\"widget\" data-widget_type=\"divider.default\">\n\t\t\t\t<div class=\"elementor-widget-container\">\n\t\t\t\t\t\t\t<div class=\"elementor-divider\">\n\t\t\t<span class=\"elementor-divider-separator\">\n\t\t\t\t\t\t<\/span>\n\t\t<\/div>\n\t\t\t\t\t\t<\/div>\n\t\t\t\t<\/div>\n\t\t\t\t<div class=\"elementor-element elementor-element-5fe466c elementor-widget elementor-widget-text-editor\" data-id=\"5fe466c\" data-element_type=\"widget\" data-e-type=\"widget\" data-widget_type=\"text-editor.default\">\n\t\t\t\t<div class=\"elementor-widget-container\">\n\t\t\t\t\t\t\t\t\t<ol>\n<li> AVVICINAMENTO MURE A DRITTA<br \/>Scegliete la posizione sulla linea da cui volete partire, cronometrate la vostra corsa verso la linea e colpitela con la massima velocit\u00e0 e altezza.<\/li>\n<li> MUOVITI E VAI<br \/>Scegliete la vostra posizione sulla linea, a poca distanza da essa. Mantenere la barca in questa posizione senza o con poca velocit\u00e0. Cazzate scotta e attraversate la linea il pi\u00f9 in alto e il pi\u00f9 velocemente possibile<\/li>\n<li>AVVICINAMENTO MURE A SINISTRA<br \/>Avvicinarsi dietto alla flotta a sinistra, cercando un varco nella linea. Quando vedete uno spazio che vi piace, virate verso di esso e iniziate l&#8217;approccio in base a tempo\/distanza. Pi\u00f9 tardi tentate il colpo, maggiore sar\u00e0 il rischio!<\/li>\n<li>VIRATA MURE A SINISTRA<br \/>Alto rischio e facoltativo solo con un sostanziale margine in boa di partenza, il tempismo \u00e8 tutto e la finestra per intrufolarsi in boa e liberare la flotta in arrivo mure a dritta \u00e8 minima. \u00c8 necessario fare molta pratica per questo &#8230;. ed \u00e8 da eroi o da zero!<\/li>\n<\/ol>\n\t\t\t\t\t\t\t\t<\/div>\n\t\t\t\t<\/div>\n\t\t\t\t<div class=\"elementor-element elementor-element-ea8505f elementor-widget__width-inherit elementor-widget elementor-widget-heading\" data-id=\"ea8505f\" data-element_type=\"widget\" data-e-type=\"widget\" data-widget_type=\"heading.default\">\n\t\t\t\t<div class=\"elementor-widget-container\">\n\t\t\t\t\t<h2 class=\"elementor-heading-title elementor-size-default\"><br> In sequenza - conto alla rovescia per la partenza<\/h2>\t\t\t\t<\/div>\n\t\t\t\t<\/div>\n\t\t\t\t<div class=\"elementor-element elementor-element-ccaced0 elementor-widget-divider--view-line elementor-widget elementor-widget-divider\" data-id=\"ccaced0\" data-element_type=\"widget\" data-e-type=\"widget\" data-widget_type=\"divider.default\">\n\t\t\t\t<div class=\"elementor-widget-container\">\n\t\t\t\t\t\t\t<div class=\"elementor-divider\">\n\t\t\t<span class=\"elementor-divider-separator\">\n\t\t\t\t\t\t<\/span>\n\t\t<\/div>\n\t\t\t\t\t\t<\/div>\n\t\t\t\t<\/div>\n\t\t\t\t<div class=\"elementor-element elementor-element-f9d7b5f elementor-widget elementor-widget-text-editor\" data-id=\"f9d7b5f\" data-element_type=\"widget\" data-e-type=\"widget\" data-widget_type=\"text-editor.default\">\n\t\t\t\t<div class=\"elementor-widget-container\">\n\t\t\t\t\t\t\t\t\t<p>5 MINUTI<\/p>\n<ul>\n<li>Confermate le bandiere! Informazioni! Quale flotta? Quale percorso? Ottenere un tempo preciso!<\/li>\n<\/ul>\n<p>4 MINUTI<\/p>\n<ul>\n<li>Scegliete la vostra tecnica: quale vi far\u00e0 partire meglio da tutte le informazioni che avete? Assicuratevi di avere anche un piano B! Spesso va male, e se avete un piano B non sarete indecisi!<\/li>\n<\/ul>\n<p>3 MINUTI<\/p>\n<ul>\n<li>Gestione della flotta &#8211; Valutare l&#8217;affollamento e identificare le aree pulite (per i piani A e B) &#8211; Identificare le aree di pericolo e le aree ad alto rischio<\/li>\n<\/ul>\n<p>2 MINUTI<\/p>\n<ul>\n<li>Realizzazione &#8211; Eseguire il piano A o il piano B?<\/li>\n<\/ul>\n<p>1 MINUTO<\/p>\n<ul>\n<li>Tempo\/distanza &#8211; Arrivare alla linea il pi\u00f9 in alto e il pi\u00f9 velocemente possibile! Create un varco sottovento se ne avete la possibilit\u00e0 in quest&#8217;ultimo minuto &#8211; Sfruttate l&#8217;opportunit\u00e0 di schiacciare gli avversari se potete!<\/li>\n<\/ul>\n\t\t\t\t\t\t\t\t<\/div>\n\t\t\t\t<\/div>\n\t\t\t\t<div class=\"elementor-element elementor-element-58dcc0e elementor-widget__width-inherit elementor-widget elementor-widget-heading\" data-id=\"58dcc0e\" data-element_type=\"widget\" data-e-type=\"widget\" data-widget_type=\"heading.default\">\n\t\t\t\t<div class=\"elementor-widget-container\">\n\t\t\t\t\t<h2 class=\"elementor-heading-title elementor-size-default\"><br> La gara dopo la partenza\n\n<\/h2>\t\t\t\t<\/div>\n\t\t\t\t<\/div>\n\t\t\t\t<div class=\"elementor-element elementor-element-f2e8a22 elementor-widget-divider--view-line elementor-widget elementor-widget-divider\" data-id=\"f2e8a22\" data-element_type=\"widget\" data-e-type=\"widget\" data-widget_type=\"divider.default\">\n\t\t\t\t<div class=\"elementor-widget-container\">\n\t\t\t\t\t\t\t<div class=\"elementor-divider\">\n\t\t\t<span class=\"elementor-divider-separator\">\n\t\t\t\t\t\t<\/span>\n\t\t<\/div>\n\t\t\t\t\t\t<\/div>\n\t\t\t\t<\/div>\n\t\t\t\t<div class=\"elementor-element elementor-element-f9e343b elementor-widget elementor-widget-text-editor\" data-id=\"f9e343b\" data-element_type=\"widget\" data-e-type=\"widget\" data-widget_type=\"text-editor.default\">\n\t\t\t\t<div class=\"elementor-widget-container\">\n\t\t\t\t\t\t\t\t\t<ul>\n<li>Come siamo messi? Abbiamo aria pulita? Dovremmo navigare con un&#8217;andatura alta, media o bassa?<\/li>\n<li>Opzioni? Quali sono? Possiamo navigare con la nostra strategia? In caso contrario, qual \u00e8 la soluzione migliore?<\/li>\n<li>Portate l&#8217;imbarcazione per ottenere diverse opzioni: navigate alti per far poggiare gli avversari a prua, bassi per scavalcare un avversario o al centro per allungarsi verso il proprio lato preferito.<\/li>\n<li>Procedete con la strategia di gara<\/li>\n<\/ul>\n\t\t\t\t\t\t\t\t<\/div>\n\t\t\t\t<\/div>\n\t\t\t\t<div class=\"elementor-element elementor-element-24b4b29 elementor-widget__width-inherit elementor-widget elementor-widget-heading\" data-id=\"24b4b29\" data-element_type=\"widget\" data-e-type=\"widget\" data-widget_type=\"heading.default\">\n\t\t\t\t<div class=\"elementor-widget-container\">\n\t\t\t\t\t<h2 class=\"elementor-heading-title elementor-size-default\"><br> Controllo dei rischi<\/h2>\t\t\t\t<\/div>\n\t\t\t\t<\/div>\n\t\t\t\t<div class=\"elementor-element elementor-element-6d3850f elementor-widget-divider--view-line elementor-widget elementor-widget-divider\" data-id=\"6d3850f\" data-element_type=\"widget\" data-e-type=\"widget\" data-widget_type=\"divider.default\">\n\t\t\t\t<div class=\"elementor-widget-container\">\n\t\t\t\t\t\t\t<div class=\"elementor-divider\">\n\t\t\t<span class=\"elementor-divider-separator\">\n\t\t\t\t\t\t<\/span>\n\t\t<\/div>\n\t\t\t\t\t\t<\/div>\n\t\t\t\t<\/div>\n\t\t\t\t<div class=\"elementor-element elementor-element-7a4308d elementor-widget elementor-widget-text-editor\" data-id=\"7a4308d\" data-element_type=\"widget\" data-e-type=\"widget\" data-widget_type=\"text-editor.default\">\n\t\t\t\t<div class=\"elementor-widget-container\">\n\t\t\t\t\t\t\t\t\t<p>1. CATTIVA PARTENZA<\/p>\n<ul>\n<li>Uscite il pi\u00f9 velocemente possibile! Cercate di trovare rapidamente una corsia libera e di tornare a navigare velocemente e secondo la vostra strategia.<\/li>\n<\/ul>\n<p>2. OCS (individuale)<\/p>\n<ul>\n<li>Il recupero pi\u00f9 rapido \u00e8 importante: riprendetevi, rimanete concentrati e navigate velocemente. Trovate una corsia libera e tornate alla vostra strategia.<\/li>\n<\/ul>\n<p>3. RICHIAMO GENERALE<\/p>\n<ul>\n<li>Analizzate quello che \u00e8 successo e imparate dall&#8217;esperienza: avete appena guadagnato una partenza gratis!<\/li>\n<\/ul>\n<p>4. BANDIERA NERA<\/p>\n<ul>\n<li>Analizzate le circostanze e imparare da esse! Non abbattetevi: se non ne avete mai presa una, con ogni probabilit\u00e0 non avete mai sollevato una coppa!<\/li>\n<\/ul>\n\t\t\t\t\t\t\t\t<\/div>\n\t\t\t\t<\/div>\n\t\t\t\t<div class=\"elementor-element elementor-element-c862971 elementor-widget__width-inherit elementor-widget elementor-widget-text-editor\" data-id=\"c862971\" data-element_type=\"widget\" data-e-type=\"widget\" data-widget_type=\"text-editor.default\">\n\t\t\t\t<div class=\"elementor-widget-container\">\n\t\t\t\t\t\t\t\t\t&nbsp;\n\nIniziare bene richiede la disciplina di seguire un metodo, raccogliere informazioni, fare un piano ed eseguirlo.\nPi\u00f9 ci si esercita, pi\u00f9 si migliora. E se non fate l&#8217;OCS una volta all&#8217;anno, vi state trattenendo! Entrate in azione!\n<br>\n<br>\n<strong>&#8220;Buona fortuna e iniziate in modo corretto! Divertitevi!&#8221;<br>\nIl team OneSails <\/strong>\t\t\t\t\t\t\t\t<\/div>\n\t\t\t\t<\/div>\n\t\t\t\t\t<\/div>\n\t\t\t\t<\/div>\n\t\t\t\t<\/div>\n\t\t","protected":false},"excerpt":{"rendered":"<p>di Paul Eldrid, OneSails Australia Premessa Il metodo \u00e8 fondamentale per mettere in atto una strategia di partenza specifica per ogni singola regata. Senza una buona conoscenza della routine da parte di tutti i membri del team e senza il tempo necessario per raccogliere informazioni prima della partenza di ogni regata, le possibilit\u00e0 di prendere [&hellip;]<\/p>\n","protected":false},"author":4,"featured_media":0,"parent":0,"menu_order":0,"comment_status":"closed","ping_status":"closed","template":"","meta":{"_acf_changed":false,"footnotes":""},"class_list":["post-24284","page","type-page","status-publish","hentry"],"acf":[],"_links":{"self":[{"href":"https:\/\/www.onesails.com\/it\/wp-json\/wp\/v2\/pages\/24284","targetHints":{"allow":["GET"]}}],"collection":[{"href":"https:\/\/www.onesails.com\/it\/wp-json\/wp\/v2\/pages"}],"about":[{"href":"https:\/\/www.onesails.com\/it\/wp-json\/wp\/v2\/types\/page"}],"author":[{"embeddable":true,"href":"https:\/\/www.onesails.com\/it\/wp-json\/wp\/v2\/users\/4"}],"replies":[{"embeddable":true,"href":"https:\/\/www.onesails.com\/it\/wp-json\/wp\/v2\/comments?post=24284"}],"version-history":[{"count":8,"href":"https:\/\/www.onesails.com\/it\/wp-json\/wp\/v2\/pages\/24284\/revisions"}],"predecessor-version":[{"id":28699,"href":"https:\/\/www.onesails.com\/it\/wp-json\/wp\/v2\/pages\/24284\/revisions\/28699"}],"wp:attachment":[{"href":"https:\/\/www.onesails.com\/it\/wp-json\/wp\/v2\/media?parent=24284"}],"curies":[{"name":"wp","href":"https:\/\/api.w.org\/{rel}","templated":true}]}}