{"id":24223,"date":"2024-02-11T00:26:48","date_gmt":"2024-02-10T23:26:48","guid":{"rendered":"https:\/\/newone.onesails.com\/sailpack-vision\/"},"modified":"2024-05-20T13:52:52","modified_gmt":"2024-05-20T11:52:52","slug":"sailpack-vision","status":"publish","type":"page","link":"https:\/\/www.onesails.com\/it\/sailpack-vision\/","title":{"rendered":"Sailpack Vision"},"content":{"rendered":"\t\t<div data-elementor-type=\"wp-page\" data-elementor-id=\"24223\" class=\"elementor elementor-24223 elementor-16320\" data-elementor-post-type=\"page\">\n\t\t\t\t<div class=\"elementor-element elementor-element-1046e9d e-con-full e-flex e-con e-parent\" data-id=\"1046e9d\" data-element_type=\"container\" data-e-type=\"container\">\n\t\t\t\t<div class=\"elementor-element elementor-element-c568e08 elementor-widget elementor-widget-shortcode\" data-id=\"c568e08\" data-element_type=\"widget\" data-e-type=\"widget\" data-widget_type=\"shortcode.default\">\n\t\t\t\t<div class=\"elementor-widget-container\">\n\t\t\t\t\t\t\t<div class=\"elementor-shortcode\">\t\t<div data-elementor-type=\"container\" data-elementor-id=\"25872\" class=\"elementor elementor-25872\" data-elementor-post-type=\"elementor_library\">\n\t\t\t\t<div class=\"elementor-element elementor-element-14ce183f e-con-full e-flex e-con e-parent\" data-id=\"14ce183f\" data-element_type=\"container\" data-e-type=\"container\" data-settings=\"{&quot;background_background&quot;:&quot;classic&quot;}\">\n\t\t\t\t<\/div>\n\t\t\t\t<\/div>\n\t\t<\/div>\n\t\t\t\t\t\t<\/div>\n\t\t\t\t<\/div>\n\t\t\t\t<\/div>\n\t\t<div class=\"elementor-element elementor-element-92de553 e-flex e-con-boxed e-con e-parent\" data-id=\"92de553\" data-element_type=\"container\" data-e-type=\"container\">\n\t\t\t\t\t<div class=\"e-con-inner\">\n\t\t\t\t<div class=\"elementor-element elementor-element-1396 elementor-widget-divider--view-line elementor-widget elementor-widget-global elementor-global-21906 elementor-global-1396 elementor-widget-divider\" data-id=\"1396\" data-element_type=\"widget\" data-e-type=\"widget\" data-widget_type=\"divider.default\">\n\t\t\t\t<div class=\"elementor-widget-container\">\n\t\t\t\t\t\t\t<div class=\"elementor-divider\">\n\t\t\t<span class=\"elementor-divider-separator\">\n\t\t\t\t\t\t<\/span>\n\t\t<\/div>\n\t\t\t\t\t\t<\/div>\n\t\t\t\t<\/div>\n\t\t\t\t<div class=\"elementor-element elementor-element-cf34356 elementor-widget__width-initial elementor-widget elementor-widget-text-editor\" data-id=\"cf34356\" data-element_type=\"widget\" data-e-type=\"widget\" data-widget_type=\"text-editor.default\">\n\t\t\t\t<div class=\"elementor-widget-container\">\n\t\t\t\t\t\t\t\t\t<p><span style=\"color: var( --e-global-color-text ); font-family: var( --e-global-typography-text-font-family ), Sans-serif; font-size: var( --e-global-typography-text-font-size ); font-weight: var( --e-global-typography-text-font-weight ); letter-spacing: var( --e-global-typography-text-letter-spacing ); text-align: var(--text-align);\"><br><\/span><\/p><p><span style=\"color: var( --e-global-color-text ); font-family: var( --e-global-typography-text-font-family ), Sans-serif; font-size: var( --e-global-typography-text-font-size ); font-weight: var( --e-global-typography-text-font-weight ); letter-spacing: var( --e-global-typography-text-letter-spacing ); text-align: var(--text-align);\">SailPack-Vision \u00e8 uno strumento gratuito per la misurazione dei paramentri delle vele a partire dalle immagini. \u00c8 sufficiente caricare un&#8217;immagine, digitalizzare le strisce di forma, misurare le distanze e gli angoli, sovrapporre altre immagini e salvare le misure.<\/span><br><\/p>\n<p><b>Interfaccia<\/b><\/p>\n<p>Zoom: utilizzando la rotella del mouse<br>Panoramica: usando il tasto destro del mouse<br>\u00c8 possibile accedere alle azioni su un elemento facendo clic con il tasto destro del mouse.<br>Come digitalizzare le strisce di forma su un&#8217;immagine:<\/p>\n<ol>\n<li>Aprire un&#8217;immagine facendo clic sul pulsante &#8220;fotocamera&#8221; nella barra degli strumenti principale.<\/li>\n<li>Selezionare un&#8217;immagine e premere &#8220;ok&#8221;.<\/li>\n<li>Fare clic sul pulsante &#8216;shape stripe digitizer&#8217; (digitalizzatore di strisce di forma) nella barra degli strumenti principale.<\/li>\n<\/ol>\n<p>Appare una barra degli strumenti secondaria:<\/p>\n<ol>\n<li>Fare clic sull&#8217;immagine, sul primo punto (lato dell&#8217;inferitura) della striscia di forma.<\/li>\n<li>Premere la barra spaziatrice o fare clic su &#8220;Pick mid&#8221; (seleziona met\u00e0).<\/li>\n<li>Fare clic sull&#8217;immagine, su un punto centrale della striscia di forma.<\/li>\n<li>Premere la barra spaziatrice o fare clic su &#8216;Pick end&#8217; (Scegli fine).<\/li>\n<li>Fare clic sull&#8217;immagine, nel punto finale (lato della balumina) della striscia di forma.<\/li>\n<li>Premere la barra spaziatrice o fare clic su &#8216;Find stripe&#8217; (Trova striscia).<\/li>\n<\/ol>\n<p>Il software cerccher\u00e0 di adattare la striscia di forma digitalizzata a quella dell&#8217;immagine. Per regolare manualmente alcuni punti di controllo, \u00e8 sufficiente trascinarli nella posizione appropriata.<\/p>\n<p>Per aggiungere un punto di controllo, tenere premuto il tasto &#8216;shift&#8217; e fare clic sull&#8217;immagine in cui si desidera aggiungere il punto.<\/p>\n<p>Per eliminare un punto di controllo, tenere premuto il tasto &#8216;ctrl&#8217; e fare clic sul punto di controllo che si desidera eliminare.<\/p>\n<p>Una volta digitalizzata la striscia di forma, fare clic con il tasto destro del mouse su di essa e fare clic su &#8216;Custom height&#8217; (Altezza personalizzata) e inserire l&#8217;altezza del profilo.<\/p>\n<p>Ripetere questo procedimento per tutte le strisce di forma.<\/p>\n<p>Le caratteristiche della striscia di forma sono visualizzate nella colonna destra della finestra.<br>Se si desidera misurare la torsione delle strisce di forma, \u00e8 necessario digitalizzare una striscia di forma virtuale che verr\u00e0 impostata come riferimento per la torsione.<\/p>\n<p>Il riferimento pu\u00f2 essere, ad esempio, una crocetta, se si conosce il suo angolo. \u00c8 sufficiente digitalizzarla (lo stesso processo utilizzato per le strisce di forma) e fare clic con il pulsante destro del mouse su di essa e selezionare &#8220;imposta come riferimento di torsione&#8221;. Inserendo l&#8217;angolo di questo riferimento, il parametro &#8216;angle&#8217; (angolo) di tutte le strisce di forma digitalizzate verr\u00e0 calcolato in base a questo riferimento.<\/p>\t\t\t\t\t\t\t\t<\/div>\n\t\t\t\t<\/div>\n\t\t<div class=\"elementor-element elementor-element-23d01f9 e-con-full e-flex e-con e-child\" data-id=\"23d01f9\" data-element_type=\"container\" data-e-type=\"container\">\n\t\t\t\t<div class=\"elementor-element elementor-element-b8a7864 elementor-widget__width-initial elementor-position-top elementor-widget elementor-widget-image-box\" data-id=\"b8a7864\" data-element_type=\"widget\" data-e-type=\"widget\" data-widget_type=\"image-box.default\">\n\t\t\t\t<div class=\"elementor-widget-container\">\n\t\t\t\t\t<div class=\"elementor-image-box-wrapper\"><figure class=\"elementor-image-box-img\"><img fetchpriority=\"high\" decoding=\"async\" width=\"500\" height=\"410\" src=\"https:\/\/www.onesails.com\/wp-content\/uploads\/1-1.jpg\" class=\"attachment-full size-full wp-image-24234\" alt=\"\" \/><\/figure><\/div>\t\t\t\t<\/div>\n\t\t\t\t<\/div>\n\t\t\t\t<div class=\"elementor-element elementor-element-b8d1647 elementor-widget__width-initial elementor-position-top elementor-widget elementor-widget-image-box\" data-id=\"b8d1647\" data-element_type=\"widget\" data-e-type=\"widget\" data-widget_type=\"image-box.default\">\n\t\t\t\t<div class=\"elementor-widget-container\">\n\t\t\t\t\t<div class=\"elementor-image-box-wrapper\"><figure class=\"elementor-image-box-img\"><img decoding=\"async\" width=\"500\" height=\"355\" src=\"https:\/\/www.onesails.com\/wp-content\/uploads\/3-1.jpg\" class=\"attachment-full size-full wp-image-24246\" alt=\"\" \/><\/figure><\/div>\t\t\t\t<\/div>\n\t\t\t\t<\/div>\n\t\t\t\t<\/div>\n\t\t\t\t<div class=\"elementor-element elementor-element-1b00665 elementor-widget__width-inherit elementor-widget elementor-widget-heading\" data-id=\"1b00665\" data-element_type=\"widget\" data-e-type=\"widget\" data-widget_type=\"heading.default\">\n\t\t\t\t<div class=\"elementor-widget-container\">\n\t\t\t\t\t<h2 class=\"elementor-heading-title elementor-size-default\"><br>Come si misurano angoli e distanze<\/h2>\t\t\t\t<\/div>\n\t\t\t\t<\/div>\n\t\t\t\t<div class=\"elementor-element elementor-element-855fb3f elementor-widget-divider--view-line elementor-widget elementor-widget-global elementor-global-21906 elementor-global-1396 elementor-widget-divider\" data-id=\"855fb3f\" data-element_type=\"widget\" data-e-type=\"widget\" data-widget_type=\"divider.default\">\n\t\t\t\t<div class=\"elementor-widget-container\">\n\t\t\t\t\t\t\t<div class=\"elementor-divider\">\n\t\t\t<span class=\"elementor-divider-separator\">\n\t\t\t\t\t\t<\/span>\n\t\t<\/div>\n\t\t\t\t\t\t<\/div>\n\t\t\t\t<\/div>\n\t\t\t\t<div class=\"elementor-element elementor-element-8a06bb3 elementor-widget__width-initial elementor-widget elementor-widget-text-editor\" data-id=\"8a06bb3\" data-element_type=\"widget\" data-e-type=\"widget\" data-widget_type=\"text-editor.default\">\n\t\t\t\t<div class=\"elementor-widget-container\">\n\t\t\t\t\t\t\t\t\t<ul>\n<li>Aprire un&#8217;immagine facendo clic sul pulsante &#8220;fotocamera&#8221; nella barra degli strumenti principale.<\/li>\n<li>Selezionare un&#8217;immagine e premere &#8220;ok&#8221;.<\/li>\n<li>Fare clic sul pulsante &#8220;Aggiungi un nuovo strumento di misura&#8221; nella barra degli strumenti principale.<\/li>\n<\/ul>\n<p>La linea blu \u00e8 il riferimento, quella rossa rappresenta ci\u00f2 che si vuole misurare. \u00c8 sufficiente trascinare e rilasciare i punti di controllo delle linee di riferimento e di misura. Se si fa clic con il pulsante destro del mouse sullo strumento, \u00e8 possibile modificare alcune opzioni:<\/p>\n<ul>\n<li>Linea di misura perpendicolare alla linea di riferimento.<\/li>\n<li>Lunghezza assoluta della linea di riferimento<\/li>\n<li>Punto di partenza della linea di misura collegata alla linea di riferimento.<\/li>\n<\/ul>\n<p>Le misure vengono visualizzate nella colonna destra della finestra.<\/p>\n<ul>\n<li><strong>Lunghezza<\/strong> \u00e8 la lunghezza della linea di misura in percentuale della lunghezza della linea di riferimento.<\/li>\n<li><strong>Pos<\/strong> \u00e8 la posizione della linea di misura sulla linea di riferimento, in percentuale della lunghezza della linea di riferimento.<\/li>\n<li><strong>Angle<\/strong> \u00e8 l&#8217;angolo tra la linea di riferimento e quella di misura.<\/li>\n<li><strong>AbsLength<\/strong> \u00e8 la lunghezza assoluta della linea di misura. Per utilizzare questo valore, \u00e8 necessario impostare prima la lunghezza assoluta della linea di riferimento.<\/li>\n<li><strong>RefLength<\/strong> \u00e8 la lunghezza assoluta della linea di riferimento. Il valore predefinito \u00e8 &#8216;1.00&#8217;.<\/li>\n<\/ul>\n\t\t\t\t\t\t\t\t<\/div>\n\t\t\t\t<\/div>\n\t\t<div class=\"elementor-element elementor-element-6afb814 e-con-full e-flex e-con e-child\" data-id=\"6afb814\" data-element_type=\"container\" data-e-type=\"container\">\n\t\t\t\t<div class=\"elementor-element elementor-element-2ff91cd elementor-widget__width-initial elementor-position-top elementor-widget elementor-widget-image-box\" data-id=\"2ff91cd\" data-element_type=\"widget\" data-e-type=\"widget\" data-widget_type=\"image-box.default\">\n\t\t\t\t<div class=\"elementor-widget-container\">\n\t\t\t\t\t<div class=\"elementor-image-box-wrapper\"><figure class=\"elementor-image-box-img\"><img decoding=\"async\" width=\"500\" height=\"376\" src=\"https:\/\/www.onesails.com\/wp-content\/uploads\/4.jpg\" class=\"attachment-full size-full wp-image-16352\" alt=\"\" \/><\/figure><div class=\"elementor-image-box-content\"><p class=\"elementor-image-box-description\">Ecco un esempio di misurazione dell'angolo: l'angolo di inclinazione \u00e8 90-64,66 = 25,34\u00b0<\/p><\/div><\/div>\t\t\t\t<\/div>\n\t\t\t\t<\/div>\n\t\t\t\t<div class=\"elementor-element elementor-element-c1be3f2 elementor-widget__width-initial elementor-position-top elementor-widget elementor-widget-image-box\" data-id=\"c1be3f2\" data-element_type=\"widget\" data-e-type=\"widget\" data-widget_type=\"image-box.default\">\n\t\t\t\t<div class=\"elementor-widget-container\">\n\t\t\t\t\t<div class=\"elementor-image-box-wrapper\"><figure class=\"elementor-image-box-img\"><img loading=\"lazy\" decoding=\"async\" width=\"500\" height=\"373\" src=\"https:\/\/www.onesails.com\/wp-content\/uploads\/5.jpg\" class=\"attachment-full size-full wp-image-16364\" alt=\"\" \/><\/figure><div class=\"elementor-image-box-content\"><p class=\"elementor-image-box-description\">Ecco un esempio di misurazione della distanza: la profondit\u00e0 verticale dello spinnaker \u00e8 del 33,5%.<\/p><\/div><\/div>\t\t\t\t<\/div>\n\t\t\t\t<\/div>\n\t\t\t\t<\/div>\n\t\t\t\t<div class=\"elementor-element elementor-element-7153303 elementor-widget__width-inherit elementor-widget elementor-widget-heading\" data-id=\"7153303\" data-element_type=\"widget\" data-e-type=\"widget\" data-widget_type=\"heading.default\">\n\t\t\t\t<div class=\"elementor-widget-container\">\n\t\t\t\t\t<h2 class=\"elementor-heading-title elementor-size-default\"><br>Come confrontare le immagini<\/h2>\t\t\t\t<\/div>\n\t\t\t\t<\/div>\n\t\t\t\t<div class=\"elementor-element elementor-element-b446bcf elementor-widget-divider--view-line elementor-widget elementor-widget-global elementor-global-21906 elementor-global-1396 elementor-widget-divider\" data-id=\"b446bcf\" data-element_type=\"widget\" data-e-type=\"widget\" data-widget_type=\"divider.default\">\n\t\t\t\t<div class=\"elementor-widget-container\">\n\t\t\t\t\t\t\t<div class=\"elementor-divider\">\n\t\t\t<span class=\"elementor-divider-separator\">\n\t\t\t\t\t\t<\/span>\n\t\t<\/div>\n\t\t\t\t\t\t<\/div>\n\t\t\t\t<\/div>\n\t\t\t\t<div class=\"elementor-element elementor-element-3391ebf elementor-widget__width-initial elementor-widget elementor-widget-text-editor\" data-id=\"3391ebf\" data-element_type=\"widget\" data-e-type=\"widget\" data-widget_type=\"text-editor.default\">\n\t\t\t\t<div class=\"elementor-widget-container\">\n\t\t\t\t\t\t\t\t\t<ol>\n<li>Aprire un&#8217;immagine di riferimento facendo clic sul pulsante &#8220;fotocamera&#8221; nella barra principale degli strumenti.<\/li>\n<li>Selezionare un&#8217;immagine e premere &#8220;ok&#8221;.<\/li>\n<li>Aprire una seconda immagine per il confronto, facendo clic sullo stesso pulsante &#8220;fotocamera&#8221; nella barra principale degli strumenti.<\/li>\n<li>Selezionare un&#8217;immagine e premere &#8220;ok&#8221;.<\/li>\n<\/ol>\n<p>La seconda immagine appare sopra l&#8217;immagine di riferimento. Se si fa clic su questa immagine, le propriet\u00e0 dell&#8217;immagine vengono visualizzate nella colonna destra della finestra. \u00c8 possibile regolare la trasparenza della seconda immagine con il corrispondente cursore.<\/p>\n<p>Se si desidera modificare la seconda immagine:<\/p>\n<ol>\n<li>Traslare l&#8217;immagine tenendo premuto il tasto sinistro del mouse.<\/li>\n<li>Ruotare l&#8217;immagine tenendo premuto il tasto &#8216;shift&#8217; e il tasto sinistro del mouse.<\/li>\n<li>Ridimensionare l&#8217;immagine tenendo premuto il tasto &#8216;ctrl&#8217; e il tasto sinistro del mouse.<\/li>\n<\/ol>\n<p>Se si fa clic con il tasto destro del mouse sull&#8217;immagine, \u00e8 possibile congelarne la posizione premendo il pulsante &#8216;fixed position'(Posizione fissa).<\/p>\n<p>Se si desidera orientare rapidamente la seconda immagine in modo che 2 dei suoi punti si sovrappongano ad altri 2 punti dell&#8217;immagine di riferimento, \u00e8 possibile fare clic con il pulsante destro del mouse sulla seconda immagine e selezionare &#8216;Imposta posizione con 4 punti&#8217;.<\/p>\n<p>Selezionare quindi 2 punti nella seconda immagine e i 2 punti corrispondenti nell&#8217;immagine di riferimento. Successivamente, la seconda immagine deve essere traslata, ruotata e scalata per ottenere una corrispondenza perfetta tra i punti selezionati.<\/p>\n\t\t\t\t\t\t\t\t<\/div>\n\t\t\t\t<\/div>\n\t\t\t\t<div class=\"elementor-element elementor-element-59111fb elementor-widget__width-initial elementor-widget elementor-widget-image\" data-id=\"59111fb\" data-element_type=\"widget\" data-e-type=\"widget\" data-widget_type=\"image.default\">\n\t\t\t\t<div class=\"elementor-widget-container\">\n\t\t\t\t\t\t\t\t\t\t\t\t\t\t\t<img loading=\"lazy\" decoding=\"async\" width=\"500\" height=\"337\" src=\"https:\/\/www.onesails.com\/wp-content\/uploads\/6.jpg\" class=\"attachment-full size-full wp-image-16376\" alt=\"\" \/>\t\t\t\t\t\t\t\t\t\t\t\t\t\t\t<\/div>\n\t\t\t\t<\/div>\n\t\t\t\t<div class=\"elementor-element elementor-element-be3fcda elementor-widget__width-inherit elementor-widget elementor-widget-heading\" data-id=\"be3fcda\" data-element_type=\"widget\" data-e-type=\"widget\" data-widget_type=\"heading.default\">\n\t\t\t\t<div class=\"elementor-widget-container\">\n\t\t\t\t\t<h2 class=\"elementor-heading-title elementor-size-default\"><br>Caricare e salvare i file di misura\n\n<\/h2>\t\t\t\t<\/div>\n\t\t\t\t<\/div>\n\t\t\t\t<div class=\"elementor-element elementor-element-4f5e7fa elementor-widget-divider--view-line elementor-widget elementor-widget-divider\" data-id=\"4f5e7fa\" data-element_type=\"widget\" data-e-type=\"widget\" data-widget_type=\"divider.default\">\n\t\t\t\t<div class=\"elementor-widget-container\">\n\t\t\t\t\t\t\t<div class=\"elementor-divider\">\n\t\t\t<span class=\"elementor-divider-separator\">\n\t\t\t\t\t\t<\/span>\n\t\t<\/div>\n\t\t\t\t\t\t<\/div>\n\t\t\t\t<\/div>\n\t\t\t\t<div class=\"elementor-element elementor-element-756fd8b elementor-widget elementor-widget-text-editor\" data-id=\"756fd8b\" data-element_type=\"widget\" data-e-type=\"widget\" data-widget_type=\"text-editor.default\">\n\t\t\t\t<div class=\"elementor-widget-container\">\n\t\t\t\t\t\t\t\t\t<p><span style=\"color: var( --e-global-color-text ); font-family: var( --e-global-typography-text-font-family ), Sans-serif; font-size: var( --e-global-typography-text-font-size ); font-weight: var( --e-global-typography-text-font-weight ); letter-spacing: var( --e-global-typography-text-letter-spacing ); text-align: var(--text-align);\">Per caricare o salvare i file di misura, \u00e8 sufficiente utilizzare i pulsanti corrispondenti nella barra principale degli strumenti.<\/span><\/p>\n<p>Quando si chiude il software, viene chiesto se si desidera salvare le misure correnti in un file associato all&#8217;immagine caricata. Se si risponde affermativamente, la prossima volta che si apre la stessa immagine, le misure associate verranno caricate automaticamente.<\/p>\n\t\t\t\t\t\t\t\t<\/div>\n\t\t\t\t<\/div>\n\t\t\t\t<div class=\"elementor-element elementor-element-602fb4e elementor-widget__width-inherit elementor-widget elementor-widget-heading\" data-id=\"602fb4e\" data-element_type=\"widget\" data-e-type=\"widget\" data-widget_type=\"heading.default\">\n\t\t\t\t<div class=\"elementor-widget-container\">\n\t\t\t\t\t<h2 class=\"elementor-heading-title elementor-size-default\"><br>Commenti e parametri\n\n<\/h2>\t\t\t\t<\/div>\n\t\t\t\t<\/div>\n\t\t\t\t<div class=\"elementor-element elementor-element-419fe8d elementor-widget-divider--view-line elementor-widget elementor-widget-global elementor-global-21906 elementor-global-1396 elementor-widget-divider\" data-id=\"419fe8d\" data-element_type=\"widget\" data-e-type=\"widget\" data-widget_type=\"divider.default\">\n\t\t\t\t<div class=\"elementor-widget-container\">\n\t\t\t\t\t\t\t<div class=\"elementor-divider\">\n\t\t\t<span class=\"elementor-divider-separator\">\n\t\t\t\t\t\t<\/span>\n\t\t<\/div>\n\t\t\t\t\t\t<\/div>\n\t\t\t\t<\/div>\n\t\t\t\t<div class=\"elementor-element elementor-element-d8dde52 elementor-widget elementor-widget-text-editor\" data-id=\"d8dde52\" data-element_type=\"widget\" data-e-type=\"widget\" data-widget_type=\"text-editor.default\">\n\t\t\t\t<div class=\"elementor-widget-container\">\n\t\t\t\t\t\t\t\t\t<p><span style=\"color: #000000; font-family: var( --e-global-typography-text-font-family ), Sans-serif; font-size: var( --e-global-typography-text-font-size ); font-weight: var( --e-global-typography-text-font-weight ); letter-spacing: var( --e-global-typography-text-letter-spacing ); text-align: var(--text-align);\">Nella colonna di sinistra della finestra \u00e8 possibile inserire alcuni commenti e parametri generali (TWS, TWA, BS&#8230;). Verranno salvati nei file di misura.<\/span><\/p>\n\t\t\t\t\t\t\t\t<\/div>\n\t\t\t\t<\/div>\n\t\t\t\t<div class=\"elementor-element elementor-element-8c1c8d7 elementor-widget__width-inherit elementor-widget elementor-widget-heading\" data-id=\"8c1c8d7\" data-element_type=\"widget\" data-e-type=\"widget\" data-widget_type=\"heading.default\">\n\t\t\t\t<div class=\"elementor-widget-container\">\n\t\t\t\t\t<h2 class=\"elementor-heading-title elementor-size-default\"><br>Aggiornamenti<\/h2>\t\t\t\t<\/div>\n\t\t\t\t<\/div>\n\t\t\t\t<div class=\"elementor-element elementor-element-8cafad9 elementor-widget-divider--view-line elementor-widget elementor-widget-global elementor-global-21906 elementor-global-1396 elementor-widget-divider\" data-id=\"8cafad9\" data-element_type=\"widget\" data-e-type=\"widget\" data-widget_type=\"divider.default\">\n\t\t\t\t<div class=\"elementor-widget-container\">\n\t\t\t\t\t\t\t<div class=\"elementor-divider\">\n\t\t\t<span class=\"elementor-divider-separator\">\n\t\t\t\t\t\t<\/span>\n\t\t<\/div>\n\t\t\t\t\t\t<\/div>\n\t\t\t\t<\/div>\n\t\t\t\t<div class=\"elementor-element elementor-element-f5e3691 elementor-widget elementor-widget-text-editor\" data-id=\"f5e3691\" data-element_type=\"widget\" data-e-type=\"widget\" data-widget_type=\"text-editor.default\">\n\t\t\t\t<div class=\"elementor-widget-container\">\n\t\t\t\t\t\t\t\t\t<p><span style=\"color: #000000;\">Se nella barra principale degli strumenti appare il messaggio &#8216;New version available&#8217; (Nuova versione disponibile), fare clic su di esso per aggiornare il software.<\/span><\/p>\n\t\t\t\t\t\t\t\t<\/div>\n\t\t\t\t<\/div>\n\t\t\t\t<div class=\"elementor-element elementor-element-61170fe elementor-widget__width-inherit elementor-widget elementor-widget-text-editor\" data-id=\"61170fe\" data-element_type=\"widget\" data-e-type=\"widget\" data-widget_type=\"text-editor.default\">\n\t\t\t\t<div class=\"elementor-widget-container\">\n\t\t\t\t\t\t\t\t\t<p style=\"text-align: center;\">Per maggiori informazioni contattate BSG D\u00e9velopements: <a href=\"mailto:support@bsgdev.com\">support@bsgdev.com<\/a><\/p>\n<p style=\"text-align: center;\"><a href=\"\/wp-content\/uploads\/sailpack\/SetupSailPackVisionOneSails.zip\"><i class=\"fa fa-download\"> <\/i> Scaricare il software (5 MB)<\/a><\/p>\n\t\t\t\t\t\t\t\t<\/div>\n\t\t\t\t<\/div>\n\t\t\t\t\t<\/div>\n\t\t\t\t<\/div>\n\t\t\t\t<\/div>\n\t\t","protected":false},"excerpt":{"rendered":"<p>SailPack-Vision \u00e8 uno strumento gratuito per la misurazione dei paramentri delle vele a partire dalle immagini. \u00c8 sufficiente caricare un&#8217;immagine, digitalizzare le strisce di forma, misurare le distanze e gli angoli, sovrapporre altre immagini e salvare le misure. Interfaccia Zoom: utilizzando la rotella del mousePanoramica: usando il tasto destro del mouse\u00c8 possibile accedere alle azioni [&hellip;]<\/p>\n","protected":false},"author":4,"featured_media":0,"parent":0,"menu_order":0,"comment_status":"closed","ping_status":"closed","template":"","meta":{"_acf_changed":false,"footnotes":""},"class_list":["post-24223","page","type-page","status-publish","hentry"],"acf":[],"_links":{"self":[{"href":"https:\/\/www.onesails.com\/it\/wp-json\/wp\/v2\/pages\/24223","targetHints":{"allow":["GET"]}}],"collection":[{"href":"https:\/\/www.onesails.com\/it\/wp-json\/wp\/v2\/pages"}],"about":[{"href":"https:\/\/www.onesails.com\/it\/wp-json\/wp\/v2\/types\/page"}],"author":[{"embeddable":true,"href":"https:\/\/www.onesails.com\/it\/wp-json\/wp\/v2\/users\/4"}],"replies":[{"embeddable":true,"href":"https:\/\/www.onesails.com\/it\/wp-json\/wp\/v2\/comments?post=24223"}],"version-history":[{"count":15,"href":"https:\/\/www.onesails.com\/it\/wp-json\/wp\/v2\/pages\/24223\/revisions"}],"predecessor-version":[{"id":28701,"href":"https:\/\/www.onesails.com\/it\/wp-json\/wp\/v2\/pages\/24223\/revisions\/28701"}],"wp:attachment":[{"href":"https:\/\/www.onesails.com\/it\/wp-json\/wp\/v2\/media?parent=24223"}],"curies":[{"name":"wp","href":"https:\/\/api.w.org\/{rel}","templated":true}]}}