{"id":24155,"date":"2024-02-11T11:43:35","date_gmt":"2024-02-11T10:43:35","guid":{"rendered":"https:\/\/newone.onesails.com\/tuning-diary\/"},"modified":"2024-05-20T13:56:42","modified_gmt":"2024-05-20T11:56:42","slug":"tuning-diary","status":"publish","type":"page","link":"https:\/\/www.onesails.com\/it\/tuning-diary\/","title":{"rendered":"Tuning Diary"},"content":{"rendered":"\t\t<div data-elementor-type=\"wp-page\" data-elementor-id=\"24155\" class=\"elementor elementor-24155 elementor-16403\" data-elementor-post-type=\"page\">\n\t\t\t\t<div class=\"elementor-element elementor-element-12a05af e-con-full e-flex e-con e-parent\" data-id=\"12a05af\" data-element_type=\"container\" data-e-type=\"container\">\n\t\t\t\t<div class=\"elementor-element elementor-element-a94552a elementor-widget elementor-widget-shortcode\" data-id=\"a94552a\" data-element_type=\"widget\" data-e-type=\"widget\" data-widget_type=\"shortcode.default\">\n\t\t\t\t<div class=\"elementor-widget-container\">\n\t\t\t\t\t\t\t<div class=\"elementor-shortcode\">\t\t<div data-elementor-type=\"container\" data-elementor-id=\"25872\" class=\"elementor elementor-25872\" data-elementor-post-type=\"elementor_library\">\n\t\t\t\t<div class=\"elementor-element elementor-element-14ce183f e-con-full e-flex e-con e-parent\" data-id=\"14ce183f\" data-element_type=\"container\" data-e-type=\"container\" data-settings=\"{&quot;background_background&quot;:&quot;classic&quot;}\">\n\t\t\t\t<\/div>\n\t\t\t\t<\/div>\n\t\t<\/div>\n\t\t\t\t\t\t<\/div>\n\t\t\t\t<\/div>\n\t\t\t\t<\/div>\n\t\t<div class=\"elementor-element elementor-element-92de553 e-flex e-con-boxed e-con e-parent\" data-id=\"92de553\" data-element_type=\"container\" data-e-type=\"container\">\n\t\t\t\t\t<div class=\"e-con-inner\">\n\t\t\t\t<div class=\"elementor-element elementor-element-1396 elementor-widget-divider--view-line elementor-widget elementor-widget-global elementor-global-21906 elementor-global-1396 elementor-widget-divider\" data-id=\"1396\" data-element_type=\"widget\" data-e-type=\"widget\" data-widget_type=\"divider.default\">\n\t\t\t\t<div class=\"elementor-widget-container\">\n\t\t\t\t\t\t\t<div class=\"elementor-divider\">\n\t\t\t<span class=\"elementor-divider-separator\">\n\t\t\t\t\t\t<\/span>\n\t\t<\/div>\n\t\t\t\t\t\t<\/div>\n\t\t\t\t<\/div>\n\t\t\t\t<div class=\"elementor-element elementor-element-cf34356 elementor-widget elementor-widget-text-editor\" data-id=\"cf34356\" data-element_type=\"widget\" data-e-type=\"widget\" data-widget_type=\"text-editor.default\">\n\t\t\t\t<div class=\"elementor-widget-container\">\n\t\t\t\t\t\t\t\t\t<p><strong> <\/strong><\/p>\n<p><span style=\"color: var( --e-global-color-text ); font-family: var( --e-global-typography-text-font-family ), Sans-serif; font-size: var( --e-global-typography-text-font-size ); font-weight: var( --e-global-typography-text-font-weight ); letter-spacing: var( --e-global-typography-text-letter-spacing ); text-align: var(--text-align);\"><strong><a href=\"http:\/\/td.onesails.one\/\" rel=\"noopener\">Onesails Tuning Diary<\/a><\/strong> (OTD) \u00e8 una piattaforma web sviluppata per aiutare i velisti a raccogliere tutte le informazioni relative alla messa a punto della propria imbarcazione e a elaborarle sulla base di un sistema di votazione.<\/span><\/p>\n<p>Poich\u00e9 questo strumento viene utilizzato soprattutto a bordo o lontano da un computer, l&#8217;OTD \u00e8 stato sviluppato come applicazione web reattiva, cio\u00e8 si adatta a qualsiasi dimensione dello schermo senza distorcere il contenuto della pagina. Questa caratteristica la rende facile e piacevole da usare da qualsiasi smartphone.<\/p>\n<p>Per ottenere le migliori prestazioni, si consiglia di utilizzarlo da un browser Firefox o Chrome.<\/p>\n\t\t\t\t\t\t\t\t<\/div>\n\t\t\t\t<\/div>\n\t\t\t\t<div class=\"elementor-element elementor-element-28aaf45 elementor-widget__width-inherit elementor-widget elementor-widget-heading\" data-id=\"28aaf45\" data-element_type=\"widget\" data-e-type=\"widget\" data-widget_type=\"heading.default\">\n\t\t\t\t<div class=\"elementor-widget-container\">\n\t\t\t\t\t<h2 class=\"elementor-heading-title elementor-size-default\"><br>FASE 1.<\/h2>\t\t\t\t<\/div>\n\t\t\t\t<\/div>\n\t\t\t\t<div class=\"elementor-element elementor-element-a634c39 elementor-widget-divider--view-line elementor-widget elementor-widget-global elementor-global-21906 elementor-global-1396 elementor-widget-divider\" data-id=\"a634c39\" data-element_type=\"widget\" data-e-type=\"widget\" data-widget_type=\"divider.default\">\n\t\t\t\t<div class=\"elementor-widget-container\">\n\t\t\t\t\t\t\t<div class=\"elementor-divider\">\n\t\t\t<span class=\"elementor-divider-separator\">\n\t\t\t\t\t\t<\/span>\n\t\t<\/div>\n\t\t\t\t\t\t<\/div>\n\t\t\t\t<\/div>\n\t\t\t\t<div class=\"elementor-element elementor-element-d6eb41d elementor-widget__width-initial elementor-widget elementor-widget-text-editor\" data-id=\"d6eb41d\" data-element_type=\"widget\" data-e-type=\"widget\" data-widget_type=\"text-editor.default\">\n\t\t\t\t<div class=\"elementor-widget-container\">\n\t\t\t\t\t\t\t\t\t<p><strong>Accedere<\/strong> premendo il pulsante <strong>Registrati<\/strong> nella pagina di login.<\/p>\n<p><strong>Creare una nuova imbarcazione:<\/strong> nella pagina iniziale cliccare su <strong>Aggiungi\/Modifica<\/strong> imbarcazione.<\/p>\n<p><strong>Impostare il nome e il tipo di imbarcazione:<\/strong> innanzitutto, digitare il nome e il tipo di imbarcazione nei rispettivi campi. Se \u00e8 stata precedentemente inserita un&#8217;altra imbarcazione, \u00e8 necessario cliccare su <strong>Nuova imbarcazione<\/strong> per inserirne una nuova.<\/p>\n<p><strong>Impostare i parametri di regolazione:<\/strong> qui si potr\u00e0 definire\/modificare il valore della regolazione che si desidera registrare per l&#8217;imbarcazione. Fare clic sul pulsante + sotto il titolo <strong>Rig Tuning<\/strong> per aggiungere un nuovo parametro di regolazione.<\/p>\n<p>\u00e8 anche possibile impostare un valore di base rispetto al quale verranno inserite tutte le misure. Ad esempio, se la tensione di base delle sartie \u00e8 10, digitate questo valore nel campo corrispondente e verr\u00e0 visualizzato come riferimento quando vi verr\u00e0 chiesto di inserire un nuovo record. TUTTI i campi sono obbligatori, ad eccezione del valore di base.<\/p>\n<p>L&#8217;ordine con cui si visualizzeranno i parametri quando si aggiunge un nuovo record sar\u00e0 quello in cui i parametri sono stati definiti qui. Pertanto, si consiglia di mettere in cima le regolazioni che vengono utilizzate pi\u00f9 spesso. \u00c8 possibile trascinare una riga per modificarne la posizione, se necessario.<\/p>\n<p><strong>Definire l&#8217;inventario delle vele:<\/strong> facendo clic sul pulsante + sotto il titolo <strong>Inventario vele<\/strong> \u00e8 possibile aggiungere una nuova vela all&#8217;inventario. Qui si pu\u00f2 anche modificare il nome delle vele esistenti, se necessario.<\/p>\n\t\t\t\t\t\t\t\t<\/div>\n\t\t\t\t<\/div>\n\t\t<div class=\"elementor-element elementor-element-fc4e1ca e-con-full e-flex e-con e-child\" data-id=\"fc4e1ca\" data-element_type=\"container\" data-e-type=\"container\">\n\t\t\t\t<div class=\"elementor-element elementor-element-c3fc490 elementor-widget__width-initial elementor-widget elementor-widget-image\" data-id=\"c3fc490\" data-element_type=\"widget\" data-e-type=\"widget\" data-widget_type=\"image.default\">\n\t\t\t\t<div class=\"elementor-widget-container\">\n\t\t\t\t\t\t\t\t\t\t\t\t\t\t\t<img fetchpriority=\"high\" decoding=\"async\" width=\"624\" height=\"1350\" src=\"https:\/\/www.onesails.com\/wp-content\/uploads\/tuning_diary_01.jpg\" class=\"attachment-full size-full wp-image-16410\" alt=\"\" srcset=\"https:\/\/www.onesails.com\/wp-content\/uploads\/tuning_diary_01.jpg 624w, https:\/\/www.onesails.com\/wp-content\/uploads\/tuning_diary_01-231x500.jpg 231w, https:\/\/www.onesails.com\/wp-content\/uploads\/tuning_diary_01-555x1200.jpg 555w\" sizes=\"(max-width: 624px) 100vw, 624px\" \/>\t\t\t\t\t\t\t\t\t\t\t\t\t\t\t<\/div>\n\t\t\t\t<\/div>\n\t\t\t\t<div class=\"elementor-element elementor-element-184b544 elementor-widget__width-initial elementor-widget elementor-widget-image\" data-id=\"184b544\" data-element_type=\"widget\" data-e-type=\"widget\" data-widget_type=\"image.default\">\n\t\t\t\t<div class=\"elementor-widget-container\">\n\t\t\t\t\t\t\t\t\t\t\t\t\t\t\t<img decoding=\"async\" width=\"556\" height=\"1200\" src=\"https:\/\/www.onesails.com\/wp-content\/uploads\/tuning_diary_02-556x1200.jpg\" class=\"attachment-large size-large wp-image-16422\" alt=\"\" srcset=\"https:\/\/www.onesails.com\/wp-content\/uploads\/tuning_diary_02-556x1200.jpg 556w, https:\/\/www.onesails.com\/wp-content\/uploads\/tuning_diary_02-232x500.jpg 232w, https:\/\/www.onesails.com\/wp-content\/uploads\/tuning_diary_02.jpg 624w\" sizes=\"(max-width: 556px) 100vw, 556px\" \/>\t\t\t\t\t\t\t\t\t\t\t\t\t\t\t<\/div>\n\t\t\t\t<\/div>\n\t\t\t\t<\/div>\n\t\t\t\t<div class=\"elementor-element elementor-element-df40ce4 elementor-widget__width-inherit elementor-widget elementor-widget-heading\" data-id=\"df40ce4\" data-element_type=\"widget\" data-e-type=\"widget\" data-widget_type=\"heading.default\">\n\t\t\t\t<div class=\"elementor-widget-container\">\n\t\t\t\t\t<h2 class=\"elementor-heading-title elementor-size-default\"><br>FASE 2.<\/h2>\t\t\t\t<\/div>\n\t\t\t\t<\/div>\n\t\t\t\t<div class=\"elementor-element elementor-element-855fb3f elementor-widget-divider--view-line elementor-widget elementor-widget-global elementor-global-21906 elementor-global-1396 elementor-widget-divider\" data-id=\"855fb3f\" data-element_type=\"widget\" data-e-type=\"widget\" data-widget_type=\"divider.default\">\n\t\t\t\t<div class=\"elementor-widget-container\">\n\t\t\t\t\t\t\t<div class=\"elementor-divider\">\n\t\t\t<span class=\"elementor-divider-separator\">\n\t\t\t\t\t\t<\/span>\n\t\t<\/div>\n\t\t\t\t\t\t<\/div>\n\t\t\t\t<\/div>\n\t\t\t\t<div class=\"elementor-element elementor-element-8a06bb3 elementor-widget__width-initial elementor-widget elementor-widget-text-editor\" data-id=\"8a06bb3\" data-element_type=\"widget\" data-e-type=\"widget\" data-widget_type=\"text-editor.default\">\n\t\t\t\t<div class=\"elementor-widget-container\">\n\t\t\t\t\t\t\t\t\t<p>Aggiungere i dati dell&#8217;allenamento e della regata<\/p>\n<p>Per aggiungere i dati di una giornata di navigazione, fare clic su <strong>Aggiungi record<\/strong> nella pagina iniziale e selezionare l&#8217;imbarcazione precedentemente aggiunta dal menu <strong>Seleziona imbarcazione<\/strong>. In questo modo, l&#8217;applicazione recuperer\u00e0 tutte le informazioni relative ai parametri di regolazione e alle vele associate a quella imbarcazione. Compilate tutti i campi come richiesto.<\/p>\n<p>\u00c8 molto importante essere coerenti tra una misura e l&#8217;altra. Ad esempio, se per la stessa gara a Porto Cervo si inserisce Porto Cervo nel campo Localit\u00e0 per la prima gara e PortoCervo per la seconda, questo causer\u00e0 problemi durante la successiva interrogazione del database.<\/p>\n<p>Dopo il salvataggio di una misura, i campi rimarranno compilati in modo da velocizzare l&#8217;aggiunta di un nuovo record con voci simili.<\/p>\n<p>Nella sezione <strong>Tattica<\/strong> \u00e8 anche possibile registrare le informazioni tattiche relative al lato preferito di un lato di bolina o di uno di lasco.<\/p>\n<p>Infine, \u00e8 obbligatorio assegnare un punteggio tra 0 e 10 sia alla velocit\u00e0 di poppa che a quella di bolina. Per garantire coerenza il punteggio dovrebbe essere assegnato idealmente sempre dalla stessa persona.<\/p>\n<p>L&#8217;affidabilit\u00e0 di tale punteggio (<strong>Score Reliability<\/strong>) dipende dall&#8217;affidabilit\u00e0 dei punteggi di bolina e di poppa. Ad esempio, la qualit\u00e0 dei dati sar\u00e0 molto bassa per una navigazione con molta raffica, mentre sar\u00e0 alta per un test di velocit\u00e0 lungo per una navigazione con vento stabile.<\/p>\n\t\t\t\t\t\t\t\t<\/div>\n\t\t\t\t<\/div>\n\t\t\t\t<div class=\"elementor-element elementor-element-3c88ee9 elementor-widget__width-initial elementor-widget elementor-widget-image\" data-id=\"3c88ee9\" data-element_type=\"widget\" data-e-type=\"widget\" data-widget_type=\"image.default\">\n\t\t\t\t<div class=\"elementor-widget-container\">\n\t\t\t\t\t\t\t\t\t\t\t\t\t\t\t<img decoding=\"async\" width=\"554\" height=\"1200\" src=\"https:\/\/www.onesails.com\/wp-content\/uploads\/tuning_diary_03-554x1200.jpg\" class=\"attachment-large size-large wp-image-16434\" alt=\"\" srcset=\"https:\/\/www.onesails.com\/wp-content\/uploads\/tuning_diary_03-554x1200.jpg 554w, https:\/\/www.onesails.com\/wp-content\/uploads\/tuning_diary_03-231x500.jpg 231w, https:\/\/www.onesails.com\/wp-content\/uploads\/tuning_diary_03.jpg 620w\" sizes=\"(max-width: 554px) 100vw, 554px\" \/>\t\t\t\t\t\t\t\t\t\t\t\t\t\t\t<\/div>\n\t\t\t\t<\/div>\n\t\t\t\t<div class=\"elementor-element elementor-element-09d1398 elementor-widget__width-inherit elementor-widget elementor-widget-heading\" data-id=\"09d1398\" data-element_type=\"widget\" data-e-type=\"widget\" data-widget_type=\"heading.default\">\n\t\t\t\t<div class=\"elementor-widget-container\">\n\t\t\t\t\t<h2 class=\"elementor-heading-title elementor-size-default\"><br>FASE 3.<\/h2>\t\t\t\t<\/div>\n\t\t\t\t<\/div>\n\t\t\t\t<div class=\"elementor-element elementor-element-b446bcf elementor-widget-divider--view-line elementor-widget elementor-widget-global elementor-global-21906 elementor-global-1396 elementor-widget-divider\" data-id=\"b446bcf\" data-element_type=\"widget\" data-e-type=\"widget\" data-widget_type=\"divider.default\">\n\t\t\t\t<div class=\"elementor-widget-container\">\n\t\t\t\t\t\t\t<div class=\"elementor-divider\">\n\t\t\t<span class=\"elementor-divider-separator\">\n\t\t\t\t\t\t<\/span>\n\t\t<\/div>\n\t\t\t\t\t\t<\/div>\n\t\t\t\t<\/div>\n\t\t\t\t<div class=\"elementor-element elementor-element-3391ebf elementor-widget__width-initial elementor-widget elementor-widget-text-editor\" data-id=\"3391ebf\" data-element_type=\"widget\" data-e-type=\"widget\" data-widget_type=\"text-editor.default\">\n\t\t\t\t<div class=\"elementor-widget-container\">\n\t\t\t\t\t\t\t\t\t<p><span style=\"color: var( --e-global-color-text ); font-family: var( --e-global-typography-text-font-family ), Sans-serif; font-size: var( --e-global-typography-text-font-size ); font-weight: var( --e-global-typography-text-font-weight ); letter-spacing: var( --e-global-typography-text-letter-spacing ); text-align: var(--text-align);\">Eseguire ricerche<\/span><\/p>\n<p>\u00c8 possibile sfogliare il database con tutti i record e applicare filtri ai risultati nella pagina <strong>Query<\/strong>.<\/p>\n<p>I dati salvati saranno visualizzati in formato di tabella.<\/p>\n<p>Se si desidera rimuovere alcune colonne dalla tabella dei risultati, \u00e8 sufficiente deselezionarle dopo aver fatto clic sul pulsante <strong>Selettore colonne<\/strong>.<\/p>\n<p>Infine, la pagina <strong>Query<\/strong> del sito offre la possibilit\u00e0 di cercare nel database le informazioni sulle tattiche per una localit\u00e0 specifica. Quando si torna a navigare in un punto in cui si \u00e8 gi\u00e0 navigato in passato, si pu\u00f2 facilmente e rapidamente guardare i commenti fatti. Questa Query non dipende dal tipo di barca, ma solo dalla posizione.<\/p>\n\t\t\t\t\t\t\t\t<\/div>\n\t\t\t\t<\/div>\n\t\t\t\t<div class=\"elementor-element elementor-element-59111fb elementor-widget__width-initial elementor-widget elementor-widget-image\" data-id=\"59111fb\" data-element_type=\"widget\" data-e-type=\"widget\" data-widget_type=\"image.default\">\n\t\t\t\t<div class=\"elementor-widget-container\">\n\t\t\t\t\t\t\t\t\t\t\t\t\t\t\t<img loading=\"lazy\" decoding=\"async\" width=\"624\" height=\"1346\" src=\"https:\/\/www.onesails.com\/wp-content\/uploads\/tuning_diary_04.jpg\" class=\"attachment-full size-full wp-image-16446\" alt=\"\" srcset=\"https:\/\/www.onesails.com\/wp-content\/uploads\/tuning_diary_04.jpg 624w, https:\/\/www.onesails.com\/wp-content\/uploads\/tuning_diary_04-232x500.jpg 232w, https:\/\/www.onesails.com\/wp-content\/uploads\/tuning_diary_04-556x1200.jpg 556w\" sizes=\"(max-width: 624px) 100vw, 624px\" \/>\t\t\t\t\t\t\t\t\t\t\t\t\t\t\t<\/div>\n\t\t\t\t<\/div>\n\t\t\t\t<div class=\"elementor-element elementor-element-61170fe elementor-widget elementor-widget-text-editor\" data-id=\"61170fe\" data-element_type=\"widget\" data-e-type=\"widget\" data-widget_type=\"text-editor.default\">\n\t\t\t\t<div class=\"elementor-widget-container\">\n\t\t\t\t\t\t\t\t\t<\/p>\n<p style=\"text-align: center;\">Per qualsiasi informazione o problema tecnico potete contattarci a: <a href=\"mailto:tuningdiary@onesails.com\">tuningdiary@onesails.com <\/a><\/p>\n<p style=\"text-align: center;\"><strong>Per iniziare a utilizzare il OneSails tuning Diary consultare:<a href=\"http:\/\/td.onesails.one\/\" rel=\"noopener\">td.onesails.one<\/a><\/strong><\/p>\n\t\t\t\t\t\t\t\t<\/div>\n\t\t\t\t<\/div>\n\t\t\t\t\t<\/div>\n\t\t\t\t<\/div>\n\t\t\t\t<\/div>\n\t\t","protected":false},"excerpt":{"rendered":"<p>Onesails Tuning Diary (OTD) \u00e8 una piattaforma web sviluppata per aiutare i velisti a raccogliere tutte le informazioni relative alla messa a punto della propria imbarcazione e a elaborarle sulla base di un sistema di votazione. Poich\u00e9 questo strumento viene utilizzato soprattutto a bordo o lontano da un computer, l&#8217;OTD \u00e8 stato sviluppato come applicazione [&hellip;]<\/p>\n","protected":false},"author":4,"featured_media":0,"parent":0,"menu_order":0,"comment_status":"closed","ping_status":"closed","template":"","meta":{"_acf_changed":false,"footnotes":""},"class_list":["post-24155","page","type-page","status-publish","hentry"],"acf":[],"_links":{"self":[{"href":"https:\/\/www.onesails.com\/it\/wp-json\/wp\/v2\/pages\/24155","targetHints":{"allow":["GET"]}}],"collection":[{"href":"https:\/\/www.onesails.com\/it\/wp-json\/wp\/v2\/pages"}],"about":[{"href":"https:\/\/www.onesails.com\/it\/wp-json\/wp\/v2\/types\/page"}],"author":[{"embeddable":true,"href":"https:\/\/www.onesails.com\/it\/wp-json\/wp\/v2\/users\/4"}],"replies":[{"embeddable":true,"href":"https:\/\/www.onesails.com\/it\/wp-json\/wp\/v2\/comments?post=24155"}],"version-history":[{"count":18,"href":"https:\/\/www.onesails.com\/it\/wp-json\/wp\/v2\/pages\/24155\/revisions"}],"predecessor-version":[{"id":28705,"href":"https:\/\/www.onesails.com\/it\/wp-json\/wp\/v2\/pages\/24155\/revisions\/28705"}],"wp:attachment":[{"href":"https:\/\/www.onesails.com\/it\/wp-json\/wp\/v2\/media?parent=24155"}],"curies":[{"name":"wp","href":"https:\/\/api.w.org\/{rel}","templated":true}]}}