{"id":24107,"date":"2023-12-17T11:55:25","date_gmt":"2023-12-17T10:55:25","guid":{"rendered":"https:\/\/newone.onesails.com\/navigare-di-bolina\/"},"modified":"2024-06-11T12:10:30","modified_gmt":"2024-06-11T10:10:30","slug":"navigare-di-bolina","status":"publish","type":"page","link":"https:\/\/www.onesails.com\/it\/navigare-di-bolina\/","title":{"rendered":"Navigare di Bolina"},"content":{"rendered":"\t\t<div data-elementor-type=\"wp-page\" data-elementor-id=\"24107\" class=\"elementor elementor-24107 elementor-6881\" data-elementor-post-type=\"page\">\n\t\t\t\t<div class=\"elementor-element elementor-element-7bc6fd7 e-con-full e-flex e-con e-parent\" data-id=\"7bc6fd7\" data-element_type=\"container\" data-e-type=\"container\">\n\t\t\t\t<div class=\"elementor-element elementor-element-12c2385 elementor-widget elementor-widget-shortcode\" data-id=\"12c2385\" data-element_type=\"widget\" data-e-type=\"widget\" data-widget_type=\"shortcode.default\">\n\t\t\t\t<div class=\"elementor-widget-container\">\n\t\t\t\t\t\t\t<div class=\"elementor-shortcode\">\t\t<div data-elementor-type=\"container\" data-elementor-id=\"25872\" class=\"elementor elementor-25872\" data-elementor-post-type=\"elementor_library\">\n\t\t\t\t<div class=\"elementor-element elementor-element-14ce183f e-con-full e-flex e-con e-parent\" data-id=\"14ce183f\" data-element_type=\"container\" data-e-type=\"container\" data-settings=\"{&quot;background_background&quot;:&quot;classic&quot;}\">\n\t\t\t\t<\/div>\n\t\t\t\t<\/div>\n\t\t<\/div>\n\t\t\t\t\t\t<\/div>\n\t\t\t\t<\/div>\n\t\t\t\t<\/div>\n\t\t<div class=\"elementor-element elementor-element-6a68071 e-flex e-con-boxed e-con e-parent\" data-id=\"6a68071\" data-element_type=\"container\" data-e-type=\"container\">\n\t\t\t\t\t<div class=\"e-con-inner\">\n\t\t\t\t<div class=\"elementor-element elementor-element-1396 elementor-widget-divider--view-line elementor-widget elementor-widget-global elementor-global-21906 elementor-global-1396 elementor-widget-divider\" data-id=\"1396\" data-element_type=\"widget\" data-e-type=\"widget\" data-widget_type=\"divider.default\">\n\t\t\t\t<div class=\"elementor-widget-container\">\n\t\t\t\t\t\t\t<div class=\"elementor-divider\">\n\t\t\t<span class=\"elementor-divider-separator\">\n\t\t\t\t\t\t<\/span>\n\t\t<\/div>\n\t\t\t\t\t\t<\/div>\n\t\t\t\t<\/div>\n\t\t\t\t<div class=\"elementor-element elementor-element-f229c76 elementor-widget elementor-widget-heading\" data-id=\"f229c76\" data-element_type=\"widget\" data-e-type=\"widget\" data-widget_type=\"heading.default\">\n\t\t\t\t<div class=\"elementor-widget-container\">\n\t\t\t\t\t<h2 class=\"elementor-heading-title elementor-size-default\">di Paul Eldrid, OneSails Australia<\/h2>\t\t\t\t<\/div>\n\t\t\t\t<\/div>\n\t\t\t\t<div class=\"elementor-element elementor-element-440ac70 elementor-widget elementor-widget-text-editor\" data-id=\"440ac70\" data-element_type=\"widget\" data-e-type=\"widget\" data-widget_type=\"text-editor.default\">\n\t\t\t\t<div class=\"elementor-widget-container\">\n\t\t\t\t\t\t\t\t\t<p><br><\/p><p>Conoscere la propria barca e sapere come regolare le vele secondo uno dei tre modi di navigazione di bolina \u00e8 un&#8217;abilit\u00e0 fondamentale per ottenere le migliori prestazioni dalla propria barca.<\/p>\n<p><strong>Per i regatanti<\/strong><\/p>\n<p>Essere in grado di adattare efficacemente la propria imbarcazione in qualsiasi momento sul campo di regata pu\u00f2 migliorare notevolmente le prestazioni in gara. La scelta della modalit\u00e0 da utilizzare dipende da una serie di fattori, ma in genere \u00e8 una combinazione di vento, marea, posizione dell&#8217;avversario e propria posizione sul campo di regata.<br>La regolazione delle vele \u00e8 fondamentale per le modalit\u00e0 che verranno spiegate e prima di concentrarsi su queste vi invito a leggere attentamente le guide sulle regolazioni delle vele. Adattatele alla vostra barca e assicuratevi che tutti i membri del team abbiano familiarit\u00e0 con il corretto assetto delle vele.<br>In fase di messa a punto dell&#8217;assetto per ottenere il massimo potenziale da ciascuna modalit\u00e0, la comunicazione \u00e8 fondamentale, da cui deriva l&#8217;importanza del &#8220;ciclo di assetto&#8221; per essere certi che il flusso di informazioni tra il team contribuisca a ottenere le migliori prestazioni.<\/p>\n<p><strong>Per il crocerista<\/strong><\/p>\n<p>La possibilit\u00e0 di regolare l&#8217;andatura dell&#8217;imbarcazione durante la navigazione di crociera pu\u00f2 migliorare notevolmente la sua efficienza, rendendo molto pi\u00f9 semplice la navigazione intorno a ostacoli e impedimenti. Inoltre, render\u00e0 pi\u00f9 facile la navigazione in questi passaggi, riducendo le virate e le strambate eseguite e limitando la regolazione delle vele.<br>Configurando in modo efficiente ed efficace la vostra imbarcazione potrete ridurre i tempi di navigazione e rendere pi\u00f9 piacevole il vostro viaggio. Applicando i consigli e i trucchi contenuti nelle note sulla regolazione delle vele, potrete anche migliorare la conduzione della vostra barca e aumentare l&#8217;efficienza complessiva della vostra navigazione.<\/p>\t\t\t\t\t\t\t\t<\/div>\n\t\t\t\t<\/div>\n\t\t\t\t<div class=\"elementor-element elementor-element-ea12d08 elementor-widget__width-inherit elementor-widget elementor-widget-heading\" data-id=\"ea12d08\" data-element_type=\"widget\" data-e-type=\"widget\" data-widget_type=\"heading.default\">\n\t\t\t\t<div class=\"elementor-widget-container\">\n\t\t\t\t\t<h2 class=\"elementor-heading-title elementor-size-default\"><br>Le tre modalit\u00e0:<\/h2>\t\t\t\t<\/div>\n\t\t\t\t<\/div>\n\t\t\t\t<div class=\"elementor-element elementor-element-cd7375b elementor-widget-divider--view-line elementor-widget elementor-widget-global elementor-global-21906 elementor-global-1396 elementor-widget-divider\" data-id=\"cd7375b\" data-element_type=\"widget\" data-e-type=\"widget\" data-widget_type=\"divider.default\">\n\t\t\t\t<div class=\"elementor-widget-container\">\n\t\t\t\t\t\t\t<div class=\"elementor-divider\">\n\t\t\t<span class=\"elementor-divider-separator\">\n\t\t\t\t\t\t<\/span>\n\t\t<\/div>\n\t\t\t\t\t\t<\/div>\n\t\t\t\t<\/div>\n\t\t\t\t<div class=\"elementor-element elementor-element-11da836 elementor-widget__width-initial elementor-widget elementor-widget-text-editor\" data-id=\"11da836\" data-element_type=\"widget\" data-e-type=\"widget\" data-widget_type=\"text-editor.default\">\n\t\t\t\t<div class=\"elementor-widget-container\">\n\t\t\t\t\t\t\t\t\t<p><strong>Modalit\u00e0 STRETTA<\/strong> &#8211; Navigando pi\u00f9 stretto al vento ma procedendo pi\u00f9 lentamente <br \/><strong>Modalit\u00e0 VMG <\/strong> &#8211; La migliore VMG per la vostra imbarcazione <br \/><strong>Modalit\u00e0 FAST<\/strong> &#8211; Stringendo meno il vento ma andando pi\u00f9 veloce<\/p>\n\t\t\t\t\t\t\t\t<\/div>\n\t\t\t\t<\/div>\n\t\t\t\t<div class=\"elementor-element elementor-element-ef05c73 elementor-widget__width-initial elementor-widget elementor-widget-image\" data-id=\"ef05c73\" data-element_type=\"widget\" data-e-type=\"widget\" data-widget_type=\"image.default\">\n\t\t\t\t<div class=\"elementor-widget-container\">\n\t\t\t\t\t\t\t\t\t\t\t\t\t\t\t<img fetchpriority=\"high\" decoding=\"async\" width=\"450\" height=\"486\" src=\"https:\/\/www.onesails.com\/wp-content\/uploads\/usm-01.jpg\" class=\"attachment-large size-large wp-image-6918\" alt=\"\" \/>\t\t\t\t\t\t\t\t\t\t\t\t\t\t\t<\/div>\n\t\t\t\t<\/div>\n\t\t\t\t<div class=\"elementor-element elementor-element-910a108 elementor-widget__width-inherit elementor-widget elementor-widget-heading\" data-id=\"910a108\" data-element_type=\"widget\" data-e-type=\"widget\" data-widget_type=\"heading.default\">\n\t\t\t\t<div class=\"elementor-widget-container\">\n\t\t\t\t\t<h2 class=\"elementor-heading-title elementor-size-default\"><br>Modalit\u00e0 STRETTA - Che cos'\u00e8?<\/h2>\t\t\t\t<\/div>\n\t\t\t\t<\/div>\n\t\t\t\t<div class=\"elementor-element elementor-element-9b72146 elementor-widget-divider--view-line elementor-widget elementor-widget-global elementor-global-21906 elementor-global-1396 elementor-widget-divider\" data-id=\"9b72146\" data-element_type=\"widget\" data-e-type=\"widget\" data-widget_type=\"divider.default\">\n\t\t\t\t<div class=\"elementor-widget-container\">\n\t\t\t\t\t\t\t<div class=\"elementor-divider\">\n\t\t\t<span class=\"elementor-divider-separator\">\n\t\t\t\t\t\t<\/span>\n\t\t<\/div>\n\t\t\t\t\t\t<\/div>\n\t\t\t\t<\/div>\n\t\t\t\t<div class=\"elementor-element elementor-element-f316fd1 elementor-widget__width-initial elementor-widget elementor-widget-text-editor\" data-id=\"f316fd1\" data-element_type=\"widget\" data-e-type=\"widget\" data-widget_type=\"text-editor.default\">\n\t\t\t\t<div class=\"elementor-widget-container\">\n\t\t\t\t\t\t\t\t\t<p>Riduzione dell&#8217;angolo di attacco navigando con una direzione della barca pi\u00f9 stretta al vento:<\/p>\n<p>Minor portanza delle vele<br \/>Maggior margine di manovra (minore resistenza della chiglia)<br \/>Andare pi\u00f9 lentamente<br \/>Riduzione dell&#8217;angolo di sbandamento\/potenza<\/p>\n<p><strong>Quando utilizzarla?<\/strong><br \/>Mantenere una direzione in prossimit\u00e0 della partenza o a seguito di una virata sottovento<br \/>Rendere la vita difficile all&#8217;avversario\/i<br \/>Controllare l&#8217;avversario (o gli avversari)<br \/>Un opzione per poter continuare a navigare in aria pulita<br \/>Rimanere nella fase in cui rimanaere stretti \u00e8 d&#8217;aiuto<br \/>Per riuscire a girare la boa quando la propria direzione rispetto alla lay line \u00e8 marginale<\/p>\n<p><strong>Come posso raggiungere questa modalit\u00e0?<\/strong><br \/>Tenere le vele pi\u00f9 tirate possibile (tensione delle scotte) per ridurre la torsione.<br \/>Avvicinare le vele alla linea di mezzeria (punto di scotta) utilizzando i binari del fiocco, la controscotta ed il carrello della randa.<br \/>Ridurre l&#8217;angolo di entrata (drizza\/timone)<br \/>Governare l&#8217;imbarcazione delicatamente<br \/>Ridurre il momento raddrizzante (spostare il peso dell&#8217;equipaggio)<\/p>\n\t\t\t\t\t\t\t\t<\/div>\n\t\t\t\t<\/div>\n\t\t\t\t<div class=\"elementor-element elementor-element-0e3293b elementor-widget__width-initial elementor-widget elementor-widget-image\" data-id=\"0e3293b\" data-element_type=\"widget\" data-e-type=\"widget\" data-widget_type=\"image.default\">\n\t\t\t\t<div class=\"elementor-widget-container\">\n\t\t\t\t\t\t\t\t\t\t\t\t\t\t\t<img decoding=\"async\" width=\"800\" height=\"545\" src=\"https:\/\/www.onesails.com\/wp-content\/uploads\/usm-03.jpg\" class=\"attachment-large size-large wp-image-6955\" alt=\"\" srcset=\"https:\/\/www.onesails.com\/wp-content\/uploads\/usm-03.jpg 800w, https:\/\/www.onesails.com\/wp-content\/uploads\/usm-03-500x341.jpg 500w, https:\/\/www.onesails.com\/wp-content\/uploads\/usm-03-768x523.jpg 768w\" sizes=\"(max-width: 800px) 100vw, 800px\" \/>\t\t\t\t\t\t\t\t\t\t\t\t\t\t\t<\/div>\n\t\t\t\t<\/div>\n\t\t\t\t<div class=\"elementor-element elementor-element-aa5efc6 elementor-widget__width-initial elementor-widget elementor-widget-image\" data-id=\"aa5efc6\" data-element_type=\"widget\" data-e-type=\"widget\" data-widget_type=\"image.default\">\n\t\t\t\t<div class=\"elementor-widget-container\">\n\t\t\t\t\t\t\t\t\t\t\t\t\t\t\t<img decoding=\"async\" width=\"450\" height=\"333\" src=\"https:\/\/www.onesails.com\/wp-content\/uploads\/usm-02.jpg\" class=\"attachment-large size-large wp-image-6943\" alt=\"\" \/>\t\t\t\t\t\t\t\t\t\t\t\t\t\t\t<\/div>\n\t\t\t\t<\/div>\n\t\t\t\t<div class=\"elementor-element elementor-element-074748b elementor-widget__width-inherit elementor-widget elementor-widget-heading\" data-id=\"074748b\" data-element_type=\"widget\" data-e-type=\"widget\" data-widget_type=\"heading.default\">\n\t\t\t\t<div class=\"elementor-widget-container\">\n\t\t\t\t\t<h2 class=\"elementor-heading-title elementor-size-default\"><br>Modalit\u00e0 VMG - Che cos'\u00e8?<\/h2>\t\t\t\t<\/div>\n\t\t\t\t<\/div>\n\t\t\t\t<div class=\"elementor-element elementor-element-2bdbbcc elementor-widget-divider--view-line elementor-widget elementor-widget-global elementor-global-21906 elementor-global-1396 elementor-widget-divider\" data-id=\"2bdbbcc\" data-element_type=\"widget\" data-e-type=\"widget\" data-widget_type=\"divider.default\">\n\t\t\t\t<div class=\"elementor-widget-container\">\n\t\t\t\t\t\t\t<div class=\"elementor-divider\">\n\t\t\t<span class=\"elementor-divider-separator\">\n\t\t\t\t\t\t<\/span>\n\t\t<\/div>\n\t\t\t\t\t\t<\/div>\n\t\t\t\t<\/div>\n\t\t\t\t<div class=\"elementor-element elementor-element-746920b elementor-widget__width-initial elementor-widget elementor-widget-text-editor\" data-id=\"746920b\" data-element_type=\"widget\" data-e-type=\"widget\" data-widget_type=\"text-editor.default\">\n\t\t\t\t<div class=\"elementor-widget-container\">\n\t\t\t\t\t\t\t\t\t<p>Velocity Made Good<\/p>\n<p>La migliore VMG per la vostra barca<br \/>Equilibrio tra buon angolo e velocit\u00e0<br \/>La combinazione pi\u00f9 veloce di angolo e velocit\u00e0<br \/>Angolo di sbandamento\/potenza ottimali<\/p>\n<p><strong>Quando utilizzarla?<\/strong><br \/>Per la maggior parte del tempo<br \/>Navigando con aria pulita<br \/>Quando diverse opzioni sono possibili<br \/>Per rimanere in fase<\/p>\n<p><strong>Come posso raggiungere questa modalit\u00e0?<\/strong><br \/>Vedi le note delle guide per la regolazione le vele!<br \/>Regolare l&#8217;imbarcazione per ottenere velocit\u00e0 e angoli ottimali<br \/>I migliori dati VPP (Polari) per la vostra imbarcazione<\/p>\n\t\t\t\t\t\t\t\t<\/div>\n\t\t\t\t<\/div>\n\t\t\t\t<div class=\"elementor-element elementor-element-c5622f4 elementor-widget__width-initial elementor-widget elementor-widget-image\" data-id=\"c5622f4\" data-element_type=\"widget\" data-e-type=\"widget\" data-widget_type=\"image.default\">\n\t\t\t\t<div class=\"elementor-widget-container\">\n\t\t\t\t\t\t\t\t\t\t\t\t\t\t\t<img loading=\"lazy\" decoding=\"async\" width=\"800\" height=\"532\" src=\"https:\/\/www.onesails.com\/wp-content\/uploads\/usm-05.jpg\" class=\"attachment-large size-large wp-image-6988\" alt=\"\" srcset=\"https:\/\/www.onesails.com\/wp-content\/uploads\/usm-05.jpg 800w, https:\/\/www.onesails.com\/wp-content\/uploads\/usm-05-500x333.jpg 500w, https:\/\/www.onesails.com\/wp-content\/uploads\/usm-05-768x511.jpg 768w\" sizes=\"(max-width: 800px) 100vw, 800px\" \/>\t\t\t\t\t\t\t\t\t\t\t\t\t\t\t<\/div>\n\t\t\t\t<\/div>\n\t\t\t\t<div class=\"elementor-element elementor-element-bd36ca7 elementor-widget__width-initial elementor-widget elementor-widget-image\" data-id=\"bd36ca7\" data-element_type=\"widget\" data-e-type=\"widget\" data-widget_type=\"image.default\">\n\t\t\t\t<div class=\"elementor-widget-container\">\n\t\t\t\t\t\t\t\t\t\t\t\t\t\t\t<img loading=\"lazy\" decoding=\"async\" width=\"450\" height=\"315\" src=\"https:\/\/www.onesails.com\/wp-content\/uploads\/usm-04.jpg\" class=\"attachment-large size-large wp-image-6976\" alt=\"\" \/>\t\t\t\t\t\t\t\t\t\t\t\t\t\t\t<\/div>\n\t\t\t\t<\/div>\n\t\t\t\t<div class=\"elementor-element elementor-element-d19200a elementor-widget__width-inherit elementor-widget elementor-widget-heading\" data-id=\"d19200a\" data-element_type=\"widget\" data-e-type=\"widget\" data-widget_type=\"heading.default\">\n\t\t\t\t<div class=\"elementor-widget-container\">\n\t\t\t\t\t<h2 class=\"elementor-heading-title elementor-size-default\"><br>Modalit\u00e0 FAST - Che cos'\u00e8?<\/h2>\t\t\t\t<\/div>\n\t\t\t\t<\/div>\n\t\t\t\t<div class=\"elementor-element elementor-element-39cdf4f elementor-widget-divider--view-line elementor-widget elementor-widget-global elementor-global-21906 elementor-global-1396 elementor-widget-divider\" data-id=\"39cdf4f\" data-element_type=\"widget\" data-e-type=\"widget\" data-widget_type=\"divider.default\">\n\t\t\t\t<div class=\"elementor-widget-container\">\n\t\t\t\t\t\t\t<div class=\"elementor-divider\">\n\t\t\t<span class=\"elementor-divider-separator\">\n\t\t\t\t\t\t<\/span>\n\t\t<\/div>\n\t\t\t\t\t\t<\/div>\n\t\t\t\t<\/div>\n\t\t\t\t<div class=\"elementor-element elementor-element-dc84d1f elementor-widget__width-initial elementor-widget elementor-widget-text-editor\" data-id=\"dc84d1f\" data-element_type=\"widget\" data-e-type=\"widget\" data-widget_type=\"text-editor.default\">\n\t\t\t\t<div class=\"elementor-widget-container\">\n\t\t\t\t\t\t\t\t\t<p>Aumento dell&#8217;angolo d&#8217;attacco&#8230; un andatura pi\u00f9 bassa rispetto al vento<br \/>Andare pi\u00f9 veloci<br \/>Scarroccio minimo (massima aderenza della chiglia)<\/p>\n<p><span style=\"font-weight: bolder;\">Quando utilizzarla?<\/span><br \/>Per andare veloci per il prossimo salto di vento<br \/>Rendere la vita difficile all&#8217;avversario (o agli avversari) scivolando sopra di lui e generandogli aria sporca.<br \/>Controllare l&#8217;avversario (o gli avversari) costringendolo a virare<br \/>Rimanere in fase dove la velocit\u00e0 \u00e8 amica<br \/>Ti d\u00e0 delle opzioni!<\/p>\n<p><span style=\"font-weight: bolder;\">Come posso raggiungere questa modalit\u00e0?<\/span><br \/>Lascare le vele (tensione delle scotte) aumentando la torsione<br \/>Aprire le vele rispetto la linea di mezzeria (angolo di scotta) utilizzando i carrelli del fiocco, la controscotta e il carrello randa.<br \/>Aumentare l&#8217;angolo d&#8217;entrata (drizza\/timone)<br \/>Ridurre la resistenza aerodinamica (il grasso attraverso la scotta, la curvatura dell&#8217;albero, la catenaria dello strallo di prua, il carrello del fiocco)<br \/>Governare l&#8217;imbarcazione cercando di premere sul gas<\/p>\n\t\t\t\t\t\t\t\t<\/div>\n\t\t\t\t<\/div>\n\t\t\t\t<div class=\"elementor-element elementor-element-eec2e11 elementor-widget__width-initial elementor-widget elementor-widget-image\" data-id=\"eec2e11\" data-element_type=\"widget\" data-e-type=\"widget\" data-widget_type=\"image.default\">\n\t\t\t\t<div class=\"elementor-widget-container\">\n\t\t\t\t\t\t\t\t\t\t\t\t\t\t\t<img loading=\"lazy\" decoding=\"async\" width=\"450\" height=\"326\" src=\"https:\/\/www.onesails.com\/wp-content\/uploads\/usm-06.jpg\" class=\"attachment-large size-large wp-image-7012\" alt=\"\" \/>\t\t\t\t\t\t\t\t\t\t\t\t\t\t\t<\/div>\n\t\t\t\t<\/div>\n\t\t\t\t<div class=\"elementor-element elementor-element-a370807 elementor-widget__width-initial elementor-position-top elementor-widget elementor-widget-image-box\" data-id=\"a370807\" data-element_type=\"widget\" data-e-type=\"widget\" data-widget_type=\"image-box.default\">\n\t\t\t\t<div class=\"elementor-widget-container\">\n\t\t\t\t\t<div class=\"elementor-image-box-wrapper\"><figure class=\"elementor-image-box-img\"><img loading=\"lazy\" decoding=\"async\" width=\"800\" height=\"318\" src=\"https:\/\/www.onesails.com\/wp-content\/uploads\/usm-07.jpg\" class=\"attachment-full size-full wp-image-7030\" alt=\"\" srcset=\"https:\/\/www.onesails.com\/wp-content\/uploads\/usm-07.jpg 800w, https:\/\/www.onesails.com\/wp-content\/uploads\/usm-07-500x199.jpg 500w, https:\/\/www.onesails.com\/wp-content\/uploads\/usm-07-768x305.jpg 768w\" sizes=\"(max-width: 800px) 100vw, 800px\" \/><\/figure><div class=\"elementor-image-box-content\"><p class=\"elementor-image-box-description\">La barca sopravvento \u00e8 in modalit\u00e0 FAST per cercare di superare la barca sottovento. Notare le posizioni dei filetti del fiocco.<\/p><\/div><\/div>\t\t\t\t<\/div>\n\t\t\t\t<\/div>\n\t\t\t\t<div class=\"elementor-element elementor-element-e39893d elementor-widget__width-initial elementor-position-top elementor-widget elementor-widget-image-box\" data-id=\"e39893d\" data-element_type=\"widget\" data-e-type=\"widget\" data-widget_type=\"image-box.default\">\n\t\t\t\t<div class=\"elementor-widget-container\">\n\t\t\t\t\t<div class=\"elementor-image-box-wrapper\"><figure class=\"elementor-image-box-img\"><img loading=\"lazy\" decoding=\"async\" width=\"800\" height=\"318\" src=\"https:\/\/www.onesails.com\/wp-content\/uploads\/usm-08.jpg\" class=\"attachment-full size-full wp-image-7047\" alt=\"\" srcset=\"https:\/\/www.onesails.com\/wp-content\/uploads\/usm-08.jpg 800w, https:\/\/www.onesails.com\/wp-content\/uploads\/usm-08-500x199.jpg 500w, https:\/\/www.onesails.com\/wp-content\/uploads\/usm-08-768x305.jpg 768w\" sizes=\"(max-width: 800px) 100vw, 800px\" \/><\/figure><div class=\"elementor-image-box-content\"><p class=\"elementor-image-box-description\">La barca sopravvento \u00e8 riuscita a superare l'altra, impedendo cos\u00ec alla barca sottovento di virare. Importante, visto l'avvicinarsi del salto di vento a sinistra!<\/p><\/div><\/div>\t\t\t\t<\/div>\n\t\t\t\t<\/div>\n\t\t\t\t<div class=\"elementor-element elementor-element-338c050 elementor-widget__width-inherit elementor-widget elementor-widget-heading\" data-id=\"338c050\" data-element_type=\"widget\" data-e-type=\"widget\" data-widget_type=\"heading.default\">\n\t\t\t\t<div class=\"elementor-widget-container\">\n\t\t\t\t\t<h2 class=\"elementor-heading-title elementor-size-default\"><br>The Trim Cycle<\/h2>\t\t\t\t<\/div>\n\t\t\t\t<\/div>\n\t\t\t\t<div class=\"elementor-element elementor-element-f88839a elementor-widget-divider--view-line elementor-widget elementor-widget-global elementor-global-21906 elementor-global-1396 elementor-widget-divider\" data-id=\"f88839a\" data-element_type=\"widget\" data-e-type=\"widget\" data-widget_type=\"divider.default\">\n\t\t\t\t<div class=\"elementor-widget-container\">\n\t\t\t\t\t\t\t<div class=\"elementor-divider\">\n\t\t\t<span class=\"elementor-divider-separator\">\n\t\t\t\t\t\t<\/span>\n\t\t<\/div>\n\t\t\t\t\t\t<\/div>\n\t\t\t\t<\/div>\n\t\t\t\t<div class=\"elementor-element elementor-element-e577d65 elementor-widget__width-initial elementor-widget elementor-widget-text-editor\" data-id=\"e577d65\" data-element_type=\"widget\" data-e-type=\"widget\" data-widget_type=\"text-editor.default\">\n\t\t\t\t<div class=\"elementor-widget-container\">\n\t\t\t\t\t\t\t\t\tQuale Modalit\u00e0?\u200b<br>\nCome regolare la barca per ciascuna modalit\u00e0?<br>\nComunicazione<br>\nNumeri<br>\nLa propria posizione\nGuadagno\/perdita<br>\n<strong>RIPETERE!<\/strong>\t\t\t\t\t\t\t\t<\/div>\n\t\t\t\t<\/div>\n\t\t\t\t<div class=\"elementor-element elementor-element-2656574 elementor-widget__width-initial elementor-widget elementor-widget-image\" data-id=\"2656574\" data-element_type=\"widget\" data-e-type=\"widget\" data-widget_type=\"image.default\">\n\t\t\t\t<div class=\"elementor-widget-container\">\n\t\t\t\t\t\t\t\t\t\t\t\t\t\t\t<img loading=\"lazy\" decoding=\"async\" width=\"800\" height=\"569\" src=\"https:\/\/www.onesails.com\/wp-content\/uploads\/usm-09-1200x854.jpg\" class=\"attachment-large size-large wp-image-7062\" alt=\"\" srcset=\"https:\/\/www.onesails.com\/wp-content\/uploads\/usm-09-1200x854.jpg 1200w, https:\/\/www.onesails.com\/wp-content\/uploads\/usm-09-500x356.jpg 500w, https:\/\/www.onesails.com\/wp-content\/uploads\/usm-09-768x547.jpg 768w, https:\/\/www.onesails.com\/wp-content\/uploads\/usm-09.jpg 1333w\" sizes=\"(max-width: 800px) 100vw, 800px\" \/>\t\t\t\t\t\t\t\t\t\t\t\t\t\t\t<\/div>\n\t\t\t\t<\/div>\n\t\t\t\t<div class=\"elementor-element elementor-element-d70a08c elementor-widget__width-inherit elementor-widget elementor-widget-heading\" data-id=\"d70a08c\" data-element_type=\"widget\" data-e-type=\"widget\" data-widget_type=\"heading.default\">\n\t\t\t\t<div class=\"elementor-widget-container\">\n\t\t\t\t\t<h2 class=\"elementor-heading-title elementor-size-default\"><br>The Trim CICLE<\/h2>\t\t\t\t<\/div>\n\t\t\t\t<\/div>\n\t\t\t\t<div class=\"elementor-element elementor-element-0e12b35 elementor-widget-divider--view-line elementor-widget elementor-widget-global elementor-global-21906 elementor-global-1396 elementor-widget-divider\" data-id=\"0e12b35\" data-element_type=\"widget\" data-e-type=\"widget\" data-widget_type=\"divider.default\">\n\t\t\t\t<div class=\"elementor-widget-container\">\n\t\t\t\t\t\t\t<div class=\"elementor-divider\">\n\t\t\t<span class=\"elementor-divider-separator\">\n\t\t\t\t\t\t<\/span>\n\t\t<\/div>\n\t\t\t\t\t\t<\/div>\n\t\t\t\t<\/div>\n\t\t\t\t<div class=\"elementor-element elementor-element-4a1ef12 elementor-widget__width-inherit elementor-widget elementor-widget-text-editor\" data-id=\"4a1ef12\" data-element_type=\"widget\" data-e-type=\"widget\" data-widget_type=\"text-editor.default\">\n\t\t\t\t<div class=\"elementor-widget-container\">\n\t\t\t\t\t\t\t\t\t<ol>\n<li>Capire l&#8217;assetto per gestire le modalit\u00e0 delle propria imbarcazione<\/li>\n<li>Eseguire le modalit\u00e0 utilizzando il ciclo di assetto<\/li>\n<li>Le modalit\u00e0 determinano opzioni tattiche<\/li>\n<li>Le scelte migliorano il processo decisionale tattico<\/li>\n<li>Decisioni migliori = prestazioni migliori<\/li>\n<li>La velocit\u00e0 rende pi\u00f9 facile poter scegliere diverse opzioni!<\/li>\n<\/ol>\n\t\t\t\t\t\t\t\t<\/div>\n\t\t\t\t<\/div>\n\t\t\t\t<div class=\"elementor-element elementor-element-14e1e72 elementor-widget__width-inherit elementor-widget elementor-widget-text-editor\" data-id=\"14e1e72\" data-element_type=\"widget\" data-e-type=\"widget\" data-widget_type=\"text-editor.default\">\n\t\t\t\t<div class=\"elementor-widget-container\">\n\t\t\t\t\t\t\t\t\t<p><strong>&#8220;Essere veloci ti fa sembrare un genio della tattica&#8221;.<\/strong><br \/><strong>Mike Fletcher<\/strong><\/p>\n\t\t\t\t\t\t\t\t<\/div>\n\t\t\t\t<\/div>\n\t\t\t\t\t<\/div>\n\t\t\t\t<\/div>\n\t\t\t\t<\/div>\n\t\t","protected":false},"excerpt":{"rendered":"<p>di Paul Eldrid, OneSails Australia Conoscere la propria barca e sapere come regolare le vele secondo uno dei tre modi di navigazione di bolina \u00e8 un&#8217;abilit\u00e0 fondamentale per ottenere le migliori prestazioni dalla propria barca. Per i regatanti Essere in grado di adattare efficacemente la propria imbarcazione in qualsiasi momento sul campo di regata pu\u00f2 [&hellip;]<\/p>\n","protected":false},"author":5,"featured_media":6918,"parent":0,"menu_order":0,"comment_status":"closed","ping_status":"closed","template":"elementor_header_footer","meta":{"_acf_changed":false,"footnotes":""},"class_list":["post-24107","page","type-page","status-publish","has-post-thumbnail","hentry"],"acf":[],"_links":{"self":[{"href":"https:\/\/www.onesails.com\/it\/wp-json\/wp\/v2\/pages\/24107","targetHints":{"allow":["GET"]}}],"collection":[{"href":"https:\/\/www.onesails.com\/it\/wp-json\/wp\/v2\/pages"}],"about":[{"href":"https:\/\/www.onesails.com\/it\/wp-json\/wp\/v2\/types\/page"}],"author":[{"embeddable":true,"href":"https:\/\/www.onesails.com\/it\/wp-json\/wp\/v2\/users\/5"}],"replies":[{"embeddable":true,"href":"https:\/\/www.onesails.com\/it\/wp-json\/wp\/v2\/comments?post=24107"}],"version-history":[{"count":20,"href":"https:\/\/www.onesails.com\/it\/wp-json\/wp\/v2\/pages\/24107\/revisions"}],"predecessor-version":[{"id":29216,"href":"https:\/\/www.onesails.com\/it\/wp-json\/wp\/v2\/pages\/24107\/revisions\/29216"}],"wp:featuredmedia":[{"embeddable":true,"href":"https:\/\/www.onesails.com\/it\/wp-json\/wp\/v2\/media\/6918"}],"wp:attachment":[{"href":"https:\/\/www.onesails.com\/it\/wp-json\/wp\/v2\/media?parent=24107"}],"curies":[{"name":"wp","href":"https:\/\/api.w.org\/{rel}","templated":true}]}}