{"id":24096,"date":"2024-01-28T18:04:50","date_gmt":"2024-01-28T17:04:50","guid":{"rendered":"https:\/\/newone.onesails.com\/onesd\/"},"modified":"2024-05-12T17:58:24","modified_gmt":"2024-05-12T15:58:24","slug":"onesd","status":"publish","type":"page","link":"https:\/\/www.onesails.com\/it\/onesd\/","title":{"rendered":"OneSD"},"content":{"rendered":"\t\t<div data-elementor-type=\"wp-page\" data-elementor-id=\"24096\" class=\"elementor elementor-24096 elementor-12643\" data-elementor-post-type=\"page\">\n\t\t\t\t<div class=\"elementor-element elementor-element-420c5a7 e-con-full e-flex e-con e-parent\" data-id=\"420c5a7\" data-element_type=\"container\" data-e-type=\"container\">\n\t\t\t\t<div class=\"elementor-element elementor-element-c77b557 elementor-widget elementor-widget-shortcode\" data-id=\"c77b557\" data-element_type=\"widget\" data-e-type=\"widget\" data-widget_type=\"shortcode.default\">\n\t\t\t\t<div class=\"elementor-widget-container\">\n\t\t\t\t\t\t\t<div class=\"elementor-shortcode\">\t\t<div data-elementor-type=\"container\" data-elementor-id=\"24092\" class=\"elementor elementor-24092 elementor-12610 elementor-12610\" data-elementor-post-type=\"elementor_library\">\n\t\t\t\t<div class=\"elementor-element elementor-element-5c8e894 elementor-hidden-mobile e-flex e-con-boxed e-con e-parent\" data-id=\"5c8e894\" data-element_type=\"container\" data-e-type=\"container\" data-settings=\"{&quot;background_background&quot;:&quot;classic&quot;}\">\n\t\t\t\t\t<div class=\"e-con-inner\">\n\t\t\t\t\t<\/div>\n\t\t\t\t<\/div>\n\t\t<div class=\"elementor-element elementor-element-1281413 elementor-hidden-desktop elementor-hidden-tablet e-flex e-con-boxed e-con e-parent\" data-id=\"1281413\" data-element_type=\"container\" data-e-type=\"container\" data-settings=\"{&quot;background_background&quot;:&quot;classic&quot;}\">\n\t\t\t\t\t<div class=\"e-con-inner\">\n\t\t\t\t\t<\/div>\n\t\t\t\t<\/div>\n\t\t<div class=\"elementor-element elementor-element-106238f e-flex e-con-boxed e-con e-parent\" data-id=\"106238f\" data-element_type=\"container\" data-e-type=\"container\">\n\t\t\t\t\t<div class=\"e-con-inner\">\n\t\t<div class=\"elementor-element elementor-element-9dd806c e-con-full e-flex e-con e-child\" data-id=\"9dd806c\" data-element_type=\"container\" data-e-type=\"container\">\n\t\t\t\t<div class=\"elementor-element elementor-element-9856dc2 elementor-widget__width-inherit elementor-widget elementor-widget-heading\" data-id=\"9856dc2\" data-element_type=\"widget\" data-e-type=\"widget\" data-widget_type=\"heading.default\">\n\t\t\t\t<div class=\"elementor-widget-container\">\n\t\t\t\t\t<h2 class=\"elementor-heading-title elementor-size-default\">OneSD\u2122, la tecnologia per la raccolta dei dati della vela.<\/h2>\t\t\t\t<\/div>\n\t\t\t\t<\/div>\n\t\t\t\t<div class=\"elementor-element elementor-element-afe88b8 elementor-widget-divider--view-line elementor-widget elementor-widget-global elementor-global-21906 elementor-global-1396 elementor-global-1396 elementor-widget-divider\" data-id=\"afe88b8\" data-element_type=\"widget\" data-e-type=\"widget\" data-widget_type=\"divider.default\">\n\t\t\t\t<div class=\"elementor-widget-container\">\n\t\t\t\t\t\t\t<div class=\"elementor-divider\">\n\t\t\t<span class=\"elementor-divider-separator\">\n\t\t\t\t\t\t<\/span>\n\t\t<\/div>\n\t\t\t\t\t\t<\/div>\n\t\t\t\t<\/div>\n\t\t\t\t<div class=\"elementor-element elementor-element-7dca5ef elementor-widget elementor-widget-text-editor\" data-id=\"7dca5ef\" data-element_type=\"widget\" data-e-type=\"widget\" data-widget_type=\"text-editor.default\">\n\t\t\t\t<div class=\"elementor-widget-container\">\n\t\t\t\t\t\t\t\t\t<p>Oltre all&#8217;introduzione delle vele 4T FORTE\u2122, OneSails \u00e8 il primo produttore di vele al mondo a fornire vele con un chip elettronico integrato nella membrana come standard.<br>Il microchip OneSD\u2122 contiene dati che aiutano l&#8217;utilizzatore ed il network OneSails a identificare e monitorare la vela nel corso della sua vita. \u00c8 sufficiente posizionare un dispositivo idoneo sul chip per leggere i dati registrati e quelli di progettazione.<\/p>\n<p>Attualmente \u00e8 uno strumento utilizzato internamente tra i Loft OneSails, ma presto sar\u00e0 introdotta una versione PRO del chip OneSD\u2122, che fornir\u00e0 importanti funzionalit\u00e0 per il cliente.&nbsp;<br>Le possibilit\u00e0 saranno molteplici: registrazione in tempo reale durante la navigazione se collegata ai sistemi di bordo, misurazione delle ore di esposizione ai raggi UV o del numero di virate e strambate effettuate.&nbsp;Tutto verr\u00e0 registrato con l&#8217;obiettivo di tenere traccia dell&#8217;utilizzo e migliorare le prestazioni della vela e l&#8217;esperienza del proprietario.<\/p>\t\t\t\t\t\t\t\t<\/div>\n\t\t\t\t<\/div>\n\t\t\t\t<div class=\"elementor-element elementor-element-6fbbfca elementor-hidden-desktop elementor-hidden-tablet elementor-hidden-mobile elementor-widget elementor-widget-text-editor\" data-id=\"6fbbfca\" data-element_type=\"widget\" data-e-type=\"widget\" data-widget_type=\"text-editor.default\">\n\t\t\t\t<div class=\"elementor-widget-container\">\n\t\t\t\t\t\t\t\t\t<p>Oltre all&#8217;introduzione delle vele 4T FORTE\u2122, OneSails \u00e8 il primo produttore di vele al mondo a fornire vele con un chip elettronico integrato nella membrana come standard.<br>Il microchip OneSD\u2122 contiene dati che aiutano l&#8217;utilizzatore ed il network OneSails a identificare e monitorare la vela nel corso della sua vita. \u00c8 sufficiente posizionare un dispositivo idoneo sul chip per leggere i dati registrati e quelli di progettazione.<\/p>\n<p><span style=\"color: var( --e-global-color-text ); font-family: var( --e-global-typography-text-font-family ), Sans-serif; font-size: var( --e-global-typography-text-font-size ); font-weight: var( --e-global-typography-text-font-weight ); letter-spacing: var( --e-global-typography-text-letter-spacing ); text-align: var(--text-align);\">A PRO version of the OneSD\u2122 chip will shortly be introduced which will allow real-time recording of the sail&#8217;s activity when linked to onboard systems. There are many possibilities, from hours exposed to UV, to the number of tacks and gybes experienced &#8211; all recorded with the aim of improving sail performance and the ownership experience.<\/span><br><\/p>\t\t\t\t\t\t\t\t<\/div>\n\t\t\t\t<\/div>\n\t\t\t\t<div class=\"elementor-element elementor-element-6aefdb5 elementor-widget__width-inherit elementor-hidden-desktop elementor-hidden-tablet elementor-hidden-mobile elementor-widget elementor-widget-heading\" data-id=\"6aefdb5\" data-element_type=\"widget\" data-e-type=\"widget\" data-widget_type=\"heading.default\">\n\t\t\t\t<div class=\"elementor-widget-container\">\n\t\t\t\t\t<h2 class=\"elementor-heading-title elementor-size-default\"><a href=\"http:\/\/onesails.com\/media\/\/wysiwyg\/onesails\/technology\/onesd-guide.pdf\" rel=\"noopener\">How it works \u00bb<\/a><\/h2>\t\t\t\t<\/div>\n\t\t\t\t<\/div>\n\t\t\t\t<div class=\"elementor-element elementor-element-92a84e0 elementor-widget__width-inherit elementor-hidden-desktop elementor-hidden-tablet elementor-hidden-mobile elementor-widget elementor-widget-heading\" data-id=\"92a84e0\" data-element_type=\"widget\" data-e-type=\"widget\" data-widget_type=\"heading.default\">\n\t\t\t\t<div class=\"elementor-widget-container\">\n\t\t\t\t\t<h2 class=\"elementor-heading-title elementor-size-default\"><a href=\"http:\/\/onesd.onesails.com\/onesail\/\" rel=\"noopener\">Go to login page \u00bb<\/a><\/h2>\t\t\t\t<\/div>\n\t\t\t\t<\/div>\n\t\t\t\t<div class=\"elementor-element elementor-element-df00a95 elementor-widget__width-inherit elementor-hidden-desktop elementor-hidden-tablet elementor-hidden-mobile elementor-widget elementor-widget-heading\" data-id=\"df00a95\" data-element_type=\"widget\" data-e-type=\"widget\" data-widget_type=\"heading.default\">\n\t\t\t\t<div class=\"elementor-widget-container\">\n\t\t\t\t\t<h2 class=\"elementor-heading-title elementor-size-default\"><a href=\"http:\/\/onesd.onesails.com\/onesail\/\" rel=\"noopener\">Download App \u00bb<\/a><\/h2>\t\t\t\t<\/div>\n\t\t\t\t<\/div>\n\t\t\t\t<\/div>\n\t\t\t\t<div class=\"elementor-element elementor-element-008cc91 elementor-hidden-desktop elementor-hidden-tablet elementor-hidden-mobile elementor-widget elementor-widget-image\" data-id=\"008cc91\" data-element_type=\"widget\" data-e-type=\"widget\" data-widget_type=\"image.default\">\n\t\t\t\t<div class=\"elementor-widget-container\">\n\t\t\t\t\t\t\t\t\t\t\t\t\t\t\t<img decoding=\"async\" src=\"https:\/\/www.onesails.com\/wp-content\/uploads\/Google_Play_Store_badge_EN.svg\" class=\"attachment-full size-full wp-image-12635\" alt=\"\" \/>\t\t\t\t\t\t\t\t\t\t\t\t\t\t\t<\/div>\n\t\t\t\t<\/div>\n\t\t\t\t\t<\/div>\n\t\t\t\t<\/div>\n\t\t\t\t<\/div>\n\t\t<\/div>\n\t\t\t\t\t\t<\/div>\n\t\t\t\t<\/div>\n\t\t\t\t<\/div>\n\t\t<div class=\"elementor-element elementor-element-ab9f428 e-flex e-con-boxed e-con e-parent\" data-id=\"ab9f428\" data-element_type=\"container\" data-e-type=\"container\" data-settings=\"{&quot;background_background&quot;:&quot;classic&quot;}\">\n\t\t\t\t\t<div class=\"e-con-inner\">\n\t\t\t\t<div class=\"elementor-element elementor-element-ad92187 elementor-widget elementor-widget-shortcode\" data-id=\"ad92187\" data-element_type=\"widget\" data-e-type=\"widget\" data-widget_type=\"shortcode.default\">\n\t\t\t\t<div class=\"elementor-widget-container\">\n\t\t\t\t\t\t\t<div class=\"elementor-shortcode\">\t\t<div data-elementor-type=\"container\" data-elementor-id=\"21897\" class=\"elementor elementor-21897 elementor-3108 elementor-3108\" data-elementor-post-type=\"elementor_library\">\n\t\t\t\t<div class=\"elementor-element elementor-element-903d9f2 e-con-full e-flex e-con e-parent\" data-id=\"903d9f2\" data-element_type=\"container\" data-e-type=\"container\" data-settings=\"{&quot;background_background&quot;:&quot;classic&quot;}\">\n\t\t\t\t<div class=\"elementor-element elementor-element-f6ab10b elementor-widget__width-inherit elementor-widget elementor-widget-heading\" data-id=\"f6ab10b\" data-element_type=\"widget\" data-e-type=\"widget\" data-widget_type=\"heading.default\">\n\t\t\t\t<div class=\"elementor-widget-container\">\n\t\t\t\t\t<h2 class=\"elementor-heading-title elementor-size-default\">Perch\u00e9 scegliere OneSails<\/h2>\t\t\t\t<\/div>\n\t\t\t\t<\/div>\n\t\t\t\t<div class=\"elementor-element elementor-element-e244c58 elementor-widget-divider--view-line elementor-widget elementor-widget-global elementor-global-21906 elementor-global-1396 elementor-global-1396 elementor-widget-divider\" data-id=\"e244c58\" data-element_type=\"widget\" data-e-type=\"widget\" data-widget_type=\"divider.default\">\n\t\t\t\t<div class=\"elementor-widget-container\">\n\t\t\t\t\t\t\t<div class=\"elementor-divider\">\n\t\t\t<span class=\"elementor-divider-separator\">\n\t\t\t\t\t\t<\/span>\n\t\t<\/div>\n\t\t\t\t\t\t<\/div>\n\t\t\t\t<\/div>\n\t\t<div class=\"elementor-element elementor-element-ade289d e-con-full e-flex e-con e-child\" data-id=\"ade289d\" data-element_type=\"container\" data-e-type=\"container\">\n\t\t\t\t<div class=\"elementor-element elementor-element-474290e elementor-widget__width-inherit elementor-widget elementor-widget-heading\" data-id=\"474290e\" data-element_type=\"widget\" data-e-type=\"widget\" data-widget_type=\"heading.default\">\n\t\t\t\t<div class=\"elementor-widget-container\">\n\t\t\t\t\t<h2 class=\"elementor-heading-title elementor-size-default\">1. Tecnologia Esclusiva<\/h2>\t\t\t\t<\/div>\n\t\t\t\t<\/div>\n\t\t\t\t<div class=\"elementor-element elementor-element-90488bf elementor-widget elementor-widget-text-editor\" data-id=\"90488bf\" data-element_type=\"widget\" data-e-type=\"widget\" data-widget_type=\"text-editor.default\">\n\t\t\t\t<div class=\"elementor-widget-container\">\n\t\t\t\t\t\t\t\t\t<p>Da oltre 15 anni il team progettuale OneSails sviluppa tecnologie esclusive per realizzare vele a fili continui (in un unico pezzo) per imbarcazioni da regata e da crociera.<\/p>\n\t\t\t\t\t\t\t\t<\/div>\n\t\t\t\t<\/div>\n\t\t\t\t<\/div>\n\t\t<div class=\"elementor-element elementor-element-566c58d e-con-full e-flex e-con e-child\" data-id=\"566c58d\" data-element_type=\"container\" data-e-type=\"container\">\n\t\t\t\t<div class=\"elementor-element elementor-element-388d292 elementor-widget__width-inherit elementor-widget elementor-widget-heading\" data-id=\"388d292\" data-element_type=\"widget\" data-e-type=\"widget\" data-widget_type=\"heading.default\">\n\t\t\t\t<div class=\"elementor-widget-container\">\n\t\t\t\t\t<h2 class=\"elementor-heading-title elementor-size-default\">2. Performance<\/h2>\t\t\t\t<\/div>\n\t\t\t\t<\/div>\n\t\t\t\t<div class=\"elementor-element elementor-element-96ca7cd elementor-widget elementor-widget-text-editor\" data-id=\"96ca7cd\" data-element_type=\"widget\" data-e-type=\"widget\" data-widget_type=\"text-editor.default\">\n\t\t\t\t<div class=\"elementor-widget-container\">\n\t\t\t\t\t\t\t\t\t<p>Peso, controllo della forma, resistenza alla deformazione, sono caratteristiche che si traducono in migliori prestazioni rispetto alle vele tradizionali a pannelli .<\/p>\n\t\t\t\t\t\t\t\t<\/div>\n\t\t\t\t<\/div>\n\t\t\t\t<\/div>\n\t\t<div class=\"elementor-element elementor-element-a105e0b e-con-full e-flex e-con e-child\" data-id=\"a105e0b\" data-element_type=\"container\" data-e-type=\"container\">\n\t\t\t\t<div class=\"elementor-element elementor-element-5b46d1c elementor-widget__width-inherit elementor-widget elementor-widget-heading\" data-id=\"5b46d1c\" data-element_type=\"widget\" data-e-type=\"widget\" data-widget_type=\"heading.default\">\n\t\t\t\t<div class=\"elementor-widget-container\">\n\t\t\t\t\t<h2 class=\"elementor-heading-title elementor-size-default\">3. Qualit\u00e0<\/h2>\t\t\t\t<\/div>\n\t\t\t\t<\/div>\n\t\t\t\t<div class=\"elementor-element elementor-element-2338a5d elementor-widget elementor-widget-text-editor\" data-id=\"2338a5d\" data-element_type=\"widget\" data-e-type=\"widget\" data-widget_type=\"text-editor.default\">\n\t\t\t\t<div class=\"elementor-widget-container\">\n\t\t\t\t\t\t\t\t\t<p>Le vele sono progettate e realizzate secondo gli standard pi\u00f9 elevati, con componenti accuratamente selezionati per garantire la massima qualit\u00e0 e durata. Le membrane 4T FORTE\u2122 sono prodotte esclusivamente in Italia. L&#8217;intero processo di assemblaggio \u00e8 realizzato in un unico stabilimento che garantisce il rispetto di tutti gli standard richiesti.  <\/p>\n\t\t\t\t\t\t\t\t<\/div>\n\t\t\t\t<\/div>\n\t\t\t\t<\/div>\n\t\t<div class=\"elementor-element elementor-element-9b831cd e-con-full e-flex e-con e-child\" data-id=\"9b831cd\" data-element_type=\"container\" data-e-type=\"container\">\n\t\t\t\t<div class=\"elementor-element elementor-element-23335c2 elementor-widget__width-inherit elementor-widget elementor-widget-heading\" data-id=\"23335c2\" data-element_type=\"widget\" data-e-type=\"widget\" data-widget_type=\"heading.default\">\n\t\t\t\t<div class=\"elementor-widget-container\">\n\t\t\t\t\t<h2 class=\"elementor-heading-title elementor-size-default\">4. Design<\/h2>\t\t\t\t<\/div>\n\t\t\t\t<\/div>\n\t\t\t\t<div class=\"elementor-element elementor-element-433dc11 elementor-widget elementor-widget-text-editor\" data-id=\"433dc11\" data-element_type=\"widget\" data-e-type=\"widget\" data-widget_type=\"text-editor.default\">\n\t\t\t\t<div class=\"elementor-widget-container\">\n\t\t\t\t\t\t\t\t\t<p>Le migliori soluzioni sono il risultato di un&#8217;analisi continua e dell&#8217;esperienza maturata nel tempo. OneSails \u00e8 all&#8217;avanguardia nell&#8217;industria della produzione delle vele e investe continuamente in ricerca e sviluppo per garantire la disponibilit\u00e0 delle migliori forme. Il successo di questo approccio \u00e8 confermato dal vasto numero di trionfi ottenuti dai clienti OneSails, che hanno partecipato a campionati nazionali, internazionali e mondiali.  <\/p>\n\t\t\t\t\t\t\t\t<\/div>\n\t\t\t\t<\/div>\n\t\t\t\t<\/div>\n\t\t<div class=\"elementor-element elementor-element-000b687 e-con-full e-flex e-con e-child\" data-id=\"000b687\" data-element_type=\"container\" data-e-type=\"container\">\n\t\t\t\t<div class=\"elementor-element elementor-element-7aa3bbf elementor-widget__width-inherit elementor-widget elementor-widget-heading\" data-id=\"7aa3bbf\" data-element_type=\"widget\" data-e-type=\"widget\" data-widget_type=\"heading.default\">\n\t\t\t\t<div class=\"elementor-widget-container\">\n\t\t\t\t\t<h2 class=\"elementor-heading-title elementor-size-default\">5. Assistenza<\/h2>\t\t\t\t<\/div>\n\t\t\t\t<\/div>\n\t\t\t\t<div class=\"elementor-element elementor-element-f6f21fd elementor-widget elementor-widget-text-editor\" data-id=\"f6f21fd\" data-element_type=\"widget\" data-e-type=\"widget\" data-widget_type=\"text-editor.default\">\n\t\t\t\t<div class=\"elementor-widget-container\">\n\t\t\t\t\t\t\t\t\t<p>Un&#8217;attivit\u00e0 fondamentale per ogni veleria OneSails \u00e8 quella di fornire servizi, supporto e assistenza di prima classe. Come parte del nostro impegno di assistenza, ogni veleria OneSails ha un team di esperti a disposizione per soddisfare con dedizione ogni tipo di richiesta. Oltre a un numero crescente di velerie primarie, il Gruppo OneSails dispone di un&#8217;ampia rete di centri di assistenza, posizionati strategicamente su tutta la linea costiera mondiale.  <\/p>\n\t\t\t\t\t\t\t\t<\/div>\n\t\t\t\t<\/div>\n\t\t\t\t<\/div>\n\t\t<div class=\"elementor-element elementor-element-9a59580 e-con-full e-flex e-con e-child\" data-id=\"9a59580\" data-element_type=\"container\" data-e-type=\"container\">\n\t\t\t\t<div class=\"elementor-element elementor-element-38869a4e elementor-widget elementor-widget-image\" data-id=\"38869a4e\" data-element_type=\"widget\" data-e-type=\"widget\" data-widget_type=\"image.default\">\n\t\t\t\t<div class=\"elementor-widget-container\">\n\t\t\t\t\t\t\t\t\t\t\t\t\t\t\t<img fetchpriority=\"high\" decoding=\"async\" width=\"480\" height=\"313\" src=\"https:\/\/www.onesails.com\/wp-content\/uploads\/why-choose-01.jpg\" class=\"attachment-full size-full wp-image-1884\" alt=\"\" \/>\t\t\t\t\t\t\t\t\t\t\t\t\t\t\t<\/div>\n\t\t\t\t<\/div>\n\t\t\t\t<\/div>\n\t\t\t\t<\/div>\n\t\t\t\t<\/div>\n\t\t<\/div>\n\t\t\t\t\t\t<\/div>\n\t\t\t\t<\/div>\n\t\t\t\t\t<\/div>\n\t\t\t\t<\/div>\n\t\t\t\t<\/div>\n\t\t","protected":false},"excerpt":{"rendered":"","protected":false},"author":5,"featured_media":13118,"parent":0,"menu_order":0,"comment_status":"closed","ping_status":"closed","template":"","meta":{"_acf_changed":false,"footnotes":""},"class_list":["post-24096","page","type-page","status-publish","has-post-thumbnail","hentry"],"acf":[],"_links":{"self":[{"href":"https:\/\/www.onesails.com\/it\/wp-json\/wp\/v2\/pages\/24096","targetHints":{"allow":["GET"]}}],"collection":[{"href":"https:\/\/www.onesails.com\/it\/wp-json\/wp\/v2\/pages"}],"about":[{"href":"https:\/\/www.onesails.com\/it\/wp-json\/wp\/v2\/types\/page"}],"author":[{"embeddable":true,"href":"https:\/\/www.onesails.com\/it\/wp-json\/wp\/v2\/users\/5"}],"replies":[{"embeddable":true,"href":"https:\/\/www.onesails.com\/it\/wp-json\/wp\/v2\/comments?post=24096"}],"version-history":[{"count":3,"href":"https:\/\/www.onesails.com\/it\/wp-json\/wp\/v2\/pages\/24096\/revisions"}],"predecessor-version":[{"id":24099,"href":"https:\/\/www.onesails.com\/it\/wp-json\/wp\/v2\/pages\/24096\/revisions\/24099"}],"wp:featuredmedia":[{"embeddable":true,"href":"https:\/\/www.onesails.com\/it\/wp-json\/wp\/v2\/media\/13118"}],"wp:attachment":[{"href":"https:\/\/www.onesails.com\/it\/wp-json\/wp\/v2\/media?parent=24096"}],"curies":[{"name":"wp","href":"https:\/\/api.w.org\/{rel}","templated":true}]}}