{"id":33932,"date":"2024-02-02T19:09:27","date_gmt":"2024-02-02T18:09:27","guid":{"rendered":"https:\/\/www.onesails.com\/arajanlat\/"},"modified":"2026-02-03T16:24:08","modified_gmt":"2026-02-03T15:24:08","slug":"arajanlat","status":"publish","type":"page","link":"https:\/\/www.onesails.com\/hu\/arajanlat\/","title":{"rendered":"\u00c1raj\u00e1nlat"},"content":{"rendered":"\t\t<div data-elementor-type=\"wp-page\" data-elementor-id=\"33932\" class=\"elementor elementor-33932\" data-elementor-post-type=\"page\">\n\t\t\t\t<div class=\"elementor-element elementor-element-7ca2a2a e-con-full e-flex e-con e-parent\" data-id=\"7ca2a2a\" data-element_type=\"container\" data-e-type=\"container\">\n\t\t\t\t<div class=\"elementor-element elementor-element-efdd533 elementor-widget elementor-widget-shortcode\" data-id=\"efdd533\" data-element_type=\"widget\" data-e-type=\"widget\" data-widget_type=\"shortcode.default\">\n\t\t\t\t<div class=\"elementor-widget-container\">\n\t\t\t\t\t\t\t<div class=\"elementor-shortcode\">\t\t<div data-elementor-type=\"container\" data-elementor-id=\"25872\" class=\"elementor elementor-25872\" data-elementor-post-type=\"elementor_library\">\n\t\t\t\t<div class=\"elementor-element elementor-element-14ce183f e-con-full e-flex e-con e-parent\" data-id=\"14ce183f\" data-element_type=\"container\" data-e-type=\"container\" data-settings=\"{&quot;background_background&quot;:&quot;classic&quot;}\">\n\t\t\t\t<\/div>\n\t\t\t\t<\/div>\n\t\t<\/div>\n\t\t\t\t\t\t<\/div>\n\t\t\t\t<\/div>\n\t\t\t\t<\/div>\n\t\t<div class=\"elementor-element elementor-element-46ccb78 e-flex e-con-boxed e-con e-parent\" data-id=\"46ccb78\" data-element_type=\"container\" data-e-type=\"container\">\n\t\t\t\t\t<div class=\"e-con-inner\">\n\t\t\t\t<div class=\"elementor-element elementor-element-8696248 elementor-widget-divider--view-line elementor-widget elementor-widget-global elementor-global-1396 elementor-widget-divider\" data-id=\"8696248\" data-element_type=\"widget\" data-e-type=\"widget\" data-widget_type=\"divider.default\">\n\t\t\t\t<div class=\"elementor-widget-container\">\n\t\t\t\t\t\t\t<div class=\"elementor-divider\">\n\t\t\t<span class=\"elementor-divider-separator\">\n\t\t\t\t\t\t<\/span>\n\t\t<\/div>\n\t\t\t\t\t\t<\/div>\n\t\t\t\t<\/div>\n\t\t\t\t<div class=\"elementor-element elementor-element-8313ede elementor-widget elementor-widget-text-editor\" data-id=\"8313ede\" data-element_type=\"widget\" data-e-type=\"widget\" data-widget_type=\"text-editor.default\">\n\t\t\t\t<div class=\"elementor-widget-container\">\n\t\t\t\t\t\t\t\t\t<p>A OneSailsn\u00e9l b\u00fcszk\u00e9k vagyunk arra a h\u00edrnev\u00fcnkre, hogy az \u00fcgyfeleink ig\u00e9nyeinek legink\u00e1bb megfelel\u0151 term\u00e9keket aj\u00e1nlunk. Vegye fel vel\u00fcnk a kapcsolatot, hogy az \u00d6n ig\u00e9nyeire szabott megold\u00e1st k\u00edn\u00e1lhassunk. Sz\u00e9les vitorlav\u00e1laszt\u00e9kkal rendelkez\u00fcnk szinte b\u00e1rmilyen projekthez, versenyk\u00e9pes \u00e1rakon.<br><br>  <\/p><p>A OneSails-szel az al\u00e1bbi \u0171rlap kit\u00f6lt\u00e9s\u00e9vel, e-mailben, vagy telefonon is kapcsolatba l\u00e9phet. A csillaggal (*) jel\u00f6lt mez\u0151k kit\u00f6lt\u00e9se k\u00f6telez\u0151. <\/p>\t\t\t\t\t\t\t\t<\/div>\n\t\t\t\t<\/div>\n\t\t\t\t<div class=\"elementor-element elementor-element-dd0d2e1 elementor-widget elementor-widget-shortcode\" data-id=\"dd0d2e1\" data-element_type=\"widget\" data-e-type=\"widget\" data-widget_type=\"shortcode.default\">\n\t\t\t\t<div class=\"elementor-widget-container\">\n\t\t\t\t\t\t\t<div class=\"elementor-shortcode\">[contact-form-7 id=\"ed1fb6f\" title=\"K\u00e9rjen \u00e1raj\u00e1nlatot\"]<\/div>\n\t\t\t\t\t\t<\/div>\n\t\t\t\t<\/div>\n\t\t\t\t\t<\/div>\n\t\t\t\t<\/div>\n\t\t\t\t<\/div>\n\t\t","protected":false},"excerpt":{"rendered":"<p>A OneSailsn\u00e9l b\u00fcszk\u00e9k vagyunk arra a h\u00edrnev\u00fcnkre, hogy az \u00fcgyfeleink ig\u00e9nyeinek legink\u00e1bb megfelel\u0151 term\u00e9keket aj\u00e1nlunk. Vegye fel vel\u00fcnk a kapcsolatot, hogy az \u00d6n ig\u00e9nyeire szabott megold\u00e1st k\u00edn\u00e1lhassunk. Sz\u00e9les vitorlav\u00e1laszt\u00e9kkal rendelkez\u00fcnk szinte b\u00e1rmilyen projekthez, versenyk\u00e9pes \u00e1rakon. A OneSails-szel az al\u00e1bbi \u0171rlap kit\u00f6lt\u00e9s\u00e9vel, e-mailben, vagy telefonon is kapcsolatba l\u00e9phet. A csillaggal (*) jel\u00f6lt mez\u0151k kit\u00f6lt\u00e9se k\u00f6telez\u0151. [contact-form-7 [&hellip;]<\/p>\n","protected":false},"author":4,"featured_media":0,"parent":0,"menu_order":0,"comment_status":"closed","ping_status":"closed","template":"","meta":{"_acf_changed":false,"footnotes":""},"class_list":["post-33932","page","type-page","status-publish","hentry"],"acf":[],"_links":{"self":[{"href":"https:\/\/www.onesails.com\/hu\/wp-json\/wp\/v2\/pages\/33932","targetHints":{"allow":["GET"]}}],"collection":[{"href":"https:\/\/www.onesails.com\/hu\/wp-json\/wp\/v2\/pages"}],"about":[{"href":"https:\/\/www.onesails.com\/hu\/wp-json\/wp\/v2\/types\/page"}],"author":[{"embeddable":true,"href":"https:\/\/www.onesails.com\/hu\/wp-json\/wp\/v2\/users\/4"}],"replies":[{"embeddable":true,"href":"https:\/\/www.onesails.com\/hu\/wp-json\/wp\/v2\/comments?post=33932"}],"version-history":[{"count":3,"href":"https:\/\/www.onesails.com\/hu\/wp-json\/wp\/v2\/pages\/33932\/revisions"}],"predecessor-version":[{"id":33935,"href":"https:\/\/www.onesails.com\/hu\/wp-json\/wp\/v2\/pages\/33932\/revisions\/33935"}],"wp:attachment":[{"href":"https:\/\/www.onesails.com\/hu\/wp-json\/wp\/v2\/media?parent=33932"}],"curies":[{"name":"wp","href":"https:\/\/api.w.org\/{rel}","templated":true}]}}