{"id":33765,"date":"2024-02-11T11:43:35","date_gmt":"2024-02-11T10:43:35","guid":{"rendered":"https:\/\/www.onesails.com\/edzesnaplo\/"},"modified":"2026-01-12T14:29:52","modified_gmt":"2026-01-12T13:29:52","slug":"edzesnaplo","status":"publish","type":"page","link":"https:\/\/www.onesails.com\/hu\/edzesnaplo\/","title":{"rendered":"Edz\u00e9snapl\u00f3"},"content":{"rendered":"\t\t<div data-elementor-type=\"wp-page\" data-elementor-id=\"33765\" class=\"elementor elementor-33765 elementor-16403\" data-elementor-post-type=\"page\">\n\t\t\t\t<div class=\"elementor-element elementor-element-12a05af e-con-full e-flex e-con e-parent\" data-id=\"12a05af\" data-element_type=\"container\" data-e-type=\"container\">\n\t\t\t\t<div class=\"elementor-element elementor-element-a94552a elementor-widget elementor-widget-shortcode\" data-id=\"a94552a\" data-element_type=\"widget\" data-e-type=\"widget\" data-widget_type=\"shortcode.default\">\n\t\t\t\t<div class=\"elementor-widget-container\">\n\t\t\t\t\t\t\t<div class=\"elementor-shortcode\">\t\t<div data-elementor-type=\"container\" data-elementor-id=\"25872\" class=\"elementor elementor-25872\" data-elementor-post-type=\"elementor_library\">\n\t\t\t\t<div class=\"elementor-element elementor-element-14ce183f e-con-full e-flex e-con e-parent\" data-id=\"14ce183f\" data-element_type=\"container\" data-e-type=\"container\" data-settings=\"{&quot;background_background&quot;:&quot;classic&quot;}\">\n\t\t\t\t<\/div>\n\t\t\t\t<\/div>\n\t\t<\/div>\n\t\t\t\t\t\t<\/div>\n\t\t\t\t<\/div>\n\t\t\t\t<\/div>\n\t\t<div class=\"elementor-element elementor-element-92de553 e-flex e-con-boxed e-con e-parent\" data-id=\"92de553\" data-element_type=\"container\" data-e-type=\"container\">\n\t\t\t\t\t<div class=\"e-con-inner\">\n\t\t\t\t<div class=\"elementor-element elementor-element-1396 elementor-widget-divider--view-line elementor-widget elementor-widget-global elementor-global-1396 elementor-widget-divider\" data-id=\"1396\" data-element_type=\"widget\" data-e-type=\"widget\" data-widget_type=\"divider.default\">\n\t\t\t\t<div class=\"elementor-widget-container\">\n\t\t\t\t\t\t\t<div class=\"elementor-divider\">\n\t\t\t<span class=\"elementor-divider-separator\">\n\t\t\t\t\t\t<\/span>\n\t\t<\/div>\n\t\t\t\t\t\t<\/div>\n\t\t\t\t<\/div>\n\t\t\t\t<div class=\"elementor-element elementor-element-cf34356 elementor-widget elementor-widget-text-editor\" data-id=\"cf34356\" data-element_type=\"widget\" data-e-type=\"widget\" data-widget_type=\"text-editor.default\">\n\t\t\t\t<div class=\"elementor-widget-container\">\n\t\t\t\t\t\t\t\t\t<p><strong> <\/strong><\/p><p><span style=\"color: var( --e-global-color-text ); font-family: var( --e-global-typography-text-font-family ), Sans-serif; font-size: var( --e-global-typography-text-font-size ); font-weight: var( --e-global-typography-text-font-weight ); letter-spacing: var( --e-global-typography-text-letter-spacing ); text-align: var(--text-align);\"><strong><a href=\"http:\/\/td.onesails.one\/\" rel=\"noopener\">A Onesails Tuning Diary<\/a> <\/strong> (OTD) egy webalkalmaz\u00e1s, amelyet az\u00e9rt fejlesztettek, hogy a vitorl\u00e1z\u00f3k \u00f6sszegy\u0171jthess\u00e9k haj\u00f3juk be\u00e1ll\u00edt\u00e1saival kapcsolatos \u00f6sszes inform\u00e1ci\u00f3t \u00e9s ezeket az inform\u00e1ci\u00f3kat egy \u00e9rt\u00e9kel\u0151 rendszer alapj\u00e1n dolgozhass\u00e1k fel.<br> <br> <br><\/span><\/p><p>Mivel ezt az eszk\u00f6zt f\u0151k\u00e9nt a fed\u00e9lzeten vagy sz\u00e1m\u00edt\u00f3g\u00e9pt\u0151l t\u00e1vol haszn\u00e1lj\u00e1k, az OTD-t reszponz\u00edv webalkalmaz\u00e1sk\u00e9nt fejlesztett\u00e9k ki, vagyis b\u00e1rmilyen k\u00e9perny\u0151m\u00e9rethez alkalmazkodik an\u00e9lk\u00fcl, hogy a tartalom torzulna. Ez a funkci\u00f3 lehet\u0151v\u00e9 teszi, hogy b\u00e1rmely okostelefonr\u00f3l k\u00f6nnyen \u00e9s k\u00e9nyelmesen haszn\u00e1lhat\u00f3 legyen. <\/p><p>A legjobb teljes\u00edtm\u00e9ny \u00e9rdek\u00e9ben Firefox vagy Chrome haszn\u00e1lata aj\u00e1nlott.<\/p>\t\t\t\t\t\t\t\t<\/div>\n\t\t\t\t<\/div>\n\t\t\t\t<div class=\"elementor-element elementor-element-28aaf45 elementor-widget__width-inherit elementor-widget elementor-widget-heading\" data-id=\"28aaf45\" data-element_type=\"widget\" data-e-type=\"widget\" data-widget_type=\"heading.default\">\n\t\t\t\t<div class=\"elementor-widget-container\">\n\t\t\t\t\t<h2 class=\"elementor-heading-title elementor-size-default\"><br>1. L\u00c9P\u00c9S<\/h2>\t\t\t\t<\/div>\n\t\t\t\t<\/div>\n\t\t\t\t<div class=\"elementor-element elementor-element-a634c39 elementor-widget-divider--view-line elementor-widget elementor-widget-global elementor-global-1396 elementor-widget-divider\" data-id=\"a634c39\" data-element_type=\"widget\" data-e-type=\"widget\" data-widget_type=\"divider.default\">\n\t\t\t\t<div class=\"elementor-widget-container\">\n\t\t\t\t\t\t\t<div class=\"elementor-divider\">\n\t\t\t<span class=\"elementor-divider-separator\">\n\t\t\t\t\t\t<\/span>\n\t\t<\/div>\n\t\t\t\t\t\t<\/div>\n\t\t\t\t<\/div>\n\t\t\t\t<div class=\"elementor-element elementor-element-d6eb41d elementor-widget__width-initial elementor-widget elementor-widget-text-editor\" data-id=\"d6eb41d\" data-element_type=\"widget\" data-e-type=\"widget\" data-widget_type=\"text-editor.default\">\n\t\t\t\t<div class=\"elementor-widget-container\">\n\t\t\t\t\t\t\t\t\t<p><strong>Iratkozz fel<\/strong> a <strong>Regisztr\u00e1ci\u00f3<\/strong> gomb megnyom\u00e1s\u00e1val a bejelentkez\u00e9s oldalon.<\/p><p>\u00daj haj\u00f3 l\u00e9trehoz\u00e1sa: a kezd\u0151lapon kattints a <strong>Haj\u00f3 hozz\u00e1ad\u00e1sa\/szerkeszt\u00e9se<\/strong> gombra<\/p><p><strong>Add meg a haj\u00f3 nev\u00e9t \u00e9s t\u00edpus\u00e1t:<\/strong> fel\u0151sz\u00f6r \u00edrd be a haj\u00f3 nev\u00e9t \u00e9s t\u00edpus\u00e1t a megfelel\u0151 mez\u0151kbe. Ha kor\u00e1bban m\u00e1r r\u00f6gz\u00edtett\u00e9l egy m\u00e1sik haj\u00f3t, kattints az <strong>\u201e\u00daj haj\u00f3\u201d<\/strong> gombra.. <\/p><p><strong>\u00c1ll\u00edtsd be a param\u00e9tereket<\/strong>: itt adhatod meg\/szerkesztheted a haj\u00f3dhoz r\u00f6gz\u00edteni k\u00edv\u00e1nt m\u00e9r\u00e9seket. \u00daj param\u00e9ter hozz\u00e1ad\u00e1s\u00e1hoz kattints a \u201e+\u201d gombra a <strong>\u201eRig Tuning\u201d<\/strong> c\u00edm alatt. <\/p><p>Meg lehet adni egy alapbe\u00e1ll\u00edt\u00e1st is, majd ehhez viszony\u00edtva lehet a tov\u00e1bbi m\u00e9r\u00e9seket hozz\u00e1aadni. P\u00e9ld\u00e1ul, ha az alap vantnifeszess\u00e9g \u00e9rt\u00e9ke 10, \u00edrd be ezt az \u00e9rt\u00e9ket a megfelel\u0151 mez\u0151be, \u00edgy referencia\u00e9rt\u00e9kk\u00e9nt fog megjelenni, amikor \u00faj adatot viszel be. MINDEN mez\u0151 kit\u00f6lt\u00e9se k\u00f6telez\u0151, az alap\u00e9rt\u00e9k kiv\u00e9tel\u00e9vel.  <\/p><p>\u00daj bejegyz\u00e9s hozz\u00e1ad\u00e1sakor a param\u00e9terek abban a sorrendben jelennek meg, ahogyan itt meg lettek hat\u00e1rozva, erz\u00e9rt aj\u00e1nlott a gyakrabban haszn\u00e1lt param\u00e9tereket fel\u00fclre helyezni. Sz\u00fcks\u00e9g eset\u00e9n egy sor \u00e1th\u00faz\u00e1s\u00e1val m\u00f3dos\u00edthat\u00f3 a poz\u00edci\u00f3ja.  <\/p><p><strong>A vitorlak\u00e9szlet meghat\u00e1roz\u00e1sa<\/strong>: a <strong>Sail Inventory<\/strong> c\u00edm alatt tal\u00e1lhat\u00f3 + gombra kattintva \u00faj vitorl\u00e1t adhatsz hozz\u00e1 a k\u00e9szletedhez. Itt lehet\u0151s\u00e9g van a megl\u00e9v\u0151 vitorl\u00e1k nev\u00e9nek szerkeszt\u00e9s\u00e9re is. <\/p>\t\t\t\t\t\t\t\t<\/div>\n\t\t\t\t<\/div>\n\t\t<div class=\"elementor-element elementor-element-fc4e1ca e-con-full e-flex e-con e-child\" data-id=\"fc4e1ca\" data-element_type=\"container\" data-e-type=\"container\">\n\t\t\t\t<div class=\"elementor-element elementor-element-c3fc490 elementor-widget__width-initial elementor-widget elementor-widget-image\" data-id=\"c3fc490\" data-element_type=\"widget\" data-e-type=\"widget\" data-widget_type=\"image.default\">\n\t\t\t\t<div class=\"elementor-widget-container\">\n\t\t\t\t\t\t\t\t\t\t\t\t\t\t\t<img fetchpriority=\"high\" decoding=\"async\" width=\"624\" height=\"1350\" src=\"https:\/\/www.onesails.com\/wp-content\/uploads\/tuning_diary_01.jpg\" class=\"attachment-full size-full wp-image-16404\" alt=\"\" srcset=\"https:\/\/www.onesails.com\/wp-content\/uploads\/tuning_diary_01.jpg 624w, https:\/\/www.onesails.com\/wp-content\/uploads\/tuning_diary_01-231x500.jpg 231w, https:\/\/www.onesails.com\/wp-content\/uploads\/tuning_diary_01-555x1200.jpg 555w\" sizes=\"(max-width: 624px) 100vw, 624px\" \/>\t\t\t\t\t\t\t\t\t\t\t\t\t\t\t<\/div>\n\t\t\t\t<\/div>\n\t\t\t\t<div class=\"elementor-element elementor-element-184b544 elementor-widget__width-initial elementor-widget elementor-widget-image\" data-id=\"184b544\" data-element_type=\"widget\" data-e-type=\"widget\" data-widget_type=\"image.default\">\n\t\t\t\t<div class=\"elementor-widget-container\">\n\t\t\t\t\t\t\t\t\t\t\t\t\t\t\t<img decoding=\"async\" width=\"556\" height=\"1200\" src=\"https:\/\/www.onesails.com\/wp-content\/uploads\/tuning_diary_02-556x1200.jpg\" class=\"attachment-large size-large wp-image-16416\" alt=\"\" srcset=\"https:\/\/www.onesails.com\/wp-content\/uploads\/tuning_diary_02-556x1200.jpg 556w, https:\/\/www.onesails.com\/wp-content\/uploads\/tuning_diary_02-232x500.jpg 232w, https:\/\/www.onesails.com\/wp-content\/uploads\/tuning_diary_02.jpg 624w\" sizes=\"(max-width: 556px) 100vw, 556px\" \/>\t\t\t\t\t\t\t\t\t\t\t\t\t\t\t<\/div>\n\t\t\t\t<\/div>\n\t\t\t\t<\/div>\n\t\t\t\t<div class=\"elementor-element elementor-element-df40ce4 elementor-widget__width-inherit elementor-widget elementor-widget-heading\" data-id=\"df40ce4\" data-element_type=\"widget\" data-e-type=\"widget\" data-widget_type=\"heading.default\">\n\t\t\t\t<div class=\"elementor-widget-container\">\n\t\t\t\t\t<h2 class=\"elementor-heading-title elementor-size-default\"><br>2. L\u00c9P\u00c9S<\/h2>\t\t\t\t<\/div>\n\t\t\t\t<\/div>\n\t\t\t\t<div class=\"elementor-element elementor-element-855fb3f elementor-widget-divider--view-line elementor-widget elementor-widget-global elementor-global-1396 elementor-widget-divider\" data-id=\"855fb3f\" data-element_type=\"widget\" data-e-type=\"widget\" data-widget_type=\"divider.default\">\n\t\t\t\t<div class=\"elementor-widget-container\">\n\t\t\t\t\t\t\t<div class=\"elementor-divider\">\n\t\t\t<span class=\"elementor-divider-separator\">\n\t\t\t\t\t\t<\/span>\n\t\t<\/div>\n\t\t\t\t\t\t<\/div>\n\t\t\t\t<\/div>\n\t\t\t\t<div class=\"elementor-element elementor-element-8a06bb3 elementor-widget__width-initial elementor-widget elementor-widget-text-editor\" data-id=\"8a06bb3\" data-element_type=\"widget\" data-e-type=\"widget\" data-widget_type=\"text-editor.default\">\n\t\t\t\t<div class=\"elementor-widget-container\">\n\t\t\t\t\t\t\t\t\t<p>Edz\u00e9s- \u00e9s versenyadatok hozz\u00e1ad\u00e1sa<\/p><p>Egy edz\u00e9s\/verseny nap adatainak hozz\u00e1ad\u00e1s\u00e1hoz kattints a Home oldalon az Add Record gombra, majd a <strong>Select Boat<\/strong> men\u00fcb\u0151l v\u00e1laszd ki a kor\u00e1bban hozz\u00e1adott haj\u00f3t. Miut\u00e1n az alkalmaz\u00e1s bet\u00f6ltt\u00f6tte az adott haj\u00f3hoz tartoz\u00f3 \u00f6sszes param\u00e9tert \u00e9s vitorlainform\u00e1ci\u00f3t, t\u00f6ltsd ki az \u00f6sszes sz\u00fcks\u00e9ges mez\u0151t.  <\/p><p>Nagyon fontos, hogy az egyes bejegyz\u00e9sek k\u00f6z\u00f6tt k\u00f6vetkezetesek legy\u00fcnk. P\u00e9ld\u00e1ul, ha ugyanahhoz a port\u00f3i cerv\u00f3i versenyhez az els\u0151 futamn\u00e1l a Location mez\u0151be azt \u00edrod, hogy Porto Cervo, a m\u00e1sodikn\u00e1l pedig azt, hogy PortoCervo, az k\u00e9s\u0151bb probl\u00e9m\u00e1kat okoz majd az adatb\u00e1zis lek\u00e9rdez\u00e9sek sor\u00e1n. <\/p><p>Egy bejegyz\u00e9s elment\u00e9se ut\u00e1n a mez\u0151k kit\u00f6ltve maradnak, hogy felgyors\u00edts\u00e1k egy \u00faj, hasonl\u00f3 adatokkal rendelkez\u0151 bejegyz\u00e9s hozz\u00e1ad\u00e1s\u00e1t.<\/p><p>A <strong>Tactics<\/strong> szekci\u00f3ban arra is van lehet\u0151s\u00e9g, hogy r\u00f6gz\u00edtsd a taktik\u00e1ra vonatkoz\u00f3 inform\u00e1i\u00f3kat azaz hogy kreuz, illetve b\u0151szeles szakaszokon melyik oldal volt a kedvez\u0151bb<\/p><p>V\u00e9g\u00fcl meg kell adni egy 0 \u00e9s 10 k\u00f6z\u00f6tti pontsz\u00e1mot asebess\u00e9gre mind a kreuz, mind a b\u0151szeles szakaszon. A k\u00f6vetkezetess\u00e9g \u00e9rdek\u00e9ben ide\u00e1lis esetben mindig ugyanaz a szem\u00e9ly adja a pontsz\u00e1mokat. <\/p><p>Az ilyen jelleg\u0171 pontsz\u00e1m megb\u00edzhat\u00f3s\u00e1ga (<strong>Score Reliability<\/strong>) att\u00f3l f\u00fcgg, mennyire megb\u00edzhat\u00f3ak a k\u00f6r\u00fclm\u00e9nyek az adott napon. Egy p\u00f6ff\u00f6s szeles vitorl\u00e1z\u00e1s eset\u00e9n az adatok min\u0151s\u00e9ge nagyon alacsony lesz, m\u00edg egy hossz\u00fa, stabil sz\u00e9lben v\u00e9gzett sebess\u00e9gtesztn\u00e9l magas. <\/p>\t\t\t\t\t\t\t\t<\/div>\n\t\t\t\t<\/div>\n\t\t\t\t<div class=\"elementor-element elementor-element-3c88ee9 elementor-widget__width-initial elementor-widget elementor-widget-image\" data-id=\"3c88ee9\" data-element_type=\"widget\" data-e-type=\"widget\" data-widget_type=\"image.default\">\n\t\t\t\t<div class=\"elementor-widget-container\">\n\t\t\t\t\t\t\t\t\t\t\t\t\t\t\t<img decoding=\"async\" width=\"554\" height=\"1200\" src=\"https:\/\/www.onesails.com\/wp-content\/uploads\/tuning_diary_03-554x1200.jpg\" class=\"attachment-large size-large wp-image-16428\" alt=\"\" srcset=\"https:\/\/www.onesails.com\/wp-content\/uploads\/tuning_diary_03-554x1200.jpg 554w, https:\/\/www.onesails.com\/wp-content\/uploads\/tuning_diary_03-231x500.jpg 231w, https:\/\/www.onesails.com\/wp-content\/uploads\/tuning_diary_03.jpg 620w\" sizes=\"(max-width: 554px) 100vw, 554px\" \/>\t\t\t\t\t\t\t\t\t\t\t\t\t\t\t<\/div>\n\t\t\t\t<\/div>\n\t\t\t\t<div class=\"elementor-element elementor-element-09d1398 elementor-widget__width-inherit elementor-widget elementor-widget-heading\" data-id=\"09d1398\" data-element_type=\"widget\" data-e-type=\"widget\" data-widget_type=\"heading.default\">\n\t\t\t\t<div class=\"elementor-widget-container\">\n\t\t\t\t\t<h2 class=\"elementor-heading-title elementor-size-default\"><br>3. L\u00c9P\u00c9S<\/h2>\t\t\t\t<\/div>\n\t\t\t\t<\/div>\n\t\t\t\t<div class=\"elementor-element elementor-element-b446bcf elementor-widget-divider--view-line elementor-widget elementor-widget-global elementor-global-1396 elementor-widget-divider\" data-id=\"b446bcf\" data-element_type=\"widget\" data-e-type=\"widget\" data-widget_type=\"divider.default\">\n\t\t\t\t<div class=\"elementor-widget-container\">\n\t\t\t\t\t\t\t<div class=\"elementor-divider\">\n\t\t\t<span class=\"elementor-divider-separator\">\n\t\t\t\t\t\t<\/span>\n\t\t<\/div>\n\t\t\t\t\t\t<\/div>\n\t\t\t\t<\/div>\n\t\t\t\t<div class=\"elementor-element elementor-element-3391ebf elementor-widget__width-initial elementor-widget elementor-widget-text-editor\" data-id=\"3391ebf\" data-element_type=\"widget\" data-e-type=\"widget\" data-widget_type=\"text-editor.default\">\n\t\t\t\t<div class=\"elementor-widget-container\">\n\t\t\t\t\t\t\t\t\t<p><span style=\"color: var( --e-global-color-text ); font-family: var( --e-global-typography-text-font-family ), Sans-serif; font-size: var( --e-global-typography-text-font-size ); font-weight: var( --e-global-typography-text-font-weight ); letter-spacing: var( --e-global-typography-text-letter-spacing ); text-align: var(--text-align);\">Lek\u00e9rdez\u00e9sek<\/span><\/p><p>A <strong>Query<\/strong> oldalon lehet\u0151s\u00e9g van az adatb\u00e1zis \u00f6sszes bejegyz\u00e9s\u00e9nek lek\u00e9rdez\u00e9s\u00e9re, valamint sz\u0171r\u0151k alkalmaz\u00e1s\u00e1ra.<\/p><p>A mentett adatok t\u00e1bl\u00e1zatos form\u00e1ban jelennek meg.<\/p><p>Ha el szeretn\u00e9l t\u00e1vol\u00edtani n\u00e9h\u00e1ny oszlopot az eredm\u00e9nyt\u00e1bl\u00e1zatb\u00f3l, egyszer\u0171en vedd ki a jel\u00f6l\u00e9st a <strong>Column Selector<\/strong> gombra kattint\u00e1s ut\u00e1n.<\/p><p>V\u00e9g\u00fcl a <strong>Site Query<\/strong> oldal lehet\u0151s\u00e9get ad arra, hogy egy adott helysz\u00ednhez tartoz\u00f3 taktikai inform\u00e1ci\u00f3kat k\u00e9rdezz le az adatb\u00e1zisb\u00f3l. Amikor visszat\u00e9rsz vitorl\u00e1zni egy olyan helyre, ahol m\u00e1r kor\u00e1bban is j\u00e1rt\u00e1l, gyorsan \u00e9s egyszer\u0171en \u00e1tn\u00e9zheted a kor\u00e1bban r\u00f6gz\u00edtett megjegyz\u00e9seidet. Ez a lek\u00e9rdez\u00e9s nem a haj\u00f3 t\u00edpus\u00e1t\u00f3l, hanem kiz\u00e1r\u00f3lag a helysz\u00ednt\u0151l f\u00fcgg.  <\/p>\t\t\t\t\t\t\t\t<\/div>\n\t\t\t\t<\/div>\n\t\t\t\t<div class=\"elementor-element elementor-element-59111fb elementor-widget__width-initial elementor-widget elementor-widget-image\" data-id=\"59111fb\" data-element_type=\"widget\" data-e-type=\"widget\" data-widget_type=\"image.default\">\n\t\t\t\t<div class=\"elementor-widget-container\">\n\t\t\t\t\t\t\t\t\t\t\t\t\t\t\t<img loading=\"lazy\" decoding=\"async\" width=\"624\" height=\"1346\" src=\"https:\/\/www.onesails.com\/wp-content\/uploads\/tuning_diary_04.jpg\" class=\"attachment-full size-full wp-image-16440\" alt=\"\" srcset=\"https:\/\/www.onesails.com\/wp-content\/uploads\/tuning_diary_04.jpg 624w, https:\/\/www.onesails.com\/wp-content\/uploads\/tuning_diary_04-232x500.jpg 232w, https:\/\/www.onesails.com\/wp-content\/uploads\/tuning_diary_04-556x1200.jpg 556w\" sizes=\"(max-width: 624px) 100vw, 624px\" \/>\t\t\t\t\t\t\t\t\t\t\t\t\t\t\t<\/div>\n\t\t\t\t<\/div>\n\t\t\t\t<div class=\"elementor-element elementor-element-61170fe elementor-widget elementor-widget-text-editor\" data-id=\"61170fe\" data-element_type=\"widget\" data-e-type=\"widget\" data-widget_type=\"text-editor.default\">\n\t\t\t\t<div class=\"elementor-widget-container\">\n\t\t\t\t\t\t\t\t\t<p> <\/p><p> <\/p><p style=\"text-align: center;\">Tov\u00e1bbi inform\u00e1ci\u00f3val vagy technikai probl\u00e9m\u00e1val kapcsolatban k\u00e9rj\u00fck, vedd fel vel\u00fcnk a kapcsolatot a k\u00f6vetkez\u0151 e-mail-c\u00edmen: <a href=\"mailto:tuningdiary@onesails.com\">tuningdiary@onesails.com<\/a><\/p><p style=\"text-align: center;\"><strong>A OneSails Tuning Diary haszn\u00e1lat\u00e1nak megkezd\u00e9s\u00e9hez k\u00e9rj\u00fck, l\u00e1togass el a k\u00f6vetkez\u0151 oldalra: <a href=\"http:\/\/td.onesails.one\/\" rel=\"noopener\">td.onesails.one<\/a><\/strong><\/p>\t\t\t\t\t\t\t\t<\/div>\n\t\t\t\t<\/div>\n\t\t\t\t\t<\/div>\n\t\t\t\t<\/div>\n\t\t\t\t<\/div>\n\t\t","protected":false},"excerpt":{"rendered":"<p>A Onesails Tuning Diary (OTD) egy webalkalmaz\u00e1s, amelyet az\u00e9rt fejlesztettek, hogy a vitorl\u00e1z\u00f3k \u00f6sszegy\u0171jthess\u00e9k haj\u00f3juk be\u00e1ll\u00edt\u00e1saival kapcsolatos \u00f6sszes inform\u00e1ci\u00f3t \u00e9s ezeket az inform\u00e1ci\u00f3kat egy \u00e9rt\u00e9kel\u0151 rendszer alapj\u00e1n dolgozhass\u00e1k fel. Mivel ezt az eszk\u00f6zt f\u0151k\u00e9nt a fed\u00e9lzeten vagy sz\u00e1m\u00edt\u00f3g\u00e9pt\u0151l t\u00e1vol haszn\u00e1lj\u00e1k, az OTD-t reszponz\u00edv webalkalmaz\u00e1sk\u00e9nt fejlesztett\u00e9k ki, vagyis b\u00e1rmilyen k\u00e9perny\u0151m\u00e9rethez alkalmazkodik an\u00e9lk\u00fcl, hogy a tartalom torzulna. [&hellip;]<\/p>\n","protected":false},"author":4,"featured_media":0,"parent":0,"menu_order":0,"comment_status":"closed","ping_status":"closed","template":"","meta":{"_acf_changed":false,"footnotes":""},"class_list":["post-33765","page","type-page","status-publish","hentry"],"acf":[],"_links":{"self":[{"href":"https:\/\/www.onesails.com\/hu\/wp-json\/wp\/v2\/pages\/33765","targetHints":{"allow":["GET"]}}],"collection":[{"href":"https:\/\/www.onesails.com\/hu\/wp-json\/wp\/v2\/pages"}],"about":[{"href":"https:\/\/www.onesails.com\/hu\/wp-json\/wp\/v2\/types\/page"}],"author":[{"embeddable":true,"href":"https:\/\/www.onesails.com\/hu\/wp-json\/wp\/v2\/users\/4"}],"replies":[{"embeddable":true,"href":"https:\/\/www.onesails.com\/hu\/wp-json\/wp\/v2\/comments?post=33765"}],"version-history":[{"count":1,"href":"https:\/\/www.onesails.com\/hu\/wp-json\/wp\/v2\/pages\/33765\/revisions"}],"predecessor-version":[{"id":33766,"href":"https:\/\/www.onesails.com\/hu\/wp-json\/wp\/v2\/pages\/33765\/revisions\/33766"}],"wp:attachment":[{"href":"https:\/\/www.onesails.com\/hu\/wp-json\/wp\/v2\/media?parent=33765"}],"curies":[{"name":"wp","href":"https:\/\/api.w.org\/{rel}","templated":true}]}}