{"id":31367,"date":"2024-02-02T14:06:30","date_gmt":"2024-02-02T13:06:30","guid":{"rendered":"https:\/\/www.onesails.com\/questions-frequemment-posees\/"},"modified":"2025-01-23T11:14:44","modified_gmt":"2025-01-23T10:14:44","slug":"questions-frequemment-posees","status":"publish","type":"page","link":"https:\/\/www.onesails.com\/fr\/questions-frequemment-posees\/","title":{"rendered":"Questions fr\u00e9quemment pos\u00e9es"},"content":{"rendered":"\t\t<div data-elementor-type=\"wp-page\" data-elementor-id=\"31367\" class=\"elementor elementor-31367 elementor-14184\" data-elementor-post-type=\"page\">\n\t\t\t\t<div class=\"elementor-element elementor-element-04210a3 e-flex e-con-boxed e-con e-parent\" data-id=\"04210a3\" data-element_type=\"container\" data-e-type=\"container\" data-settings=\"{&quot;background_background&quot;:&quot;classic&quot;}\">\n\t\t\t\t\t<div class=\"e-con-inner\">\n\t\t\t\t\t<\/div>\n\t\t\t\t<\/div>\n\t\t<div class=\"elementor-element elementor-element-b64aa6a e-flex e-con-boxed e-con e-parent\" data-id=\"b64aa6a\" data-element_type=\"container\" data-e-type=\"container\">\n\t\t\t\t\t<div class=\"e-con-inner\">\n\t\t\t\t<div class=\"elementor-element elementor-element-1396 elementor-widget-divider--view-line elementor-widget elementor-widget-global elementor-global-1396 elementor-widget-divider\" data-id=\"1396\" data-element_type=\"widget\" data-e-type=\"widget\" data-widget_type=\"divider.default\">\n\t\t\t\t<div class=\"elementor-widget-container\">\n\t\t\t\t\t\t\t<div class=\"elementor-divider\">\n\t\t\t<span class=\"elementor-divider-separator\">\n\t\t\t\t\t\t<\/span>\n\t\t<\/div>\n\t\t\t\t\t\t<\/div>\n\t\t\t\t<\/div>\n\t\t\t\t<div class=\"elementor-element elementor-element-5b9caa7 elementor-icon-list--layout-traditional elementor-list-item-link-full_width elementor-widget elementor-widget-icon-list\" data-id=\"5b9caa7\" data-element_type=\"widget\" data-e-type=\"widget\" data-widget_type=\"icon-list.default\">\n\t\t\t\t<div class=\"elementor-widget-container\">\n\t\t\t\t\t\t\t<ul class=\"elementor-icon-list-items\">\n\t\t\t\t\t\t\t<li class=\"elementor-icon-list-item\">\n\t\t\t\t\t\t\t\t\t\t\t<a href=\"#anchor-1\">\n\n\t\t\t\t\t\t\t\t\t\t\t<span class=\"elementor-icon-list-text\">1. Contacts et distributeurs dans les pays<\/span>\n\t\t\t\t\t\t\t\t\t\t\t<\/a>\n\t\t\t\t\t\t\t\t\t<\/li>\n\t\t\t\t\t\t\t\t<li class=\"elementor-icon-list-item\">\n\t\t\t\t\t\t\t\t\t\t\t<a href=\"#anchor-2\">\n\n\t\t\t\t\t\t\t\t\t\t\t<span class=\"elementor-icon-list-text\">2. Service apr\u00e8s-vente des produits<\/span>\n\t\t\t\t\t\t\t\t\t\t\t<\/a>\n\t\t\t\t\t\t\t\t\t<\/li>\n\t\t\t\t\t\t\t\t<li class=\"elementor-icon-list-item\">\n\t\t\t\t\t\t\t\t\t\t\t<a href=\"#anchor-3\">\n\n\t\t\t\t\t\t\t\t\t\t\t<span class=\"elementor-icon-list-text\">3. Les parrainages<\/span>\n\t\t\t\t\t\t\t\t\t\t\t<\/a>\n\t\t\t\t\t\t\t\t\t<\/li>\n\t\t\t\t\t\t\t\t<li class=\"elementor-icon-list-item\">\n\t\t\t\t\t\t\t\t\t\t\t<a href=\"#anchor-4\">\n\n\t\t\t\t\t\t\t\t\t\t\t<span class=\"elementor-icon-list-text\">4. Carri\u00e8res<\/span>\n\t\t\t\t\t\t\t\t\t\t\t<\/a>\n\t\t\t\t\t\t\t\t\t<\/li>\n\t\t\t\t\t\t\t\t<li class=\"elementor-icon-list-item\">\n\t\t\t\t\t\t\t\t\t\t\t<a href=\"#anchor-5\">\n\n\t\t\t\t\t\t\t\t\t\t\t<span class=\"elementor-icon-list-text\">5. Marketing et publicit\u00e9<\/span>\n\t\t\t\t\t\t\t\t\t\t\t<\/a>\n\t\t\t\t\t\t\t\t\t<\/li>\n\t\t\t\t\t\t\t\t<li class=\"elementor-icon-list-item\">\n\t\t\t\t\t\t\t\t\t\t\t<a href=\"#anchor-6\">\n\n\t\t\t\t\t\t\t\t\t\t\t<span class=\"elementor-icon-list-text\">6. Fournisseurs<\/span>\n\t\t\t\t\t\t\t\t\t\t\t<\/a>\n\t\t\t\t\t\t\t\t\t<\/li>\n\t\t\t\t\t\t<\/ul>\n\t\t\t\t\t\t<\/div>\n\t\t\t\t<\/div>\n\t\t\t\t<div class=\"elementor-element elementor-element-ae86e3c elementor-widget-divider--view-line elementor-widget elementor-widget-global elementor-global-1396 elementor-widget-divider\" data-id=\"ae86e3c\" data-element_type=\"widget\" data-e-type=\"widget\" data-widget_type=\"divider.default\">\n\t\t\t\t<div class=\"elementor-widget-container\">\n\t\t\t\t\t\t\t<div class=\"elementor-divider\">\n\t\t\t<span class=\"elementor-divider-separator\">\n\t\t\t\t\t\t<\/span>\n\t\t<\/div>\n\t\t\t\t\t\t<\/div>\n\t\t\t\t<\/div>\n\t\t\t\t<div class=\"elementor-element elementor-element-6a5f91e elementor-widget elementor-widget-text-editor\" data-id=\"6a5f91e\" data-element_type=\"widget\" data-e-type=\"widget\" data-widget_type=\"text-editor.default\">\n\t\t\t\t<div class=\"elementor-widget-container\">\n\t\t\t\t\t\t\t\t\t<p><strong>Informations de contact<\/strong><br \/>Bienvenue au centre de contact de OneSails.<br \/>\nSi vous avez des questions ou des commentaires concernant OneSails ou les produits OneSails, veuillez consulter notre section des questions fr\u00e9quemment pos\u00e9es.  Vous pouvez peut-\u00eatre obtenir les r\u00e9ponses \u00e0 vos questions en ligne d\u00e8s maintenant.<br \/>\nVous pouvez \u00e9galement nous contacter par courrier \u00e9lectronique : <a href=\"mailto:info@onesails.com\">info@onesails.com<\/a> <\/p>\n<p>Merci d&rsquo;avoir pris le temps de nous contacter.<\/p>\n\t\t\t\t\t\t\t\t<\/div>\n\t\t\t\t<\/div>\n\t\t\t\t<div class=\"elementor-element elementor-element-0295665 elementor-widget-divider--view-line elementor-widget elementor-widget-global elementor-global-1396 elementor-widget-divider\" data-id=\"0295665\" data-element_type=\"widget\" data-e-type=\"widget\" data-widget_type=\"divider.default\">\n\t\t\t\t<div class=\"elementor-widget-container\">\n\t\t\t\t\t\t\t<div class=\"elementor-divider\">\n\t\t\t<span class=\"elementor-divider-separator\">\n\t\t\t\t\t\t<\/span>\n\t\t<\/div>\n\t\t\t\t\t\t<\/div>\n\t\t\t\t<\/div>\n\t\t\t\t<div class=\"elementor-element elementor-element-246b7a6 elementor-widget elementor-widget-heading\" data-id=\"246b7a6\" data-element_type=\"widget\" data-e-type=\"widget\" id=\"anchor-1\" data-widget_type=\"heading.default\">\n\t\t\t\t<div class=\"elementor-widget-container\">\n\t\t\t\t\t<h2 class=\"elementor-heading-title elementor-size-default\">1. Contacts et distributeurs dans les pays<\/h2>\t\t\t\t<\/div>\n\t\t\t\t<\/div>\n\t\t\t\t<div class=\"elementor-element elementor-element-3fe812d elementor-widget elementor-widget-text-editor\" data-id=\"3fe812d\" data-element_type=\"widget\" data-e-type=\"widget\" data-widget_type=\"text-editor.default\">\n\t\t\t\t<div class=\"elementor-widget-container\">\n\t\t\t\t\t\t\t\t\t<p><strong>Q. Comment puis-je contacter OneSails dans mon pays ?<\/strong><\/p>\n<p>Veuillez consulter la carte du monde \u00e0 la page <a href=\"https:\/\/www.onesails.com\/lofts\/\">CONTACTS<\/a> pour trouver les coordonn\u00e9es du point de vente OneSails le plus proche de chez vous. Si aucun revendeur n&rsquo;est r\u00e9pertori\u00e9 dans votre pays, veuillez nous contacter \u00e0 l&rsquo;adresse suivante : <a href=\"mailto:info@onesails.com\">info@onesails.com<\/a> <\/p>\n\t\t\t\t\t\t\t\t<\/div>\n\t\t\t\t<\/div>\n\t\t\t\t<div class=\"elementor-element elementor-element-362e812 elementor-position-inline-start elementor-widget__width-inherit elementor-view-default elementor-mobile-position-block-start elementor-widget elementor-widget-global elementor-global-14342 elementor-widget-icon-box\" data-id=\"362e812\" data-element_type=\"widget\" data-e-type=\"widget\" data-widget_type=\"icon-box.default\">\n\t\t\t\t<div class=\"elementor-widget-container\">\n\t\t\t\t\t\t\t<div class=\"elementor-icon-box-wrapper\">\n\n\t\t\t\t\t\t<div class=\"elementor-icon-box-icon\">\n\t\t\t\t<a href=\"#anchor-top\" class=\"elementor-icon\" tabindex=\"-1\" aria-label=\"Return to Top\">\n\t\t\t\t<i aria-hidden=\"true\" class=\"fas fa-angle-up\"><\/i>\t\t\t\t<\/a>\n\t\t\t<\/div>\n\t\t\t\n\t\t\t\t\t\t<div class=\"elementor-icon-box-content\">\n\n\t\t\t\t\t\t\t\t\t<h3 class=\"elementor-icon-box-title\">\n\t\t\t\t\t\t<a href=\"#anchor-top\" >\n\t\t\t\t\t\t\tReturn to Top\t\t\t\t\t\t<\/a>\n\t\t\t\t\t<\/h3>\n\t\t\t\t\n\t\t\t\t\n\t\t\t<\/div>\n\t\t\t\n\t\t<\/div>\n\t\t\t\t\t\t<\/div>\n\t\t\t\t<\/div>\n\t\t\t\t<div class=\"elementor-element elementor-element-8fcf15e elementor-widget-divider--view-line elementor-widget elementor-widget-global elementor-global-1396 elementor-widget-divider\" data-id=\"8fcf15e\" data-element_type=\"widget\" data-e-type=\"widget\" data-widget_type=\"divider.default\">\n\t\t\t\t<div class=\"elementor-widget-container\">\n\t\t\t\t\t\t\t<div class=\"elementor-divider\">\n\t\t\t<span class=\"elementor-divider-separator\">\n\t\t\t\t\t\t<\/span>\n\t\t<\/div>\n\t\t\t\t\t\t<\/div>\n\t\t\t\t<\/div>\n\t\t\t\t<div class=\"elementor-element elementor-element-f2b5378 elementor-widget elementor-widget-heading\" data-id=\"f2b5378\" data-element_type=\"widget\" data-e-type=\"widget\" id=\"anchor-2\" data-widget_type=\"heading.default\">\n\t\t\t\t<div class=\"elementor-widget-container\">\n\t\t\t\t\t<h2 class=\"elementor-heading-title elementor-size-default\">2. Service apr\u00e8s-vente des produits<\/h2>\t\t\t\t<\/div>\n\t\t\t\t<\/div>\n\t\t\t\t<div class=\"elementor-element elementor-element-08fd9fd elementor-widget elementor-widget-text-editor\" data-id=\"08fd9fd\" data-element_type=\"widget\" data-e-type=\"widget\" data-widget_type=\"text-editor.default\">\n\t\t\t\t<div class=\"elementor-widget-container\">\n\t\t\t\t\t\t\t\t\t<p><strong>Q. Quelle est la politique de garantie de OneSails ?<\/strong><\/p>\n<p>Toutes les nouvelles voiles OneSails sont garanties \u00e0 compter de la date de livraison.<br \/>\nLa dur\u00e9e de la garantie peut varier en fonction du pays et du type de produit concern\u00e9.<br \/>\nSi votre voile pr\u00e9sente un d\u00e9faut de mat\u00e9riaux, de fabrication ou de main-d&rsquo;\u0153uvre pendant la p\u00e9riode de garantie, OneSails sera en mesure d&rsquo;effectuer gratuitement les r\u00e9parations n\u00e9cessaires.<br \/>\nLa garantie ne couvre pas les dommages caus\u00e9s par un accident, un mauvais entretien, une n\u00e9gligence, l&rsquo;usure normale ou la d\u00e9gradation naturelle des couleurs et des mat\u00e9riaux au fil du temps et de l&rsquo;utilisation.<br \/>\nLes dommages non couverts par la garantie seront r\u00e9par\u00e9s \u00e0 un prix raisonnable.<br \/>\nPour b\u00e9n\u00e9ficier de la garantie, votre produit doit \u00eatre renvoy\u00e9 directement au revendeur OneSails aupr\u00e8s duquel vous l&rsquo;avez achet\u00e9.     <\/p>\n<p><strong>Q. La politique de garantie couvre-t-elle les produits d&rsquo;occasion ?<\/strong><\/p>\n<p>Cette garantie ne couvre pas les produits d&rsquo;occasion.<\/p>\n<p><strong>Q. L&rsquo;usure normale est-elle couverte par la garantie ?<\/strong><\/p>\n<p>Nous fabriquons tous nos produits selon nos propres normes.<br \/>\nCependant, quel que soit le soin que vous apportez \u00e0 votre produit OneSails, il finira par montrer des signes de vieillissement et d&rsquo;usure.<br \/>\nLa garantie OneSails couvre les d\u00e9fauts de fabrication et de mat\u00e9riaux, mais ne couvre pas l&rsquo;usure normale.  <\/p>\n\t\t\t\t\t\t\t\t<\/div>\n\t\t\t\t<\/div>\n\t\t\t\t<div class=\"elementor-element elementor-element-ad1093d elementor-position-inline-start elementor-widget__width-inherit elementor-view-default elementor-mobile-position-block-start elementor-widget elementor-widget-global elementor-global-14342 elementor-widget-icon-box\" data-id=\"ad1093d\" data-element_type=\"widget\" data-e-type=\"widget\" data-widget_type=\"icon-box.default\">\n\t\t\t\t<div class=\"elementor-widget-container\">\n\t\t\t\t\t\t\t<div class=\"elementor-icon-box-wrapper\">\n\n\t\t\t\t\t\t<div class=\"elementor-icon-box-icon\">\n\t\t\t\t<a href=\"#anchor-top\" class=\"elementor-icon\" tabindex=\"-1\" aria-label=\"Return to Top\">\n\t\t\t\t<i aria-hidden=\"true\" class=\"fas fa-angle-up\"><\/i>\t\t\t\t<\/a>\n\t\t\t<\/div>\n\t\t\t\n\t\t\t\t\t\t<div class=\"elementor-icon-box-content\">\n\n\t\t\t\t\t\t\t\t\t<h3 class=\"elementor-icon-box-title\">\n\t\t\t\t\t\t<a href=\"#anchor-top\" >\n\t\t\t\t\t\t\tReturn to Top\t\t\t\t\t\t<\/a>\n\t\t\t\t\t<\/h3>\n\t\t\t\t\n\t\t\t\t\n\t\t\t<\/div>\n\t\t\t\n\t\t<\/div>\n\t\t\t\t\t\t<\/div>\n\t\t\t\t<\/div>\n\t\t\t\t<div class=\"elementor-element elementor-element-d44babf elementor-widget-divider--view-line elementor-widget elementor-widget-global elementor-global-1396 elementor-widget-divider\" data-id=\"d44babf\" data-element_type=\"widget\" data-e-type=\"widget\" data-widget_type=\"divider.default\">\n\t\t\t\t<div class=\"elementor-widget-container\">\n\t\t\t\t\t\t\t<div class=\"elementor-divider\">\n\t\t\t<span class=\"elementor-divider-separator\">\n\t\t\t\t\t\t<\/span>\n\t\t<\/div>\n\t\t\t\t\t\t<\/div>\n\t\t\t\t<\/div>\n\t\t\t\t<div class=\"elementor-element elementor-element-d7bb372 elementor-widget elementor-widget-heading\" data-id=\"d7bb372\" data-element_type=\"widget\" data-e-type=\"widget\" id=\"anchor-3\" data-widget_type=\"heading.default\">\n\t\t\t\t<div class=\"elementor-widget-container\">\n\t\t\t\t\t<h2 class=\"elementor-heading-title elementor-size-default\">3. Les parrainages<\/h2>\t\t\t\t<\/div>\n\t\t\t\t<\/div>\n\t\t\t\t<div class=\"elementor-element elementor-element-900c1ab elementor-widget elementor-widget-text-editor\" data-id=\"900c1ab\" data-element_type=\"widget\" data-e-type=\"widget\" data-widget_type=\"text-editor.default\">\n\t\t\t\t<div class=\"elementor-widget-container\">\n\t\t\t\t\t\t\t\t\t<p><strong>Q. Comment puis-je obtenir le soutien de OneSails pour mes activit\u00e9s de course ?<br \/>\nQuelles sont les qualifications requises pour mon projet ? <\/strong><\/p>\n<p>OneSails est continuellement \u00e0 la recherche de nouveaux projets li\u00e9s au monde de la voile et de la mer.<br \/>\nSi votre projet r\u00e9pond aux crit\u00e8res suivants, nous aimerions examiner votre proposition. <\/p>\n<p>Votre bateau (ou votre \u00e9quipe) participe-t-il aux comp\u00e9titions suivantes : Championnats du monde IRC ou ORC, championnats d&rsquo;Europe et championnats nationaux ?<\/p>\n<p>Votre \u00e9quipe s&rsquo;est-elle class\u00e9e dans les trois premiers au cours de l&rsquo;ann\u00e9e \u00e9coul\u00e9e dans au moins une des comp\u00e9titions suivantes : championnat mondial, continental ou national ; r\u00e9gates importantes ou renomm\u00e9es ?<\/p>\n<p>\u00cates-vous responsable de l&rsquo;organisation d&rsquo;une r\u00e9gate dans le cadre des comp\u00e9titions d\u00e9crites ci-dessus ?<\/p>\n<p>Si vous pensez que votre projet r\u00e9pond \u00e0 ces exigences, veuillez soumettre votre proposition \u00e0 : <a href=\"mailto:info@onesails.com\">info@onesails.com<\/a><\/p>\n\t\t\t\t\t\t\t\t<\/div>\n\t\t\t\t<\/div>\n\t\t\t\t<div class=\"elementor-element elementor-element-24213bc elementor-position-inline-start elementor-widget__width-inherit elementor-view-default elementor-mobile-position-block-start elementor-widget elementor-widget-global elementor-global-14342 elementor-widget-icon-box\" data-id=\"24213bc\" data-element_type=\"widget\" data-e-type=\"widget\" data-widget_type=\"icon-box.default\">\n\t\t\t\t<div class=\"elementor-widget-container\">\n\t\t\t\t\t\t\t<div class=\"elementor-icon-box-wrapper\">\n\n\t\t\t\t\t\t<div class=\"elementor-icon-box-icon\">\n\t\t\t\t<a href=\"#anchor-top\" class=\"elementor-icon\" tabindex=\"-1\" aria-label=\"Return to Top\">\n\t\t\t\t<i aria-hidden=\"true\" class=\"fas fa-angle-up\"><\/i>\t\t\t\t<\/a>\n\t\t\t<\/div>\n\t\t\t\n\t\t\t\t\t\t<div class=\"elementor-icon-box-content\">\n\n\t\t\t\t\t\t\t\t\t<h3 class=\"elementor-icon-box-title\">\n\t\t\t\t\t\t<a href=\"#anchor-top\" >\n\t\t\t\t\t\t\tReturn to Top\t\t\t\t\t\t<\/a>\n\t\t\t\t\t<\/h3>\n\t\t\t\t\n\t\t\t\t\n\t\t\t<\/div>\n\t\t\t\n\t\t<\/div>\n\t\t\t\t\t\t<\/div>\n\t\t\t\t<\/div>\n\t\t\t\t<div class=\"elementor-element elementor-element-58e6160 elementor-widget-divider--view-line elementor-widget elementor-widget-global elementor-global-1396 elementor-widget-divider\" data-id=\"58e6160\" data-element_type=\"widget\" data-e-type=\"widget\" data-widget_type=\"divider.default\">\n\t\t\t\t<div class=\"elementor-widget-container\">\n\t\t\t\t\t\t\t<div class=\"elementor-divider\">\n\t\t\t<span class=\"elementor-divider-separator\">\n\t\t\t\t\t\t<\/span>\n\t\t<\/div>\n\t\t\t\t\t\t<\/div>\n\t\t\t\t<\/div>\n\t\t\t\t<div class=\"elementor-element elementor-element-26524ba elementor-widget elementor-widget-heading\" data-id=\"26524ba\" data-element_type=\"widget\" data-e-type=\"widget\" id=\"anchor-4\" data-widget_type=\"heading.default\">\n\t\t\t\t<div class=\"elementor-widget-container\">\n\t\t\t\t\t<h2 class=\"elementor-heading-title elementor-size-default\">4. Carri\u00e8res<\/h2>\t\t\t\t<\/div>\n\t\t\t\t<\/div>\n\t\t\t\t<div class=\"elementor-element elementor-element-af5b9d9 elementor-widget__width-inherit elementor-widget elementor-widget-text-editor\" data-id=\"af5b9d9\" data-element_type=\"widget\" data-e-type=\"widget\" data-widget_type=\"text-editor.default\">\n\t\t\t\t<div class=\"elementor-widget-container\">\n\t\t\t\t\t\t\t\t\t<p><strong>Q. Comment puis-je me renseigner sur les possibilit\u00e9s de carri\u00e8re chez OneSails ?<\/strong><\/p>\n<p>Veuillez vous r\u00e9f\u00e9rer \u00e0 la <a href=\"https:\/\/www.onesails.com\/fr\/carrieres\/\">page emploi de<\/a> ce site web.<\/p>\n\t\t\t\t\t\t\t\t<\/div>\n\t\t\t\t<\/div>\n\t\t\t\t<div class=\"elementor-element elementor-element-467ba77 elementor-position-inline-start elementor-widget__width-inherit elementor-view-default elementor-mobile-position-block-start elementor-widget elementor-widget-global elementor-global-14342 elementor-widget-icon-box\" data-id=\"467ba77\" data-element_type=\"widget\" data-e-type=\"widget\" data-widget_type=\"icon-box.default\">\n\t\t\t\t<div class=\"elementor-widget-container\">\n\t\t\t\t\t\t\t<div class=\"elementor-icon-box-wrapper\">\n\n\t\t\t\t\t\t<div class=\"elementor-icon-box-icon\">\n\t\t\t\t<a href=\"#anchor-top\" class=\"elementor-icon\" tabindex=\"-1\" aria-label=\"Return to Top\">\n\t\t\t\t<i aria-hidden=\"true\" class=\"fas fa-angle-up\"><\/i>\t\t\t\t<\/a>\n\t\t\t<\/div>\n\t\t\t\n\t\t\t\t\t\t<div class=\"elementor-icon-box-content\">\n\n\t\t\t\t\t\t\t\t\t<h3 class=\"elementor-icon-box-title\">\n\t\t\t\t\t\t<a href=\"#anchor-top\" >\n\t\t\t\t\t\t\tReturn to Top\t\t\t\t\t\t<\/a>\n\t\t\t\t\t<\/h3>\n\t\t\t\t\n\t\t\t\t\n\t\t\t<\/div>\n\t\t\t\n\t\t<\/div>\n\t\t\t\t\t\t<\/div>\n\t\t\t\t<\/div>\n\t\t\t\t<div class=\"elementor-element elementor-element-fd0b544 elementor-widget-divider--view-line elementor-widget elementor-widget-global elementor-global-1396 elementor-widget-divider\" data-id=\"fd0b544\" data-element_type=\"widget\" data-e-type=\"widget\" data-widget_type=\"divider.default\">\n\t\t\t\t<div class=\"elementor-widget-container\">\n\t\t\t\t\t\t\t<div class=\"elementor-divider\">\n\t\t\t<span class=\"elementor-divider-separator\">\n\t\t\t\t\t\t<\/span>\n\t\t<\/div>\n\t\t\t\t\t\t<\/div>\n\t\t\t\t<\/div>\n\t\t\t\t<div class=\"elementor-element elementor-element-5b333c1 elementor-widget elementor-widget-heading\" data-id=\"5b333c1\" data-element_type=\"widget\" data-e-type=\"widget\" id=\"anchor-5\" data-widget_type=\"heading.default\">\n\t\t\t\t<div class=\"elementor-widget-container\">\n\t\t\t\t\t<h2 class=\"elementor-heading-title elementor-size-default\">5. Marketing et publicit\u00e9<\/h2>\t\t\t\t<\/div>\n\t\t\t\t<\/div>\n\t\t\t\t<div class=\"elementor-element elementor-element-3572ae4 elementor-widget elementor-widget-text-editor\" data-id=\"3572ae4\" data-element_type=\"widget\" data-e-type=\"widget\" data-widget_type=\"text-editor.default\">\n\t\t\t\t<div class=\"elementor-widget-container\">\n\t\t\t\t\t\t\t\t\t<p><strong>Q. OneSails souhaite-t-elle \u00e9tendre sa pr\u00e9sence dans le domaine du marketing et de la publicit\u00e9 ?<\/strong><\/p>\n<p>OneSails est toujours int\u00e9ress\u00e9e par des actions de marketing et de publicit\u00e9 pertinentes et \u00e0 valeur ajout\u00e9e, y compris des expositions. Veuillez soumettre votre proposition \u00e0 l&rsquo;adresse \u00e9lectronique suivante : <a href=\"mailto:info@onesails.com\">info@onesails.com<\/a> <\/p>\n\t\t\t\t\t\t\t\t<\/div>\n\t\t\t\t<\/div>\n\t\t\t\t<div class=\"elementor-element elementor-element-858f000 elementor-position-inline-start elementor-widget__width-inherit elementor-view-default elementor-mobile-position-block-start elementor-widget elementor-widget-global elementor-global-14342 elementor-widget-icon-box\" data-id=\"858f000\" data-element_type=\"widget\" data-e-type=\"widget\" data-widget_type=\"icon-box.default\">\n\t\t\t\t<div class=\"elementor-widget-container\">\n\t\t\t\t\t\t\t<div class=\"elementor-icon-box-wrapper\">\n\n\t\t\t\t\t\t<div class=\"elementor-icon-box-icon\">\n\t\t\t\t<a href=\"#anchor-top\" class=\"elementor-icon\" tabindex=\"-1\" aria-label=\"Return to Top\">\n\t\t\t\t<i aria-hidden=\"true\" class=\"fas fa-angle-up\"><\/i>\t\t\t\t<\/a>\n\t\t\t<\/div>\n\t\t\t\n\t\t\t\t\t\t<div class=\"elementor-icon-box-content\">\n\n\t\t\t\t\t\t\t\t\t<h3 class=\"elementor-icon-box-title\">\n\t\t\t\t\t\t<a href=\"#anchor-top\" >\n\t\t\t\t\t\t\tReturn to Top\t\t\t\t\t\t<\/a>\n\t\t\t\t\t<\/h3>\n\t\t\t\t\n\t\t\t\t\n\t\t\t<\/div>\n\t\t\t\n\t\t<\/div>\n\t\t\t\t\t\t<\/div>\n\t\t\t\t<\/div>\n\t\t\t\t<div class=\"elementor-element elementor-element-f5ff713 elementor-widget-divider--view-line elementor-widget elementor-widget-global elementor-global-1396 elementor-widget-divider\" data-id=\"f5ff713\" data-element_type=\"widget\" data-e-type=\"widget\" data-widget_type=\"divider.default\">\n\t\t\t\t<div class=\"elementor-widget-container\">\n\t\t\t\t\t\t\t<div class=\"elementor-divider\">\n\t\t\t<span class=\"elementor-divider-separator\">\n\t\t\t\t\t\t<\/span>\n\t\t<\/div>\n\t\t\t\t\t\t<\/div>\n\t\t\t\t<\/div>\n\t\t\t\t<div class=\"elementor-element elementor-element-4637b0e elementor-widget elementor-widget-heading\" data-id=\"4637b0e\" data-element_type=\"widget\" data-e-type=\"widget\" id=\"anchor-6\" data-widget_type=\"heading.default\">\n\t\t\t\t<div class=\"elementor-widget-container\">\n\t\t\t\t\t<h2 class=\"elementor-heading-title elementor-size-default\">6. Fournisseurs<\/h2>\t\t\t\t<\/div>\n\t\t\t\t<\/div>\n\t\t\t\t<div class=\"elementor-element elementor-element-577cbd2 elementor-widget elementor-widget-text-editor\" data-id=\"577cbd2\" data-element_type=\"widget\" data-e-type=\"widget\" data-widget_type=\"text-editor.default\">\n\t\t\t\t<div class=\"elementor-widget-container\">\n\t\t\t\t\t\t\t\t\t<p><strong>Q. Comment puis-je pr\u00e9senter mon entreprise pour qu&rsquo;elle travaille avec OneSails ?<\/strong><\/p>\n<p>OneSails est toujours \u00e0 la recherche de fournisseurs qui peuvent fournir des produits et accessoires marins de premi\u00e8re qualit\u00e9. Veuillez soumettre le profil de votre entreprise \u00e0 l&rsquo;adresse \u00e9lectronique suivante : <a href=\"mailto:info@onesails.com\">info@onesails.com<\/a> <\/p>\n\t\t\t\t\t\t\t\t<\/div>\n\t\t\t\t<\/div>\n\t\t\t\t\t<\/div>\n\t\t\t\t<\/div>\n\t\t\t\t<\/div>\n\t\t","protected":false},"excerpt":{"rendered":"<p>1. Contacts et distributeurs dans les pays 2. Service apr\u00e8s-vente des produits 3. Les parrainages 4. Carri\u00e8res 5. Marketing et publicit\u00e9 6. Fournisseurs Informations de contactBienvenue au centre de contact de OneSails. Si vous avez des questions ou des commentaires concernant OneSails ou les produits OneSails, veuillez consulter notre section des questions fr\u00e9quemment pos\u00e9es. Vous [&hellip;]<\/p>\n","protected":false},"author":5,"featured_media":14274,"parent":0,"menu_order":0,"comment_status":"closed","ping_status":"closed","template":"elementor_header_footer","meta":{"_acf_changed":false,"footnotes":""},"class_list":["post-31367","page","type-page","status-publish","has-post-thumbnail","hentry"],"acf":[],"_links":{"self":[{"href":"https:\/\/www.onesails.com\/fr\/wp-json\/wp\/v2\/pages\/31367","targetHints":{"allow":["GET"]}}],"collection":[{"href":"https:\/\/www.onesails.com\/fr\/wp-json\/wp\/v2\/pages"}],"about":[{"href":"https:\/\/www.onesails.com\/fr\/wp-json\/wp\/v2\/types\/page"}],"author":[{"embeddable":true,"href":"https:\/\/www.onesails.com\/fr\/wp-json\/wp\/v2\/users\/5"}],"replies":[{"embeddable":true,"href":"https:\/\/www.onesails.com\/fr\/wp-json\/wp\/v2\/comments?post=31367"}],"version-history":[{"count":2,"href":"https:\/\/www.onesails.com\/fr\/wp-json\/wp\/v2\/pages\/31367\/revisions"}],"predecessor-version":[{"id":31371,"href":"https:\/\/www.onesails.com\/fr\/wp-json\/wp\/v2\/pages\/31367\/revisions\/31371"}],"wp:featuredmedia":[{"embeddable":true,"href":"https:\/\/www.onesails.com\/fr\/wp-json\/wp\/v2\/media\/14274"}],"wp:attachment":[{"href":"https:\/\/www.onesails.com\/fr\/wp-json\/wp\/v2\/media?parent=31367"}],"curies":[{"name":"wp","href":"https:\/\/api.w.org\/{rel}","templated":true}]}}