{"id":31315,"date":"2024-02-02T13:38:45","date_gmt":"2024-02-02T12:38:45","guid":{"rendered":"https:\/\/www.onesails.com\/carrieres\/"},"modified":"2025-01-23T11:07:14","modified_gmt":"2025-01-23T10:07:14","slug":"carrieres","status":"publish","type":"page","link":"https:\/\/www.onesails.com\/fr\/carrieres\/","title":{"rendered":"Carri\u00e8res"},"content":{"rendered":"\t\t<div data-elementor-type=\"wp-page\" data-elementor-id=\"31315\" class=\"elementor elementor-31315 elementor-14128\" data-elementor-post-type=\"page\">\n\t\t\t\t<div class=\"elementor-element elementor-element-04210a3 e-flex e-con-boxed e-con e-parent\" data-id=\"04210a3\" data-element_type=\"container\" data-e-type=\"container\" data-settings=\"{&quot;background_background&quot;:&quot;classic&quot;}\">\n\t\t\t\t\t<div class=\"e-con-inner\">\n\t\t\t\t\t<\/div>\n\t\t\t\t<\/div>\n\t\t<div class=\"elementor-element elementor-element-b64aa6a e-flex e-con-boxed e-con e-parent\" data-id=\"b64aa6a\" data-element_type=\"container\" data-e-type=\"container\">\n\t\t\t\t\t<div class=\"e-con-inner\">\n\t\t\t\t<div class=\"elementor-element elementor-element-d18684b elementor-widget__width-inherit elementor-widget elementor-widget-heading\" data-id=\"d18684b\" data-element_type=\"widget\" data-e-type=\"widget\" data-widget_type=\"heading.default\">\n\t\t\t\t<div class=\"elementor-widget-container\">\n\t\t\t\t\t<h2 class=\"elementor-heading-title elementor-size-default\">Offres d'emploi<\/h2>\t\t\t\t<\/div>\n\t\t\t\t<\/div>\n\t\t\t\t<div class=\"elementor-element elementor-element-1396 elementor-widget-divider--view-line elementor-widget elementor-widget-global elementor-global-1396 elementor-widget-divider\" data-id=\"1396\" data-element_type=\"widget\" data-e-type=\"widget\" data-widget_type=\"divider.default\">\n\t\t\t\t<div class=\"elementor-widget-container\">\n\t\t\t\t\t\t\t<div class=\"elementor-divider\">\n\t\t\t<span class=\"elementor-divider-separator\">\n\t\t\t\t\t\t<\/span>\n\t\t<\/div>\n\t\t\t\t\t\t<\/div>\n\t\t\t\t<\/div>\n\t\t\t\t<div class=\"elementor-element elementor-element-6a5f91e elementor-widget elementor-widget-text-editor\" data-id=\"6a5f91e\" data-element_type=\"widget\" data-e-type=\"widget\" data-widget_type=\"text-editor.default\">\n\t\t\t\t<div class=\"elementor-widget-container\">\n\t\t\t\t\t\t\t\t\t<p><strong>Le groupe OneSails est en pleine croissance et nous voulons que vous grandissiez avec nous.<\/strong><br \/>OneSails est le premier fournisseur de voiles et d&rsquo;accessoires innovants et technologiquement avanc\u00e9s. Nous recherchons des personnes qui peuvent nous aider \u00e0 rester \u00e0 la pointe de la technologie gr\u00e2ce \u00e0 leur cr\u00e9ativit\u00e9 et \u00e0 leur sens de l&rsquo;innovation. Si vous vous reconnaissez dans ce profil, envoyez-nous votre CV \u00e0 l&rsquo;adresse suivante :  <\/p>\n\t\t\t\t\t\t\t\t<\/div>\n\t\t\t\t<\/div>\n\t\t\t\t<div class=\"elementor-element elementor-element-24915eb elementor-widget__width-inherit elementor-widget elementor-widget-heading\" data-id=\"24915eb\" data-element_type=\"widget\" data-e-type=\"widget\" data-widget_type=\"heading.default\">\n\t\t\t\t<div class=\"elementor-widget-container\">\n\t\t\t\t\t<h2 class=\"elementor-heading-title elementor-size-default\"><a href=\"\">jobs@onesails.com<\/a><\/h2>\t\t\t\t<\/div>\n\t\t\t\t<\/div>\n\t\t\t\t\t<\/div>\n\t\t\t\t<\/div>\n\t\t\t\t<\/div>\n\t\t","protected":false},"excerpt":{"rendered":"<p>Offres d&#8217;emploi Le groupe OneSails est en pleine croissance et nous voulons que vous grandissiez avec nous.OneSails est le premier fournisseur de voiles et d&rsquo;accessoires innovants et technologiquement avanc\u00e9s. Nous recherchons des personnes qui peuvent nous aider \u00e0 rester \u00e0 la pointe de la technologie gr\u00e2ce \u00e0 leur cr\u00e9ativit\u00e9 et \u00e0 leur sens de l&rsquo;innovation. [&hellip;]<\/p>\n","protected":false},"author":5,"featured_media":14157,"parent":0,"menu_order":0,"comment_status":"closed","ping_status":"closed","template":"elementor_header_footer","meta":{"_acf_changed":false,"footnotes":""},"class_list":["post-31315","page","type-page","status-publish","has-post-thumbnail","hentry"],"acf":[],"_links":{"self":[{"href":"https:\/\/www.onesails.com\/fr\/wp-json\/wp\/v2\/pages\/31315","targetHints":{"allow":["GET"]}}],"collection":[{"href":"https:\/\/www.onesails.com\/fr\/wp-json\/wp\/v2\/pages"}],"about":[{"href":"https:\/\/www.onesails.com\/fr\/wp-json\/wp\/v2\/types\/page"}],"author":[{"embeddable":true,"href":"https:\/\/www.onesails.com\/fr\/wp-json\/wp\/v2\/users\/5"}],"replies":[{"embeddable":true,"href":"https:\/\/www.onesails.com\/fr\/wp-json\/wp\/v2\/comments?post=31315"}],"version-history":[{"count":2,"href":"https:\/\/www.onesails.com\/fr\/wp-json\/wp\/v2\/pages\/31315\/revisions"}],"predecessor-version":[{"id":31317,"href":"https:\/\/www.onesails.com\/fr\/wp-json\/wp\/v2\/pages\/31315\/revisions\/31317"}],"wp:featuredmedia":[{"embeddable":true,"href":"https:\/\/www.onesails.com\/fr\/wp-json\/wp\/v2\/media\/14157"}],"wp:attachment":[{"href":"https:\/\/www.onesails.com\/fr\/wp-json\/wp\/v2\/media?parent=31315"}],"curies":[{"name":"wp","href":"https:\/\/api.w.org\/{rel}","templated":true}]}}