{"id":31309,"date":"2024-02-02T13:26:14","date_gmt":"2024-02-02T12:26:14","guid":{"rendered":"https:\/\/www.onesails.com\/a-propos-de-nous\/"},"modified":"2025-04-04T10:43:31","modified_gmt":"2025-04-04T08:43:31","slug":"a-propos-de-nous","status":"publish","type":"page","link":"https:\/\/www.onesails.com\/fr\/a-propos-de-nous\/","title":{"rendered":"A propos de nous"},"content":{"rendered":"\t\t<div data-elementor-type=\"wp-page\" data-elementor-id=\"31309\" class=\"elementor elementor-31309 elementor-14092\" data-elementor-post-type=\"page\">\n\t\t\t\t<div class=\"elementor-element elementor-element-04210a3 e-flex e-con-boxed e-con e-parent\" data-id=\"04210a3\" data-element_type=\"container\" data-e-type=\"container\" data-settings=\"{&quot;background_background&quot;:&quot;classic&quot;}\">\n\t\t\t\t\t<div class=\"e-con-inner\">\n\t\t\t\t\t<\/div>\n\t\t\t\t<\/div>\n\t\t<div class=\"elementor-element elementor-element-b64aa6a e-flex e-con-boxed e-con e-parent\" data-id=\"b64aa6a\" data-element_type=\"container\" data-e-type=\"container\">\n\t\t\t\t\t<div class=\"e-con-inner\">\n\t\t\t\t<div class=\"elementor-element elementor-element-d18684b elementor-widget__width-inherit elementor-widget elementor-widget-heading\" data-id=\"d18684b\" data-element_type=\"widget\" data-e-type=\"widget\" data-widget_type=\"heading.default\">\n\t\t\t\t<div class=\"elementor-widget-container\">\n\t\t\t\t\t<h2 class=\"elementor-heading-title elementor-size-default\">Le groupe OneSails<\/br>Quand l'exp\u00e9rience fa\u00e7onne l'avenir<\/h2>\t\t\t\t<\/div>\n\t\t\t\t<\/div>\n\t\t\t\t<div class=\"elementor-element elementor-element-1396 elementor-widget-divider--view-line elementor-widget elementor-widget-global elementor-global-1396 elementor-widget-divider\" data-id=\"1396\" data-element_type=\"widget\" data-e-type=\"widget\" data-widget_type=\"divider.default\">\n\t\t\t\t<div class=\"elementor-widget-container\">\n\t\t\t\t\t\t\t<div class=\"elementor-divider\">\n\t\t\t<span class=\"elementor-divider-separator\">\n\t\t\t\t\t\t<\/span>\n\t\t<\/div>\n\t\t\t\t\t\t<\/div>\n\t\t\t\t<\/div>\n\t\t\t\t<div class=\"elementor-element elementor-element-6a5f91e elementor-widget elementor-widget-text-editor\" data-id=\"6a5f91e\" data-element_type=\"widget\" data-e-type=\"widget\" data-widget_type=\"text-editor.default\">\n\t\t\t\t<div class=\"elementor-widget-container\">\n\t\t\t\t\t\t\t\t\t<p><strong><a href=\"https:\/\/maps.app.goo.gl\/Cszv5sRv5wPBLczr9\" rel=\"noopener\">OneSails<\/a> est un r\u00e9seau mondial qui adh\u00e8re \u00e0 des voileries ind\u00e9pendantes r\u00e9par<\/strong>ties <strong>dans<\/strong> le monde entier et qui exporte les voiles Made in Italy les plus performantes gr\u00e2ce \u00e0 un mod\u00e8le commercial innovant : un r\u00e9seau de services dont l&rsquo;ADN est repr\u00e9sent\u00e9 par des voileries professionnelles de haut niveau, des technologies exclusives et une image originale. OneSails est l&rsquo;aboutissement de plus de 40 ans d&rsquo;exp\u00e9rience en mati\u00e8re de conception et de technologie pour la construction de voiles de haute performance. Les voiles OneSails sont fabriqu\u00e9es avec la conception et la technologie composite exclusive des fils continus 4T FORTE \u2122 pour garantir la qualit\u00e9, la durabilit\u00e9 et la performance. OneSails produit et d\u00e9veloppe \u00e9galement des produits personnalis\u00e9s et des voiles vintage.   <\/p><p>En octobre 2013, OneSails a lanc\u00e9 sur le march\u00e9 le 4T FORTE \u2122, la technologie composite r\u00e9volutionnaire des fils continus, qui est devenue la r\u00e9f\u00e9rence pour la construction de voiles de haute performance. Un an apr\u00e8s, CSQA, la soci\u00e9t\u00e9 italienne leader dans les services de certification et d&rsquo;inspection pour les entreprises, a certifi\u00e9 que l&rsquo;\u00e9tude ACV-analyse du cycle de vie \u00e9tait \u00e0 la voile 4T FORTE \u2122 commercialis\u00e9e par OneSails est conforme aux normes ISO 14040 et ISO 14044. <\/p><p>Une nouvelle mise \u00e0 niveau du produit phare de OneSails, le 4T FORTE \u2122 Naked a \u00e9t\u00e9 introduit sur le march\u00e9 mondial en novembre 2015. Le 4T FORTE \u2122 Naked le rend encore plus s\u00fbr et plus puissant, sans sacrifier la stabilit\u00e9 de la forme. <\/p><p>Le respect de l&rsquo;environnement est l&rsquo;une des principales priorit\u00e9s de OneSails, qui se concentre donc concr\u00e8tement sur les probl\u00e8mes environnementaux croissants. L&rsquo;engagement suppl\u00e9mentaire de OneSails en faveur de l&rsquo;environnement vise \u00e0 r\u00e9cup\u00e9rer les voiles d\u00e9saffect\u00e9es et \u00e0 \u00e9tendre progressivement le cycle de r\u00e9cup\u00e9ration et le recyclage des mat\u00e9riaux s\u00e9lectifs. Le processus de recyclage des voiles 4T FORTE \u2122 a \u00e9t\u00e9 officiellement lanc\u00e9 en 2015.  <\/p><div> <\/div><div> <\/div>\t\t\t\t\t\t\t\t<\/div>\n\t\t\t\t<\/div>\n\t\t\t\t<div class=\"elementor-element elementor-element-e8c724f elementor-widget__width-inherit elementor-widget elementor-widget-heading\" data-id=\"e8c724f\" data-element_type=\"widget\" data-e-type=\"widget\" data-widget_type=\"heading.default\">\n\t\t\t\t<div class=\"elementor-widget-container\">\n\t\t\t\t\t<h2 class=\"elementor-heading-title elementor-size-default\">Le groupe OneSails<\/br>Quand l'exp\u00e9rience fa\u00e7onne l'avenir<\/h2>\t\t\t\t<\/div>\n\t\t\t\t<\/div>\n\t\t\t\t\t<\/div>\n\t\t\t\t<\/div>\n\t\t\t\t<\/div>\n\t\t","protected":false},"excerpt":{"rendered":"<p>Le groupe OneSailsQuand l&rsquo;exp\u00e9rience fa\u00e7onne l&rsquo;avenir OneSails est un r\u00e9seau mondial qui adh\u00e8re \u00e0 des voileries ind\u00e9pendantes r\u00e9parties dans le monde entier et qui exporte les voiles Made in Italy les plus performantes gr\u00e2ce \u00e0 un mod\u00e8le commercial innovant : un r\u00e9seau de services dont l&rsquo;ADN est repr\u00e9sent\u00e9 par des voileries professionnelles de haut niveau, [&hellip;]<\/p>\n","protected":false},"author":5,"featured_media":14117,"parent":0,"menu_order":0,"comment_status":"closed","ping_status":"closed","template":"elementor_header_footer","meta":{"_acf_changed":false,"footnotes":""},"class_list":["post-31309","page","type-page","status-publish","has-post-thumbnail","hentry"],"acf":[],"_links":{"self":[{"href":"https:\/\/www.onesails.com\/fr\/wp-json\/wp\/v2\/pages\/31309","targetHints":{"allow":["GET"]}}],"collection":[{"href":"https:\/\/www.onesails.com\/fr\/wp-json\/wp\/v2\/pages"}],"about":[{"href":"https:\/\/www.onesails.com\/fr\/wp-json\/wp\/v2\/types\/page"}],"author":[{"embeddable":true,"href":"https:\/\/www.onesails.com\/fr\/wp-json\/wp\/v2\/users\/5"}],"replies":[{"embeddable":true,"href":"https:\/\/www.onesails.com\/fr\/wp-json\/wp\/v2\/comments?post=31309"}],"version-history":[{"count":3,"href":"https:\/\/www.onesails.com\/fr\/wp-json\/wp\/v2\/pages\/31309\/revisions"}],"predecessor-version":[{"id":31924,"href":"https:\/\/www.onesails.com\/fr\/wp-json\/wp\/v2\/pages\/31309\/revisions\/31924"}],"wp:featuredmedia":[{"embeddable":true,"href":"https:\/\/www.onesails.com\/fr\/wp-json\/wp\/v2\/media\/14117"}],"wp:attachment":[{"href":"https:\/\/www.onesails.com\/fr\/wp-json\/wp\/v2\/media?parent=31309"}],"curies":[{"name":"wp","href":"https:\/\/api.w.org\/{rel}","templated":true}]}}