{"id":32038,"date":"2024-01-28T18:04:50","date_gmt":"2024-01-28T17:04:50","guid":{"rendered":"https:\/\/www.onesails.com\/onesd-2\/"},"modified":"2025-04-15T10:39:20","modified_gmt":"2025-04-15T08:39:20","slug":"onesd-2","status":"publish","type":"page","link":"https:\/\/www.onesails.com\/es\/onesd-2\/","title":{"rendered":"OneSD"},"content":{"rendered":"\t\t<div data-elementor-type=\"wp-page\" data-elementor-id=\"32038\" class=\"elementor elementor-32038 elementor-12643\" data-elementor-post-type=\"page\">\n\t\t\t\t<div class=\"elementor-element elementor-element-420c5a7 e-con-full e-flex e-con e-parent\" data-id=\"420c5a7\" data-element_type=\"container\" data-e-type=\"container\">\n\t\t\t\t<div class=\"elementor-element elementor-element-c77b557 elementor-widget elementor-widget-shortcode\" data-id=\"c77b557\" data-element_type=\"widget\" data-e-type=\"widget\" data-widget_type=\"shortcode.default\">\n\t\t\t\t<div class=\"elementor-widget-container\">\n\t\t\t\t\t\t\t<div class=\"elementor-shortcode\">\t\t<div data-elementor-type=\"container\" data-elementor-id=\"32102\" class=\"elementor elementor-32102 elementor-12610 elementor-12610\" data-elementor-post-type=\"elementor_library\">\n\t\t\t\t<div class=\"elementor-element elementor-element-5c8e894 elementor-hidden-mobile e-flex e-con-boxed e-con e-parent\" data-id=\"5c8e894\" data-element_type=\"container\" data-e-type=\"container\" data-settings=\"{&quot;background_background&quot;:&quot;classic&quot;}\">\n\t\t\t\t\t<div class=\"e-con-inner\">\n\t\t\t\t\t<\/div>\n\t\t\t\t<\/div>\n\t\t<div class=\"elementor-element elementor-element-1281413 elementor-hidden-desktop elementor-hidden-tablet e-flex e-con-boxed e-con e-parent\" data-id=\"1281413\" data-element_type=\"container\" data-e-type=\"container\" data-settings=\"{&quot;background_background&quot;:&quot;classic&quot;}\">\n\t\t\t\t\t<div class=\"e-con-inner\">\n\t\t\t\t\t<\/div>\n\t\t\t\t<\/div>\n\t\t<div class=\"elementor-element elementor-element-106238f e-flex e-con-boxed e-con e-parent\" data-id=\"106238f\" data-element_type=\"container\" data-e-type=\"container\">\n\t\t\t\t\t<div class=\"e-con-inner\">\n\t\t<div class=\"elementor-element elementor-element-9dd806c e-con-full e-flex e-con e-child\" data-id=\"9dd806c\" data-element_type=\"container\" data-e-type=\"container\">\n\t\t\t\t<div class=\"elementor-element elementor-element-9856dc2 elementor-widget__width-inherit elementor-widget elementor-widget-heading\" data-id=\"9856dc2\" data-element_type=\"widget\" data-e-type=\"widget\" data-widget_type=\"heading.default\">\n\t\t\t\t<div class=\"elementor-widget-container\">\n\t\t\t\t\t<h2 class=\"elementor-heading-title elementor-size-default\">Tecnolog\u00eda OneSD\u2122 para la transmisi\u00f3n de datos de la vela.<\/h2>\t\t\t\t<\/div>\n\t\t\t\t<\/div>\n\t\t\t\t<div class=\"elementor-element elementor-element-afe88b8 elementor-widget-divider--view-line elementor-widget elementor-widget-global elementor-global-1396 elementor-widget-divider\" data-id=\"afe88b8\" data-element_type=\"widget\" data-e-type=\"widget\" data-widget_type=\"divider.default\">\n\t\t\t\t<div class=\"elementor-widget-container\">\n\t\t\t\t\t\t\t<div class=\"elementor-divider\">\n\t\t\t<span class=\"elementor-divider-separator\">\n\t\t\t\t\t\t<\/span>\n\t\t<\/div>\n\t\t\t\t\t\t<\/div>\n\t\t\t\t<\/div>\n\t\t\t\t<div class=\"elementor-element elementor-element-7dca5ef elementor-widget elementor-widget-text-editor\" data-id=\"7dca5ef\" data-element_type=\"widget\" data-e-type=\"widget\" data-widget_type=\"text-editor.default\">\n\t\t\t\t<div class=\"elementor-widget-container\">\n\t\t\t\t\t\t\t\t\t<p>Junto con la introducci\u00f3n de las velas 4T FORTE\u2122, OneSails es el primer fabricante de velas en el mundo en ofrecer velas con un chip electr\u00f3nico encapsulado en la membrana como est\u00e1ndar.<br>El microchip OneSD\u2122 llevar\u00e1 datos que ayudar\u00e1n al usuario final y a la red OneSails a identificar y monitorear la vela a lo largo de su vida \u00fatil. Simplemente coloque un dispositivo adecuado cerca del chip para leer el identificador registrado y los datos de dise\u00f1o <\/p>\n<p>Actualmente, es una herramienta utilizada internamente entre los talleres de OneSails, pero pronto se introducir\u00e1 una versi\u00f3n PRO del chip OneSD\u2122, que ofrecer\u00e1 caracter\u00edsticas importantes para el propietario.&nbsp;<br>Las posibilidades ser\u00e1n muchas: grabaci\u00f3n en tiempo real de la actividad de la vela cuando est\u00e9 conectada a los sistemas a bordo, medici\u00f3n de las horas de exposici\u00f3n a los rayos UV o el n\u00famero de viradas y cambios de bordos realizados.&nbsp; Todo ser\u00e1 registrado con el objetivo de hacer un seguimiento del uso y mejorar el rendimiento de la vela y la experiencia del propietario.<\/p>\t\t\t\t\t\t\t\t<\/div>\n\t\t\t\t<\/div>\n\t\t\t\t<div class=\"elementor-element elementor-element-6fbbfca elementor-hidden-desktop elementor-hidden-tablet elementor-hidden-mobile elementor-widget elementor-widget-text-editor\" data-id=\"6fbbfca\" data-element_type=\"widget\" data-e-type=\"widget\" data-widget_type=\"text-editor.default\">\n\t\t\t\t<div class=\"elementor-widget-container\">\n\t\t\t\t\t\t\t\t\t<p>Junto con la introducci\u00f3n de las velas 4T FORTE\u2122, OneSails es el primer fabricante de velas en el mundo en ofrecer velas con un chip electr\u00f3nico encapsulado en la membrana como est\u00e1ndar.<br>El microchip OneSD\u2122 llevar\u00e1 datos que ayudar\u00e1n al usuario final y a la red OneSails a identificar y monitorear la vela a lo largo de su vida \u00fatil. Simplemente coloque un dispositivo adecuado cerca del chip para leer el identificador registrado y los datos de dise\u00f1o <\/p>\n<p><span style=\"color: var( --e-global-color-text ); font-family: var( --e-global-typography-text-font-family ), Sans-serif; font-size: var( --e-global-typography-text-font-size ); font-weight: var( --e-global-typography-text-font-weight ); letter-spacing: var( --e-global-typography-text-letter-spacing ); text-align: var(--text-align);\">Pronto se introducir\u00e1 una versi\u00f3n PRO del chip OneSD\u2122 que permitir\u00e1 la grabaci\u00f3n en tiempo real de la actividad de la vela cuando est\u00e9 vinculada a los sistemas a bordo. Existen muchas posibilidades, desde las horas de exposici\u00f3n a los rayos UV, hasta el n\u00famero de viradas y cambios de bordos realizados, todo registrado con el objetivo de mejorar el rendimiento de la vela y la experiencia de propiedad. <\/span><br><\/p>\t\t\t\t\t\t\t\t<\/div>\n\t\t\t\t<\/div>\n\t\t\t\t<div class=\"elementor-element elementor-element-6aefdb5 elementor-widget__width-inherit elementor-hidden-desktop elementor-hidden-tablet elementor-hidden-mobile elementor-widget elementor-widget-heading\" data-id=\"6aefdb5\" data-element_type=\"widget\" data-e-type=\"widget\" data-widget_type=\"heading.default\">\n\t\t\t\t<div class=\"elementor-widget-container\">\n\t\t\t\t\t<h2 class=\"elementor-heading-title elementor-size-default\"><a href=\"http:\/\/onesails.com\/media\/\/wysiwyg\/onesails\/technology\/onesd-guide.pdf\" rel=\"noopener\">C\u00f3mo funciona \u00bb<\/a><\/h2>\t\t\t\t<\/div>\n\t\t\t\t<\/div>\n\t\t\t\t<div class=\"elementor-element elementor-element-92a84e0 elementor-widget__width-inherit elementor-hidden-desktop elementor-hidden-tablet elementor-hidden-mobile elementor-widget elementor-widget-heading\" data-id=\"92a84e0\" data-element_type=\"widget\" data-e-type=\"widget\" data-widget_type=\"heading.default\">\n\t\t\t\t<div class=\"elementor-widget-container\">\n\t\t\t\t\t<h2 class=\"elementor-heading-title elementor-size-default\"><a href=\"http:\/\/onesd.onesails.com\/onesail\/\" rel=\"noopener\">Ir a la p\u00e1gina de login \u00bb<\/a><\/h2>\t\t\t\t<\/div>\n\t\t\t\t<\/div>\n\t\t\t\t<div class=\"elementor-element elementor-element-df00a95 elementor-widget__width-inherit elementor-hidden-desktop elementor-hidden-tablet elementor-hidden-mobile elementor-widget elementor-widget-heading\" data-id=\"df00a95\" data-element_type=\"widget\" data-e-type=\"widget\" data-widget_type=\"heading.default\">\n\t\t\t\t<div class=\"elementor-widget-container\">\n\t\t\t\t\t<h2 class=\"elementor-heading-title elementor-size-default\"><a href=\"http:\/\/onesd.onesails.com\/onesail\/\" rel=\"noopener\">Descargar App \u00bb<\/a><\/h2>\t\t\t\t<\/div>\n\t\t\t\t<\/div>\n\t\t\t\t<\/div>\n\t\t\t\t<div class=\"elementor-element elementor-element-008cc91 elementor-hidden-desktop elementor-hidden-tablet elementor-hidden-mobile elementor-widget elementor-widget-image\" data-id=\"008cc91\" data-element_type=\"widget\" data-e-type=\"widget\" data-widget_type=\"image.default\">\n\t\t\t\t<div class=\"elementor-widget-container\">\n\t\t\t\t\t\t\t\t\t\t\t\t\t\t\t<img decoding=\"async\" src=\"https:\/\/www.onesails.com\/wp-content\/uploads\/Google_Play_Store_badge_EN.svg\" class=\"attachment-full size-full wp-image-12639\" alt=\"\" \/>\t\t\t\t\t\t\t\t\t\t\t\t\t\t\t<\/div>\n\t\t\t\t<\/div>\n\t\t\t\t\t<\/div>\n\t\t\t\t<\/div>\n\t\t\t\t<\/div>\n\t\t<\/div>\n\t\t\t\t\t\t<\/div>\n\t\t\t\t<\/div>\n\t\t\t\t<\/div>\n\t\t<div class=\"elementor-element elementor-element-ab9f428 e-flex e-con-boxed e-con e-parent\" data-id=\"ab9f428\" data-element_type=\"container\" data-e-type=\"container\" data-settings=\"{&quot;background_background&quot;:&quot;classic&quot;}\">\n\t\t\t\t\t<div class=\"e-con-inner\">\n\t\t\t\t<div class=\"elementor-element elementor-element-ad92187 elementor-widget elementor-widget-shortcode\" data-id=\"ad92187\" data-element_type=\"widget\" data-e-type=\"widget\" data-widget_type=\"shortcode.default\">\n\t\t\t\t<div class=\"elementor-widget-container\">\n\t\t\t\t\t\t\t<div class=\"elementor-shortcode\">\t\t<div data-elementor-type=\"container\" data-elementor-id=\"32116\" class=\"elementor elementor-32116 elementor-3108 elementor-3108\" data-elementor-post-type=\"elementor_library\">\n\t\t\t\t<div class=\"elementor-element elementor-element-903d9f2 e-con-full e-flex e-con e-parent\" data-id=\"903d9f2\" data-element_type=\"container\" data-e-type=\"container\" data-settings=\"{&quot;background_background&quot;:&quot;classic&quot;}\">\n\t\t\t\t<div class=\"elementor-element elementor-element-f6ab10b elementor-widget__width-inherit elementor-widget elementor-widget-heading\" data-id=\"f6ab10b\" data-element_type=\"widget\" data-e-type=\"widget\" data-widget_type=\"heading.default\">\n\t\t\t\t<div class=\"elementor-widget-container\">\n\t\t\t\t\t<h2 class=\"elementor-heading-title elementor-size-default\">Por qu\u00e9 OneSails<\/h2>\t\t\t\t<\/div>\n\t\t\t\t<\/div>\n\t\t\t\t<div class=\"elementor-element elementor-element-e244c58 elementor-widget-divider--view-line elementor-widget elementor-widget-global elementor-global-1396 elementor-widget-divider\" data-id=\"e244c58\" data-element_type=\"widget\" data-e-type=\"widget\" data-widget_type=\"divider.default\">\n\t\t\t\t<div class=\"elementor-widget-container\">\n\t\t\t\t\t\t\t<div class=\"elementor-divider\">\n\t\t\t<span class=\"elementor-divider-separator\">\n\t\t\t\t\t\t<\/span>\n\t\t<\/div>\n\t\t\t\t\t\t<\/div>\n\t\t\t\t<\/div>\n\t\t<div class=\"elementor-element elementor-element-ade289d e-con-full e-flex e-con e-child\" data-id=\"ade289d\" data-element_type=\"container\" data-e-type=\"container\">\n\t\t\t\t<div class=\"elementor-element elementor-element-474290e elementor-widget__width-inherit elementor-widget elementor-widget-heading\" data-id=\"474290e\" data-element_type=\"widget\" data-e-type=\"widget\" data-widget_type=\"heading.default\">\n\t\t\t\t<div class=\"elementor-widget-container\">\n\t\t\t\t\t<h2 class=\"elementor-heading-title elementor-size-default\">1. Tecnolog\u00eda exclusiva<\/h2>\t\t\t\t<\/div>\n\t\t\t\t<\/div>\n\t\t\t\t<div class=\"elementor-element elementor-element-90488bf elementor-widget elementor-widget-text-editor\" data-id=\"90488bf\" data-element_type=\"widget\" data-e-type=\"widget\" data-widget_type=\"text-editor.default\">\n\t\t\t\t<div class=\"elementor-widget-container\">\n\t\t\t\t\t\t\t\t\t<p>Durante m\u00e1s de 15 a\u00f1os, el equipo de dise\u00f1o de OneSails ha desarrollado tecnolog\u00edas exclusivas para hacer realidad las velas de hilo continuo de una sola pieza para embarcaciones de crucero y regata.<\/p>\t\t\t\t\t\t\t\t<\/div>\n\t\t\t\t<\/div>\n\t\t\t\t<\/div>\n\t\t<div class=\"elementor-element elementor-element-566c58d e-con-full e-flex e-con e-child\" data-id=\"566c58d\" data-element_type=\"container\" data-e-type=\"container\">\n\t\t\t\t<div class=\"elementor-element elementor-element-388d292 elementor-widget__width-inherit elementor-widget elementor-widget-heading\" data-id=\"388d292\" data-element_type=\"widget\" data-e-type=\"widget\" data-widget_type=\"heading.default\">\n\t\t\t\t<div class=\"elementor-widget-container\">\n\t\t\t\t\t<h2 class=\"elementor-heading-title elementor-size-default\">2. Rendimiento<\/h2>\t\t\t\t<\/div>\n\t\t\t\t<\/div>\n\t\t\t\t<div class=\"elementor-element elementor-element-96ca7cd elementor-widget elementor-widget-text-editor\" data-id=\"96ca7cd\" data-element_type=\"widget\" data-e-type=\"widget\" data-widget_type=\"text-editor.default\">\n\t\t\t\t<div class=\"elementor-widget-container\">\n\t\t\t\t\t\t\t\t\t<p>Caracter\u00edsticas como el peso, el control de la forma y la resistencia a la deformaci\u00f3n significan un mejor rendimiento en comparaci\u00f3n con las velas tradicionales de paneles.<\/p>\t\t\t\t\t\t\t\t<\/div>\n\t\t\t\t<\/div>\n\t\t\t\t<\/div>\n\t\t<div class=\"elementor-element elementor-element-a105e0b e-con-full e-flex e-con e-child\" data-id=\"a105e0b\" data-element_type=\"container\" data-e-type=\"container\">\n\t\t\t\t<div class=\"elementor-element elementor-element-5b46d1c elementor-widget__width-inherit elementor-widget elementor-widget-heading\" data-id=\"5b46d1c\" data-element_type=\"widget\" data-e-type=\"widget\" data-widget_type=\"heading.default\">\n\t\t\t\t<div class=\"elementor-widget-container\">\n\t\t\t\t\t<h2 class=\"elementor-heading-title elementor-size-default\">3. Calidad<\/h2>\t\t\t\t<\/div>\n\t\t\t\t<\/div>\n\t\t\t\t<div class=\"elementor-element elementor-element-2338a5d elementor-widget elementor-widget-text-editor\" data-id=\"2338a5d\" data-element_type=\"widget\" data-e-type=\"widget\" data-widget_type=\"text-editor.default\">\n\t\t\t\t<div class=\"elementor-widget-container\">\n\t\t\t\t\t\t\t\t\t<p>Las velas est\u00e1n dise\u00f1adas y fabricadas con los m\u00e1s altos est\u00e1ndares utilizando componentes cuidadosamente seleccionados para garantizar la m\u00e1s alta calidad y durabilidad. Las membranas 4T FORTE\u2122 se fabrican exclusivamente en Italia. Todo el proceso de ensamblaje se realiza completamente en una \u00fanica f\u00e1brica, asegurando que se cumplan todos los est\u00e1ndares requeridos.  <\/p>\t\t\t\t\t\t\t\t<\/div>\n\t\t\t\t<\/div>\n\t\t\t\t<\/div>\n\t\t<div class=\"elementor-element elementor-element-9b831cd e-con-full e-flex e-con e-child\" data-id=\"9b831cd\" data-element_type=\"container\" data-e-type=\"container\">\n\t\t\t\t<div class=\"elementor-element elementor-element-23335c2 elementor-widget__width-inherit elementor-widget elementor-widget-heading\" data-id=\"23335c2\" data-element_type=\"widget\" data-e-type=\"widget\" data-widget_type=\"heading.default\">\n\t\t\t\t<div class=\"elementor-widget-container\">\n\t\t\t\t\t<h2 class=\"elementor-heading-title elementor-size-default\">4. Dise\u00f1o<\/h2>\t\t\t\t<\/div>\n\t\t\t\t<\/div>\n\t\t\t\t<div class=\"elementor-element elementor-element-433dc11 elementor-widget elementor-widget-text-editor\" data-id=\"433dc11\" data-element_type=\"widget\" data-e-type=\"widget\" data-widget_type=\"text-editor.default\">\n\t\t\t\t<div class=\"elementor-widget-container\">\n\t\t\t\t\t\t\t\t\t<p>Las mejores formas de vela son el resultado de un an\u00e1lisis continuo y de la experiencia. OneSails est\u00e1 a la vanguardia de la industria de la fabricaci\u00f3n de velas, invirtiendo continuamente en investigaci\u00f3n y desarrollo para garantizar que las mejores formas de vela est\u00e9n disponibles. El \u00e9xito de este enfoque se confirma con la gran cantidad de trofeos de regatas que los clientes de OneSails han ganado, compitiendo a nivel nacional, internacional y en campeonatos mundiales.  <\/p>\t\t\t\t\t\t\t\t<\/div>\n\t\t\t\t<\/div>\n\t\t\t\t<\/div>\n\t\t<div class=\"elementor-element elementor-element-000b687 e-con-full e-flex e-con e-child\" data-id=\"000b687\" data-element_type=\"container\" data-e-type=\"container\">\n\t\t\t\t<div class=\"elementor-element elementor-element-7aa3bbf elementor-widget__width-inherit elementor-widget elementor-widget-heading\" data-id=\"7aa3bbf\" data-element_type=\"widget\" data-e-type=\"widget\" data-widget_type=\"heading.default\">\n\t\t\t\t<div class=\"elementor-widget-container\">\n\t\t\t\t\t<h2 class=\"elementor-heading-title elementor-size-default\">5. Servicio<\/h2>\t\t\t\t<\/div>\n\t\t\t\t<\/div>\n\t\t\t\t<div class=\"elementor-element elementor-element-f6f21fd elementor-widget elementor-widget-text-editor\" data-id=\"f6f21fd\" data-element_type=\"widget\" data-e-type=\"widget\" data-widget_type=\"text-editor.default\">\n\t\t\t\t<div class=\"elementor-widget-container\">\n\t\t\t\t\t\t\t\t\t<p>Una actividad clave para cada Loft de OneSails es ofrecer un servicio, apoyo y asistencia de primera clase. Como parte de nuestro compromiso con el servicio, cada Loft de OneSails cuenta con un equipo de expertos disponible para garantizar que cumplamos con nuestra promesa de servicio. Adem\u00e1s de un n\u00famero creciente de lofts principales, el Grupo OneSails tiene una extensa red de centros de servicio estrat\u00e9gicamente ubicados a lo largo de las costas del mundo.  <\/p>\t\t\t\t\t\t\t\t<\/div>\n\t\t\t\t<\/div>\n\t\t\t\t<\/div>\n\t\t<div class=\"elementor-element elementor-element-9a59580 e-con-full e-flex e-con e-child\" data-id=\"9a59580\" data-element_type=\"container\" data-e-type=\"container\">\n\t\t\t\t<div class=\"elementor-element elementor-element-38869a4e elementor-widget elementor-widget-image\" data-id=\"38869a4e\" data-element_type=\"widget\" data-e-type=\"widget\" data-widget_type=\"image.default\">\n\t\t\t\t<div class=\"elementor-widget-container\">\n\t\t\t\t\t\t\t\t\t\t\t\t\t\t\t<img fetchpriority=\"high\" decoding=\"async\" width=\"480\" height=\"313\" src=\"https:\/\/www.onesails.com\/wp-content\/uploads\/why-choose-01.jpg\" class=\"attachment-full size-full wp-image-32050\" alt=\"\" \/>\t\t\t\t\t\t\t\t\t\t\t\t\t\t\t<\/div>\n\t\t\t\t<\/div>\n\t\t\t\t<\/div>\n\t\t\t\t<\/div>\n\t\t\t\t<\/div>\n\t\t<\/div>\n\t\t\t\t\t\t<\/div>\n\t\t\t\t<\/div>\n\t\t\t\t\t<\/div>\n\t\t\t\t<\/div>\n\t\t\t\t<\/div>\n\t\t","protected":false},"excerpt":{"rendered":"","protected":false},"author":5,"featured_media":13122,"parent":0,"menu_order":0,"comment_status":"closed","ping_status":"closed","template":"","meta":{"_acf_changed":false,"footnotes":""},"class_list":["post-32038","page","type-page","status-publish","has-post-thumbnail","hentry"],"acf":[],"_links":{"self":[{"href":"https:\/\/www.onesails.com\/es\/wp-json\/wp\/v2\/pages\/32038","targetHints":{"allow":["GET"]}}],"collection":[{"href":"https:\/\/www.onesails.com\/es\/wp-json\/wp\/v2\/pages"}],"about":[{"href":"https:\/\/www.onesails.com\/es\/wp-json\/wp\/v2\/types\/page"}],"author":[{"embeddable":true,"href":"https:\/\/www.onesails.com\/es\/wp-json\/wp\/v2\/users\/5"}],"replies":[{"embeddable":true,"href":"https:\/\/www.onesails.com\/es\/wp-json\/wp\/v2\/comments?post=32038"}],"version-history":[{"count":1,"href":"https:\/\/www.onesails.com\/es\/wp-json\/wp\/v2\/pages\/32038\/revisions"}],"predecessor-version":[{"id":32039,"href":"https:\/\/www.onesails.com\/es\/wp-json\/wp\/v2\/pages\/32038\/revisions\/32039"}],"wp:featuredmedia":[{"embeddable":true,"href":"https:\/\/www.onesails.com\/es\/wp-json\/wp\/v2\/media\/13122"}],"wp:attachment":[{"href":"https:\/\/www.onesails.com\/es\/wp-json\/wp\/v2\/media?parent=32038"}],"curies":[{"name":"wp","href":"https:\/\/api.w.org\/{rel}","templated":true}]}}