{"id":31926,"date":"2024-02-02T14:06:30","date_gmt":"2024-02-02T13:06:30","guid":{"rendered":"https:\/\/www.onesails.com\/preguntas-frecuentes\/"},"modified":"2025-04-04T10:46:01","modified_gmt":"2025-04-04T08:46:01","slug":"preguntas-frecuentes","status":"publish","type":"page","link":"https:\/\/www.onesails.com\/es\/preguntas-frecuentes\/","title":{"rendered":"Preguntas Frecuentes"},"content":{"rendered":"\t\t<div data-elementor-type=\"wp-page\" data-elementor-id=\"31926\" class=\"elementor elementor-31926 elementor-14184\" data-elementor-post-type=\"page\">\n\t\t\t\t<div class=\"elementor-element elementor-element-04210a3 e-flex e-con-boxed e-con e-parent\" data-id=\"04210a3\" data-element_type=\"container\" data-e-type=\"container\" data-settings=\"{&quot;background_background&quot;:&quot;classic&quot;}\">\n\t\t\t\t\t<div class=\"e-con-inner\">\n\t\t\t\t\t<\/div>\n\t\t\t\t<\/div>\n\t\t<div class=\"elementor-element elementor-element-b64aa6a e-flex e-con-boxed e-con e-parent\" data-id=\"b64aa6a\" data-element_type=\"container\" data-e-type=\"container\">\n\t\t\t\t\t<div class=\"e-con-inner\">\n\t\t\t\t<div class=\"elementor-element elementor-element-1396 elementor-widget-divider--view-line elementor-widget elementor-widget-global elementor-global-1396 elementor-widget-divider\" data-id=\"1396\" data-element_type=\"widget\" data-e-type=\"widget\" data-widget_type=\"divider.default\">\n\t\t\t\t<div class=\"elementor-widget-container\">\n\t\t\t\t\t\t\t<div class=\"elementor-divider\">\n\t\t\t<span class=\"elementor-divider-separator\">\n\t\t\t\t\t\t<\/span>\n\t\t<\/div>\n\t\t\t\t\t\t<\/div>\n\t\t\t\t<\/div>\n\t\t\t\t<div class=\"elementor-element elementor-element-5b9caa7 elementor-icon-list--layout-traditional elementor-list-item-link-full_width elementor-widget elementor-widget-icon-list\" data-id=\"5b9caa7\" data-element_type=\"widget\" data-e-type=\"widget\" data-widget_type=\"icon-list.default\">\n\t\t\t\t<div class=\"elementor-widget-container\">\n\t\t\t\t\t\t\t<ul class=\"elementor-icon-list-items\">\n\t\t\t\t\t\t\t<li class=\"elementor-icon-list-item\">\n\t\t\t\t\t\t\t\t\t\t\t<a href=\"#anchor-1\">\n\n\t\t\t\t\t\t\t\t\t\t\t<span class=\"elementor-icon-list-text\">1. Contactos y Distribuidores por pa\u00eds<\/span>\n\t\t\t\t\t\t\t\t\t\t\t<\/a>\n\t\t\t\t\t\t\t\t\t<\/li>\n\t\t\t\t\t\t\t\t<li class=\"elementor-icon-list-item\">\n\t\t\t\t\t\t\t\t\t\t\t<a href=\"#anchor-2\">\n\n\t\t\t\t\t\t\t\t\t\t\t<span class=\"elementor-icon-list-text\">2. Atenci\u00f3n al cliente<\/span>\n\t\t\t\t\t\t\t\t\t\t\t<\/a>\n\t\t\t\t\t\t\t\t\t<\/li>\n\t\t\t\t\t\t\t\t<li class=\"elementor-icon-list-item\">\n\t\t\t\t\t\t\t\t\t\t\t<a href=\"#anchor-3\">\n\n\t\t\t\t\t\t\t\t\t\t\t<span class=\"elementor-icon-list-text\">3. Patrocinios<\/span>\n\t\t\t\t\t\t\t\t\t\t\t<\/a>\n\t\t\t\t\t\t\t\t\t<\/li>\n\t\t\t\t\t\t\t\t<li class=\"elementor-icon-list-item\">\n\t\t\t\t\t\t\t\t\t\t\t<a href=\"#anchor-4\">\n\n\t\t\t\t\t\t\t\t\t\t\t<span class=\"elementor-icon-list-text\">4. Trabaja con Nosotros<\/span>\n\t\t\t\t\t\t\t\t\t\t\t<\/a>\n\t\t\t\t\t\t\t\t\t<\/li>\n\t\t\t\t\t\t\t\t<li class=\"elementor-icon-list-item\">\n\t\t\t\t\t\t\t\t\t\t\t<a href=\"#anchor-5\">\n\n\t\t\t\t\t\t\t\t\t\t\t<span class=\"elementor-icon-list-text\">5. Marketing y publicidad<\/span>\n\t\t\t\t\t\t\t\t\t\t\t<\/a>\n\t\t\t\t\t\t\t\t\t<\/li>\n\t\t\t\t\t\t\t\t<li class=\"elementor-icon-list-item\">\n\t\t\t\t\t\t\t\t\t\t\t<a href=\"#anchor-6\">\n\n\t\t\t\t\t\t\t\t\t\t\t<span class=\"elementor-icon-list-text\">6. Proveedores<\/span>\n\t\t\t\t\t\t\t\t\t\t\t<\/a>\n\t\t\t\t\t\t\t\t\t<\/li>\n\t\t\t\t\t\t<\/ul>\n\t\t\t\t\t\t<\/div>\n\t\t\t\t<\/div>\n\t\t\t\t<div class=\"elementor-element elementor-element-ae86e3c elementor-widget-divider--view-line elementor-widget elementor-widget-global elementor-global-1396 elementor-widget-divider\" data-id=\"ae86e3c\" data-element_type=\"widget\" data-e-type=\"widget\" data-widget_type=\"divider.default\">\n\t\t\t\t<div class=\"elementor-widget-container\">\n\t\t\t\t\t\t\t<div class=\"elementor-divider\">\n\t\t\t<span class=\"elementor-divider-separator\">\n\t\t\t\t\t\t<\/span>\n\t\t<\/div>\n\t\t\t\t\t\t<\/div>\n\t\t\t\t<\/div>\n\t\t\t\t<div class=\"elementor-element elementor-element-6a5f91e elementor-widget elementor-widget-text-editor\" data-id=\"6a5f91e\" data-element_type=\"widget\" data-e-type=\"widget\" data-widget_type=\"text-editor.default\">\n\t\t\t\t<div class=\"elementor-widget-container\">\n\t\t\t\t\t\t\t\t\t<p><strong>Informaci\u00f3n de Contacto<br><\/strong>Bienvenido al centro de contacto de OneSails. Si tiene alguna duda o comentario sobre OneSails o sus productos, por favor consulte nuestra secci\u00f3n de preguntas frecuentes.  Es posible que pueda encontrar las respuestas a sus preguntas en l\u00ednea ahora mismo. Tambi\u00e9n puede ponerse en contacto con nosotros por correo electr\u00f3nico: <a href=\"mailto:info@onesails.com\">info@onesails.com<\/a> <\/p><p>Gracias por tomarse el tiempo en contactarnos.<\/p>\t\t\t\t\t\t\t\t<\/div>\n\t\t\t\t<\/div>\n\t\t\t\t<div class=\"elementor-element elementor-element-0295665 elementor-widget-divider--view-line elementor-widget elementor-widget-global elementor-global-1396 elementor-widget-divider\" data-id=\"0295665\" data-element_type=\"widget\" data-e-type=\"widget\" data-widget_type=\"divider.default\">\n\t\t\t\t<div class=\"elementor-widget-container\">\n\t\t\t\t\t\t\t<div class=\"elementor-divider\">\n\t\t\t<span class=\"elementor-divider-separator\">\n\t\t\t\t\t\t<\/span>\n\t\t<\/div>\n\t\t\t\t\t\t<\/div>\n\t\t\t\t<\/div>\n\t\t\t\t<div class=\"elementor-element elementor-element-246b7a6 elementor-widget elementor-widget-heading\" data-id=\"246b7a6\" data-element_type=\"widget\" data-e-type=\"widget\" id=\"anchor-1\" data-widget_type=\"heading.default\">\n\t\t\t\t<div class=\"elementor-widget-container\">\n\t\t\t\t\t<h2 class=\"elementor-heading-title elementor-size-default\">1. Contactos y Distribuidores por pa\u00eds<\/h2>\t\t\t\t<\/div>\n\t\t\t\t<\/div>\n\t\t\t\t<div class=\"elementor-element elementor-element-3fe812d elementor-widget elementor-widget-text-editor\" data-id=\"3fe812d\" data-element_type=\"widget\" data-e-type=\"widget\" data-widget_type=\"text-editor.default\">\n\t\t\t\t<div class=\"elementor-widget-container\">\n\t\t\t\t\t\t\t\t\t<p><strong>Q. \u00bfC\u00f3mo puedo contactar con OneSails en mi pa\u00eds?<\/strong><\/p><p>Por favor, navegue por el mapa de la p\u00e1gina <a href=\"https:\/\/www.onesails.com\/lofts\/\">CONTACTOS<\/a> para localizar el loft OneSails m\u00e1s cercano a usted. Si no hay distribuidores en su pa\u00eds por favor p\u00f3ngase en contacto con nosotros en esta direcci\u00f3n de correo electr\u00f3nico: <a href=\"mailto:info@onesails.com\">info@onesails.com<\/a> <\/p>\t\t\t\t\t\t\t\t<\/div>\n\t\t\t\t<\/div>\n\t\t\t\t<div class=\"elementor-element elementor-element-362e812 elementor-position-inline-start elementor-widget__width-inherit elementor-view-default elementor-mobile-position-block-start elementor-widget elementor-widget-global elementor-global-14342 elementor-widget-icon-box\" data-id=\"362e812\" data-element_type=\"widget\" data-e-type=\"widget\" data-widget_type=\"icon-box.default\">\n\t\t\t\t<div class=\"elementor-widget-container\">\n\t\t\t\t\t\t\t<div class=\"elementor-icon-box-wrapper\">\n\n\t\t\t\t\t\t<div class=\"elementor-icon-box-icon\">\n\t\t\t\t<a href=\"#anchor-top\" class=\"elementor-icon\" tabindex=\"-1\" aria-label=\"Return to Top\">\n\t\t\t\t<i aria-hidden=\"true\" class=\"fas fa-angle-up\"><\/i>\t\t\t\t<\/a>\n\t\t\t<\/div>\n\t\t\t\n\t\t\t\t\t\t<div class=\"elementor-icon-box-content\">\n\n\t\t\t\t\t\t\t\t\t<h3 class=\"elementor-icon-box-title\">\n\t\t\t\t\t\t<a href=\"#anchor-top\" >\n\t\t\t\t\t\t\tReturn to Top\t\t\t\t\t\t<\/a>\n\t\t\t\t\t<\/h3>\n\t\t\t\t\n\t\t\t\t\n\t\t\t<\/div>\n\t\t\t\n\t\t<\/div>\n\t\t\t\t\t\t<\/div>\n\t\t\t\t<\/div>\n\t\t\t\t<div class=\"elementor-element elementor-element-8fcf15e elementor-widget-divider--view-line elementor-widget elementor-widget-global elementor-global-1396 elementor-widget-divider\" data-id=\"8fcf15e\" data-element_type=\"widget\" data-e-type=\"widget\" data-widget_type=\"divider.default\">\n\t\t\t\t<div class=\"elementor-widget-container\">\n\t\t\t\t\t\t\t<div class=\"elementor-divider\">\n\t\t\t<span class=\"elementor-divider-separator\">\n\t\t\t\t\t\t<\/span>\n\t\t<\/div>\n\t\t\t\t\t\t<\/div>\n\t\t\t\t<\/div>\n\t\t\t\t<div class=\"elementor-element elementor-element-f2b5378 elementor-widget elementor-widget-heading\" data-id=\"f2b5378\" data-element_type=\"widget\" data-e-type=\"widget\" id=\"anchor-2\" data-widget_type=\"heading.default\">\n\t\t\t\t<div class=\"elementor-widget-container\">\n\t\t\t\t\t<h2 class=\"elementor-heading-title elementor-size-default\">2. Atenci\u00f3n al cliente<\/h2>\t\t\t\t<\/div>\n\t\t\t\t<\/div>\n\t\t\t\t<div class=\"elementor-element elementor-element-08fd9fd elementor-widget elementor-widget-text-editor\" data-id=\"08fd9fd\" data-element_type=\"widget\" data-e-type=\"widget\" data-widget_type=\"text-editor.default\">\n\t\t\t\t<div class=\"elementor-widget-container\">\n\t\t\t\t\t\t\t\t\t<p><strong>Q. \u00bfCu\u00e1l es la pol\u00edtica de garant\u00eda de OneSails?<\/strong><\/p><p>Todas las velas nuevas de OneSails est\u00e1n bajo garant\u00eda a partir de la fecha de entrega. La duraci\u00f3n de la misma puede variar dependiendo del pa\u00eds y del tipo de producto de que se trate. En caso de que se produzca un defecto en los materiales, fabricaci\u00f3n o mano de obra con su vela durante el per\u00edodo de garant\u00eda, OneSails podr\u00e1 llevar a cabo las reparaciones necesarias de forma gratuita. La garant\u00eda no cubre los da\u00f1os causados por accidente, cuidado inadecuado, negligencia, desgaste normal, o la descomposici\u00f3n natural de los colores y materiales con el tiempo y el uso prolongado. Los da\u00f1os no cubiertos por la garant\u00eda se reparar\u00e1n a un precio razonable. Para la evaluaci\u00f3n de la garant\u00eda, su producto debe ser devuelto directamente al distribuidor OneSails donde lo compr\u00f3.     <\/p><p><strong>Q. \u00bfCubre la garant\u00eda productos de segunda mano?<\/strong><\/p><p>Esta garant\u00eda no cubre los productos de segunda mano.<\/p><p><strong>Q. \u00bfCubre la garant\u00eda el desgaste normal?<\/strong><\/p><p>Fabricamos todos nuestros productos para cumplir con nuestros propios est\u00e1ndares superiores. Sin embargo, independientemente de lo cuidadoso que sea el uso o el cuidado de su producto OneSails, con el tiempo comenzar\u00e1 a mostrar signos de la edad y el desgaste. La garant\u00eda OneSails cubre defectos de fabricaci\u00f3n y materiales, pero no cubre el desgaste normal.  <\/p>\t\t\t\t\t\t\t\t<\/div>\n\t\t\t\t<\/div>\n\t\t\t\t<div class=\"elementor-element elementor-element-ad1093d elementor-position-inline-start elementor-widget__width-inherit elementor-view-default elementor-mobile-position-block-start elementor-widget elementor-widget-global elementor-global-14342 elementor-widget-icon-box\" data-id=\"ad1093d\" data-element_type=\"widget\" data-e-type=\"widget\" data-widget_type=\"icon-box.default\">\n\t\t\t\t<div class=\"elementor-widget-container\">\n\t\t\t\t\t\t\t<div class=\"elementor-icon-box-wrapper\">\n\n\t\t\t\t\t\t<div class=\"elementor-icon-box-icon\">\n\t\t\t\t<a href=\"#anchor-top\" class=\"elementor-icon\" tabindex=\"-1\" aria-label=\"Return to Top\">\n\t\t\t\t<i aria-hidden=\"true\" class=\"fas fa-angle-up\"><\/i>\t\t\t\t<\/a>\n\t\t\t<\/div>\n\t\t\t\n\t\t\t\t\t\t<div class=\"elementor-icon-box-content\">\n\n\t\t\t\t\t\t\t\t\t<h3 class=\"elementor-icon-box-title\">\n\t\t\t\t\t\t<a href=\"#anchor-top\" >\n\t\t\t\t\t\t\tReturn to Top\t\t\t\t\t\t<\/a>\n\t\t\t\t\t<\/h3>\n\t\t\t\t\n\t\t\t\t\n\t\t\t<\/div>\n\t\t\t\n\t\t<\/div>\n\t\t\t\t\t\t<\/div>\n\t\t\t\t<\/div>\n\t\t\t\t<div class=\"elementor-element elementor-element-d44babf elementor-widget-divider--view-line elementor-widget elementor-widget-global elementor-global-1396 elementor-widget-divider\" data-id=\"d44babf\" data-element_type=\"widget\" data-e-type=\"widget\" data-widget_type=\"divider.default\">\n\t\t\t\t<div class=\"elementor-widget-container\">\n\t\t\t\t\t\t\t<div class=\"elementor-divider\">\n\t\t\t<span class=\"elementor-divider-separator\">\n\t\t\t\t\t\t<\/span>\n\t\t<\/div>\n\t\t\t\t\t\t<\/div>\n\t\t\t\t<\/div>\n\t\t\t\t<div class=\"elementor-element elementor-element-d7bb372 elementor-widget elementor-widget-heading\" data-id=\"d7bb372\" data-element_type=\"widget\" data-e-type=\"widget\" id=\"anchor-3\" data-widget_type=\"heading.default\">\n\t\t\t\t<div class=\"elementor-widget-container\">\n\t\t\t\t\t<h2 class=\"elementor-heading-title elementor-size-default\">3. Patrocinios<\/h2>\t\t\t\t<\/div>\n\t\t\t\t<\/div>\n\t\t\t\t<div class=\"elementor-element elementor-element-900c1ab elementor-widget elementor-widget-text-editor\" data-id=\"900c1ab\" data-element_type=\"widget\" data-e-type=\"widget\" data-widget_type=\"text-editor.default\">\n\t\t\t\t<div class=\"elementor-widget-container\">\n\t\t\t\t\t\t\t\t\t<p><strong>Q. \u00bfC\u00f3mo puedo conseguir que OneSails apoye mis actividades de competici\u00f3n? \u00bfQu\u00e9 cualificaciones debe tener mi proyecto? <\/strong><\/p><p>OneSails est\u00e1 continuamente buscando nuevos proyectos relacionados con el mundo de la vela y el del mar. Si su proyecto cumple los siguientes criterios, nos gustar\u00eda revisar su propuesta. <\/p><p>\u00bfSu barco (o equipo) compite en lo siguiente: Mundiales IRC u ORC, Europeos y Nacionales?<\/p><p>\u00bfEn el \u00faltimo a\u00f1o, su equipo se ha clasificado entre los tres primeros en al menos una de las siguientes competiciones: campeonato mundial, continental o nacional; regatas importantes o de renombre?<\/p><p>\u00bfEs usted responsable de organizar alguna regata dentro de las competiciones descritas anteriormente?<\/p><p>Si cree que su proyecto cumple estos requisitos, env\u00ede su propuesta a: <a href=\"mailto:info@onesails.com\">info@onesails.com<\/a><\/p>\t\t\t\t\t\t\t\t<\/div>\n\t\t\t\t<\/div>\n\t\t\t\t<div class=\"elementor-element elementor-element-24213bc elementor-position-inline-start elementor-widget__width-inherit elementor-view-default elementor-mobile-position-block-start elementor-widget elementor-widget-global elementor-global-14342 elementor-widget-icon-box\" data-id=\"24213bc\" data-element_type=\"widget\" data-e-type=\"widget\" data-widget_type=\"icon-box.default\">\n\t\t\t\t<div class=\"elementor-widget-container\">\n\t\t\t\t\t\t\t<div class=\"elementor-icon-box-wrapper\">\n\n\t\t\t\t\t\t<div class=\"elementor-icon-box-icon\">\n\t\t\t\t<a href=\"#anchor-top\" class=\"elementor-icon\" tabindex=\"-1\" aria-label=\"Return to Top\">\n\t\t\t\t<i aria-hidden=\"true\" class=\"fas fa-angle-up\"><\/i>\t\t\t\t<\/a>\n\t\t\t<\/div>\n\t\t\t\n\t\t\t\t\t\t<div class=\"elementor-icon-box-content\">\n\n\t\t\t\t\t\t\t\t\t<h3 class=\"elementor-icon-box-title\">\n\t\t\t\t\t\t<a href=\"#anchor-top\" >\n\t\t\t\t\t\t\tReturn to Top\t\t\t\t\t\t<\/a>\n\t\t\t\t\t<\/h3>\n\t\t\t\t\n\t\t\t\t\n\t\t\t<\/div>\n\t\t\t\n\t\t<\/div>\n\t\t\t\t\t\t<\/div>\n\t\t\t\t<\/div>\n\t\t\t\t<div class=\"elementor-element elementor-element-58e6160 elementor-widget-divider--view-line elementor-widget elementor-widget-global elementor-global-1396 elementor-widget-divider\" data-id=\"58e6160\" data-element_type=\"widget\" data-e-type=\"widget\" data-widget_type=\"divider.default\">\n\t\t\t\t<div class=\"elementor-widget-container\">\n\t\t\t\t\t\t\t<div class=\"elementor-divider\">\n\t\t\t<span class=\"elementor-divider-separator\">\n\t\t\t\t\t\t<\/span>\n\t\t<\/div>\n\t\t\t\t\t\t<\/div>\n\t\t\t\t<\/div>\n\t\t\t\t<div class=\"elementor-element elementor-element-26524ba elementor-widget elementor-widget-heading\" data-id=\"26524ba\" data-element_type=\"widget\" data-e-type=\"widget\" id=\"anchor-4\" data-widget_type=\"heading.default\">\n\t\t\t\t<div class=\"elementor-widget-container\">\n\t\t\t\t\t<h2 class=\"elementor-heading-title elementor-size-default\">4. Trabaja con Nosotros<\/h2>\t\t\t\t<\/div>\n\t\t\t\t<\/div>\n\t\t\t\t<div class=\"elementor-element elementor-element-af5b9d9 elementor-widget__width-inherit elementor-widget elementor-widget-text-editor\" data-id=\"af5b9d9\" data-element_type=\"widget\" data-e-type=\"widget\" data-widget_type=\"text-editor.default\">\n\t\t\t\t<div class=\"elementor-widget-container\">\n\t\t\t\t\t\t\t\t\t<p><strong>Q. \u00bfC\u00f3mo puedo informarme sobre las oportunidades profesionales que ofrece OneSails?<\/strong><\/p><p>Consulte la p\u00e1gina de <a href=\"https:\/\/www.onesails.com\/careers\/\">careers<\/a> en este mismo sitio web.<\/p>\t\t\t\t\t\t\t\t<\/div>\n\t\t\t\t<\/div>\n\t\t\t\t<div class=\"elementor-element elementor-element-467ba77 elementor-position-inline-start elementor-widget__width-inherit elementor-view-default elementor-mobile-position-block-start elementor-widget elementor-widget-global elementor-global-14342 elementor-widget-icon-box\" data-id=\"467ba77\" data-element_type=\"widget\" data-e-type=\"widget\" data-widget_type=\"icon-box.default\">\n\t\t\t\t<div class=\"elementor-widget-container\">\n\t\t\t\t\t\t\t<div class=\"elementor-icon-box-wrapper\">\n\n\t\t\t\t\t\t<div class=\"elementor-icon-box-icon\">\n\t\t\t\t<a href=\"#anchor-top\" class=\"elementor-icon\" tabindex=\"-1\" aria-label=\"Return to Top\">\n\t\t\t\t<i aria-hidden=\"true\" class=\"fas fa-angle-up\"><\/i>\t\t\t\t<\/a>\n\t\t\t<\/div>\n\t\t\t\n\t\t\t\t\t\t<div class=\"elementor-icon-box-content\">\n\n\t\t\t\t\t\t\t\t\t<h3 class=\"elementor-icon-box-title\">\n\t\t\t\t\t\t<a href=\"#anchor-top\" >\n\t\t\t\t\t\t\tReturn to Top\t\t\t\t\t\t<\/a>\n\t\t\t\t\t<\/h3>\n\t\t\t\t\n\t\t\t\t\n\t\t\t<\/div>\n\t\t\t\n\t\t<\/div>\n\t\t\t\t\t\t<\/div>\n\t\t\t\t<\/div>\n\t\t\t\t<div class=\"elementor-element elementor-element-fd0b544 elementor-widget-divider--view-line elementor-widget elementor-widget-global elementor-global-1396 elementor-widget-divider\" data-id=\"fd0b544\" data-element_type=\"widget\" data-e-type=\"widget\" data-widget_type=\"divider.default\">\n\t\t\t\t<div class=\"elementor-widget-container\">\n\t\t\t\t\t\t\t<div class=\"elementor-divider\">\n\t\t\t<span class=\"elementor-divider-separator\">\n\t\t\t\t\t\t<\/span>\n\t\t<\/div>\n\t\t\t\t\t\t<\/div>\n\t\t\t\t<\/div>\n\t\t\t\t<div class=\"elementor-element elementor-element-5b333c1 elementor-widget elementor-widget-heading\" data-id=\"5b333c1\" data-element_type=\"widget\" data-e-type=\"widget\" id=\"anchor-5\" data-widget_type=\"heading.default\">\n\t\t\t\t<div class=\"elementor-widget-container\">\n\t\t\t\t\t<h2 class=\"elementor-heading-title elementor-size-default\">5. Marketing y publicidad<\/h2>\t\t\t\t<\/div>\n\t\t\t\t<\/div>\n\t\t\t\t<div class=\"elementor-element elementor-element-3572ae4 elementor-widget elementor-widget-text-editor\" data-id=\"3572ae4\" data-element_type=\"widget\" data-e-type=\"widget\" data-widget_type=\"text-editor.default\">\n\t\t\t\t<div class=\"elementor-widget-container\">\n\t\t\t\t\t\t\t\t\t<p><strong>Q. \u00bfEst\u00e1 OneSails interesado en ampliar su presencia comercial y publicitaria?<\/strong><\/p><p>OneSails est\u00e1 siempre interesado en iniciativas de marketing y publicidad relevantes y de valor a\u00f1adido, entre ellas la participaci\u00f3n en eventos y exhibiciones. Env\u00ede su propuesta a la siguiente direcci\u00f3n de correo electr\u00f3nico: <a href=\"mailto:info@onesails.com\">info@onesails.com<\/a> <\/p>\t\t\t\t\t\t\t\t<\/div>\n\t\t\t\t<\/div>\n\t\t\t\t<div class=\"elementor-element elementor-element-858f000 elementor-position-inline-start elementor-widget__width-inherit elementor-view-default elementor-mobile-position-block-start elementor-widget elementor-widget-global elementor-global-14342 elementor-widget-icon-box\" data-id=\"858f000\" data-element_type=\"widget\" data-e-type=\"widget\" data-widget_type=\"icon-box.default\">\n\t\t\t\t<div class=\"elementor-widget-container\">\n\t\t\t\t\t\t\t<div class=\"elementor-icon-box-wrapper\">\n\n\t\t\t\t\t\t<div class=\"elementor-icon-box-icon\">\n\t\t\t\t<a href=\"#anchor-top\" class=\"elementor-icon\" tabindex=\"-1\" aria-label=\"Return to Top\">\n\t\t\t\t<i aria-hidden=\"true\" class=\"fas fa-angle-up\"><\/i>\t\t\t\t<\/a>\n\t\t\t<\/div>\n\t\t\t\n\t\t\t\t\t\t<div class=\"elementor-icon-box-content\">\n\n\t\t\t\t\t\t\t\t\t<h3 class=\"elementor-icon-box-title\">\n\t\t\t\t\t\t<a href=\"#anchor-top\" >\n\t\t\t\t\t\t\tReturn to Top\t\t\t\t\t\t<\/a>\n\t\t\t\t\t<\/h3>\n\t\t\t\t\n\t\t\t\t\n\t\t\t<\/div>\n\t\t\t\n\t\t<\/div>\n\t\t\t\t\t\t<\/div>\n\t\t\t\t<\/div>\n\t\t\t\t<div class=\"elementor-element elementor-element-f5ff713 elementor-widget-divider--view-line elementor-widget elementor-widget-global elementor-global-1396 elementor-widget-divider\" data-id=\"f5ff713\" data-element_type=\"widget\" data-e-type=\"widget\" data-widget_type=\"divider.default\">\n\t\t\t\t<div class=\"elementor-widget-container\">\n\t\t\t\t\t\t\t<div class=\"elementor-divider\">\n\t\t\t<span class=\"elementor-divider-separator\">\n\t\t\t\t\t\t<\/span>\n\t\t<\/div>\n\t\t\t\t\t\t<\/div>\n\t\t\t\t<\/div>\n\t\t\t\t<div class=\"elementor-element elementor-element-4637b0e elementor-widget elementor-widget-heading\" data-id=\"4637b0e\" data-element_type=\"widget\" data-e-type=\"widget\" id=\"anchor-6\" data-widget_type=\"heading.default\">\n\t\t\t\t<div class=\"elementor-widget-container\">\n\t\t\t\t\t<h2 class=\"elementor-heading-title elementor-size-default\">6. Proveedores<\/h2>\t\t\t\t<\/div>\n\t\t\t\t<\/div>\n\t\t\t\t<div class=\"elementor-element elementor-element-577cbd2 elementor-widget elementor-widget-text-editor\" data-id=\"577cbd2\" data-element_type=\"widget\" data-e-type=\"widget\" data-widget_type=\"text-editor.default\">\n\t\t\t\t<div class=\"elementor-widget-container\">\n\t\t\t\t\t\t\t\t\t<p><strong>Q. \u00bfC\u00f3mo puedo proponer a mi empresa para trabajar con OneSails?<\/strong><\/p><p>OneSails siempre est\u00e1 en busca de proveedores que puedan suministrar productos y accesorios n\u00e1uticos de primera calidad. Env\u00ede el perfil de su empresa a la siguiente direcci\u00f3n de correo electr\u00f3nico: <a href=\"mailto:info@onesails.com\">info@onesails.com<\/a> <\/p>\t\t\t\t\t\t\t\t<\/div>\n\t\t\t\t<\/div>\n\t\t\t\t\t<\/div>\n\t\t\t\t<\/div>\n\t\t\t\t<\/div>\n\t\t","protected":false},"excerpt":{"rendered":"<p>1. Contactos y Distribuidores por pa\u00eds 2. Atenci\u00f3n al cliente 3. Patrocinios 4. Trabaja con Nosotros 5. Marketing y publicidad 6. Proveedores Informaci\u00f3n de ContactoBienvenido al centro de contacto de OneSails. Si tiene alguna duda o comentario sobre OneSails o sus productos, por favor consulte nuestra secci\u00f3n de preguntas frecuentes. Es posible que pueda encontrar [&hellip;]<\/p>\n","protected":false},"author":5,"featured_media":14280,"parent":0,"menu_order":0,"comment_status":"closed","ping_status":"closed","template":"elementor_header_footer","meta":{"_acf_changed":false,"footnotes":""},"class_list":["post-31926","page","type-page","status-publish","has-post-thumbnail","hentry"],"acf":[],"_links":{"self":[{"href":"https:\/\/www.onesails.com\/es\/wp-json\/wp\/v2\/pages\/31926","targetHints":{"allow":["GET"]}}],"collection":[{"href":"https:\/\/www.onesails.com\/es\/wp-json\/wp\/v2\/pages"}],"about":[{"href":"https:\/\/www.onesails.com\/es\/wp-json\/wp\/v2\/types\/page"}],"author":[{"embeddable":true,"href":"https:\/\/www.onesails.com\/es\/wp-json\/wp\/v2\/users\/5"}],"replies":[{"embeddable":true,"href":"https:\/\/www.onesails.com\/es\/wp-json\/wp\/v2\/comments?post=31926"}],"version-history":[{"count":1,"href":"https:\/\/www.onesails.com\/es\/wp-json\/wp\/v2\/pages\/31926\/revisions"}],"predecessor-version":[{"id":31927,"href":"https:\/\/www.onesails.com\/es\/wp-json\/wp\/v2\/pages\/31926\/revisions\/31927"}],"wp:featuredmedia":[{"embeddable":true,"href":"https:\/\/www.onesails.com\/es\/wp-json\/wp\/v2\/media\/14280"}],"wp:attachment":[{"href":"https:\/\/www.onesails.com\/es\/wp-json\/wp\/v2\/media?parent=31926"}],"curies":[{"name":"wp","href":"https:\/\/api.w.org\/{rel}","templated":true}]}}