{"id":31916,"date":"2024-02-02T13:38:45","date_gmt":"2024-02-02T12:38:45","guid":{"rendered":"https:\/\/www.onesails.com\/careers-2\/"},"modified":"2026-02-25T14:26:42","modified_gmt":"2026-02-25T13:26:42","slug":"careers-2","status":"publish","type":"page","link":"https:\/\/www.onesails.com\/es\/careers-2\/","title":{"rendered":"Careers"},"content":{"rendered":"\t\t<div data-elementor-type=\"wp-page\" data-elementor-id=\"31916\" class=\"elementor elementor-31916 elementor-14128\" data-elementor-post-type=\"page\">\n\t\t\t\t<div class=\"elementor-element elementor-element-04210a3 e-flex e-con-boxed e-con e-parent\" data-id=\"04210a3\" data-element_type=\"container\" data-e-type=\"container\" data-settings=\"{&quot;background_background&quot;:&quot;classic&quot;}\">\n\t\t\t\t\t<div class=\"e-con-inner\">\n\t\t\t\t\t<\/div>\n\t\t\t\t<\/div>\n\t\t<div class=\"elementor-element elementor-element-b64aa6a e-flex e-con-boxed e-con e-parent\" data-id=\"b64aa6a\" data-element_type=\"container\" data-e-type=\"container\">\n\t\t\t\t\t<div class=\"e-con-inner\">\n\t\t\t\t<div class=\"elementor-element elementor-element-d18684b elementor-widget__width-inherit elementor-widget elementor-widget-heading\" data-id=\"d18684b\" data-element_type=\"widget\" data-e-type=\"widget\" data-widget_type=\"heading.default\">\n\t\t\t\t<div class=\"elementor-widget-container\">\n\t\t\t\t\t<h2 class=\"elementor-heading-title elementor-size-default\">Trabaja con Nosotros<\/h2>\t\t\t\t<\/div>\n\t\t\t\t<\/div>\n\t\t\t\t<div class=\"elementor-element elementor-element-1396 elementor-widget-divider--view-line elementor-widget elementor-widget-global elementor-global-1396 elementor-widget-divider\" data-id=\"1396\" data-element_type=\"widget\" data-e-type=\"widget\" data-widget_type=\"divider.default\">\n\t\t\t\t<div class=\"elementor-widget-container\">\n\t\t\t\t\t\t\t<div class=\"elementor-divider\">\n\t\t\t<span class=\"elementor-divider-separator\">\n\t\t\t\t\t\t<\/span>\n\t\t<\/div>\n\t\t\t\t\t\t<\/div>\n\t\t\t\t<\/div>\n\t\t\t\t<div class=\"elementor-element elementor-element-6a5f91e elementor-widget elementor-widget-text-editor\" data-id=\"6a5f91e\" data-element_type=\"widget\" data-e-type=\"widget\" data-widget_type=\"text-editor.default\">\n\t\t\t\t<div class=\"elementor-widget-container\">\n\t\t\t\t\t\t\t\t\t<p><strong>El grupo OneSails est\u00e1 creciendo y queremos que t\u00fa crezcas con nosotros.<\/strong><br>OneSails es el principal proveedor de velas y accesorios innovadores y tecnol\u00f3gicamente avanzados. Buscamos personas que nos ayuden a mantenernos a la vanguardia con su creatividad e innovaci\u00f3n. Si esto te inspira, env\u00edanos tu CV a:  <\/p>\t\t\t\t\t\t\t\t<\/div>\n\t\t\t\t<\/div>\n\t\t\t\t<div class=\"elementor-element elementor-element-24915eb elementor-widget__width-inherit elementor-widget elementor-widget-heading\" data-id=\"24915eb\" data-element_type=\"widget\" data-e-type=\"widget\" data-widget_type=\"heading.default\">\n\t\t\t\t<div class=\"elementor-widget-container\">\n\t\t\t\t\t<h2 class=\"elementor-heading-title elementor-size-default\"><a href=\"mailto:%20jobs@onesails.com\">jobs@onesails.com<\/a><\/h2>\t\t\t\t<\/div>\n\t\t\t\t<\/div>\n\t\t\t\t\t<\/div>\n\t\t\t\t<\/div>\n\t\t\t\t<\/div>\n\t\t","protected":false},"excerpt":{"rendered":"<p>Trabaja con Nosotros El grupo OneSails est\u00e1 creciendo y queremos que t\u00fa crezcas con nosotros.OneSails es el principal proveedor de velas y accesorios innovadores y tecnol\u00f3gicamente avanzados. Buscamos personas que nos ayuden a mantenernos a la vanguardia con su creatividad e innovaci\u00f3n. Si esto te inspira, env\u00edanos tu CV a: jobs@onesails.com<\/p>\n","protected":false},"author":5,"featured_media":14163,"parent":0,"menu_order":0,"comment_status":"closed","ping_status":"closed","template":"elementor_header_footer","meta":{"_acf_changed":false,"footnotes":""},"class_list":["post-31916","page","type-page","status-publish","has-post-thumbnail","hentry"],"acf":[],"_links":{"self":[{"href":"https:\/\/www.onesails.com\/es\/wp-json\/wp\/v2\/pages\/31916","targetHints":{"allow":["GET"]}}],"collection":[{"href":"https:\/\/www.onesails.com\/es\/wp-json\/wp\/v2\/pages"}],"about":[{"href":"https:\/\/www.onesails.com\/es\/wp-json\/wp\/v2\/types\/page"}],"author":[{"embeddable":true,"href":"https:\/\/www.onesails.com\/es\/wp-json\/wp\/v2\/users\/5"}],"replies":[{"embeddable":true,"href":"https:\/\/www.onesails.com\/es\/wp-json\/wp\/v2\/comments?post=31916"}],"version-history":[{"count":3,"href":"https:\/\/www.onesails.com\/es\/wp-json\/wp\/v2\/pages\/31916\/revisions"}],"predecessor-version":[{"id":31919,"href":"https:\/\/www.onesails.com\/es\/wp-json\/wp\/v2\/pages\/31916\/revisions\/31919"}],"wp:featuredmedia":[{"embeddable":true,"href":"https:\/\/www.onesails.com\/es\/wp-json\/wp\/v2\/media\/14163"}],"wp:attachment":[{"href":"https:\/\/www.onesails.com\/es\/wp-json\/wp\/v2\/media?parent=31916"}],"curies":[{"name":"wp","href":"https:\/\/api.w.org\/{rel}","templated":true}]}}