{"id":31914,"date":"2024-02-02T13:26:14","date_gmt":"2024-02-02T12:26:14","guid":{"rendered":"https:\/\/www.onesails.com\/sobre-nosotros\/"},"modified":"2025-04-04T10:48:31","modified_gmt":"2025-04-04T08:48:31","slug":"sobre-nosotros","status":"publish","type":"page","link":"https:\/\/www.onesails.com\/es\/sobre-nosotros\/","title":{"rendered":"Sobre Nosotros"},"content":{"rendered":"\t\t<div data-elementor-type=\"wp-page\" data-elementor-id=\"31914\" class=\"elementor elementor-31914 elementor-14092\" data-elementor-post-type=\"page\">\n\t\t\t\t<div class=\"elementor-element elementor-element-04210a3 e-flex e-con-boxed e-con e-parent\" data-id=\"04210a3\" data-element_type=\"container\" data-e-type=\"container\" data-settings=\"{&quot;background_background&quot;:&quot;classic&quot;}\">\n\t\t\t\t\t<div class=\"e-con-inner\">\n\t\t\t\t\t<\/div>\n\t\t\t\t<\/div>\n\t\t<div class=\"elementor-element elementor-element-b64aa6a e-flex e-con-boxed e-con e-parent\" data-id=\"b64aa6a\" data-element_type=\"container\" data-e-type=\"container\">\n\t\t\t\t\t<div class=\"e-con-inner\">\n\t\t\t\t<div class=\"elementor-element elementor-element-d18684b elementor-widget__width-inherit elementor-widget elementor-widget-heading\" data-id=\"d18684b\" data-element_type=\"widget\" data-e-type=\"widget\" data-widget_type=\"heading.default\">\n\t\t\t\t<div class=\"elementor-widget-container\">\n\t\t\t\t\t<h2 class=\"elementor-heading-title elementor-size-default\">Grupo OneSails<\/br>Cuando la experiencia da forma al futuro<\/h2>\t\t\t\t<\/div>\n\t\t\t\t<\/div>\n\t\t\t\t<div class=\"elementor-element elementor-element-1396 elementor-widget-divider--view-line elementor-widget elementor-widget-global elementor-global-1396 elementor-widget-divider\" data-id=\"1396\" data-element_type=\"widget\" data-e-type=\"widget\" data-widget_type=\"divider.default\">\n\t\t\t\t<div class=\"elementor-widget-container\">\n\t\t\t\t\t\t\t<div class=\"elementor-divider\">\n\t\t\t<span class=\"elementor-divider-separator\">\n\t\t\t\t\t\t<\/span>\n\t\t<\/div>\n\t\t\t\t\t\t<\/div>\n\t\t\t\t<\/div>\n\t\t\t\t<div class=\"elementor-element elementor-element-6a5f91e elementor-widget elementor-widget-text-editor\" data-id=\"6a5f91e\" data-element_type=\"widget\" data-e-type=\"widget\" data-widget_type=\"text-editor.default\">\n\t\t\t\t<div class=\"elementor-widget-container\">\n\t\t\t\t\t\t\t\t\t<p><strong><a href=\"https:\/\/maps.app.goo.gl\/Cszv5sRv5wPBLczr9\" rel=\"noopener\">OneSails <\/a>es una red global que agrupa veler\u00edas independientes en todo el mundo, <\/strong>exportando lo mejor del Made in Italy a trav\u00e9s de un modelo de negocio innovador: una red de servicios cuyo ADN est\u00e1 representado por veleros profesionales de primer nivel, tecnolog\u00edas exclusivas y una imagen original. OneSails es la culminaci\u00f3n de m\u00e1s de 40 a\u00f1os de experiencia en dise\u00f1o y tecnolog\u00eda para la construcci\u00f3n de velas de alto rendimiento. Las velas OneSails est\u00e1n fabricadas con el dise\u00f1o y la tecnolog\u00eda exclusiva de composite de filamentos continuos 4T FORTE\u2122 para garantizar calidad, durabilidad y rendimiento. OneSails tambi\u00e9n desarrolla y produce productos personalizados y velas cl\u00e1sicas.   <\/p><p>En octubre de 2013, OneSails lanz\u00f3 al mercado la 4T FORTE\u2122, la revolucionaria tecnolog\u00eda de composite con filamentos continuos, que se convirti\u00f3 en la referencia para la construcci\u00f3n de velas de alto rendimiento. Un a\u00f1o despu\u00e9s, CSQA, la principal empresa italiana en servicios de certificaci\u00f3n e inspecci\u00f3n para empresas, certific\u00f3 que el estudio LCA\u2013Life Cycle Assessment realizado sobre la vela 4T FORTE\u2122 comercializada por OneSails cumple con las normas ISO 14040 e ISO 14044. <\/p><p>Una mejora adicional del producto insignia de OneSails, la 4T FORTE\u2122 Naked, fue presentada al mercado mundial en noviembre de 2015. La 4T FORTE\u2122 Naked la hace a\u00fan m\u00e1s segura y potente, sin sacrificar la estabilidad de forma. <\/p><p>El respeto por el medio ambiente es una de las principales prioridades de OneSails, manteniendo as\u00ed un enfoque concreto en los crecientes problemas medioambientales. El compromiso adicional de OneSails con el medio ambiente est\u00e1 orientado a la recuperaci\u00f3n de velas en desuso y a la expansi\u00f3n progresiva del ciclo de recuperaci\u00f3n y reciclaje de materiales selectivos. El proceso de reciclaje de velas 4T FORTE\u2122 fue lanzado oficialmente en 2015.  <\/p><div> <\/div><div> <\/div>\t\t\t\t\t\t\t\t<\/div>\n\t\t\t\t<\/div>\n\t\t\t\t<div class=\"elementor-element elementor-element-e8c724f elementor-widget__width-inherit elementor-widget elementor-widget-heading\" data-id=\"e8c724f\" data-element_type=\"widget\" data-e-type=\"widget\" data-widget_type=\"heading.default\">\n\t\t\t\t<div class=\"elementor-widget-container\">\n\t\t\t\t\t<h2 class=\"elementor-heading-title elementor-size-default\">The OneSails Group<\/br>When the experience shapes the future<\/h2>\t\t\t\t<\/div>\n\t\t\t\t<\/div>\n\t\t\t\t\t<\/div>\n\t\t\t\t<\/div>\n\t\t\t\t<\/div>\n\t\t","protected":false},"excerpt":{"rendered":"<p>Grupo OneSailsCuando la experiencia da forma al futuro OneSails es una red global que agrupa veler\u00edas independientes en todo el mundo, exportando lo mejor del Made in Italy a trav\u00e9s de un modelo de negocio innovador: una red de servicios cuyo ADN est\u00e1 representado por veleros profesionales de primer nivel, tecnolog\u00edas exclusivas y una imagen [&hellip;]<\/p>\n","protected":false},"author":5,"featured_media":14123,"parent":0,"menu_order":0,"comment_status":"closed","ping_status":"closed","template":"elementor_header_footer","meta":{"_acf_changed":false,"footnotes":""},"class_list":["post-31914","page","type-page","status-publish","has-post-thumbnail","hentry"],"acf":[],"_links":{"self":[{"href":"https:\/\/www.onesails.com\/es\/wp-json\/wp\/v2\/pages\/31914","targetHints":{"allow":["GET"]}}],"collection":[{"href":"https:\/\/www.onesails.com\/es\/wp-json\/wp\/v2\/pages"}],"about":[{"href":"https:\/\/www.onesails.com\/es\/wp-json\/wp\/v2\/types\/page"}],"author":[{"embeddable":true,"href":"https:\/\/www.onesails.com\/es\/wp-json\/wp\/v2\/users\/5"}],"replies":[{"embeddable":true,"href":"https:\/\/www.onesails.com\/es\/wp-json\/wp\/v2\/comments?post=31914"}],"version-history":[{"count":3,"href":"https:\/\/www.onesails.com\/es\/wp-json\/wp\/v2\/pages\/31914\/revisions"}],"predecessor-version":[{"id":31929,"href":"https:\/\/www.onesails.com\/es\/wp-json\/wp\/v2\/pages\/31914\/revisions\/31929"}],"wp:featuredmedia":[{"embeddable":true,"href":"https:\/\/www.onesails.com\/es\/wp-json\/wp\/v2\/media\/14123"}],"wp:attachment":[{"href":"https:\/\/www.onesails.com\/es\/wp-json\/wp\/v2\/media?parent=31914"}],"curies":[{"name":"wp","href":"https:\/\/api.w.org\/{rel}","templated":true}]}}