{"id":31472,"date":"2024-01-23T18:02:03","date_gmt":"2024-01-23T17:02:03","guid":{"rendered":"https:\/\/www.onesails.com\/paint-your-spinnaker\/"},"modified":"2025-01-23T11:15:19","modified_gmt":"2025-01-23T10:15:19","slug":"paint-your-spinnaker","status":"publish","type":"page","link":"https:\/\/www.onesails.com\/de\/paint-your-spinnaker\/","title":{"rendered":"Paint Your Spinnaker"},"content":{"rendered":"\t\t<div data-elementor-type=\"wp-page\" data-elementor-id=\"31472\" class=\"elementor elementor-31472 elementor-12506\" data-elementor-post-type=\"page\">\n\t\t\t\t<div class=\"elementor-element elementor-element-cf6be7c e-con-full e-flex e-con e-parent\" data-id=\"cf6be7c\" data-element_type=\"container\" data-e-type=\"container\">\n\t\t\t\t<div class=\"elementor-element elementor-element-c8091d7 elementor-widget elementor-widget-shortcode\" data-id=\"c8091d7\" data-element_type=\"widget\" data-e-type=\"widget\" data-widget_type=\"shortcode.default\">\n\t\t\t\t<div class=\"elementor-widget-container\">\n\t\t\t\t\t\t\t<div class=\"elementor-shortcode\">\t\t<div data-elementor-type=\"container\" data-elementor-id=\"25872\" class=\"elementor elementor-25872\" data-elementor-post-type=\"elementor_library\">\n\t\t\t\t<div class=\"elementor-element elementor-element-14ce183f e-con-full e-flex e-con e-parent\" data-id=\"14ce183f\" data-element_type=\"container\" data-e-type=\"container\" data-settings=\"{&quot;background_background&quot;:&quot;classic&quot;}\">\n\t\t\t\t<\/div>\n\t\t\t\t<\/div>\n\t\t<\/div>\n\t\t\t\t\t\t<\/div>\n\t\t\t\t<\/div>\n\t\t\t\t<\/div>\n\t\t<div class=\"elementor-element elementor-element-7945a79 e-flex e-con-boxed e-con e-parent\" data-id=\"7945a79\" data-element_type=\"container\" data-e-type=\"container\">\n\t\t\t\t\t<div class=\"e-con-inner\">\n\t\t\t\t<div class=\"elementor-element elementor-element-a2b2cb4 elementor-widget elementor-widget-heading\" data-id=\"a2b2cb4\" data-element_type=\"widget\" data-e-type=\"widget\" data-widget_type=\"heading.default\">\n\t\t\t\t<div class=\"elementor-widget-container\">\n\t\t\t\t\t<h1 class=\"elementor-heading-title elementor-size-default\">Paint Your Spinnaker<\/h1>\t\t\t\t<\/div>\n\t\t\t\t<\/div>\n\t\t\t\t<div class=\"elementor-element elementor-element-ff337d7 elementor-widget elementor-widget-html\" data-id=\"ff337d7\" data-element_type=\"widget\" data-e-type=\"widget\" data-widget_type=\"html.default\">\n\t\t\t\t<div class=\"elementor-widget-container\">\n\t\t\t\t\t<link href=\"\/wp-content\/uploads\/paintyourspi\/paintyourspi.css\" rel=\"stylesheet\">\n<script src=\"\/wp-content\/uploads\/paintyourspi\/snap.svg.js\"><\/script>\n<script src=\"\/wp-content\/uploads\/paintyourspi\/SpiColor_Snap.js\"><\/script>\n<script src=\"\/wp-content\/uploads\/paintyourspi\/knockout-3.5.1.js\"><\/script>\n\n<div class=\"pys_c\">\n    <form name=\"frm\" action=\"#\" class=\"flexySpi\">\n        <div style=\"flex-grow:0;max-width:370px\">\n            \n                <div class=\"flexySpi\" style=\"margin-bottom:1rem;\">\n                    <div>Spinnaker<input type=\"radio\" name=\"checkSail\" value=\"Spinnaker\" onclick=\"cambiaVela('spinnaker')\" checked><\/div>\n                    <div>Asymmetrisch<input type=\"radio\" name=\"checkSail\" value=\"Gennaker\" onclick=\"cambiaVela('gennaker')\"><\/div>\n                <\/div>\n            <div>\n                <div>\n                    <span>Hintergrund<\/span>\n                    <select id=\"background\" onchange=\"cambiaBackground(this)\" style=\"margin: 3px 0;\">\n                        <option value=\"#ffffff\" class=\"filWhite\" selected>Wei\u00df<\/option>\n                        <option value=\"#f4339d\" class=\"filNewPink\">Neu Rosa<\/option>\n                        <option value=\"#f26000\" class=\"filOrange\">Orange<\/option>\n                        <option value=\"#bb0000\" class=\"filRed\">Rot<\/option>\n                        <option value=\"#ffa500\" class=\"filGold\">Gold<\/option>\n                        <option value=\"#ffd000\" class=\"filYellow\">Gelb<\/option>\n                        <option value=\"#ffff00\" class=\"filFluorYellow\">Fluorgelb<\/option>\n                        <option value=\"#008000\" class=\"filGreen\">Gr\u00fcn<\/option>\n                        <option value=\"#00ff00\" class=\"filFluorGreen\">Fluor Gr\u00fcn<\/option>\n                        <option value=\"#101e7e\" class=\"filDarkBlue\" style=\"color:white\">Dunkelblau<\/option>\n                        <option value=\"#558eb5\" class=\"filLightBlue\" style=\"color:white\">Hellblau<\/option>\n                        <option value=\"#6c4499\" class=\"filLilac\" style=\"color:white\">Flieder<\/option>\n                        <option value=\"#999999\" class=\"filGrey\" style=\"color:white\">Grau<\/option>\n                        <option value=\"#000000\" class=\"filBlack\" style=\"color:white\">Black<\/option>\n                    <\/select>\n                    <input type=\"button\" value=\"Alle ausf\u00fcllen\" onclick=\"fillAll()\" style=\"width:100px\"><br>\n                <\/div>\n            <\/div>\n            <div>\n                <span>Vordergrund<\/span>\n                <select id=\"foreground\" onchange=\"cambiaForeground(this)\" style=\"margin: 3px 0;\">\n                    <option value=\"#ffffff\" class=\"filWhite\">Wei\u00df<\/option>\n                    <option value=\"#f4339d\" class=\"filNewPink\">Neu Rosa<\/option>\n                    <option value=\"#f26000\" class=\"filOrange\">Orange<\/option>\n                    <option value=\"#bb0000\" class=\"filRed\">Rot<\/option>\n                    <option value=\"#ffa500\" class=\"filGold\">Gold<\/option>\n                    <option value=\"#ffd000\" class=\"filYellow\">Gelb<\/option>\n                    <option value=\"#ffff00\" class=\"filFluorYellow\">Fluorgelb<\/option>\n                    <option value=\"#008000\" class=\"filGreen\">Gr\u00fcn<\/option>\n                    <option value=\"#00ff00\" class=\"filFluorGreen\">Fluor Gr\u00fcn<\/option>\n                    <option value=\"#101e7e\" class=\"filDarkBlue\" style=\"color:white\">Dunkelblau<\/option>\n                    <option value=\"#558eb5\" class=\"filLightBlue\" style=\"color:white\">Hellblau<\/option>\n                    <option value=\"#6c4499\" class=\"filLilac\" style=\"color:white\">Flieder<\/option>\n                    <option value=\"#999999\" class=\"filGrey\" style=\"color:white\">Grau<\/option>\n                    <option value=\"#000000\" class=\"filBlack\" style=\"color:white\" selected>Black<\/option>\n                <\/select><br>\n            <\/div>\n            \n\n            <div id=\"palette\">\n                <div id=\"filWhite\" class=\"colorBox filWhite\" title=\"Wei\u00df\"><\/div>\n                <div id=\"filNewPink\" class=\"colorBox filNewPink\" title=\"Neu Rosa\"><\/div>\n                <div id=\"filOrange\" class=\"colorBox filOrange\" title=\"Orange\"><\/div>\n                <div id=\"filRed\" class=\"colorBox filRed\" title=\"Rot\"><\/div>\n                <div id=\"filGold\" class=\"colorBox filGold\" title=\"Gold\"><\/div>\n                <div id=\"filYellow\" class=\"colorBox filYellow\" title=\"Gelb\"><\/div>\n                <div id=\"filFluorYellow\" class=\"colorBox filFluorYellow\" title=\"Fluorgelb\"><\/div>\n                <div id=\"filGreen\" class=\"colorBox filGreen\" title=\"Gr\u00fcn\"><\/div>\n                <div id=\"filFluorGreen\" class=\"colorBox filFluorGreen\" title=\"Fluor Gr\u00fcn\"><\/div>\n                <div id=\"filDarkBlue\" class=\"colorBox filDarkBlue\" title=\"Dunkelblau\"><\/div>\n                <div id=\"filLightBlue\" class=\"colorBox filLightBlue\" title=\"Hellblau\"><\/div>\n                <div id=\"filLilac\" class=\"colorBox filLilac\" title=\"Flieder\"><\/div>\n                <div id=\"filGrey\" class=\"colorBox filGrey\" title=\"Grau\"><\/div>\n                <div id=\"filBlack\" class=\"colorBox filBlack\" title=\"Black\"><\/div>\n            <\/div>\n\n            <br style=\"clear:both;\">\n            <div id=\"fileApi\" style=\"display:none\">\n                <div id=\"drop_zone\" style=\"display:none\">Bildlogo hier ablegen<\/div>\n                <div id=\"titleLogo\" style=\"display:none;padding: 10px 0\">Datei-Logo hochladen<\/div>\n                <input type=\"file\" id=\"files\" name=\"files[]\" multiple><br>\n                <output id=\"list\"><\/output>\n            <\/div>\n\n            <div class=\"fieldC\"><label>Ihr&nbsp;Name:  <input id=\"Nome\" type=\"text\" size=\"30\" value=\"\" name=\"Nome\"><\/label><\/div>\n            <div class=\"fieldC\"><label>Ihre&nbsp;E-Mail:  <input id=\"EMail\" type=\"text\" size=\"30\" value=\"\" name=\"EMail\"><\/label><\/div>\n            <div class=\"fieldC\"><label>Ihr&nbsp;Boot&nbsp;Design:  <input id=\"BoatDesign\" type=\"text\" size=\"30\" value=\"\" name=\"BoatDesign\"><\/label><\/div>\n\n            <!--Solo locale-->\n            <div id=\"countryChain\" class=\"chained\" style=\"width:75%;margin: 1rem 0;\">\n                <select style=\"width:99%; margin-bottom:10px;\" class=\"chainSelect\" id=\"selectCountry\" data-bind=\"options: countries, value: selectedCountry, optionsText : 'name', optionsValue : 'id', optionsCaption : 'Select Country'\"><option value=\"\">Land ausw\u00e4hlen<\/option><option value=\"136\">AUS<\/option><option value=\"135\">AUT<\/option><option value=\"163\">BUL<\/option><option value=\"162\">CHL<\/option><option value=\"145\">Nicht aufgef\u00fchrte L\u00e4nder<\/option><option value=\"142\">CRO<\/option><option value=\"134\">DEN<\/option><option value=\"133\">ESP<\/option><option value=\"147\">EST<\/option><option value=\"167\">FIN<\/option><option value=\"132\">FRA<\/option><option value=\"131\">GBR<\/option><option value=\"130\">GER<\/option><option value=\"172\">GRE<\/option><option value=\"152\">HKG<\/option><option value=\"144\">HUN<\/option><option value=\"157\">ISR<\/option><option value=\"129\">ITA<\/option><option value=\"128\">JPN<\/option><option value=\"169\">LAT<\/option><option value=\"170\">LTU<\/option><option value=\"150\">MAS<\/option><option value=\"178\">MEX<\/option><option value=\"138\">MNE<\/option><option value=\"149\">MON<\/option><option value=\"127\">NED<\/option><option value=\"146\">NOR<\/option><option value=\"148\">NZL<\/option><option value=\"164\">POL<\/option><option value=\"126\">POR<\/option><option value=\"160\">ROU<\/option><option value=\"168\">RSA<\/option><option value=\"125\">RUS<\/option><option value=\"137\">SIN<\/option><option value=\"143\">SLO<\/option><option value=\"140\">SUI<\/option><option value=\"141\">SWE<\/option><option value=\"139\">THA<\/option><option value=\"124\">TUR<\/option><option value=\"165\">USA<\/option><\/select>\n                <select style=\"width:99%\" name=\"Loft\" class=\"chainSelect\" id=\"selectLoft\" data-bind=\"options: loftsByCountry, value: selectedLoft, optionsText : 'name', optionsValue : 'email', optionsCaption : 'Select Loft'\" required=\"\"><option value=\"\">Loft ausw\u00e4hlen<\/option><\/select>\n            <\/div>\n            <!--Fine Solo locale-->\n\n\n\n            <div style=\"font-size:x-small;margin-top: 20px;\">\n                <p>Farben und Paneele k\u00f6nnen je nach Spinnaker- und Asymmetric-Anfrage variieren.<\/p>\n                <p>Wir empfehlen Ihnen, mit Ihrem Segelmacher zu sprechen, um sich zu vergewissern, dass die von Ihnen gew\u00fcnschte Farbe die richtige ist.<\/p>\n            <\/div>\n\n            <input class=\"sendSpi\" onclick=\"saveSvg()\" type=\"button\" value=\"Senden Sie Ihren Entwurf\">\n\n        <\/div>\n        <div style=\"flex-grow:1; text-align:center;padding-top:10px;\">\n            <div id=\"imgTools\" style=\"width:50px;padding-top:100px;display:none;\">\n                <img decoding=\"async\" src=\"\/wp-content\/uploads\/paintyourspi\/img\/SpiColorRotateclock.png\" alt=\"Drehen Sie\" onclick=\"rotateImg(15)\">\n                <img decoding=\"async\" src=\"\/wp-content\/uploads\/paintyourspi\/img\/SpiColorRotateanticlock.png\" alt=\"anticlock rotieren\" onclick=\"rotateImg(-15)\">\n                <img decoding=\"async\" src=\"\/wp-content\/uploads\/paintyourspi\/img\/SpiColorZoom-in.png\" alt=\"Vergr\u00f6\u00dfern\" onclick=\"scaleImg(1.1)\">\n                <img decoding=\"async\" src=\"\/wp-content\/uploads\/paintyourspi\/img\/SpiColorZoom-out.png\" alt=\"Herauszoomen\" onclick=\"scaleImg(0.9)\">\n                <img decoding=\"async\" src=\"\/wp-content\/uploads\/paintyourspi\/img\/SpiColorRemove.png\" alt=\"Entfernen Sie\" onclick=\"removeImg()\">\n            <\/div>\n\n            <svg id=\"SVGRaphael\" xmlns:xlink=\"http:\/\/www.w3.org\/1999\/xlink\" xmlns=\"http:\/\/www.w3.org\/2000\/svg\" xmlns:svg=\"http:\/\/www.w3.org\/2000\/svg\"><\/svg>\n            <div id=\"output\" style=\"width:370px;\"><\/div>\n        <\/div>\n    <\/form>\n<\/div>\n<!-- fine Luca -->\n        <\/div>\n        \n        <script>\n            var countryloftViewModel = function () {\n                var self = this;\n                self.countries = [{ id: 136, name: 'AUS' }, { id: 135, name: 'AUT' }, { id: 163, name: 'BUL' }, { id: 162, name: 'CHL' }, { id: 145, name: 'Countries not listed' }, { id: 142, name: 'CRO' }, { id: 134, name: 'DEN' }, { id: 133, name: 'ESP' }, { id: 147, name: 'EST' }, { id: 167, name: 'FIN' }, { id: 132, name: 'FRA' }, { id: 131, name: 'GBR' }, { id: 130, name: 'GER' }, { id: 172, name: 'GRE' }, { id: 152, name: 'HKG' }, { id: 144, name: 'HUN' }, { id: 157, name: 'ISR' }, { id: 129, name: 'ITA' }, { id: 128, name: 'JPN' }, { id: 169, name: 'LAT' }, { id: 170, name: 'LTU' }, { id: 150, name: 'MAS' }, { id: 178, name: 'MEX' }, { id: 138, name: 'MNE' }, { id: 149, name: 'MON' }, { id: 127, name: 'NED' }, { id: 146, name: 'NOR' }, { id: 148, name: 'NZL' }, { id: 164, name: 'POL' }, { id: 126, name: 'POR' }, { id: 160, name: 'ROU' }, { id: 168, name: 'RSA' }, { id: 125, name: 'RUS' }, { id: 137, name: 'SIN' }, { id: 143, name: 'SLO' }, { id: 140, name: 'SUI' }, { id: 141, name: 'SWE' }, { id: 139, name: 'THA' }, { id: 124, name: 'TUR' }, { id: 165, name: 'USA' },];\n                self.lofts = [{ id: 1603, country: 136, email: 'geelong@onesails.com', name: 'AUSTRALIA Geelong' }, { id: 1478, country: 136, email: 'brisbane@onesails.com', name: 'AUSTRALIA Brisbane' }, { id: 1006, country: 136, email: 'perth@onesails.com', name: 'AUSTRALIA Perth' }, { id: 1009, country: 136, email: 'sydney@onesails.com', name: 'AUSTRALIA Sydney' }, { id: 1714, country: 136, email: 'adelaide@onesails.com', name: 'AUSTRALIA Adelaide' }, { id: 1001, country: 135, email: 'office@onesails.at', name: 'AUSTRIA' }, { id: 1806, country: 163, email: 'bulgaria@onesails.com', name: 'BULGARIA' }, { id: 1792, country: 162, email: 'chile@onesails.cl', name: 'CHILE' }, { id: 996, country: 145, email: 'info@onesails.com', name: ' OneSails HEADQUARTER' }, { id: 1011, country: 142, email: 'croatia@onesails.com', name: 'CROATIA' }, { id: 1562, country: 134, email: 'info@onesails.dk', name: 'DENMARK' }, { id: 1662, country: 133, email: 'atlantico@onesails.es', name: 'SPAIN - Atlantic' }, { id: 1104, country: 133, email: 'info@onesails.es', name: 'SPAIN - Palma' }, { id: 1013, country: 147, email: 'mati@onesails.com', name: 'ESTONIA' }, { id: 1021, country: 167, email: 'info@onesails.fi', name: 'FINLAND Helsinki' }, { id: 1631, country: 132, email: 'atlantique@onesails.fr', name: 'FRANCE - Atlantic' }, { id: 1757, country: 132, email: 'med@onesails.fr', name: 'FRANCE - Mediterranean' }, { id: 1015, country: 131, email: 'south@onesails.co.uk', name: 'GREAT BRITAIN South' }, { id: 1014, country: 131, email: 'east@onesails.co.uk', name: 'GREAT BRITAIN East' }, { id: 1548, country: 130, email: 'germany@onesails.com', name: 'GERMANY Travem\u00fcnde' }, { id: 1663, country: 130, email: 'info@tt-sails.de', name: 'GERMANY Flensburg' }, { id: 1664, country: 130, email: 'bodensee@onesails.de', name: 'GERMANY Bodensee' }, { id: 1666, country: 130, email: 'kiel@onesails.de', name: 'GERMANY Kiel' }, { id: 1812, country: 130, email: 'nrw@onesails.de', name: 'GERMANY NRW' }, { id: 1845, country: 130, email: 'ost@onesails.de', name: 'GERMANY OST' }, { id: 1846, country: 130, email: 'hoheduene@onesails.de', name: 'GERMANY Rostock' }, { id: 1854, country: 172, email: 'hellas@onesails.gr', name: 'GREECE' }, { id: 1019, country: 152, email: 'hongkong@onesails.com', name: 'HONG KONG' }, { id: 1018, country: 144, email: 'miklos.bezereti@onesails.com', name: 'HUNGARY' }, { id: 1745, country: 157, email: 'israel@onesails.com', name: 'ISRAEL' }, { id: 1083, country: 129, email: 'info@bestsailservice.eu', name: 'ITALY North-West' }, { id: 1558, country: 129, email: 'sardinia@onesails.it', name: 'ITALY Sardinia' }, { id: 1557, country: 129, email: 'sicilia@onesails.it', name: 'ITALY Sicily (Ragusa)' }, { id: 1556, country: 129, email: 'veleriamontefusco@onesails.it', name: 'ITALY Center-South (Lecce)' }, { id: 1555, country: 129, email: 'verona@onesails.it', name: 'ITALY North-East (Verona)' }, { id: 1734, country: 129, email: 'diddi@onesails.it', name: 'ITALY South Tuscany (Scarlino)' }, { id: 1871, country: 129, email: 'alberto.bergamo@onesails.it', name: 'ITALY Venice' }, { id: 1085, country: 128, email: 'info@onesails.jp', name: 'JAPAN' }, { id: 1841, country: 169, email: 'mati@onesails.com', name: 'LATVIA' }, { id: 1842, country: 170, email: 'mati@onesails.com', name: 'LITHUANIA' }, { id: 1086, country: 150, email: 'malaysia@onesails.com', name: 'MALAYSIA' }, { id: 1872, country: 178, email: 'mexico@onesails.mx', name: 'MEXICO' }, { id: 1606, country: 138, email: 'info@onesails.me', name: 'MONTENEGRO' }, { id: 1087, country: 149, email: 'montecarlo@onesails.com', name: 'MONTECARLO' }, { id: 1017, country: 127, email: 'info@onesails.nl', name: 'NETHERLANDS' }, { id: 1095, country: 146, email: 'norway@onesails.com', name: 'NORWAY' }, { id: 1088, country: 148, email: 'newzealand@onesails.com', name: 'NEW ZEALAND' }, { id: 1819, country: 164, email: 'info@onesails.pl', name: 'POLAND' }, { id: 1560, country: 126, email: 'diogop@onesails.pt', name: 'PORTUGAL' }, { id: 1771, country: 160, email: 'info@onesails.ro', name: 'ROMANIA' }, { id: 1839, country: 168, email: 'info@onesails.co.za', name: 'SOUTH AFRICA' }, { id: 1096, country: 125, email: 'russia@onesails.com', name: 'RUSSIA' }, { id: 1097, country: 137, email: 'singapore@onesails.com', name: 'SINGAPORE' }, { id: 1102, country: 143, email: 'slovenia@onesails.com', name: 'SLOVENIA' }, { id: 1110, country: 140, email: 'switzerland@onesails.ch', name: 'SWITZERLAND' }, { id: 1106, country: 141, email: 'info@onesails.se', name: 'SWEDEN ' }, { id: 1597, country: 139, email: 'phuket@onesails.com', name: 'THAILAND Phuket' }, { id: 1114, country: 124, email: 'turkey@onesails.com', name: 'TURKEY' }, { id: 1820, country: 165, email: 'info@onesailsna.com', name: 'USA - North Atlantic' },];\n\n                self.selectedCountry = ko.observable();\n                self.selectedLoft = ko.observable();\n\n                self.loftsByCountry = ko.computed(function () {\n                    return ko.utils.arrayFilter(self.lofts, function (item) {\n                        return item.country === self.selectedCountry();\n                    });\n                });\n            }\n            var countryloftModel = new countryloftViewModel();\n            ko.applyBindings(countryloftModel, document.getElementById(\"countryChain\"));\n\n            var locale = \"International\";\n            jQuery('#selectCountry option:contains(\"' + locale + '\")').attr('selected', true).change();\n\n            if (jQuery('#selectLoft option').size() == 2) {\n                jQuery('#selectLoft option:eq(1)').attr('selected', 'selected');\n            }\n        <\/script>\n\n        <br>\n        <div style=\"clear:both\"><\/div>\n        <br>\n    <\/div>\t\t\t\t<\/div>\n\t\t\t\t<\/div>\n\t\t\t\t\t<\/div>\n\t\t\t\t<\/div>\n\t\t\t\t<\/div>\n\t\t","protected":false},"excerpt":{"rendered":"<p>Spinnaker Asymmetrisch Hintergrund Wei\u00dfNeu RosaOrangeRotGoldGelbFluorgelbGr\u00fcnFluor Gr\u00fcnDunkelblauHellblauFliederGrauBlack Vordergrund Wei\u00dfNeu RosaOrangeRotGoldGelbFluorgelbGr\u00fcnFluor Gr\u00fcnDunkelblauHellblauFliederGrauBlack Bildlogo hier ablegen Datei-Logo hochladen Ihr&nbsp;Name: Ihre&nbsp;E-Mail: Ihr&nbsp;Boot&nbsp;Design: Land ausw\u00e4hlenAUSAUTBULCHLNicht aufgef\u00fchrte L\u00e4nderCRODENESPESTFINFRAGBRGERGREHKGHUNISRITAJPNLATLTUMASMEXMNEMONNEDNORNZLPOLPORROURSARUSSINSLOSUISWETHATURUSA Loft ausw\u00e4hlen Farben und Paneele k\u00f6nnen je nach Spinnaker- und Asymmetric-Anfrage variieren. Wir empfehlen Ihnen, mit Ihrem Segelmacher zu sprechen, um sich zu vergewissern, dass die von Ihnen gew\u00fcnschte Farbe die richtige ist.<\/p>\n","protected":false},"author":2,"featured_media":0,"parent":0,"menu_order":0,"comment_status":"closed","ping_status":"closed","template":"","meta":{"_acf_changed":false,"footnotes":""},"class_list":["post-31472","page","type-page","status-publish","hentry"],"acf":[],"_links":{"self":[{"href":"https:\/\/www.onesails.com\/de\/wp-json\/wp\/v2\/pages\/31472","targetHints":{"allow":["GET"]}}],"collection":[{"href":"https:\/\/www.onesails.com\/de\/wp-json\/wp\/v2\/pages"}],"about":[{"href":"https:\/\/www.onesails.com\/de\/wp-json\/wp\/v2\/types\/page"}],"author":[{"embeddable":true,"href":"https:\/\/www.onesails.com\/de\/wp-json\/wp\/v2\/users\/2"}],"replies":[{"embeddable":true,"href":"https:\/\/www.onesails.com\/de\/wp-json\/wp\/v2\/comments?post=31472"}],"version-history":[{"count":2,"href":"https:\/\/www.onesails.com\/de\/wp-json\/wp\/v2\/pages\/31472\/revisions"}],"predecessor-version":[{"id":31477,"href":"https:\/\/www.onesails.com\/de\/wp-json\/wp\/v2\/pages\/31472\/revisions\/31477"}],"wp:attachment":[{"href":"https:\/\/www.onesails.com\/de\/wp-json\/wp\/v2\/media?parent=31472"}],"curies":[{"name":"wp","href":"https:\/\/api.w.org\/{rel}","templated":true}]}}