{"id":31360,"date":"2024-02-02T14:06:30","date_gmt":"2024-02-02T13:06:30","guid":{"rendered":"https:\/\/www.onesails.com\/haeufig-gestellte-fragen\/"},"modified":"2025-01-23T11:14:44","modified_gmt":"2025-01-23T10:14:44","slug":"haeufig-gestellte-fragen","status":"publish","type":"page","link":"https:\/\/www.onesails.com\/de\/haeufig-gestellte-fragen\/","title":{"rendered":"H\u00e4ufig gestellte Fragen"},"content":{"rendered":"\t\t<div data-elementor-type=\"wp-page\" data-elementor-id=\"31360\" class=\"elementor elementor-31360 elementor-14184\" data-elementor-post-type=\"page\">\n\t\t\t\t<div class=\"elementor-element elementor-element-04210a3 e-flex e-con-boxed e-con e-parent\" data-id=\"04210a3\" data-element_type=\"container\" data-e-type=\"container\" data-settings=\"{&quot;background_background&quot;:&quot;classic&quot;}\">\n\t\t\t\t\t<div class=\"e-con-inner\">\n\t\t\t\t\t<\/div>\n\t\t\t\t<\/div>\n\t\t<div class=\"elementor-element elementor-element-b64aa6a e-flex e-con-boxed e-con e-parent\" data-id=\"b64aa6a\" data-element_type=\"container\" data-e-type=\"container\">\n\t\t\t\t\t<div class=\"e-con-inner\">\n\t\t\t\t<div class=\"elementor-element elementor-element-1396 elementor-widget-divider--view-line elementor-widget elementor-widget-global elementor-global-1396 elementor-widget-divider\" data-id=\"1396\" data-element_type=\"widget\" data-e-type=\"widget\" data-widget_type=\"divider.default\">\n\t\t\t\t<div class=\"elementor-widget-container\">\n\t\t\t\t\t\t\t<div class=\"elementor-divider\">\n\t\t\t<span class=\"elementor-divider-separator\">\n\t\t\t\t\t\t<\/span>\n\t\t<\/div>\n\t\t\t\t\t\t<\/div>\n\t\t\t\t<\/div>\n\t\t\t\t<div class=\"elementor-element elementor-element-5b9caa7 elementor-icon-list--layout-traditional elementor-list-item-link-full_width elementor-widget elementor-widget-icon-list\" data-id=\"5b9caa7\" data-element_type=\"widget\" data-e-type=\"widget\" data-widget_type=\"icon-list.default\">\n\t\t\t\t<div class=\"elementor-widget-container\">\n\t\t\t\t\t\t\t<ul class=\"elementor-icon-list-items\">\n\t\t\t\t\t\t\t<li class=\"elementor-icon-list-item\">\n\t\t\t\t\t\t\t\t\t\t\t<a href=\"#anchor-1\">\n\n\t\t\t\t\t\t\t\t\t\t\t<span class=\"elementor-icon-list-text\">1. L\u00e4nderkontakte und Vertriebspartner<\/span>\n\t\t\t\t\t\t\t\t\t\t\t<\/a>\n\t\t\t\t\t\t\t\t\t<\/li>\n\t\t\t\t\t\t\t\t<li class=\"elementor-icon-list-item\">\n\t\t\t\t\t\t\t\t\t\t\t<a href=\"#anchor-2\">\n\n\t\t\t\t\t\t\t\t\t\t\t<span class=\"elementor-icon-list-text\">2. Produkt-Kundenbetreuung<\/span>\n\t\t\t\t\t\t\t\t\t\t\t<\/a>\n\t\t\t\t\t\t\t\t\t<\/li>\n\t\t\t\t\t\t\t\t<li class=\"elementor-icon-list-item\">\n\t\t\t\t\t\t\t\t\t\t\t<a href=\"#anchor-3\">\n\n\t\t\t\t\t\t\t\t\t\t\t<span class=\"elementor-icon-list-text\">3. Patenschaften<\/span>\n\t\t\t\t\t\t\t\t\t\t\t<\/a>\n\t\t\t\t\t\t\t\t\t<\/li>\n\t\t\t\t\t\t\t\t<li class=\"elementor-icon-list-item\">\n\t\t\t\t\t\t\t\t\t\t\t<a href=\"#anchor-4\">\n\n\t\t\t\t\t\t\t\t\t\t\t<span class=\"elementor-icon-list-text\">4. Karriere<\/span>\n\t\t\t\t\t\t\t\t\t\t\t<\/a>\n\t\t\t\t\t\t\t\t\t<\/li>\n\t\t\t\t\t\t\t\t<li class=\"elementor-icon-list-item\">\n\t\t\t\t\t\t\t\t\t\t\t<a href=\"#anchor-5\">\n\n\t\t\t\t\t\t\t\t\t\t\t<span class=\"elementor-icon-list-text\">5. Marketing und Werbung<\/span>\n\t\t\t\t\t\t\t\t\t\t\t<\/a>\n\t\t\t\t\t\t\t\t\t<\/li>\n\t\t\t\t\t\t\t\t<li class=\"elementor-icon-list-item\">\n\t\t\t\t\t\t\t\t\t\t\t<a href=\"#anchor-6\">\n\n\t\t\t\t\t\t\t\t\t\t\t<span class=\"elementor-icon-list-text\">6. Lieferanten<\/span>\n\t\t\t\t\t\t\t\t\t\t\t<\/a>\n\t\t\t\t\t\t\t\t\t<\/li>\n\t\t\t\t\t\t<\/ul>\n\t\t\t\t\t\t<\/div>\n\t\t\t\t<\/div>\n\t\t\t\t<div class=\"elementor-element elementor-element-ae86e3c elementor-widget-divider--view-line elementor-widget elementor-widget-global elementor-global-1396 elementor-widget-divider\" data-id=\"ae86e3c\" data-element_type=\"widget\" data-e-type=\"widget\" data-widget_type=\"divider.default\">\n\t\t\t\t<div class=\"elementor-widget-container\">\n\t\t\t\t\t\t\t<div class=\"elementor-divider\">\n\t\t\t<span class=\"elementor-divider-separator\">\n\t\t\t\t\t\t<\/span>\n\t\t<\/div>\n\t\t\t\t\t\t<\/div>\n\t\t\t\t<\/div>\n\t\t\t\t<div class=\"elementor-element elementor-element-6a5f91e elementor-widget elementor-widget-text-editor\" data-id=\"6a5f91e\" data-element_type=\"widget\" data-e-type=\"widget\" data-widget_type=\"text-editor.default\">\n\t\t\t\t<div class=\"elementor-widget-container\">\n\t\t\t\t\t\t\t\t\t<p><strong>Kontaktinformationen<\/strong><br \/>Willkommen im OneSails-Kontaktcenter.<br \/>\nWenn Sie Fragen oder Kommentare zu OneSails oder OneSails-Produkten haben, schauen Sie bitte in den Bereich der h\u00e4ufig gestellten Fragen.  M\u00f6glicherweise k\u00f6nnen Sie die Antworten auf Ihre Fragen gleich online erhalten.<br \/>\nAlternativ k\u00f6nnen Sie uns auch per E-Mail kontaktieren: <a href=\"mailto:info@onesails.com\">info@onesails.com<\/a> <\/p>\n<p>Vielen Dank, dass Sie sich die Zeit genommen haben, uns zu kontaktieren.<\/p>\n\t\t\t\t\t\t\t\t<\/div>\n\t\t\t\t<\/div>\n\t\t\t\t<div class=\"elementor-element elementor-element-0295665 elementor-widget-divider--view-line elementor-widget elementor-widget-global elementor-global-1396 elementor-widget-divider\" data-id=\"0295665\" data-element_type=\"widget\" data-e-type=\"widget\" data-widget_type=\"divider.default\">\n\t\t\t\t<div class=\"elementor-widget-container\">\n\t\t\t\t\t\t\t<div class=\"elementor-divider\">\n\t\t\t<span class=\"elementor-divider-separator\">\n\t\t\t\t\t\t<\/span>\n\t\t<\/div>\n\t\t\t\t\t\t<\/div>\n\t\t\t\t<\/div>\n\t\t\t\t<div class=\"elementor-element elementor-element-246b7a6 elementor-widget elementor-widget-heading\" data-id=\"246b7a6\" data-element_type=\"widget\" data-e-type=\"widget\" id=\"anchor-1\" data-widget_type=\"heading.default\">\n\t\t\t\t<div class=\"elementor-widget-container\">\n\t\t\t\t\t<h2 class=\"elementor-heading-title elementor-size-default\">1. L\u00e4nderkontakte und Vertriebspartner<\/h2>\t\t\t\t<\/div>\n\t\t\t\t<\/div>\n\t\t\t\t<div class=\"elementor-element elementor-element-3fe812d elementor-widget elementor-widget-text-editor\" data-id=\"3fe812d\" data-element_type=\"widget\" data-e-type=\"widget\" data-widget_type=\"text-editor.default\">\n\t\t\t\t<div class=\"elementor-widget-container\">\n\t\t\t\t\t\t\t\t\t<p><strong>Q. Wie kann ich OneSails in meinem Land kontaktieren?<\/strong><\/p>\n<p>Bitte sehen Sie sich die Weltkarte auf der Seite <a href=\"https:\/\/www.onesails.com\/de\/lofts\/\">KONTAKTE<\/a> an, um die Details des OneSails-Lofts in Ihrer N\u00e4he ausfindig zu machen. Sollte in Ihrem Land kein H\u00e4ndler aufgef\u00fchrt sein, kontaktieren Sie uns bitte unter dieser E-Mail-Adresse: <a href=\"mailto:info@onesails.com\">info@onesails.com<\/a> <\/p>\n\t\t\t\t\t\t\t\t<\/div>\n\t\t\t\t<\/div>\n\t\t\t\t<div class=\"elementor-element elementor-element-362e812 elementor-position-inline-start elementor-widget__width-inherit elementor-view-default elementor-mobile-position-block-start elementor-widget elementor-widget-global elementor-global-14342 elementor-widget-icon-box\" data-id=\"362e812\" data-element_type=\"widget\" data-e-type=\"widget\" data-widget_type=\"icon-box.default\">\n\t\t\t\t<div class=\"elementor-widget-container\">\n\t\t\t\t\t\t\t<div class=\"elementor-icon-box-wrapper\">\n\n\t\t\t\t\t\t<div class=\"elementor-icon-box-icon\">\n\t\t\t\t<a href=\"#anchor-top\" class=\"elementor-icon\" tabindex=\"-1\" aria-label=\"Return to Top\">\n\t\t\t\t<i aria-hidden=\"true\" class=\"fas fa-angle-up\"><\/i>\t\t\t\t<\/a>\n\t\t\t<\/div>\n\t\t\t\n\t\t\t\t\t\t<div class=\"elementor-icon-box-content\">\n\n\t\t\t\t\t\t\t\t\t<h3 class=\"elementor-icon-box-title\">\n\t\t\t\t\t\t<a href=\"#anchor-top\" >\n\t\t\t\t\t\t\tReturn to Top\t\t\t\t\t\t<\/a>\n\t\t\t\t\t<\/h3>\n\t\t\t\t\n\t\t\t\t\n\t\t\t<\/div>\n\t\t\t\n\t\t<\/div>\n\t\t\t\t\t\t<\/div>\n\t\t\t\t<\/div>\n\t\t\t\t<div class=\"elementor-element elementor-element-8fcf15e elementor-widget-divider--view-line elementor-widget elementor-widget-global elementor-global-1396 elementor-widget-divider\" data-id=\"8fcf15e\" data-element_type=\"widget\" data-e-type=\"widget\" data-widget_type=\"divider.default\">\n\t\t\t\t<div class=\"elementor-widget-container\">\n\t\t\t\t\t\t\t<div class=\"elementor-divider\">\n\t\t\t<span class=\"elementor-divider-separator\">\n\t\t\t\t\t\t<\/span>\n\t\t<\/div>\n\t\t\t\t\t\t<\/div>\n\t\t\t\t<\/div>\n\t\t\t\t<div class=\"elementor-element elementor-element-f2b5378 elementor-widget elementor-widget-heading\" data-id=\"f2b5378\" data-element_type=\"widget\" data-e-type=\"widget\" id=\"anchor-2\" data-widget_type=\"heading.default\">\n\t\t\t\t<div class=\"elementor-widget-container\">\n\t\t\t\t\t<h2 class=\"elementor-heading-title elementor-size-default\">2. Produkt-Kundenbetreuung<\/h2>\t\t\t\t<\/div>\n\t\t\t\t<\/div>\n\t\t\t\t<div class=\"elementor-element elementor-element-08fd9fd elementor-widget elementor-widget-text-editor\" data-id=\"08fd9fd\" data-element_type=\"widget\" data-e-type=\"widget\" data-widget_type=\"text-editor.default\">\n\t\t\t\t<div class=\"elementor-widget-container\">\n\t\t\t\t\t\t\t\t\t<p><strong>Q. Was ist die OneSails-Garantiepolitik?<\/strong><\/p>\n<p>F\u00fcr alle neuen OneSails-Segel gilt eine Garantie ab dem Lieferdatum.<br \/>\nDie Dauer der Garantie kann je nach Land und Art des Produkts unterschiedlich sein.<br \/>\nSollte w\u00e4hrend der Garantiezeit ein Material-, Herstellungs- oder Verarbeitungsfehler an Ihrem Segel auftreten, kann OneSails die notwendigen Reparaturen kostenlos durchf\u00fchren.<br \/>\nDie Garantie deckt keine Sch\u00e4den ab, die durch Unf\u00e4lle, unsachgem\u00e4\u00dfe Pflege, Fahrl\u00e4ssigkeit, normale Abnutzung oder den nat\u00fcrlichen Zerfall von Farben und Materialien im Laufe der Zeit und bei l\u00e4ngerem Gebrauch verursacht wurden.<br \/>\nSch\u00e4den, die nicht unter die Garantie fallen, werden zu einem angemessenen Preis repariert.<br \/>\nZur \u00dcberpr\u00fcfung der Garantie m\u00fcssen Sie Ihr Produkt direkt an den OneSails-H\u00e4ndler zur\u00fcckschicken, bei dem Sie es gekauft haben.     <\/p>\n<p><strong>Q. Gilt die Garantierichtlinie auch f\u00fcr gebrauchte Produkte?<\/strong><\/p>\n<p>Diese Garantie gilt nicht f\u00fcr gebrauchte Produkte.<\/p>\n<p><strong>Q. Sind normale Abnutzungserscheinungen von der Garantie abgedeckt?<\/strong><\/p>\n<p>Wir stellen alle unsere Produkte nach unseren eigenen hohen Standards her.<br \/>\nUnabh\u00e4ngig davon, wie sorgf\u00e4ltig Sie Ihr OneSails-Produkt nutzen und pflegen, wird es irgendwann Anzeichen von Alter und Verschlei\u00df zeigen.<br \/>\nDie OneSails-Garantie deckt Verarbeitungs- und Materialfehler ab, nicht aber normale Abnutzung und Verschlei\u00df.  <\/p>\n\t\t\t\t\t\t\t\t<\/div>\n\t\t\t\t<\/div>\n\t\t\t\t<div class=\"elementor-element elementor-element-ad1093d elementor-position-inline-start elementor-widget__width-inherit elementor-view-default elementor-mobile-position-block-start elementor-widget elementor-widget-global elementor-global-14342 elementor-widget-icon-box\" data-id=\"ad1093d\" data-element_type=\"widget\" data-e-type=\"widget\" data-widget_type=\"icon-box.default\">\n\t\t\t\t<div class=\"elementor-widget-container\">\n\t\t\t\t\t\t\t<div class=\"elementor-icon-box-wrapper\">\n\n\t\t\t\t\t\t<div class=\"elementor-icon-box-icon\">\n\t\t\t\t<a href=\"#anchor-top\" class=\"elementor-icon\" tabindex=\"-1\" aria-label=\"Return to Top\">\n\t\t\t\t<i aria-hidden=\"true\" class=\"fas fa-angle-up\"><\/i>\t\t\t\t<\/a>\n\t\t\t<\/div>\n\t\t\t\n\t\t\t\t\t\t<div class=\"elementor-icon-box-content\">\n\n\t\t\t\t\t\t\t\t\t<h3 class=\"elementor-icon-box-title\">\n\t\t\t\t\t\t<a href=\"#anchor-top\" >\n\t\t\t\t\t\t\tReturn to Top\t\t\t\t\t\t<\/a>\n\t\t\t\t\t<\/h3>\n\t\t\t\t\n\t\t\t\t\n\t\t\t<\/div>\n\t\t\t\n\t\t<\/div>\n\t\t\t\t\t\t<\/div>\n\t\t\t\t<\/div>\n\t\t\t\t<div class=\"elementor-element elementor-element-d44babf elementor-widget-divider--view-line elementor-widget elementor-widget-global elementor-global-1396 elementor-widget-divider\" data-id=\"d44babf\" data-element_type=\"widget\" data-e-type=\"widget\" data-widget_type=\"divider.default\">\n\t\t\t\t<div class=\"elementor-widget-container\">\n\t\t\t\t\t\t\t<div class=\"elementor-divider\">\n\t\t\t<span class=\"elementor-divider-separator\">\n\t\t\t\t\t\t<\/span>\n\t\t<\/div>\n\t\t\t\t\t\t<\/div>\n\t\t\t\t<\/div>\n\t\t\t\t<div class=\"elementor-element elementor-element-d7bb372 elementor-widget elementor-widget-heading\" data-id=\"d7bb372\" data-element_type=\"widget\" data-e-type=\"widget\" id=\"anchor-3\" data-widget_type=\"heading.default\">\n\t\t\t\t<div class=\"elementor-widget-container\">\n\t\t\t\t\t<h2 class=\"elementor-heading-title elementor-size-default\">3. Patenschaften<\/h2>\t\t\t\t<\/div>\n\t\t\t\t<\/div>\n\t\t\t\t<div class=\"elementor-element elementor-element-900c1ab elementor-widget elementor-widget-text-editor\" data-id=\"900c1ab\" data-element_type=\"widget\" data-e-type=\"widget\" data-widget_type=\"text-editor.default\">\n\t\t\t\t<div class=\"elementor-widget-container\">\n\t\t\t\t\t\t\t\t\t<p><strong>Q. Wie kann ich OneSails dazu bringen, meine Rennaktivit\u00e4ten zu unterst\u00fctzen?<br \/>\nWelche Voraussetzungen muss mein Projekt erf\u00fcllen? <\/strong><\/p>\n<p>OneSails ist st\u00e4ndig auf der Suche nach neuen Projekten aus der Welt des Segelns und des Meeres.<br \/>\nWenn Ihr Projekt die folgenden Kriterien erf\u00fcllt, w\u00fcrden wir Ihren Vorschlag gerne pr\u00fcfen. <\/p>\n<p>Nimmt Ihr Boot (oder Team) an den folgenden Wettbewerben teil: IRC oder ORC Worlds, European und Nationals?<\/p>\n<p>Hat Ihr Team im letzten Jahr bei mindestens einem der folgenden Wettbewerbe eine Platzierung unter den ersten drei erreicht: Welt-, Kontinental- oder Landesmeisterschaft; bedeutende oder renommierte Regatten?<\/p>\n<p>Sind Sie f\u00fcr die Organisation einer Regatta im Rahmen der oben beschriebenen Wettbewerbe verantwortlich?<\/p>\n<p>Wenn Sie der Meinung sind, dass Ihr Projekt diese Anforderungen erf\u00fcllt, senden Sie bitte Ihren Vorschlag an: <a href=\"mailto:info@onesails.com\">info@onesails.com<\/a><\/p>\n\t\t\t\t\t\t\t\t<\/div>\n\t\t\t\t<\/div>\n\t\t\t\t<div class=\"elementor-element elementor-element-24213bc elementor-position-inline-start elementor-widget__width-inherit elementor-view-default elementor-mobile-position-block-start elementor-widget elementor-widget-global elementor-global-14342 elementor-widget-icon-box\" data-id=\"24213bc\" data-element_type=\"widget\" data-e-type=\"widget\" data-widget_type=\"icon-box.default\">\n\t\t\t\t<div class=\"elementor-widget-container\">\n\t\t\t\t\t\t\t<div class=\"elementor-icon-box-wrapper\">\n\n\t\t\t\t\t\t<div class=\"elementor-icon-box-icon\">\n\t\t\t\t<a href=\"#anchor-top\" class=\"elementor-icon\" tabindex=\"-1\" aria-label=\"Return to Top\">\n\t\t\t\t<i aria-hidden=\"true\" class=\"fas fa-angle-up\"><\/i>\t\t\t\t<\/a>\n\t\t\t<\/div>\n\t\t\t\n\t\t\t\t\t\t<div class=\"elementor-icon-box-content\">\n\n\t\t\t\t\t\t\t\t\t<h3 class=\"elementor-icon-box-title\">\n\t\t\t\t\t\t<a href=\"#anchor-top\" >\n\t\t\t\t\t\t\tReturn to Top\t\t\t\t\t\t<\/a>\n\t\t\t\t\t<\/h3>\n\t\t\t\t\n\t\t\t\t\n\t\t\t<\/div>\n\t\t\t\n\t\t<\/div>\n\t\t\t\t\t\t<\/div>\n\t\t\t\t<\/div>\n\t\t\t\t<div class=\"elementor-element elementor-element-58e6160 elementor-widget-divider--view-line elementor-widget elementor-widget-global elementor-global-1396 elementor-widget-divider\" data-id=\"58e6160\" data-element_type=\"widget\" data-e-type=\"widget\" data-widget_type=\"divider.default\">\n\t\t\t\t<div class=\"elementor-widget-container\">\n\t\t\t\t\t\t\t<div class=\"elementor-divider\">\n\t\t\t<span class=\"elementor-divider-separator\">\n\t\t\t\t\t\t<\/span>\n\t\t<\/div>\n\t\t\t\t\t\t<\/div>\n\t\t\t\t<\/div>\n\t\t\t\t<div class=\"elementor-element elementor-element-26524ba elementor-widget elementor-widget-heading\" data-id=\"26524ba\" data-element_type=\"widget\" data-e-type=\"widget\" id=\"anchor-4\" data-widget_type=\"heading.default\">\n\t\t\t\t<div class=\"elementor-widget-container\">\n\t\t\t\t\t<h2 class=\"elementor-heading-title elementor-size-default\">4. Karriere<\/h2>\t\t\t\t<\/div>\n\t\t\t\t<\/div>\n\t\t\t\t<div class=\"elementor-element elementor-element-af5b9d9 elementor-widget__width-inherit elementor-widget elementor-widget-text-editor\" data-id=\"af5b9d9\" data-element_type=\"widget\" data-e-type=\"widget\" data-widget_type=\"text-editor.default\">\n\t\t\t\t<div class=\"elementor-widget-container\">\n\t\t\t\t\t\t\t\t\t<p><strong>Q. Wie kann ich mich \u00fcber Karrierem\u00f6glichkeiten bei OneSails informieren?<\/strong><\/p>\n<p>Bitte sehen Sie sich die <a href=\"https:\/\/www.onesails.com\/de\/karriere\/\">Jobseite<\/a> dieser Website an.<\/p>\n\t\t\t\t\t\t\t\t<\/div>\n\t\t\t\t<\/div>\n\t\t\t\t<div class=\"elementor-element elementor-element-467ba77 elementor-position-inline-start elementor-widget__width-inherit elementor-view-default elementor-mobile-position-block-start elementor-widget elementor-widget-global elementor-global-14342 elementor-widget-icon-box\" data-id=\"467ba77\" data-element_type=\"widget\" data-e-type=\"widget\" data-widget_type=\"icon-box.default\">\n\t\t\t\t<div class=\"elementor-widget-container\">\n\t\t\t\t\t\t\t<div class=\"elementor-icon-box-wrapper\">\n\n\t\t\t\t\t\t<div class=\"elementor-icon-box-icon\">\n\t\t\t\t<a href=\"#anchor-top\" class=\"elementor-icon\" tabindex=\"-1\" aria-label=\"Return to Top\">\n\t\t\t\t<i aria-hidden=\"true\" class=\"fas fa-angle-up\"><\/i>\t\t\t\t<\/a>\n\t\t\t<\/div>\n\t\t\t\n\t\t\t\t\t\t<div class=\"elementor-icon-box-content\">\n\n\t\t\t\t\t\t\t\t\t<h3 class=\"elementor-icon-box-title\">\n\t\t\t\t\t\t<a href=\"#anchor-top\" >\n\t\t\t\t\t\t\tReturn to Top\t\t\t\t\t\t<\/a>\n\t\t\t\t\t<\/h3>\n\t\t\t\t\n\t\t\t\t\n\t\t\t<\/div>\n\t\t\t\n\t\t<\/div>\n\t\t\t\t\t\t<\/div>\n\t\t\t\t<\/div>\n\t\t\t\t<div class=\"elementor-element elementor-element-fd0b544 elementor-widget-divider--view-line elementor-widget elementor-widget-global elementor-global-1396 elementor-widget-divider\" data-id=\"fd0b544\" data-element_type=\"widget\" data-e-type=\"widget\" data-widget_type=\"divider.default\">\n\t\t\t\t<div class=\"elementor-widget-container\">\n\t\t\t\t\t\t\t<div class=\"elementor-divider\">\n\t\t\t<span class=\"elementor-divider-separator\">\n\t\t\t\t\t\t<\/span>\n\t\t<\/div>\n\t\t\t\t\t\t<\/div>\n\t\t\t\t<\/div>\n\t\t\t\t<div class=\"elementor-element elementor-element-5b333c1 elementor-widget elementor-widget-heading\" data-id=\"5b333c1\" data-element_type=\"widget\" data-e-type=\"widget\" id=\"anchor-5\" data-widget_type=\"heading.default\">\n\t\t\t\t<div class=\"elementor-widget-container\">\n\t\t\t\t\t<h2 class=\"elementor-heading-title elementor-size-default\">5. Marketing und Werbung<\/h2>\t\t\t\t<\/div>\n\t\t\t\t<\/div>\n\t\t\t\t<div class=\"elementor-element elementor-element-3572ae4 elementor-widget elementor-widget-text-editor\" data-id=\"3572ae4\" data-element_type=\"widget\" data-e-type=\"widget\" data-widget_type=\"text-editor.default\">\n\t\t\t\t<div class=\"elementor-widget-container\">\n\t\t\t\t\t\t\t\t\t<p><strong>Q. Ist OneSails an einer Ausweitung seiner Marketing- und Werbepr\u00e4senz interessiert?<\/strong><\/p>\n<p>OneSails ist immer an relevanten und wertsch\u00f6pfenden Marketing- und Werbeaktionen, einschlie\u00dflich Ausstellungen, interessiert. Bitte senden Sie Ihren Vorschlag an die folgende E-Mail-Adresse: <a href=\"mailto:info@onesails.com\">info@onesails.com<\/a> <\/p>\n\t\t\t\t\t\t\t\t<\/div>\n\t\t\t\t<\/div>\n\t\t\t\t<div class=\"elementor-element elementor-element-858f000 elementor-position-inline-start elementor-widget__width-inherit elementor-view-default elementor-mobile-position-block-start elementor-widget elementor-widget-global elementor-global-14342 elementor-widget-icon-box\" data-id=\"858f000\" data-element_type=\"widget\" data-e-type=\"widget\" data-widget_type=\"icon-box.default\">\n\t\t\t\t<div class=\"elementor-widget-container\">\n\t\t\t\t\t\t\t<div class=\"elementor-icon-box-wrapper\">\n\n\t\t\t\t\t\t<div class=\"elementor-icon-box-icon\">\n\t\t\t\t<a href=\"#anchor-top\" class=\"elementor-icon\" tabindex=\"-1\" aria-label=\"Return to Top\">\n\t\t\t\t<i aria-hidden=\"true\" class=\"fas fa-angle-up\"><\/i>\t\t\t\t<\/a>\n\t\t\t<\/div>\n\t\t\t\n\t\t\t\t\t\t<div class=\"elementor-icon-box-content\">\n\n\t\t\t\t\t\t\t\t\t<h3 class=\"elementor-icon-box-title\">\n\t\t\t\t\t\t<a href=\"#anchor-top\" >\n\t\t\t\t\t\t\tReturn to Top\t\t\t\t\t\t<\/a>\n\t\t\t\t\t<\/h3>\n\t\t\t\t\n\t\t\t\t\n\t\t\t<\/div>\n\t\t\t\n\t\t<\/div>\n\t\t\t\t\t\t<\/div>\n\t\t\t\t<\/div>\n\t\t\t\t<div class=\"elementor-element elementor-element-f5ff713 elementor-widget-divider--view-line elementor-widget elementor-widget-global elementor-global-1396 elementor-widget-divider\" data-id=\"f5ff713\" data-element_type=\"widget\" data-e-type=\"widget\" data-widget_type=\"divider.default\">\n\t\t\t\t<div class=\"elementor-widget-container\">\n\t\t\t\t\t\t\t<div class=\"elementor-divider\">\n\t\t\t<span class=\"elementor-divider-separator\">\n\t\t\t\t\t\t<\/span>\n\t\t<\/div>\n\t\t\t\t\t\t<\/div>\n\t\t\t\t<\/div>\n\t\t\t\t<div class=\"elementor-element elementor-element-4637b0e elementor-widget elementor-widget-heading\" data-id=\"4637b0e\" data-element_type=\"widget\" data-e-type=\"widget\" id=\"anchor-6\" data-widget_type=\"heading.default\">\n\t\t\t\t<div class=\"elementor-widget-container\">\n\t\t\t\t\t<h2 class=\"elementor-heading-title elementor-size-default\">6. Lieferanten<\/h2>\t\t\t\t<\/div>\n\t\t\t\t<\/div>\n\t\t\t\t<div class=\"elementor-element elementor-element-577cbd2 elementor-widget elementor-widget-text-editor\" data-id=\"577cbd2\" data-element_type=\"widget\" data-e-type=\"widget\" data-widget_type=\"text-editor.default\">\n\t\t\t\t<div class=\"elementor-widget-container\">\n\t\t\t\t\t\t\t\t\t<p><strong>Q. Wie kann ich mein Unternehmen f\u00fcr die Zusammenarbeit mit OneSails gewinnen?<\/strong><\/p>\n<p>OneSails ist immer auf der Suche nach Lieferanten, die hochwertige Marineprodukte und -zubeh\u00f6r anbieten k\u00f6nnen. Bitte senden Sie Ihr Firmenprofil an die folgende E-Mail-Adresse: <a href=\"mailto:info@onesails.com\">info@onesails.com<\/a> <\/p>\n\t\t\t\t\t\t\t\t<\/div>\n\t\t\t\t<\/div>\n\t\t\t\t\t<\/div>\n\t\t\t\t<\/div>\n\t\t\t\t<\/div>\n\t\t","protected":false},"excerpt":{"rendered":"<p>1. L\u00e4nderkontakte und Vertriebspartner 2. Produkt-Kundenbetreuung 3. Patenschaften 4. Karriere 5. Marketing und Werbung 6. Lieferanten KontaktinformationenWillkommen im OneSails-Kontaktcenter. Wenn Sie Fragen oder Kommentare zu OneSails oder OneSails-Produkten haben, schauen Sie bitte in den Bereich der h\u00e4ufig gestellten Fragen. M\u00f6glicherweise k\u00f6nnen Sie die Antworten auf Ihre Fragen gleich online erhalten. Alternativ k\u00f6nnen Sie uns auch [&hellip;]<\/p>\n","protected":false},"author":5,"featured_media":14275,"parent":0,"menu_order":0,"comment_status":"closed","ping_status":"closed","template":"elementor_header_footer","meta":{"_acf_changed":false,"footnotes":""},"class_list":["post-31360","page","type-page","status-publish","has-post-thumbnail","hentry"],"acf":[],"_links":{"self":[{"href":"https:\/\/www.onesails.com\/de\/wp-json\/wp\/v2\/pages\/31360","targetHints":{"allow":["GET"]}}],"collection":[{"href":"https:\/\/www.onesails.com\/de\/wp-json\/wp\/v2\/pages"}],"about":[{"href":"https:\/\/www.onesails.com\/de\/wp-json\/wp\/v2\/types\/page"}],"author":[{"embeddable":true,"href":"https:\/\/www.onesails.com\/de\/wp-json\/wp\/v2\/users\/5"}],"replies":[{"embeddable":true,"href":"https:\/\/www.onesails.com\/de\/wp-json\/wp\/v2\/comments?post=31360"}],"version-history":[{"count":2,"href":"https:\/\/www.onesails.com\/de\/wp-json\/wp\/v2\/pages\/31360\/revisions"}],"predecessor-version":[{"id":31364,"href":"https:\/\/www.onesails.com\/de\/wp-json\/wp\/v2\/pages\/31360\/revisions\/31364"}],"wp:featuredmedia":[{"embeddable":true,"href":"https:\/\/www.onesails.com\/de\/wp-json\/wp\/v2\/media\/14275"}],"wp:attachment":[{"href":"https:\/\/www.onesails.com\/de\/wp-json\/wp\/v2\/media?parent=31360"}],"curies":[{"name":"wp","href":"https:\/\/api.w.org\/{rel}","templated":true}]}}