{"id":31347,"date":"2024-01-28T18:04:50","date_gmt":"2024-01-28T17:04:50","guid":{"rendered":"https:\/\/www.onesails.com\/onesd\/"},"modified":"2025-01-23T11:14:32","modified_gmt":"2025-01-23T10:14:32","slug":"onesd","status":"publish","type":"page","link":"https:\/\/www.onesails.com\/de\/onesd\/","title":{"rendered":"OneSD"},"content":{"rendered":"\t\t<div data-elementor-type=\"wp-page\" data-elementor-id=\"31347\" class=\"elementor elementor-31347 elementor-12643\" data-elementor-post-type=\"page\">\n\t\t\t\t<div class=\"elementor-element elementor-element-420c5a7 e-con-full e-flex e-con e-parent\" data-id=\"420c5a7\" data-element_type=\"container\" data-e-type=\"container\">\n\t\t\t\t<div class=\"elementor-element elementor-element-c77b557 elementor-widget elementor-widget-shortcode\" data-id=\"c77b557\" data-element_type=\"widget\" data-e-type=\"widget\" data-widget_type=\"shortcode.default\">\n\t\t\t\t<div class=\"elementor-widget-container\">\n\t\t\t\t\t\t\t<div class=\"elementor-shortcode\">\t\t<div data-elementor-type=\"container\" data-elementor-id=\"12610\" class=\"elementor elementor-12610\" data-elementor-post-type=\"elementor_library\">\n\t\t\t\t<div class=\"elementor-element elementor-element-5c8e894 elementor-hidden-mobile e-flex e-con-boxed e-con e-parent\" data-id=\"5c8e894\" data-element_type=\"container\" data-e-type=\"container\" data-settings=\"{&quot;background_background&quot;:&quot;classic&quot;}\">\n\t\t\t\t\t<div class=\"e-con-inner\">\n\t\t\t\t\t<\/div>\n\t\t\t\t<\/div>\n\t\t<div class=\"elementor-element elementor-element-1281413 elementor-hidden-desktop elementor-hidden-tablet e-flex e-con-boxed e-con e-parent\" data-id=\"1281413\" data-element_type=\"container\" data-e-type=\"container\" data-settings=\"{&quot;background_background&quot;:&quot;classic&quot;}\">\n\t\t\t\t\t<div class=\"e-con-inner\">\n\t\t\t\t\t<\/div>\n\t\t\t\t<\/div>\n\t\t<div class=\"elementor-element elementor-element-106238f e-flex e-con-boxed e-con e-parent\" data-id=\"106238f\" data-element_type=\"container\" data-e-type=\"container\">\n\t\t\t\t\t<div class=\"e-con-inner\">\n\t\t<div class=\"elementor-element elementor-element-9dd806c e-con-full e-flex e-con e-child\" data-id=\"9dd806c\" data-element_type=\"container\" data-e-type=\"container\">\n\t\t\t\t<div class=\"elementor-element elementor-element-9856dc2 elementor-widget__width-inherit elementor-widget elementor-widget-heading\" data-id=\"9856dc2\" data-element_type=\"widget\" data-e-type=\"widget\" data-widget_type=\"heading.default\">\n\t\t\t\t<div class=\"elementor-widget-container\">\n\t\t\t\t\t<h2 class=\"elementor-heading-title elementor-size-default\">OneSD\u2122 technology for sail data broadcast<\/h2>\t\t\t\t<\/div>\n\t\t\t\t<\/div>\n\t\t\t\t<div class=\"elementor-element elementor-element-afe88b8 elementor-widget-divider--view-line elementor-widget elementor-widget-global elementor-global-1396 elementor-widget-divider\" data-id=\"afe88b8\" data-element_type=\"widget\" data-e-type=\"widget\" data-widget_type=\"divider.default\">\n\t\t\t\t<div class=\"elementor-widget-container\">\n\t\t\t\t\t\t\t<div class=\"elementor-divider\">\n\t\t\t<span class=\"elementor-divider-separator\">\n\t\t\t\t\t\t<\/span>\n\t\t<\/div>\n\t\t\t\t\t\t<\/div>\n\t\t\t\t<\/div>\n\t\t\t\t<div class=\"elementor-element elementor-element-7dca5ef elementor-widget elementor-widget-text-editor\" data-id=\"7dca5ef\" data-element_type=\"widget\" data-e-type=\"widget\" data-widget_type=\"text-editor.default\">\n\t\t\t\t<div class=\"elementor-widget-container\">\n\t\t\t\t\t\t\t\t\t<p>Alongside the introduction of 4T FORTE\u2122 sails, OneSails are the first sailmaker in the world to deliver sails with an electronic chip encapsulated in the membrane as standard.<br \/>The OneSD\u2122 microchip will carry data which will help the end user and the OneSails network identify and monitor the sail over the course of its life.\u00a0<\/p>\t\t\t\t\t\t\t\t<\/div>\n\t\t\t\t<\/div>\n\t\t\t\t<div class=\"elementor-element elementor-element-6fbbfca elementor-hidden-desktop elementor-hidden-tablet elementor-hidden-mobile elementor-widget elementor-widget-text-editor\" data-id=\"6fbbfca\" data-element_type=\"widget\" data-e-type=\"widget\" data-widget_type=\"text-editor.default\">\n\t\t\t\t<div class=\"elementor-widget-container\">\n\t\t\t\t\t\t\t\t\t<p>Alongside the introduction of 4T FORTE\u2122 sails, OneSails are the first sailmaker in the world to deliver sails with an electronic chip encapsulated in the membrane as standard.<br>The OneSD\u2122 microchip will carry data which will help the end user and the OneSails network identify and monitor the sail over the course of its life. Simply place a suitable device next to the chip to read the recorded identifier and design data.<\/p>\n<p><span style=\"color: var( --e-global-color-text ); font-family: var( --e-global-typography-text-font-family ), Sans-serif; font-size: var( --e-global-typography-text-font-size ); font-weight: var( --e-global-typography-text-font-weight ); letter-spacing: var( --e-global-typography-text-letter-spacing ); text-align: var(--text-align);\">A PRO version of the OneSD\u2122 chip will shortly be introduced which will allow real-time recording of the sail&#8217;s activity when linked to onboard systems. There are many possibilities, from hours exposed to UV, to the number of tacks and gybes experienced &#8211; all recorded with the aim of improving sail performance and the ownership experience.<\/span><br><\/p>\t\t\t\t\t\t\t\t<\/div>\n\t\t\t\t<\/div>\n\t\t\t\t<div class=\"elementor-element elementor-element-6aefdb5 elementor-widget__width-inherit elementor-hidden-desktop elementor-hidden-tablet elementor-hidden-mobile elementor-widget elementor-widget-heading\" data-id=\"6aefdb5\" data-element_type=\"widget\" data-e-type=\"widget\" data-widget_type=\"heading.default\">\n\t\t\t\t<div class=\"elementor-widget-container\">\n\t\t\t\t\t<h2 class=\"elementor-heading-title elementor-size-default\"><a href=\"http:\/\/onesails.com\/media\/\/wysiwyg\/onesails\/technology\/onesd-guide.pdf\" rel=\"noopener\">How it works \u00bb<\/a><\/h2>\t\t\t\t<\/div>\n\t\t\t\t<\/div>\n\t\t\t\t<div class=\"elementor-element elementor-element-92a84e0 elementor-widget__width-inherit elementor-hidden-desktop elementor-hidden-tablet elementor-hidden-mobile elementor-widget elementor-widget-heading\" data-id=\"92a84e0\" data-element_type=\"widget\" data-e-type=\"widget\" data-widget_type=\"heading.default\">\n\t\t\t\t<div class=\"elementor-widget-container\">\n\t\t\t\t\t<h2 class=\"elementor-heading-title elementor-size-default\"><a href=\"http:\/\/onesd.onesails.com\/onesail\/\" rel=\"noopener\">Go to login page \u00bb<\/a><\/h2>\t\t\t\t<\/div>\n\t\t\t\t<\/div>\n\t\t\t\t<div class=\"elementor-element elementor-element-df00a95 elementor-widget__width-inherit elementor-hidden-desktop elementor-hidden-tablet elementor-hidden-mobile elementor-widget elementor-widget-heading\" data-id=\"df00a95\" data-element_type=\"widget\" data-e-type=\"widget\" data-widget_type=\"heading.default\">\n\t\t\t\t<div class=\"elementor-widget-container\">\n\t\t\t\t\t<h2 class=\"elementor-heading-title elementor-size-default\"><a href=\"http:\/\/onesd.onesails.com\/onesail\/\" rel=\"noopener\">Download App \u00bb<\/a><\/h2>\t\t\t\t<\/div>\n\t\t\t\t<\/div>\n\t\t\t\t<\/div>\n\t\t\t\t<div class=\"elementor-element elementor-element-008cc91 elementor-hidden-desktop elementor-hidden-tablet elementor-hidden-mobile elementor-widget elementor-widget-image\" data-id=\"008cc91\" data-element_type=\"widget\" data-e-type=\"widget\" data-widget_type=\"image.default\">\n\t\t\t\t<div class=\"elementor-widget-container\">\n\t\t\t\t\t\t\t\t\t\t\t\t\t\t\t<img decoding=\"async\" src=\"https:\/\/www.onesails.com\/wp-content\/uploads\/Google_Play_Store_badge_EN.svg\" class=\"attachment-full size-full wp-image-12634\" alt=\"\" \/>\t\t\t\t\t\t\t\t\t\t\t\t\t\t\t<\/div>\n\t\t\t\t<\/div>\n\t\t\t\t\t<\/div>\n\t\t\t\t<\/div>\n\t\t\t\t<\/div>\n\t\t<\/div>\n\t\t\t\t\t\t<\/div>\n\t\t\t\t<\/div>\n\t\t\t\t<\/div>\n\t\t<div class=\"elementor-element elementor-element-ab9f428 e-flex e-con-boxed e-con e-parent\" data-id=\"ab9f428\" data-element_type=\"container\" data-e-type=\"container\" data-settings=\"{&quot;background_background&quot;:&quot;classic&quot;}\">\n\t\t\t\t\t<div class=\"e-con-inner\">\n\t\t\t\t<div class=\"elementor-element elementor-element-ad92187 elementor-widget elementor-widget-shortcode\" data-id=\"ad92187\" data-element_type=\"widget\" data-e-type=\"widget\" data-widget_type=\"shortcode.default\">\n\t\t\t\t<div class=\"elementor-widget-container\">\n\t\t\t\t\t\t\t<div class=\"elementor-shortcode\">\t\t<div data-elementor-type=\"container\" data-elementor-id=\"32695\" class=\"elementor elementor-32695 elementor-3108 elementor-3108\" data-elementor-post-type=\"elementor_library\">\n\t\t\t\t<div class=\"elementor-element elementor-element-903d9f2 e-con-full e-flex e-con e-parent\" data-id=\"903d9f2\" data-element_type=\"container\" data-e-type=\"container\" data-settings=\"{&quot;background_background&quot;:&quot;classic&quot;}\">\n\t\t\t\t<div class=\"elementor-element elementor-element-f6ab10b elementor-widget__width-inherit elementor-widget elementor-widget-heading\" data-id=\"f6ab10b\" data-element_type=\"widget\" data-e-type=\"widget\" data-widget_type=\"heading.default\">\n\t\t\t\t<div class=\"elementor-widget-container\">\n\t\t\t\t\t<h2 class=\"elementor-heading-title elementor-size-default\">Kommen Sie zu OneSails!<\/h2>\t\t\t\t<\/div>\n\t\t\t\t<\/div>\n\t\t\t\t<div class=\"elementor-element elementor-element-e244c58 elementor-widget-divider--view-line elementor-widget elementor-widget-global elementor-global-1396 elementor-widget-divider\" data-id=\"e244c58\" data-element_type=\"widget\" data-e-type=\"widget\" data-widget_type=\"divider.default\">\n\t\t\t\t<div class=\"elementor-widget-container\">\n\t\t\t\t\t\t\t<div class=\"elementor-divider\">\n\t\t\t<span class=\"elementor-divider-separator\">\n\t\t\t\t\t\t<\/span>\n\t\t<\/div>\n\t\t\t\t\t\t<\/div>\n\t\t\t\t<\/div>\n\t\t<div class=\"elementor-element elementor-element-ade289d e-con-full e-flex e-con e-child\" data-id=\"ade289d\" data-element_type=\"container\" data-e-type=\"container\">\n\t\t\t\t<div class=\"elementor-element elementor-element-474290e elementor-widget__width-inherit elementor-widget elementor-widget-heading\" data-id=\"474290e\" data-element_type=\"widget\" data-e-type=\"widget\" data-widget_type=\"heading.default\">\n\t\t\t\t<div class=\"elementor-widget-container\">\n\t\t\t\t\t<h2 class=\"elementor-heading-title elementor-size-default\">1. Innovation &amp; Exklusivit\u00e4t<\/h2>\t\t\t\t<\/div>\n\t\t\t\t<\/div>\n\t\t\t\t<div class=\"elementor-element elementor-element-90488bf elementor-widget elementor-widget-text-editor\" data-id=\"90488bf\" data-element_type=\"widget\" data-e-type=\"widget\" data-widget_type=\"text-editor.default\">\n\t\t\t\t<div class=\"elementor-widget-container\">\n\t\t\t\t\t\t\t\t\t<p>Seit \u00fcber 15 Jahren entwickelt das OneSails-Projektteam exklusive Technologien zur Herstellung von Segeln mit durchgehenden Fasern sowie innovative Segel mit ZS\u2122 (&#8222;Zero Sag\u201d) oder IFS\u2122 (Integrated Furling Structure).<\/p>\t\t\t\t\t\t\t\t<\/div>\n\t\t\t\t<\/div>\n\t\t\t\t<\/div>\n\t\t<div class=\"elementor-element elementor-element-566c58d e-con-full e-flex e-con e-child\" data-id=\"566c58d\" data-element_type=\"container\" data-e-type=\"container\">\n\t\t\t\t<div class=\"elementor-element elementor-element-388d292 elementor-widget__width-inherit elementor-widget elementor-widget-heading\" data-id=\"388d292\" data-element_type=\"widget\" data-e-type=\"widget\" data-widget_type=\"heading.default\">\n\t\t\t\t<div class=\"elementor-widget-container\">\n\t\t\t\t\t<h2 class=\"elementor-heading-title elementor-size-default\">2. Performance<\/h2>\t\t\t\t<\/div>\n\t\t\t\t<\/div>\n\t\t\t\t<div class=\"elementor-element elementor-element-96ca7cd elementor-widget elementor-widget-text-editor\" data-id=\"96ca7cd\" data-element_type=\"widget\" data-e-type=\"widget\" data-widget_type=\"text-editor.default\">\n\t\t\t\t<div class=\"elementor-widget-container\">\n\t\t\t\t\t\t\t\t\t<p>Das Ergebnis dieser Technologien sind Segel welche mit niedrigem Gewicht, ausgezeichneter Trimmbarkeit und Formbest\u00e4ndigkeit zu einer besseren Leistung f\u00fchren.<\/p>\t\t\t\t\t\t\t\t<\/div>\n\t\t\t\t<\/div>\n\t\t\t\t<\/div>\n\t\t<div class=\"elementor-element elementor-element-a105e0b e-con-full e-flex e-con e-child\" data-id=\"a105e0b\" data-element_type=\"container\" data-e-type=\"container\">\n\t\t\t\t<div class=\"elementor-element elementor-element-5b46d1c elementor-widget__width-inherit elementor-widget elementor-widget-heading\" data-id=\"5b46d1c\" data-element_type=\"widget\" data-e-type=\"widget\" data-widget_type=\"heading.default\">\n\t\t\t\t<div class=\"elementor-widget-container\">\n\t\t\t\t\t<h2 class=\"elementor-heading-title elementor-size-default\">3. Qualit\u00e4t<\/h2>\t\t\t\t<\/div>\n\t\t\t\t<\/div>\n\t\t\t\t<div class=\"elementor-element elementor-element-2338a5d elementor-widget elementor-widget-text-editor\" data-id=\"2338a5d\" data-element_type=\"widget\" data-e-type=\"widget\" data-widget_type=\"text-editor.default\">\n\t\t\t\t<div class=\"elementor-widget-container\">\n\t\t\t\t\t\t\t\t\t<p>Die Segel werden nach h\u00f6chsten Standards entworfen und angefertigt, wobei wir sorgf\u00e4ltig ausgew\u00e4hlte Komponenten verwenden, um maximale Qualit\u00e4t und Langlebigkeit gew\u00e4hrleisten zu k\u00f6nnen. Die 4T FORTE\u2122-Membranen werden ausschlie\u00dflich in Italien hergestellt. Der gesamte Fertigungsprozess findet in einer einzigen Werkstatt, wodurch die Einhaltung aller erforderlichen Standards gew\u00e4hrleistet ist.  <\/p>\t\t\t\t\t\t\t\t<\/div>\n\t\t\t\t<\/div>\n\t\t\t\t<\/div>\n\t\t<div class=\"elementor-element elementor-element-9b831cd e-con-full e-flex e-con e-child\" data-id=\"9b831cd\" data-element_type=\"container\" data-e-type=\"container\">\n\t\t\t\t<div class=\"elementor-element elementor-element-23335c2 elementor-widget__width-inherit elementor-widget elementor-widget-heading\" data-id=\"23335c2\" data-element_type=\"widget\" data-e-type=\"widget\" data-widget_type=\"heading.default\">\n\t\t\t\t<div class=\"elementor-widget-container\">\n\t\t\t\t\t<h2 class=\"elementor-heading-title elementor-size-default\">4. Design<\/h2>\t\t\t\t<\/div>\n\t\t\t\t<\/div>\n\t\t\t\t<div class=\"elementor-element elementor-element-433dc11 elementor-widget elementor-widget-text-editor\" data-id=\"433dc11\" data-element_type=\"widget\" data-e-type=\"widget\" data-widget_type=\"text-editor.default\">\n\t\t\t\t<div class=\"elementor-widget-container\">\n\t\t\t\t\t\t\t\t\t<p>Die besten Segelformen sind das Ergebnis kontinuierlicher Analyse UND Erfahrung. OneSails steht an der Spitze der Segelmacherbranche und investiert kontinuierlich in Forschung und Entwicklung, um sicherzustellen, dass die allerbesten Segelformen verf\u00fcgbar sind. Der Erfolg dieses Ansatzes wird durch die vielen Pokale best\u00e4tigt, die OneSails-Kunden bei nationalen, internationalen und Weltmeisterschaften gewonnen haben.  <\/p>\t\t\t\t\t\t\t\t<\/div>\n\t\t\t\t<\/div>\n\t\t\t\t<\/div>\n\t\t<div class=\"elementor-element elementor-element-000b687 e-con-full e-flex e-con e-child\" data-id=\"000b687\" data-element_type=\"container\" data-e-type=\"container\">\n\t\t\t\t<div class=\"elementor-element elementor-element-7aa3bbf elementor-widget__width-inherit elementor-widget elementor-widget-heading\" data-id=\"7aa3bbf\" data-element_type=\"widget\" data-e-type=\"widget\" data-widget_type=\"heading.default\">\n\t\t\t\t<div class=\"elementor-widget-container\">\n\t\t\t\t\t<h2 class=\"elementor-heading-title elementor-size-default\">5. Service<\/h2>\t\t\t\t<\/div>\n\t\t\t\t<\/div>\n\t\t\t\t<div class=\"elementor-element elementor-element-f6f21fd elementor-widget elementor-widget-text-editor\" data-id=\"f6f21fd\" data-element_type=\"widget\" data-e-type=\"widget\" data-widget_type=\"text-editor.default\">\n\t\t\t\t<div class=\"elementor-widget-container\">\n\t\t\t\t\t\t\t\t\t<p>Unsere zentrale Aufgabe neben der Produktion von neuen Segeln ist, einen erstklassigen Service sowie Unterst\u00fctzung und Hilfe an Bord zu bieten. Unser Wissen, welches wir aus unserer Fertigung und im Umgang mit den modernsten und innovativsten Segeltechnologien st\u00e4ndig erweitern, gepaart mit dem handwerklichen Geschick unserer qualifizierten Segelmacher stellt sicher, dass wir unser Serviceversprechen einhalten k\u00f6nnen. Neben einer wachsenden Anzahl von f\u00fchrenden Segelmachereien verf\u00fcgt die OneSails-Gruppe \u00fcber ein umfangreiches Netzwerk von Servicezentren, die strategisch g\u00fcnstig entlang der weltweiten K\u00fcstenlinie positioniert sind.<\/p>\t\t\t\t\t\t\t\t<\/div>\n\t\t\t\t<\/div>\n\t\t\t\t<\/div>\n\t\t<div class=\"elementor-element elementor-element-9a59580 e-con-full e-flex e-con e-child\" data-id=\"9a59580\" data-element_type=\"container\" data-e-type=\"container\">\n\t\t\t\t<div class=\"elementor-element elementor-element-38869a4e elementor-widget elementor-widget-image\" data-id=\"38869a4e\" data-element_type=\"widget\" data-e-type=\"widget\" data-widget_type=\"image.default\">\n\t\t\t\t<div class=\"elementor-widget-container\">\n\t\t\t\t\t\t\t\t\t\t\t\t\t\t\t<img fetchpriority=\"high\" decoding=\"async\" width=\"480\" height=\"313\" src=\"https:\/\/www.onesails.com\/wp-content\/uploads\/why-choose-01.jpg\" class=\"attachment-full size-full wp-image-28567\" alt=\"\" \/>\t\t\t\t\t\t\t\t\t\t\t\t\t\t\t<\/div>\n\t\t\t\t<\/div>\n\t\t\t\t<\/div>\n\t\t\t\t<\/div>\n\t\t\t\t<\/div>\n\t\t<\/div>\n\t\t\t\t\t\t<\/div>\n\t\t\t\t<\/div>\n\t\t\t\t\t<\/div>\n\t\t\t\t<\/div>\n\t\t\t\t<\/div>\n\t\t","protected":false},"excerpt":{"rendered":"","protected":false},"author":5,"featured_media":13117,"parent":0,"menu_order":0,"comment_status":"closed","ping_status":"closed","template":"","meta":{"_acf_changed":false,"footnotes":""},"class_list":["post-31347","page","type-page","status-publish","has-post-thumbnail","hentry"],"acf":[],"_links":{"self":[{"href":"https:\/\/www.onesails.com\/de\/wp-json\/wp\/v2\/pages\/31347","targetHints":{"allow":["GET"]}}],"collection":[{"href":"https:\/\/www.onesails.com\/de\/wp-json\/wp\/v2\/pages"}],"about":[{"href":"https:\/\/www.onesails.com\/de\/wp-json\/wp\/v2\/types\/page"}],"author":[{"embeddable":true,"href":"https:\/\/www.onesails.com\/de\/wp-json\/wp\/v2\/users\/5"}],"replies":[{"embeddable":true,"href":"https:\/\/www.onesails.com\/de\/wp-json\/wp\/v2\/comments?post=31347"}],"version-history":[{"count":2,"href":"https:\/\/www.onesails.com\/de\/wp-json\/wp\/v2\/pages\/31347\/revisions"}],"predecessor-version":[{"id":31350,"href":"https:\/\/www.onesails.com\/de\/wp-json\/wp\/v2\/pages\/31347\/revisions\/31350"}],"wp:featuredmedia":[{"embeddable":true,"href":"https:\/\/www.onesails.com\/de\/wp-json\/wp\/v2\/media\/13117"}],"wp:attachment":[{"href":"https:\/\/www.onesails.com\/de\/wp-json\/wp\/v2\/media?parent=31347"}],"curies":[{"name":"wp","href":"https:\/\/api.w.org\/{rel}","templated":true}]}}