{"id":31304,"date":"2024-02-02T13:26:14","date_gmt":"2024-02-02T12:26:14","guid":{"rendered":"https:\/\/www.onesails.com\/ueber-uns\/"},"modified":"2025-04-04T10:41:38","modified_gmt":"2025-04-04T08:41:38","slug":"ueber-uns","status":"publish","type":"page","link":"https:\/\/www.onesails.com\/de\/ueber-uns\/","title":{"rendered":"\u00dcber uns"},"content":{"rendered":"\t\t<div data-elementor-type=\"wp-page\" data-elementor-id=\"31304\" class=\"elementor elementor-31304 elementor-14092\" data-elementor-post-type=\"page\">\n\t\t\t\t<div class=\"elementor-element elementor-element-04210a3 e-flex e-con-boxed e-con e-parent\" data-id=\"04210a3\" data-element_type=\"container\" data-e-type=\"container\" data-settings=\"{&quot;background_background&quot;:&quot;classic&quot;}\">\n\t\t\t\t\t<div class=\"e-con-inner\">\n\t\t\t\t\t<\/div>\n\t\t\t\t<\/div>\n\t\t<div class=\"elementor-element elementor-element-b64aa6a e-flex e-con-boxed e-con e-parent\" data-id=\"b64aa6a\" data-element_type=\"container\" data-e-type=\"container\">\n\t\t\t\t\t<div class=\"e-con-inner\">\n\t\t\t\t<div class=\"elementor-element elementor-element-d18684b elementor-widget__width-inherit elementor-widget elementor-widget-heading\" data-id=\"d18684b\" data-element_type=\"widget\" data-e-type=\"widget\" data-widget_type=\"heading.default\">\n\t\t\t\t<div class=\"elementor-widget-container\">\n\t\t\t\t\t<h2 class=\"elementor-heading-title elementor-size-default\">Die OneSails-Gruppe<\/br>Wenn die Erfahrung die Zukunft pr\u00e4gt<\/h2>\t\t\t\t<\/div>\n\t\t\t\t<\/div>\n\t\t\t\t<div class=\"elementor-element elementor-element-1396 elementor-widget-divider--view-line elementor-widget elementor-widget-global elementor-global-1396 elementor-widget-divider\" data-id=\"1396\" data-element_type=\"widget\" data-e-type=\"widget\" data-widget_type=\"divider.default\">\n\t\t\t\t<div class=\"elementor-widget-container\">\n\t\t\t\t\t\t\t<div class=\"elementor-divider\">\n\t\t\t<span class=\"elementor-divider-separator\">\n\t\t\t\t\t\t<\/span>\n\t\t<\/div>\n\t\t\t\t\t\t<\/div>\n\t\t\t\t<\/div>\n\t\t\t\t<div class=\"elementor-element elementor-element-6a5f91e elementor-widget elementor-widget-text-editor\" data-id=\"6a5f91e\" data-element_type=\"widget\" data-e-type=\"widget\" data-widget_type=\"text-editor.default\">\n\t\t\t\t<div class=\"elementor-widget-container\">\n\t\t\t\t\t\t\t\t\t<p><strong><a href=\"https:\/\/maps.app.goo.gl\/Cszv5sRv5wPBLczr9\" rel=\"noopener\">OneSails<\/a> ist ein globales Netzwerk, das sich an unabh\u00e4ngige Segelmachereien in der ganzen Welt anlehnt<\/strong>, die das erfolgreichste Made in Italy der Welt durch ein innovatives Gesch\u00e4ftsmodell exportieren: ein Dienstleistungsnetzwerk, dessen DNA durch professionelle Segelmacher auf h\u00f6chstem Niveau, exklusive Technologien und ein originelles Image repr\u00e4sentiert wird. OneSails ist der H\u00f6hepunkt von mehr als 40 Jahren Erfahrung in Design und Technologie f\u00fcr den Bau von Hochleistungssegeln. OneSails-Segel werden mit der exklusiven 4T FORTE \u2122 Endlosgarn-Verbundkonstruktion und -Technologie hergestellt, um Qualit\u00e4t, Haltbarkeit und Leistung zu gew\u00e4hrleisten. OneSails produziert und entwickelt auch kundenspezifische Produkte und Vintage-Segel.   <\/p><p>Im Oktober 2013 brachte OneSails das 4T FORTE\u2122 auf den Markt, die revolution\u00e4re Endlosgarn-Verbundtechnologie, die zur Referenz f\u00fcr die Konstruktion von Hochleistungssegeln wurde. Ein Jahr sp\u00e4ter bescheinigte CSQA, das f\u00fchrende italienische Unternehmen f\u00fcr Zertifizierungs- und Inspektionsdienstleistungen f\u00fcr Unternehmen, dass die LCA-\u00d6kobilanzstudie f\u00fcr das von OneSails vermarktete 4T FORTE\u2122 den Normen ISO 14040 und ISO 14044 entspricht. <\/p><p>Ein weiteres Upgrade des Flaggschiffs von OneSails, das 4T FORTE\u2122 Naked, wurde im November 2015 auf dem Weltmarkt eingef\u00fchrt. Die 4T FORTE \u2122 Naked macht es noch sicherer und leistungsf\u00e4higer, ohne die Formstabilit\u00e4t zu opfern. <\/p><p>Der Respekt vor der Umwelt ist eine der Hauptpriorit\u00e4ten von OneSails, so dass ein konkreter Fokus auf die wachsenden Umweltprobleme gelegt wird. Das weitere Engagement von OneSails f\u00fcr die Umwelt zielt auf die R\u00fcckgewinnung ausgedienter Segel und die schrittweise Ausweitung des R\u00fcckgewinnungszyklus und des Recyclings selektiver Materialien ab. Das 4T FORTE \u2122 Segelrecyclingverfahren wurde 2015 offiziell eingef\u00fchrt.  <\/p><div> <\/div><div> <\/div>\t\t\t\t\t\t\t\t<\/div>\n\t\t\t\t<\/div>\n\t\t\t\t<div class=\"elementor-element elementor-element-e8c724f elementor-widget__width-inherit elementor-widget elementor-widget-heading\" data-id=\"e8c724f\" data-element_type=\"widget\" data-e-type=\"widget\" data-widget_type=\"heading.default\">\n\t\t\t\t<div class=\"elementor-widget-container\">\n\t\t\t\t\t<h2 class=\"elementor-heading-title elementor-size-default\">Die OneSails-Gruppe<\/br>Wenn die Erfahrung die Zukunft pr\u00e4gt<\/h2>\t\t\t\t<\/div>\n\t\t\t\t<\/div>\n\t\t\t\t\t<\/div>\n\t\t\t\t<\/div>\n\t\t\t\t<\/div>\n\t\t","protected":false},"excerpt":{"rendered":"<p>Die OneSails-GruppeWenn die Erfahrung die Zukunft pr\u00e4gt OneSails ist ein globales Netzwerk, das sich an unabh\u00e4ngige Segelmachereien in der ganzen Welt anlehnt, die das erfolgreichste Made in Italy der Welt durch ein innovatives Gesch\u00e4ftsmodell exportieren: ein Dienstleistungsnetzwerk, dessen DNA durch professionelle Segelmacher auf h\u00f6chstem Niveau, exklusive Technologien und ein originelles Image repr\u00e4sentiert wird. OneSails ist [&hellip;]<\/p>\n","protected":false},"author":5,"featured_media":14118,"parent":0,"menu_order":0,"comment_status":"closed","ping_status":"closed","template":"elementor_header_footer","meta":{"_acf_changed":false,"footnotes":""},"class_list":["post-31304","page","type-page","status-publish","has-post-thumbnail","hentry"],"acf":[],"_links":{"self":[{"href":"https:\/\/www.onesails.com\/de\/wp-json\/wp\/v2\/pages\/31304","targetHints":{"allow":["GET"]}}],"collection":[{"href":"https:\/\/www.onesails.com\/de\/wp-json\/wp\/v2\/pages"}],"about":[{"href":"https:\/\/www.onesails.com\/de\/wp-json\/wp\/v2\/types\/page"}],"author":[{"embeddable":true,"href":"https:\/\/www.onesails.com\/de\/wp-json\/wp\/v2\/users\/5"}],"replies":[{"embeddable":true,"href":"https:\/\/www.onesails.com\/de\/wp-json\/wp\/v2\/comments?post=31304"}],"version-history":[{"count":3,"href":"https:\/\/www.onesails.com\/de\/wp-json\/wp\/v2\/pages\/31304\/revisions"}],"predecessor-version":[{"id":31922,"href":"https:\/\/www.onesails.com\/de\/wp-json\/wp\/v2\/pages\/31304\/revisions\/31922"}],"wp:featuredmedia":[{"embeddable":true,"href":"https:\/\/www.onesails.com\/de\/wp-json\/wp\/v2\/media\/14118"}],"wp:attachment":[{"href":"https:\/\/www.onesails.com\/de\/wp-json\/wp\/v2\/media?parent=31304"}],"curies":[{"name":"wp","href":"https:\/\/api.w.org\/{rel}","templated":true}]}}