{"id":28548,"date":"2024-02-02T13:38:45","date_gmt":"2024-02-02T12:38:45","guid":{"rendered":"http:\/\/onesails.com\/karriere\/"},"modified":"2025-04-04T10:43:13","modified_gmt":"2025-04-04T08:43:13","slug":"karriere","status":"publish","type":"page","link":"https:\/\/www.onesails.com\/de\/karriere\/","title":{"rendered":"Karriere"},"content":{"rendered":"\t\t<div data-elementor-type=\"wp-page\" data-elementor-id=\"28548\" class=\"elementor elementor-28548 elementor-14128\" data-elementor-post-type=\"page\">\n\t\t\t\t<div class=\"elementor-element elementor-element-04210a3 e-flex e-con-boxed e-con e-parent\" data-id=\"04210a3\" data-element_type=\"container\" data-e-type=\"container\" data-settings=\"{&quot;background_background&quot;:&quot;classic&quot;}\">\n\t\t\t\t\t<div class=\"e-con-inner\">\n\t\t\t\t\t<\/div>\n\t\t\t\t<\/div>\n\t\t<div class=\"elementor-element elementor-element-b64aa6a e-flex e-con-boxed e-con e-parent\" data-id=\"b64aa6a\" data-element_type=\"container\" data-e-type=\"container\">\n\t\t\t\t\t<div class=\"e-con-inner\">\n\t\t\t\t<div class=\"elementor-element elementor-element-d18684b elementor-widget__width-inherit elementor-widget elementor-widget-heading\" data-id=\"d18684b\" data-element_type=\"widget\" data-e-type=\"widget\" data-widget_type=\"heading.default\">\n\t\t\t\t<div class=\"elementor-widget-container\">\n\t\t\t\t\t<h2 class=\"elementor-heading-title elementor-size-default\">Job Angebote<\/h2>\t\t\t\t<\/div>\n\t\t\t\t<\/div>\n\t\t\t\t<div class=\"elementor-element elementor-element-1396 elementor-widget-divider--view-line elementor-widget elementor-widget-global elementor-global-1396 elementor-widget-divider\" data-id=\"1396\" data-element_type=\"widget\" data-e-type=\"widget\" data-widget_type=\"divider.default\">\n\t\t\t\t<div class=\"elementor-widget-container\">\n\t\t\t\t\t\t\t<div class=\"elementor-divider\">\n\t\t\t<span class=\"elementor-divider-separator\">\n\t\t\t\t\t\t<\/span>\n\t\t<\/div>\n\t\t\t\t\t\t<\/div>\n\t\t\t\t<\/div>\n\t\t\t\t<div class=\"elementor-element elementor-element-6a5f91e elementor-widget elementor-widget-text-editor\" data-id=\"6a5f91e\" data-element_type=\"widget\" data-e-type=\"widget\" data-widget_type=\"text-editor.default\">\n\t\t\t\t<div class=\"elementor-widget-container\">\n\t\t\t\t\t\t\t\t\t<p><strong>Die OneSails-Gruppe w\u00e4chst und wir m\u00f6chten, dass Sie mit uns wachsen.<\/strong><br>OneSails ist der f\u00fchrende Anbieter von innovativen und technologisch fortschrittlichen Segeln und Zubeh\u00f6r. Unser Ziel ist es, Produkte und Services zu bieten, die vom ersten Einsatz an und danach lange Freude am Segeln bereiten. Wir verfolgen dieses Ziel mit einem hohen Anspruch an Zuverl\u00e4ssigkeit und Innovation. Du teilst diese Ziele und bist begeisterter Segler? Dann sende Deine Bewerbung mit einem kurzen Lebenslauf an:<\/p>\t\t\t\t\t\t\t\t<\/div>\n\t\t\t\t<\/div>\n\t\t\t\t<div class=\"elementor-element elementor-element-24915eb elementor-widget__width-inherit elementor-widget elementor-widget-heading\" data-id=\"24915eb\" data-element_type=\"widget\" data-e-type=\"widget\" data-widget_type=\"heading.default\">\n\t\t\t\t<div class=\"elementor-widget-container\">\n\t\t\t\t\t<h2 class=\"elementor-heading-title elementor-size-default\"><a href=\"mailto:%20info@onesails.de\">info@onesails.de<\/a><\/h2>\t\t\t\t<\/div>\n\t\t\t\t<\/div>\n\t\t\t\t\t<\/div>\n\t\t\t\t<\/div>\n\t\t\t\t<\/div>\n\t\t","protected":false},"excerpt":{"rendered":"<p>Job Angebote Die OneSails-Gruppe w\u00e4chst und wir m\u00f6chten, dass Sie mit uns wachsen.OneSails ist der f\u00fchrende Anbieter von innovativen und technologisch fortschrittlichen Segeln und Zubeh\u00f6r. Unser Ziel ist es, Produkte und Services zu bieten, die vom ersten Einsatz an und danach lange Freude am Segeln bereiten. Wir verfolgen dieses Ziel mit einem hohen Anspruch an [&hellip;]<\/p>\n","protected":false},"author":5,"featured_media":14158,"parent":0,"menu_order":0,"comment_status":"closed","ping_status":"closed","template":"elementor_header_footer","meta":{"_acf_changed":false,"footnotes":""},"class_list":["post-28548","page","type-page","status-publish","has-post-thumbnail","hentry"],"acf":[],"_links":{"self":[{"href":"https:\/\/www.onesails.com\/de\/wp-json\/wp\/v2\/pages\/28548","targetHints":{"allow":["GET"]}}],"collection":[{"href":"https:\/\/www.onesails.com\/de\/wp-json\/wp\/v2\/pages"}],"about":[{"href":"https:\/\/www.onesails.com\/de\/wp-json\/wp\/v2\/types\/page"}],"author":[{"embeddable":true,"href":"https:\/\/www.onesails.com\/de\/wp-json\/wp\/v2\/users\/5"}],"replies":[{"embeddable":true,"href":"https:\/\/www.onesails.com\/de\/wp-json\/wp\/v2\/comments?post=28548"}],"version-history":[{"count":6,"href":"https:\/\/www.onesails.com\/de\/wp-json\/wp\/v2\/pages\/28548\/revisions"}],"predecessor-version":[{"id":31923,"href":"https:\/\/www.onesails.com\/de\/wp-json\/wp\/v2\/pages\/28548\/revisions\/31923"}],"wp:featuredmedia":[{"embeddable":true,"href":"https:\/\/www.onesails.com\/de\/wp-json\/wp\/v2\/media\/14158"}],"wp:attachment":[{"href":"https:\/\/www.onesails.com\/de\/wp-json\/wp\/v2\/media?parent=28548"}],"curies":[{"name":"wp","href":"https:\/\/api.w.org\/{rel}","templated":true}]}}