{"id":30355,"date":"2024-02-02T13:38:45","date_gmt":"2024-02-02T12:38:45","guid":{"rendered":"https:\/\/www.onesails.com\/karrierer\/"},"modified":"2024-09-25T10:04:06","modified_gmt":"2024-09-25T08:04:06","slug":"karrierer","status":"publish","type":"page","link":"https:\/\/www.onesails.com\/da\/karrierer\/","title":{"rendered":"Karrierer"},"content":{"rendered":"\t\t<div data-elementor-type=\"wp-page\" data-elementor-id=\"30355\" class=\"elementor elementor-30355 elementor-14128\" data-elementor-post-type=\"page\">\n\t\t\t\t<div class=\"elementor-element elementor-element-04210a3 e-flex e-con-boxed e-con e-parent\" data-id=\"04210a3\" data-element_type=\"container\" data-e-type=\"container\" data-settings=\"{&quot;background_background&quot;:&quot;classic&quot;}\">\n\t\t\t\t\t<div class=\"e-con-inner\">\n\t\t\t\t\t<\/div>\n\t\t\t\t<\/div>\n\t\t<div class=\"elementor-element elementor-element-b64aa6a e-flex e-con-boxed e-con e-parent\" data-id=\"b64aa6a\" data-element_type=\"container\" data-e-type=\"container\">\n\t\t\t\t\t<div class=\"e-con-inner\">\n\t\t\t\t<div class=\"elementor-element elementor-element-d18684b elementor-widget__width-inherit elementor-widget elementor-widget-heading\" data-id=\"d18684b\" data-element_type=\"widget\" data-e-type=\"widget\" data-widget_type=\"heading.default\">\n\t\t\t\t<div class=\"elementor-widget-container\">\n\t\t\t\t\t<h2 class=\"elementor-heading-title elementor-size-default\">Jobmuligheder<\/h2>\t\t\t\t<\/div>\n\t\t\t\t<\/div>\n\t\t\t\t<div class=\"elementor-element elementor-element-1396 elementor-widget-divider--view-line elementor-widget elementor-widget-global elementor-global-1396 elementor-widget-divider\" data-id=\"1396\" data-element_type=\"widget\" data-e-type=\"widget\" data-widget_type=\"divider.default\">\n\t\t\t\t<div class=\"elementor-widget-container\">\n\t\t\t\t\t\t\t<div class=\"elementor-divider\">\n\t\t\t<span class=\"elementor-divider-separator\">\n\t\t\t\t\t\t<\/span>\n\t\t<\/div>\n\t\t\t\t\t\t<\/div>\n\t\t\t\t<\/div>\n\t\t\t\t<div class=\"elementor-element elementor-element-6a5f91e elementor-widget elementor-widget-text-editor\" data-id=\"6a5f91e\" data-element_type=\"widget\" data-e-type=\"widget\" data-widget_type=\"text-editor.default\">\n\t\t\t\t<div class=\"elementor-widget-container\">\n\t\t\t\t\t\t\t\t\t<p><strong>OneSails-gruppen vokser, og vi vil have dig til at vokse med os.<\/strong><br \/>OneSails er den f\u00f8rende leverand\u00f8r af innovative og teknologisk avancerede sejl og tilbeh\u00f8r. Vi s\u00f8ger personer, der kan hj\u00e6lpe os med at forblive p\u00e5 forkant med deres kreativitet og innovation. Hvis dette lyder som dig, bedes du sende os dit CV til:  <\/p>\n\t\t\t\t\t\t\t\t<\/div>\n\t\t\t\t<\/div>\n\t\t\t\t<div class=\"elementor-element elementor-element-24915eb elementor-widget__width-inherit elementor-widget elementor-widget-heading\" data-id=\"24915eb\" data-element_type=\"widget\" data-e-type=\"widget\" data-widget_type=\"heading.default\">\n\t\t\t\t<div class=\"elementor-widget-container\">\n\t\t\t\t\t<h2 class=\"elementor-heading-title elementor-size-default\"><a href=\"mailto:%20jobs@onesails.com\">jobs@onesails.com<\/a><\/h2>\t\t\t\t<\/div>\n\t\t\t\t<\/div>\n\t\t\t\t\t<\/div>\n\t\t\t\t<\/div>\n\t\t\t\t<\/div>\n\t\t","protected":false},"excerpt":{"rendered":"<p>Jobmuligheder OneSails-gruppen vokser, og vi vil have dig til at vokse med os.OneSails er den f\u00f8rende leverand\u00f8r af innovative og teknologisk avancerede sejl og tilbeh\u00f8r. Vi s\u00f8ger personer, der kan hj\u00e6lpe os med at forblive p\u00e5 forkant med deres kreativitet og innovation. Hvis dette lyder som dig, bedes du sende os dit CV til: jobs@onesails.com<\/p>\n","protected":false},"author":5,"featured_media":14154,"parent":0,"menu_order":0,"comment_status":"closed","ping_status":"closed","template":"elementor_header_footer","meta":{"_acf_changed":false,"footnotes":""},"class_list":["post-30355","page","type-page","status-publish","has-post-thumbnail","hentry"],"acf":[],"_links":{"self":[{"href":"https:\/\/www.onesails.com\/da\/wp-json\/wp\/v2\/pages\/30355","targetHints":{"allow":["GET"]}}],"collection":[{"href":"https:\/\/www.onesails.com\/da\/wp-json\/wp\/v2\/pages"}],"about":[{"href":"https:\/\/www.onesails.com\/da\/wp-json\/wp\/v2\/types\/page"}],"author":[{"embeddable":true,"href":"https:\/\/www.onesails.com\/da\/wp-json\/wp\/v2\/users\/5"}],"replies":[{"embeddable":true,"href":"https:\/\/www.onesails.com\/da\/wp-json\/wp\/v2\/comments?post=30355"}],"version-history":[{"count":3,"href":"https:\/\/www.onesails.com\/da\/wp-json\/wp\/v2\/pages\/30355\/revisions"}],"predecessor-version":[{"id":30358,"href":"https:\/\/www.onesails.com\/da\/wp-json\/wp\/v2\/pages\/30355\/revisions\/30358"}],"wp:featuredmedia":[{"embeddable":true,"href":"https:\/\/www.onesails.com\/da\/wp-json\/wp\/v2\/media\/14154"}],"wp:attachment":[{"href":"https:\/\/www.onesails.com\/da\/wp-json\/wp\/v2\/media?parent=30355"}],"curies":[{"name":"wp","href":"https:\/\/api.w.org\/{rel}","templated":true}]}}