{"id":30348,"date":"2024-02-02T13:26:14","date_gmt":"2024-02-02T12:26:14","guid":{"rendered":"https:\/\/www.onesails.com\/om-os\/"},"modified":"2025-04-04T10:43:45","modified_gmt":"2025-04-04T08:43:45","slug":"om-os","status":"publish","type":"page","link":"https:\/\/www.onesails.com\/da\/om-os\/","title":{"rendered":"Om os"},"content":{"rendered":"\t\t<div data-elementor-type=\"wp-page\" data-elementor-id=\"30348\" class=\"elementor elementor-30348 elementor-14092\" data-elementor-post-type=\"page\">\n\t\t\t\t<div class=\"elementor-element elementor-element-04210a3 e-flex e-con-boxed e-con e-parent\" data-id=\"04210a3\" data-element_type=\"container\" data-e-type=\"container\" data-settings=\"{&quot;background_background&quot;:&quot;classic&quot;}\">\n\t\t\t\t\t<div class=\"e-con-inner\">\n\t\t\t\t\t<\/div>\n\t\t\t\t<\/div>\n\t\t<div class=\"elementor-element elementor-element-b64aa6a e-flex e-con-boxed e-con e-parent\" data-id=\"b64aa6a\" data-element_type=\"container\" data-e-type=\"container\">\n\t\t\t\t\t<div class=\"e-con-inner\">\n\t\t\t\t<div class=\"elementor-element elementor-element-d18684b elementor-widget__width-inherit elementor-widget elementor-widget-heading\" data-id=\"d18684b\" data-element_type=\"widget\" data-e-type=\"widget\" data-widget_type=\"heading.default\">\n\t\t\t\t<div class=\"elementor-widget-container\">\n\t\t\t\t\t<h2 class=\"elementor-heading-title elementor-size-default\">The OneSails Group<\/br>When the experience shapes the future<\/h2>\t\t\t\t<\/div>\n\t\t\t\t<\/div>\n\t\t\t\t<div class=\"elementor-element elementor-element-1396 elementor-widget-divider--view-line elementor-widget elementor-widget-global elementor-global-1396 elementor-widget-divider\" data-id=\"1396\" data-element_type=\"widget\" data-e-type=\"widget\" data-widget_type=\"divider.default\">\n\t\t\t\t<div class=\"elementor-widget-container\">\n\t\t\t\t\t\t\t<div class=\"elementor-divider\">\n\t\t\t<span class=\"elementor-divider-separator\">\n\t\t\t\t\t\t<\/span>\n\t\t<\/div>\n\t\t\t\t\t\t<\/div>\n\t\t\t\t<\/div>\n\t\t\t\t<div class=\"elementor-element elementor-element-6a5f91e elementor-widget elementor-widget-text-editor\" data-id=\"6a5f91e\" data-element_type=\"widget\" data-e-type=\"widget\" data-widget_type=\"text-editor.default\">\n\t\t\t\t<div class=\"elementor-widget-container\">\n\t\t\t\t\t\t\t\t\t<p><strong><a href=\"https:\/\/maps.app.goo.gl\/Cszv5sRv5wPBLczr9\" rel=\"noopener\">OneSails<\/a> er et globalt netv\u00e6rk af uafh\u00e6ngige sejllofter over hele<\/strong> verden, som eksporterer verdens mest succesfulde Made in Italy gennem en innovativ forretningsmodel: et servicenetv\u00e6rk, hvis DNA er repr\u00e6senteret af professionelle sejlmagere p\u00e5 topniveau, eksklusive teknologier og et originalt image. OneSails er toppen af mere end 40 \u00e5rs erfaring med design og teknologi til konstruktion af h\u00f8jtydende sejl. OneSails-sejl er lavet med eksklusivt 4T FORTE\u2122 kompositdesign og -teknologi for at sikre kvalitet, holdbarhed og ydeevne. OneSails producerer og udvikler ogs\u00e5 specialprodukter og vintage-sejl.   <\/p><p>I oktober 2013 lancerede OneSails 4T FORTE\u2122 p\u00e5 markedet, den revolutionerende kompositteknologi med kontinuerlige garner, som blev referencen for konstruktion af h\u00f8jtydende sejl. Et \u00e5r efter certificerede CSQA, den f\u00f8rende italienske virksomhed inden for certificerings- og inspektionstjenester til virksomheder, at LCA-livscyklusvurderingsunders\u00f8gelsen var at sejle 4T FORTE \u2122 markedsf\u00f8rt af OneSails i overensstemmelse med ISO 14040 og ISO 14044 standarder. <\/p><p>En yderligere opgradering af OneSails&#8217; flagskibsprodukt, 4T FORTE\u2122 Naked, blev introduceret p\u00e5 verdensmarkedet i november 2015. 4T FORTE\u2122 Naked g\u00f8r den endnu mere sikker og kraftfuld uden at g\u00e5 p\u00e5 kompromis med formstabiliteten. <\/p><p>Respekt for milj\u00f8et er en af OneSails&#8217; hovedprioriteter, og derfor opretholder vi et konkret fokus p\u00e5 voksende milj\u00f8problemer. OneSails&#8217; yderligere engagement i milj\u00f8et er rettet mod genanvendelse af udtjente sejl og den gradvise udvidelse af genanvendelsescyklussen og genbrug af selektive materialer. Genbrugsprocessen for 4T FORTE\u2122-sejl blev officielt lanceret i 2015.  <\/p><div> <\/div><div> <\/div>\t\t\t\t\t\t\t\t<\/div>\n\t\t\t\t<\/div>\n\t\t\t\t<div class=\"elementor-element elementor-element-e8c724f elementor-widget__width-inherit elementor-widget elementor-widget-heading\" data-id=\"e8c724f\" data-element_type=\"widget\" data-e-type=\"widget\" data-widget_type=\"heading.default\">\n\t\t\t\t<div class=\"elementor-widget-container\">\n\t\t\t\t\t<h2 class=\"elementor-heading-title elementor-size-default\">The OneSails Group<\/br>When the experience shapes the future<\/h2>\t\t\t\t<\/div>\n\t\t\t\t<\/div>\n\t\t\t\t\t<\/div>\n\t\t\t\t<\/div>\n\t\t\t\t<\/div>\n\t\t","protected":false},"excerpt":{"rendered":"<p>The OneSails GroupWhen the experience shapes the future OneSails er et globalt netv\u00e6rk af uafh\u00e6ngige sejllofter over hele verden, som eksporterer verdens mest succesfulde Made in Italy gennem en innovativ forretningsmodel: et servicenetv\u00e6rk, hvis DNA er repr\u00e6senteret af professionelle sejlmagere p\u00e5 topniveau, eksklusive teknologier og et originalt image. OneSails er toppen af mere end 40 [&hellip;]<\/p>\n","protected":false},"author":5,"featured_media":14114,"parent":0,"menu_order":0,"comment_status":"closed","ping_status":"closed","template":"elementor_header_footer","meta":{"_acf_changed":false,"footnotes":""},"class_list":["post-30348","page","type-page","status-publish","has-post-thumbnail","hentry"],"acf":[],"_links":{"self":[{"href":"https:\/\/www.onesails.com\/da\/wp-json\/wp\/v2\/pages\/30348","targetHints":{"allow":["GET"]}}],"collection":[{"href":"https:\/\/www.onesails.com\/da\/wp-json\/wp\/v2\/pages"}],"about":[{"href":"https:\/\/www.onesails.com\/da\/wp-json\/wp\/v2\/types\/page"}],"author":[{"embeddable":true,"href":"https:\/\/www.onesails.com\/da\/wp-json\/wp\/v2\/users\/5"}],"replies":[{"embeddable":true,"href":"https:\/\/www.onesails.com\/da\/wp-json\/wp\/v2\/comments?post=30348"}],"version-history":[{"count":2,"href":"https:\/\/www.onesails.com\/da\/wp-json\/wp\/v2\/pages\/30348\/revisions"}],"predecessor-version":[{"id":31925,"href":"https:\/\/www.onesails.com\/da\/wp-json\/wp\/v2\/pages\/30348\/revisions\/31925"}],"wp:featuredmedia":[{"embeddable":true,"href":"https:\/\/www.onesails.com\/da\/wp-json\/wp\/v2\/media\/14114"}],"wp:attachment":[{"href":"https:\/\/www.onesails.com\/da\/wp-json\/wp\/v2\/media?parent=30348"}],"curies":[{"name":"wp","href":"https:\/\/api.w.org\/{rel}","templated":true}]}}