{"id":30341,"date":"2024-02-02T14:06:30","date_gmt":"2024-02-02T13:06:30","guid":{"rendered":"https:\/\/www.onesails.com\/ofte-stillede-spoergsmaal\/"},"modified":"2024-09-24T12:04:40","modified_gmt":"2024-09-24T10:04:40","slug":"ofte-stillede-spoergsmaal","status":"publish","type":"page","link":"https:\/\/www.onesails.com\/da\/ofte-stillede-spoergsmaal\/","title":{"rendered":"Ofte Stillede Sp\u00f8rgsm\u00e5l"},"content":{"rendered":"\t\t<div data-elementor-type=\"wp-page\" data-elementor-id=\"30341\" class=\"elementor elementor-30341 elementor-14184\" data-elementor-post-type=\"page\">\n\t\t\t\t<div class=\"elementor-element elementor-element-04210a3 e-flex e-con-boxed e-con e-parent\" data-id=\"04210a3\" data-element_type=\"container\" data-e-type=\"container\" data-settings=\"{&quot;background_background&quot;:&quot;classic&quot;}\">\n\t\t\t\t\t<div class=\"e-con-inner\">\n\t\t\t\t\t<\/div>\n\t\t\t\t<\/div>\n\t\t<div class=\"elementor-element elementor-element-b64aa6a e-flex e-con-boxed e-con e-parent\" data-id=\"b64aa6a\" data-element_type=\"container\" data-e-type=\"container\">\n\t\t\t\t\t<div class=\"e-con-inner\">\n\t\t\t\t<div class=\"elementor-element elementor-element-1396 elementor-widget-divider--view-line elementor-widget elementor-widget-global elementor-global-1396 elementor-widget-divider\" data-id=\"1396\" data-element_type=\"widget\" data-e-type=\"widget\" data-widget_type=\"divider.default\">\n\t\t\t\t<div class=\"elementor-widget-container\">\n\t\t\t\t\t\t\t<div class=\"elementor-divider\">\n\t\t\t<span class=\"elementor-divider-separator\">\n\t\t\t\t\t\t<\/span>\n\t\t<\/div>\n\t\t\t\t\t\t<\/div>\n\t\t\t\t<\/div>\n\t\t\t\t<div class=\"elementor-element elementor-element-5b9caa7 elementor-icon-list--layout-traditional elementor-list-item-link-full_width elementor-widget elementor-widget-icon-list\" data-id=\"5b9caa7\" data-element_type=\"widget\" data-e-type=\"widget\" data-widget_type=\"icon-list.default\">\n\t\t\t\t<div class=\"elementor-widget-container\">\n\t\t\t\t\t\t\t<ul class=\"elementor-icon-list-items\">\n\t\t\t\t\t\t\t<li class=\"elementor-icon-list-item\">\n\t\t\t\t\t\t\t\t\t\t\t<a href=\"#anchor-1\">\n\n\t\t\t\t\t\t\t\t\t\t\t<span class=\"elementor-icon-list-text\">1. Hovedkontor og forhandlere<\/span>\n\t\t\t\t\t\t\t\t\t\t\t<\/a>\n\t\t\t\t\t\t\t\t\t<\/li>\n\t\t\t\t\t\t\t\t<li class=\"elementor-icon-list-item\">\n\t\t\t\t\t\t\t\t\t\t\t<a href=\"#anchor-2\">\n\n\t\t\t\t\t\t\t\t\t\t\t<span class=\"elementor-icon-list-text\">2. produktkundeservice<\/span>\n\t\t\t\t\t\t\t\t\t\t\t<\/a>\n\t\t\t\t\t\t\t\t\t<\/li>\n\t\t\t\t\t\t\t\t<li class=\"elementor-icon-list-item\">\n\t\t\t\t\t\t\t\t\t\t\t<a href=\"#anchor-3\">\n\n\t\t\t\t\t\t\t\t\t\t\t<span class=\"elementor-icon-list-text\">3. Sponsoraftaler<\/span>\n\t\t\t\t\t\t\t\t\t\t\t<\/a>\n\t\t\t\t\t\t\t\t\t<\/li>\n\t\t\t\t\t\t\t\t<li class=\"elementor-icon-list-item\">\n\t\t\t\t\t\t\t\t\t\t\t<a href=\"#anchor-4\">\n\n\t\t\t\t\t\t\t\t\t\t\t<span class=\"elementor-icon-list-text\">4. Karrierer<\/span>\n\t\t\t\t\t\t\t\t\t\t\t<\/a>\n\t\t\t\t\t\t\t\t\t<\/li>\n\t\t\t\t\t\t\t\t<li class=\"elementor-icon-list-item\">\n\t\t\t\t\t\t\t\t\t\t\t<a href=\"#anchor-5\">\n\n\t\t\t\t\t\t\t\t\t\t\t<span class=\"elementor-icon-list-text\">5. Markedsf\u00f8ring og reklame.<\/span>\n\t\t\t\t\t\t\t\t\t\t\t<\/a>\n\t\t\t\t\t\t\t\t\t<\/li>\n\t\t\t\t\t\t\t\t<li class=\"elementor-icon-list-item\">\n\t\t\t\t\t\t\t\t\t\t\t<a href=\"#anchor-6\">\n\n\t\t\t\t\t\t\t\t\t\t\t<span class=\"elementor-icon-list-text\">6. Leverand\u00f8rer.<\/span>\n\t\t\t\t\t\t\t\t\t\t\t<\/a>\n\t\t\t\t\t\t\t\t\t<\/li>\n\t\t\t\t\t\t<\/ul>\n\t\t\t\t\t\t<\/div>\n\t\t\t\t<\/div>\n\t\t\t\t<div class=\"elementor-element elementor-element-ae86e3c elementor-widget-divider--view-line elementor-widget elementor-widget-global elementor-global-1396 elementor-widget-divider\" data-id=\"ae86e3c\" data-element_type=\"widget\" data-e-type=\"widget\" data-widget_type=\"divider.default\">\n\t\t\t\t<div class=\"elementor-widget-container\">\n\t\t\t\t\t\t\t<div class=\"elementor-divider\">\n\t\t\t<span class=\"elementor-divider-separator\">\n\t\t\t\t\t\t<\/span>\n\t\t<\/div>\n\t\t\t\t\t\t<\/div>\n\t\t\t\t<\/div>\n\t\t\t\t<div class=\"elementor-element elementor-element-6a5f91e elementor-widget elementor-widget-text-editor\" data-id=\"6a5f91e\" data-element_type=\"widget\" data-e-type=\"widget\" data-widget_type=\"text-editor.default\">\n\t\t\t\t<div class=\"elementor-widget-container\">\n\t\t\t\t\t\t\t\t\t<p><strong>Kontakt informationer<\/strong><br \/>Velkommen til OneSails kontaktcenter. Hvis du har sp\u00f8rgsm\u00e5l eller kommentarer om OneSails eller OneSails produkter, bedes du tjekke vores sektion med ofte stillede sp\u00f8rgsm\u00e5l. Du kan muligvis finde svar p\u00e5 dine sp\u00f8rgsm\u00e5l online med det samme. Alternativt kan du kontakte os via e-mail: <a href=\"mailto:info@onesails.dk\">info@onesails.dk<\/a>   <\/p>\n<p>Tak fordi du tog dig tid til at kontakte os.<\/p>\n\t\t\t\t\t\t\t\t<\/div>\n\t\t\t\t<\/div>\n\t\t\t\t<div class=\"elementor-element elementor-element-0295665 elementor-widget-divider--view-line elementor-widget elementor-widget-global elementor-global-1396 elementor-widget-divider\" data-id=\"0295665\" data-element_type=\"widget\" data-e-type=\"widget\" data-widget_type=\"divider.default\">\n\t\t\t\t<div class=\"elementor-widget-container\">\n\t\t\t\t\t\t\t<div class=\"elementor-divider\">\n\t\t\t<span class=\"elementor-divider-separator\">\n\t\t\t\t\t\t<\/span>\n\t\t<\/div>\n\t\t\t\t\t\t<\/div>\n\t\t\t\t<\/div>\n\t\t\t\t<div class=\"elementor-element elementor-element-246b7a6 elementor-widget elementor-widget-heading\" data-id=\"246b7a6\" data-element_type=\"widget\" data-e-type=\"widget\" id=\"anchor-1\" data-widget_type=\"heading.default\">\n\t\t\t\t<div class=\"elementor-widget-container\">\n\t\t\t\t\t<h2 class=\"elementor-heading-title elementor-size-default\">1. Hovedkontor og forhandlere<\/h2>\t\t\t\t<\/div>\n\t\t\t\t<\/div>\n\t\t\t\t<div class=\"elementor-element elementor-element-3fe812d elementor-widget elementor-widget-text-editor\" data-id=\"3fe812d\" data-element_type=\"widget\" data-e-type=\"widget\" data-widget_type=\"text-editor.default\">\n\t\t\t\t<div class=\"elementor-widget-container\">\n\t\t\t\t\t\t\t\t\t<p><strong>S. Hvordan kan jeg kontakte OneSails i mit land?<\/strong><\/p>\n<p>Gennemse venligst verdenskortet p\u00e5 <a href=\"https:\/\/www.onesails.com\/da\/sejllofter\/\">KONTAKT-<\/a>siden for at finde oplysninger om det n\u00e6rmeste OneSails loft. Hvis der ikke er opf\u00f8rt nogen forhandlere i dit land, bedes du kontakte os p\u00e5 denne e-mailadresse: <a href=\"mailto:info@onesails.com\">info@onesails.com<\/a> <\/p>\n\t\t\t\t\t\t\t\t<\/div>\n\t\t\t\t<\/div>\n\t\t\t\t<div class=\"elementor-element elementor-element-362e812 elementor-position-inline-start elementor-widget__width-inherit elementor-view-default elementor-mobile-position-block-start elementor-widget elementor-widget-global elementor-global-14342 elementor-widget-icon-box\" data-id=\"362e812\" data-element_type=\"widget\" data-e-type=\"widget\" data-widget_type=\"icon-box.default\">\n\t\t\t\t<div class=\"elementor-widget-container\">\n\t\t\t\t\t\t\t<div class=\"elementor-icon-box-wrapper\">\n\n\t\t\t\t\t\t<div class=\"elementor-icon-box-icon\">\n\t\t\t\t<a href=\"#anchor-top\" class=\"elementor-icon\" tabindex=\"-1\" aria-label=\"Return to Top\">\n\t\t\t\t<i aria-hidden=\"true\" class=\"fas fa-angle-up\"><\/i>\t\t\t\t<\/a>\n\t\t\t<\/div>\n\t\t\t\n\t\t\t\t\t\t<div class=\"elementor-icon-box-content\">\n\n\t\t\t\t\t\t\t\t\t<h3 class=\"elementor-icon-box-title\">\n\t\t\t\t\t\t<a href=\"#anchor-top\" >\n\t\t\t\t\t\t\tReturn to Top\t\t\t\t\t\t<\/a>\n\t\t\t\t\t<\/h3>\n\t\t\t\t\n\t\t\t\t\n\t\t\t<\/div>\n\t\t\t\n\t\t<\/div>\n\t\t\t\t\t\t<\/div>\n\t\t\t\t<\/div>\n\t\t\t\t<div class=\"elementor-element elementor-element-8fcf15e elementor-widget-divider--view-line elementor-widget elementor-widget-global elementor-global-1396 elementor-widget-divider\" data-id=\"8fcf15e\" data-element_type=\"widget\" data-e-type=\"widget\" data-widget_type=\"divider.default\">\n\t\t\t\t<div class=\"elementor-widget-container\">\n\t\t\t\t\t\t\t<div class=\"elementor-divider\">\n\t\t\t<span class=\"elementor-divider-separator\">\n\t\t\t\t\t\t<\/span>\n\t\t<\/div>\n\t\t\t\t\t\t<\/div>\n\t\t\t\t<\/div>\n\t\t\t\t<div class=\"elementor-element elementor-element-f2b5378 elementor-widget elementor-widget-heading\" data-id=\"f2b5378\" data-element_type=\"widget\" data-e-type=\"widget\" id=\"anchor-2\" data-widget_type=\"heading.default\">\n\t\t\t\t<div class=\"elementor-widget-container\">\n\t\t\t\t\t<h2 class=\"elementor-heading-title elementor-size-default\">2. produktkundeservice<\/h2>\t\t\t\t<\/div>\n\t\t\t\t<\/div>\n\t\t\t\t<div class=\"elementor-element elementor-element-08fd9fd elementor-widget elementor-widget-text-editor\" data-id=\"08fd9fd\" data-element_type=\"widget\" data-e-type=\"widget\" data-widget_type=\"text-editor.default\">\n\t\t\t\t<div class=\"elementor-widget-container\">\n\t\t\t\t\t\t\t\t\t<p><strong>S. Hvad er OneSails\u2019 garantipolitik?<\/strong><\/p>\n<p>Alle nye OneSails sejl er d\u00e6kket af garanti fra leveringsdatoen. Garantiperiodens varighed kan variere afh\u00e6ngigt af landet og typen af produkt. Hvis der opst\u00e5r en fejl i materialer, fremstilling eller h\u00e5ndv\u00e6rk p\u00e5 dit sejl i garantiperioden, vil OneSails kunne udf\u00f8re de n\u00f8dvendige reparationer gratis. Garantien d\u00e6kker ikke skader for\u00e5rsaget af uheld, forkert pleje, fors\u00f8mmelse, almindelig slitage eller den naturlige nedbrydning af farver og materialer over l\u00e6ngere tid og brug. Skader, der ikke er d\u00e6kket af garantien, vil blive repareret til en rimelig pris. For garantivurdering skal dit produkt returneres direkte til den OneSails-forhandler, hvor du k\u00f8bte det.     <\/p>\n<p><strong>S. D\u00e6kker garantipolitikken brugte produkter?<\/strong><\/p>\n<p>Denne garanti d\u00e6kker ikke brugte produkter.<\/p>\n<p><strong>S. D\u00e6kker garantien almindelig slitage?<\/strong><\/p>\n<p>Vi fremstiller alle vores produkter for at opfylde vores egne h\u00f8je standarder. Uanset hvor omhyggeligt du bruger eller passer p\u00e5 dit OneSails-produkt, vil det dog med tiden begynde at vise tegn p\u00e5 alder og slitage. OneSails-garantien d\u00e6kker fejl i h\u00e5ndv\u00e6rk og materialer, men den d\u00e6kker ikke almindelig slitage.  <\/p>\n\t\t\t\t\t\t\t\t<\/div>\n\t\t\t\t<\/div>\n\t\t\t\t<div class=\"elementor-element elementor-element-ad1093d elementor-position-inline-start elementor-widget__width-inherit elementor-view-default elementor-mobile-position-block-start elementor-widget elementor-widget-global elementor-global-14342 elementor-widget-icon-box\" data-id=\"ad1093d\" data-element_type=\"widget\" data-e-type=\"widget\" data-widget_type=\"icon-box.default\">\n\t\t\t\t<div class=\"elementor-widget-container\">\n\t\t\t\t\t\t\t<div class=\"elementor-icon-box-wrapper\">\n\n\t\t\t\t\t\t<div class=\"elementor-icon-box-icon\">\n\t\t\t\t<a href=\"#anchor-top\" class=\"elementor-icon\" tabindex=\"-1\" aria-label=\"Return to Top\">\n\t\t\t\t<i aria-hidden=\"true\" class=\"fas fa-angle-up\"><\/i>\t\t\t\t<\/a>\n\t\t\t<\/div>\n\t\t\t\n\t\t\t\t\t\t<div class=\"elementor-icon-box-content\">\n\n\t\t\t\t\t\t\t\t\t<h3 class=\"elementor-icon-box-title\">\n\t\t\t\t\t\t<a href=\"#anchor-top\" >\n\t\t\t\t\t\t\tReturn to Top\t\t\t\t\t\t<\/a>\n\t\t\t\t\t<\/h3>\n\t\t\t\t\n\t\t\t\t\n\t\t\t<\/div>\n\t\t\t\n\t\t<\/div>\n\t\t\t\t\t\t<\/div>\n\t\t\t\t<\/div>\n\t\t\t\t<div class=\"elementor-element elementor-element-d44babf elementor-widget-divider--view-line elementor-widget elementor-widget-global elementor-global-1396 elementor-widget-divider\" data-id=\"d44babf\" data-element_type=\"widget\" data-e-type=\"widget\" data-widget_type=\"divider.default\">\n\t\t\t\t<div class=\"elementor-widget-container\">\n\t\t\t\t\t\t\t<div class=\"elementor-divider\">\n\t\t\t<span class=\"elementor-divider-separator\">\n\t\t\t\t\t\t<\/span>\n\t\t<\/div>\n\t\t\t\t\t\t<\/div>\n\t\t\t\t<\/div>\n\t\t\t\t<div class=\"elementor-element elementor-element-d7bb372 elementor-widget elementor-widget-heading\" data-id=\"d7bb372\" data-element_type=\"widget\" data-e-type=\"widget\" id=\"anchor-3\" data-widget_type=\"heading.default\">\n\t\t\t\t<div class=\"elementor-widget-container\">\n\t\t\t\t\t<h2 class=\"elementor-heading-title elementor-size-default\">3. Sponsoraftaler<\/h2>\t\t\t\t<\/div>\n\t\t\t\t<\/div>\n\t\t\t\t<div class=\"elementor-element elementor-element-900c1ab elementor-widget elementor-widget-text-editor\" data-id=\"900c1ab\" data-element_type=\"widget\" data-e-type=\"widget\" data-widget_type=\"text-editor.default\">\n\t\t\t\t<div class=\"elementor-widget-container\">\n\t\t\t\t\t\t\t\t\t<p><strong>S. Hvordan kan jeg f\u00e5 OneSails til at st\u00f8tte mine kapsejladsaktiviteter? Hvilke kvalifikationer skal mit projekt have? <\/strong><\/p>\n<p>OneSails er konstant p\u00e5 udkig efter nye projekter inden for sejlads og havet. Hvis dit projekt opfylder f\u00f8lgende kriterier, vil vi gerne gennemg\u00e5 dit forslag: <\/p>\n<p>Deltager din b\u00e5d (eller dit team) i f\u00f8lgende: IRC, DH eller ORC verdensmesterskaber, europ\u00e6iske og nationale mesterskaber?<\/p>\n<p>Har dit team opn\u00e5et en top tre placering i det sidste \u00e5r i mindst \u00e9n af f\u00f8lgende konkurrencer: verdens-, kontinentale eller nationale mesterskaber; betydelige eller anerkendte regattaer?<\/p>\n<p>Er du ansvarlig for at organisere en regatta inden for de ovenn\u00e6vnte konkurrencer?<\/p>\n<p>Hvis du mener, at dit projekt opfylder disse krav, bedes du indsende dit forslag til: <a href=\"mailto:info@onesails.dk\">info@onesails.dk<\/a><\/p>\n\t\t\t\t\t\t\t\t<\/div>\n\t\t\t\t<\/div>\n\t\t\t\t<div class=\"elementor-element elementor-element-24213bc elementor-position-inline-start elementor-widget__width-inherit elementor-view-default elementor-mobile-position-block-start elementor-widget elementor-widget-global elementor-global-14342 elementor-widget-icon-box\" data-id=\"24213bc\" data-element_type=\"widget\" data-e-type=\"widget\" data-widget_type=\"icon-box.default\">\n\t\t\t\t<div class=\"elementor-widget-container\">\n\t\t\t\t\t\t\t<div class=\"elementor-icon-box-wrapper\">\n\n\t\t\t\t\t\t<div class=\"elementor-icon-box-icon\">\n\t\t\t\t<a href=\"#anchor-top\" class=\"elementor-icon\" tabindex=\"-1\" aria-label=\"Return to Top\">\n\t\t\t\t<i aria-hidden=\"true\" class=\"fas fa-angle-up\"><\/i>\t\t\t\t<\/a>\n\t\t\t<\/div>\n\t\t\t\n\t\t\t\t\t\t<div class=\"elementor-icon-box-content\">\n\n\t\t\t\t\t\t\t\t\t<h3 class=\"elementor-icon-box-title\">\n\t\t\t\t\t\t<a href=\"#anchor-top\" >\n\t\t\t\t\t\t\tReturn to Top\t\t\t\t\t\t<\/a>\n\t\t\t\t\t<\/h3>\n\t\t\t\t\n\t\t\t\t\n\t\t\t<\/div>\n\t\t\t\n\t\t<\/div>\n\t\t\t\t\t\t<\/div>\n\t\t\t\t<\/div>\n\t\t\t\t<div class=\"elementor-element elementor-element-58e6160 elementor-widget-divider--view-line elementor-widget elementor-widget-global elementor-global-1396 elementor-widget-divider\" data-id=\"58e6160\" data-element_type=\"widget\" data-e-type=\"widget\" data-widget_type=\"divider.default\">\n\t\t\t\t<div class=\"elementor-widget-container\">\n\t\t\t\t\t\t\t<div class=\"elementor-divider\">\n\t\t\t<span class=\"elementor-divider-separator\">\n\t\t\t\t\t\t<\/span>\n\t\t<\/div>\n\t\t\t\t\t\t<\/div>\n\t\t\t\t<\/div>\n\t\t\t\t<div class=\"elementor-element elementor-element-26524ba elementor-widget elementor-widget-heading\" data-id=\"26524ba\" data-element_type=\"widget\" data-e-type=\"widget\" id=\"anchor-4\" data-widget_type=\"heading.default\">\n\t\t\t\t<div class=\"elementor-widget-container\">\n\t\t\t\t\t<h2 class=\"elementor-heading-title elementor-size-default\">4. Karrierer<\/h2>\t\t\t\t<\/div>\n\t\t\t\t<\/div>\n\t\t\t\t<div class=\"elementor-element elementor-element-af5b9d9 elementor-widget__width-inherit elementor-widget elementor-widget-text-editor\" data-id=\"af5b9d9\" data-element_type=\"widget\" data-e-type=\"widget\" data-widget_type=\"text-editor.default\">\n\t\t\t\t<div class=\"elementor-widget-container\">\n\t\t\t\t\t\t\t\t\t<p><strong>S. Hvordan kan jeg finde ud af mere om karrieremuligheder hos OneSails?<\/strong><\/p>\n<p>Venligst henvis til <a href=\"https:\/\/www.onesails.com\/careers\/\">jobsektionen<\/a> p\u00e5 denne hjemmeside.<\/p>\n\t\t\t\t\t\t\t\t<\/div>\n\t\t\t\t<\/div>\n\t\t\t\t<div class=\"elementor-element elementor-element-467ba77 elementor-position-inline-start elementor-widget__width-inherit elementor-view-default elementor-mobile-position-block-start elementor-widget elementor-widget-global elementor-global-14342 elementor-widget-icon-box\" data-id=\"467ba77\" data-element_type=\"widget\" data-e-type=\"widget\" data-widget_type=\"icon-box.default\">\n\t\t\t\t<div class=\"elementor-widget-container\">\n\t\t\t\t\t\t\t<div class=\"elementor-icon-box-wrapper\">\n\n\t\t\t\t\t\t<div class=\"elementor-icon-box-icon\">\n\t\t\t\t<a href=\"#anchor-top\" class=\"elementor-icon\" tabindex=\"-1\" aria-label=\"Return to Top\">\n\t\t\t\t<i aria-hidden=\"true\" class=\"fas fa-angle-up\"><\/i>\t\t\t\t<\/a>\n\t\t\t<\/div>\n\t\t\t\n\t\t\t\t\t\t<div class=\"elementor-icon-box-content\">\n\n\t\t\t\t\t\t\t\t\t<h3 class=\"elementor-icon-box-title\">\n\t\t\t\t\t\t<a href=\"#anchor-top\" >\n\t\t\t\t\t\t\tReturn to Top\t\t\t\t\t\t<\/a>\n\t\t\t\t\t<\/h3>\n\t\t\t\t\n\t\t\t\t\n\t\t\t<\/div>\n\t\t\t\n\t\t<\/div>\n\t\t\t\t\t\t<\/div>\n\t\t\t\t<\/div>\n\t\t\t\t<div class=\"elementor-element elementor-element-fd0b544 elementor-widget-divider--view-line elementor-widget elementor-widget-global elementor-global-1396 elementor-widget-divider\" data-id=\"fd0b544\" data-element_type=\"widget\" data-e-type=\"widget\" data-widget_type=\"divider.default\">\n\t\t\t\t<div class=\"elementor-widget-container\">\n\t\t\t\t\t\t\t<div class=\"elementor-divider\">\n\t\t\t<span class=\"elementor-divider-separator\">\n\t\t\t\t\t\t<\/span>\n\t\t<\/div>\n\t\t\t\t\t\t<\/div>\n\t\t\t\t<\/div>\n\t\t\t\t<div class=\"elementor-element elementor-element-5b333c1 elementor-widget elementor-widget-heading\" data-id=\"5b333c1\" data-element_type=\"widget\" data-e-type=\"widget\" id=\"anchor-5\" data-widget_type=\"heading.default\">\n\t\t\t\t<div class=\"elementor-widget-container\">\n\t\t\t\t\t<h2 class=\"elementor-heading-title elementor-size-default\">5. Markedsf\u00f8ring og reklame.<\/h2>\t\t\t\t<\/div>\n\t\t\t\t<\/div>\n\t\t\t\t<div class=\"elementor-element elementor-element-3572ae4 elementor-widget elementor-widget-text-editor\" data-id=\"3572ae4\" data-element_type=\"widget\" data-e-type=\"widget\" data-widget_type=\"text-editor.default\">\n\t\t\t\t<div class=\"elementor-widget-container\">\n\t\t\t\t\t\t\t\t\t<p><strong>S. Er OneSails interesseret i at udvide sin markedsf\u00f8rings- og reklameindsats?<\/strong><\/p>\n<p>OneSails er altid interesseret i relevante og v\u00e6rdiskabende markedsf\u00f8rings- og reklameprojekter, herunder udstillinger. Indsend venligst dit forslag til f\u00f8lgende e-mailadresse: <a href=\"mailto:info@onesails.dk\"> info@onesails.dk<\/a> <\/p>\n\t\t\t\t\t\t\t\t<\/div>\n\t\t\t\t<\/div>\n\t\t\t\t<div class=\"elementor-element elementor-element-858f000 elementor-position-inline-start elementor-widget__width-inherit elementor-view-default elementor-mobile-position-block-start elementor-widget elementor-widget-global elementor-global-14342 elementor-widget-icon-box\" data-id=\"858f000\" data-element_type=\"widget\" data-e-type=\"widget\" data-widget_type=\"icon-box.default\">\n\t\t\t\t<div class=\"elementor-widget-container\">\n\t\t\t\t\t\t\t<div class=\"elementor-icon-box-wrapper\">\n\n\t\t\t\t\t\t<div class=\"elementor-icon-box-icon\">\n\t\t\t\t<a href=\"#anchor-top\" class=\"elementor-icon\" tabindex=\"-1\" aria-label=\"Return to Top\">\n\t\t\t\t<i aria-hidden=\"true\" class=\"fas fa-angle-up\"><\/i>\t\t\t\t<\/a>\n\t\t\t<\/div>\n\t\t\t\n\t\t\t\t\t\t<div class=\"elementor-icon-box-content\">\n\n\t\t\t\t\t\t\t\t\t<h3 class=\"elementor-icon-box-title\">\n\t\t\t\t\t\t<a href=\"#anchor-top\" >\n\t\t\t\t\t\t\tReturn to Top\t\t\t\t\t\t<\/a>\n\t\t\t\t\t<\/h3>\n\t\t\t\t\n\t\t\t\t\n\t\t\t<\/div>\n\t\t\t\n\t\t<\/div>\n\t\t\t\t\t\t<\/div>\n\t\t\t\t<\/div>\n\t\t\t\t<div class=\"elementor-element elementor-element-f5ff713 elementor-widget-divider--view-line elementor-widget elementor-widget-global elementor-global-1396 elementor-widget-divider\" data-id=\"f5ff713\" data-element_type=\"widget\" data-e-type=\"widget\" data-widget_type=\"divider.default\">\n\t\t\t\t<div class=\"elementor-widget-container\">\n\t\t\t\t\t\t\t<div class=\"elementor-divider\">\n\t\t\t<span class=\"elementor-divider-separator\">\n\t\t\t\t\t\t<\/span>\n\t\t<\/div>\n\t\t\t\t\t\t<\/div>\n\t\t\t\t<\/div>\n\t\t\t\t<div class=\"elementor-element elementor-element-4637b0e elementor-widget elementor-widget-heading\" data-id=\"4637b0e\" data-element_type=\"widget\" data-e-type=\"widget\" id=\"anchor-6\" data-widget_type=\"heading.default\">\n\t\t\t\t<div class=\"elementor-widget-container\">\n\t\t\t\t\t<h2 class=\"elementor-heading-title elementor-size-default\">6. Leverand\u00f8rer.<\/h2>\t\t\t\t<\/div>\n\t\t\t\t<\/div>\n\t\t\t\t<div class=\"elementor-element elementor-element-577cbd2 elementor-widget elementor-widget-text-editor\" data-id=\"577cbd2\" data-element_type=\"widget\" data-e-type=\"widget\" data-widget_type=\"text-editor.default\">\n\t\t\t\t<div class=\"elementor-widget-container\">\n\t\t\t\t\t\t\t\t\t<p><strong>S. Hvordan kan jeg introducere min virksomhed for at arbejde med OneSails?<\/strong><\/p>\n<p>OneSails er altid p\u00e5 udkig efter leverand\u00f8rer, der kan levere marineprodukter og tilbeh\u00f8r af h\u00f8j kvalitet. Indsend venligst din virksomhedsprofil til f\u00f8lgende e-mailadresse: <a href=\"mailto:info@onesails.dk\">info@onesails.dk<\/a> <\/p>\n\t\t\t\t\t\t\t\t<\/div>\n\t\t\t\t<\/div>\n\t\t\t\t\t<\/div>\n\t\t\t\t<\/div>\n\t\t\t\t<\/div>\n\t\t","protected":false},"excerpt":{"rendered":"<p>1. Hovedkontor og forhandlere 2. produktkundeservice 3. Sponsoraftaler 4. Karrierer 5. Markedsf\u00f8ring og reklame. 6. Leverand\u00f8rer. Kontakt informationerVelkommen til OneSails kontaktcenter. Hvis du har sp\u00f8rgsm\u00e5l eller kommentarer om OneSails eller OneSails produkter, bedes du tjekke vores sektion med ofte stillede sp\u00f8rgsm\u00e5l. Du kan muligvis finde svar p\u00e5 dine sp\u00f8rgsm\u00e5l online med det samme. Alternativt kan [&hellip;]<\/p>\n","protected":false},"author":5,"featured_media":14271,"parent":0,"menu_order":0,"comment_status":"closed","ping_status":"closed","template":"elementor_header_footer","meta":{"_acf_changed":false,"footnotes":""},"class_list":["post-30341","page","type-page","status-publish","has-post-thumbnail","hentry"],"acf":[],"_links":{"self":[{"href":"https:\/\/www.onesails.com\/da\/wp-json\/wp\/v2\/pages\/30341","targetHints":{"allow":["GET"]}}],"collection":[{"href":"https:\/\/www.onesails.com\/da\/wp-json\/wp\/v2\/pages"}],"about":[{"href":"https:\/\/www.onesails.com\/da\/wp-json\/wp\/v2\/types\/page"}],"author":[{"embeddable":true,"href":"https:\/\/www.onesails.com\/da\/wp-json\/wp\/v2\/users\/5"}],"replies":[{"embeddable":true,"href":"https:\/\/www.onesails.com\/da\/wp-json\/wp\/v2\/comments?post=30341"}],"version-history":[{"count":1,"href":"https:\/\/www.onesails.com\/da\/wp-json\/wp\/v2\/pages\/30341\/revisions"}],"predecessor-version":[{"id":30342,"href":"https:\/\/www.onesails.com\/da\/wp-json\/wp\/v2\/pages\/30341\/revisions\/30342"}],"wp:featuredmedia":[{"embeddable":true,"href":"https:\/\/www.onesails.com\/da\/wp-json\/wp\/v2\/media\/14271"}],"wp:attachment":[{"href":"https:\/\/www.onesails.com\/da\/wp-json\/wp\/v2\/media?parent=30341"}],"curies":[{"name":"wp","href":"https:\/\/api.w.org\/{rel}","templated":true}]}}